{"id":82,"date":"2024-04-08T13:58:22","date_gmt":"2024-04-08T11:58:22","guid":{"rendered":"https:\/\/saprenovation.com\/?page_id=82"},"modified":"2025-08-27T10:09:13","modified_gmt":"2025-08-27T08:09:13","slug":"program-partnerski","status":"publish","type":"page","link":"https:\/\/saprenovation.com\/pl\/program-partnerski\/","title":{"rendered":"Program partnerski"},"content":{"rendered":"\n<p><strong>Je\u015bli zajmujesz si\u0119 serwisowaniem fortepian\u00f3w i pianin lub inn\u0105 dzia\u0142alno\u015bci\u0105, dzi\u0119ki kt\u00f3rej jeste\u015b w stanie poleca\u0107 us\u0142ugi SAP Renovation osobom prywatnym, skontaktuj si\u0119 z nami!<\/strong><\/p>\n\n\n\n<p><strong>Aktywujemy Ci wynagrodzenie w wysoko\u015bci 4% od kwoty netto zleconej us\u0142ugi dla SAP Renovation!&nbsp;<\/strong>Program partnerski obejmuje wszystkie us\u0142ugi dost\u0119pne w ofercie SAP Renovation! Niezale\u017cnie od tego, czy polecasz us\u0142ug\u0119 renowacji cz\u0119\u015bciowej, kompletnej, czy us\u0142ug\u0119 transportow\u0105, wynagrodzenie wyp\u0142acane jest od ka\u017cdej us\u0142ugi. Pieni\u0105dze b\u0119dziesz m\u00f3g\u0142 otrzymywa\u0107 ka\u017cdorazowo po otrzymaniu przez nas 50% przedp\u0142aty od klienta, kt\u00f3remu poleci\u0142e\u015b nasze us\u0142ugi.&nbsp;Zaraz po otrzymanej przedp\u0142acie, poprosimy Ci\u0119 o wystawienie rachunku\/ faktury na kwot\u0119 ustalonego wynagrodzenia, kt\u00f3re zostanie wyp\u0142acone przelewem bankowym.<\/p>\n\n\n\n<p><strong>Aby zg\u0142osi\u0107 ch\u0119\u0107 udzia\u0142u w programie wy\u015blij do nas zg\u0142oszenie mailowe.<\/strong>&nbsp;Wpisz w temacie: Program partnerski SAP Renovation. W zg\u0142oszeniu zamie\u015b\u0107 dane o sobie, jak poni\u017cej:<\/p>\n\n\n\n<ul class=\"wp-block-list\">\n<li>Imi\u0119 i nazwisko<\/li>\n\n\n\n<li>Adres<\/li>\n\n\n\n<li>Numer telefonu<\/li>\n\n\n\n<li>Adres mailowy<\/li>\n\n\n\n<li>Numer konta bankowego<\/li>\n<\/ul>\n\n\n\n<p>W odpowiedzi na Twoje zg\u0142oszenie otrzymasz od nas e-mail zwrotny potwierdzaj\u0105cy udzia\u0142 w programie.<\/p>\n\n\n\n<p>Otrzymasz indywidualny numer referencyjny w programie partnerskim.<\/p>\n\n\n\n<p>\u015aled\u017a wielko\u015b\u0107 dotychczas przyznanych i wyp\u0142aconych Tobie \u015brodk\u00f3w pieni\u0119\u017cnych na naszej stronie WWW w zak\u0142adce Program Partnerski. Informacje te znajdziesz w tabeli z Twoim numerem referencyjnym.<\/p>\n\n\n\n<p><strong>Na naszej stronie www nie zostan\u0105 umieszczone \u017cadne dane osobowe, czy adresowe, gdy\u017c szanujemy Twoj\u0105 prywatno\u015b\u0107.<\/strong><\/p>\n\n\n\n<p><strong>Zg\u0142o\u015b si\u0119 ju\u017c teraz!<\/strong><\/p>\n\n\n\n<figure class=\"wp-block-table\"><table class=\"has-fixed-layout\"><tbody><tr><td><strong>Nr referencyjny uczestnika<\/strong><\/td><td>\u015arodki przyznane<\/td><td>\u015arodki wyp\u0142acone<\/td><td>\u015arodki pozosta\u0142e do wyp\u0142acenia<\/td><\/tr><tr><td>0109052022<\/td><td>EUR 0.00,00<\/td><td>&nbsp;EUR 0.00,00<\/td><td>&nbsp;EUR 0.00,00<\/td><\/tr><\/tbody><\/table><\/figure>\n","protected":false},"excerpt":{"rendered":"<p>Je\u015bli zajmujesz si\u0119 serwisowaniem fortepian\u00f3w i pianin lub inn\u0105 dzia\u0142alno\u015bci\u0105, dzi\u0119ki kt\u00f3rej jeste\u015b w stanie poleca\u0107 us\u0142ugi SAP Renovation osobom prywatnym, skontaktuj si\u0119 z nami! Aktywujemy Ci wynagrodzenie w&#8230;<\/p>\n","protected":false},"author":1,"featured_media":0,"parent":0,"menu_order":0,"comment_status":"closed","ping_status":"closed","template":"","meta":{"footnotes":""},"class_list":["post-82","page","type-page","status-publish","hentry"],"yoast_head":"<!-- This site is optimized with the Yoast SEO plugin v26.1.1 - https:\/\/yoast.com\/wordpress\/plugins\/seo\/ -->\n<title>Program partnerski - SAP Renovation<\/title>\n<meta name=\"robots\" content=\"index, follow, max-snippet:-1, max-image-preview:large, max-video-preview:-1\" \/>\n<link rel=\"canonical\" href=\"https:\/\/saprenovation.com\/pl\/program-partnerski\/\" \/>\n<meta property=\"og:locale\" content=\"pl_PL\" \/>\n<meta property=\"og:type\" content=\"article\" \/>\n<meta property=\"og:title\" content=\"Program partnerski - SAP Renovation\" \/>\n<meta property=\"og:description\" content=\"Je\u015bli zajmujesz si\u0119 serwisowaniem fortepian\u00f3w i pianin lub inn\u0105 dzia\u0142alno\u015bci\u0105, dzi\u0119ki kt\u00f3rej jeste\u015b w stanie poleca\u0107 us\u0142ugi SAP Renovation osobom prywatnym, skontaktuj si\u0119 z nami! Aktywujemy Ci wynagrodzenie w...\" \/>\n<meta property=\"og:url\" content=\"https:\/\/saprenovation.com\/pl\/program-partnerski\/\" \/>\n<meta property=\"og:site_name\" content=\"SAP Renovation\" \/>\n<meta property=\"article:publisher\" content=\"https:\/\/www.facebook.com\/saprenovation\/\" \/>\n<meta property=\"article:modified_time\" content=\"2025-08-27T08:09:13+00:00\" \/>\n<meta property=\"og:image\" content=\"https:\/\/saprenovation.com\/wp-content\/uploads\/2024\/10\/xlogo.png.pagespeed.ic_.pCcv2wiNk5.webp\" \/>\n\t<meta property=\"og:image:width\" content=\"112\" \/>\n\t<meta property=\"og:image:height\" content=\"96\" \/>\n\t<meta property=\"og:image:type\" content=\"image\/webp\" \/>\n<meta name=\"twitter:card\" content=\"summary_large_image\" \/>\n<meta name=\"twitter:label1\" content=\"Szacowany czas czytania\" \/>\n\t<meta name=\"twitter:data1\" content=\"2 minuty\" \/>\n<script type=\"application\/ld+json\" class=\"yoast-schema-graph\">{\"@context\":\"https:\/\/schema.org\",\"@graph\":[{\"@type\":\"WebPage\",\"@id\":\"https:\/\/saprenovation.com\/pl\/program-partnerski\/\",\"url\":\"https:\/\/saprenovation.com\/pl\/program-partnerski\/\",\"name\":\"Program partnerski - SAP Renovation\",\"isPartOf\":{\"@id\":\"https:\/\/saprenovation.com\/pl\/#website\"},\"datePublished\":\"2024-04-08T11:58:22+00:00\",\"dateModified\":\"2025-08-27T08:09:13+00:00\",\"breadcrumb\":{\"@id\":\"https:\/\/saprenovation.com\/pl\/program-partnerski\/#breadcrumb\"},\"inLanguage\":\"pl-PL\",\"potentialAction\":[{\"@type\":\"ReadAction\",\"target\":[\"https:\/\/saprenovation.com\/pl\/program-partnerski\/\"]}]},{\"@type\":\"BreadcrumbList\",\"@id\":\"https:\/\/saprenovation.com\/pl\/program-partnerski\/#breadcrumb\",\"itemListElement\":[{\"@type\":\"ListItem\",\"position\":1,\"name\":\"SAP Renovation\",\"item\":\"https:\/\/saprenovation.com\/pl\/\"},{\"@type\":\"ListItem\",\"position\":2,\"name\":\"Program partnerski\"}]},{\"@type\":\"WebSite\",\"@id\":\"https:\/\/saprenovation.com\/pl\/#website\",\"url\":\"https:\/\/saprenovation.com\/pl\/\",\"name\":\"SAP Renovation\",\"description\":\"The finest European piano restoration\",\"publisher\":{\"@id\":\"https:\/\/saprenovation.com\/pl\/#organization\"},\"potentialAction\":[{\"@type\":\"SearchAction\",\"target\":{\"@type\":\"EntryPoint\",\"urlTemplate\":\"https:\/\/saprenovation.com\/pl\/?s={search_term_string}\"},\"query-input\":{\"@type\":\"PropertyValueSpecification\",\"valueRequired\":true,\"valueName\":\"search_term_string\"}}],\"inLanguage\":\"pl-PL\"},{\"@type\":\"Organization\",\"@id\":\"https:\/\/saprenovation.com\/pl\/#organization\",\"name\":\"SAP Renovation\",\"url\":\"https:\/\/saprenovation.com\/pl\/\",\"logo\":{\"@type\":\"ImageObject\",\"inLanguage\":\"pl-PL\",\"@id\":\"https:\/\/saprenovation.com\/pl\/#\/schema\/logo\/image\/\",\"url\":\"https:\/\/saprenovation.com\/wp-content\/uploads\/2024\/04\/xlogo.png.pagespeed.ic_.pCcv2wiNk5.webp\",\"contentUrl\":\"https:\/\/saprenovation.com\/wp-content\/uploads\/2024\/04\/xlogo.png.pagespeed.ic_.pCcv2wiNk5.webp\",\"width\":112,\"height\":96,\"caption\":\"SAP Renovation\"},\"image\":{\"@id\":\"https:\/\/saprenovation.com\/pl\/#\/schema\/logo\/image\/\"},\"sameAs\":[\"https:\/\/www.facebook.com\/saprenovation\/\"]}]}<\/script>\n<!-- \/ Yoast SEO plugin. -->","yoast_head_json":{"title":"Program partnerski - SAP Renovation","robots":{"index":"index","follow":"follow","max-snippet":"max-snippet:-1","max-image-preview":"max-image-preview:large","max-video-preview":"max-video-preview:-1"},"canonical":"https:\/\/saprenovation.com\/pl\/program-partnerski\/","og_locale":"pl_PL","og_type":"article","og_title":"Program partnerski - SAP Renovation","og_description":"Je\u015bli zajmujesz si\u0119 serwisowaniem fortepian\u00f3w i pianin lub inn\u0105 dzia\u0142alno\u015bci\u0105, dzi\u0119ki kt\u00f3rej jeste\u015b w stanie poleca\u0107 us\u0142ugi SAP Renovation osobom prywatnym, skontaktuj si\u0119 z nami! Aktywujemy Ci wynagrodzenie w...","og_url":"https:\/\/saprenovation.com\/pl\/program-partnerski\/","og_site_name":"SAP Renovation","article_publisher":"https:\/\/www.facebook.com\/saprenovation\/","article_modified_time":"2025-08-27T08:09:13+00:00","og_image":[{"width":112,"height":96,"url":"https:\/\/saprenovation.com\/wp-content\/uploads\/2024\/10\/xlogo.png.pagespeed.ic_.pCcv2wiNk5.webp","type":"image\/webp"}],"twitter_card":"summary_large_image","twitter_misc":{"Szacowany czas czytania":"2 minuty"},"schema":{"@context":"https:\/\/schema.org","@graph":[{"@type":"WebPage","@id":"https:\/\/saprenovation.com\/pl\/program-partnerski\/","url":"https:\/\/saprenovation.com\/pl\/program-partnerski\/","name":"Program partnerski - SAP Renovation","isPartOf":{"@id":"https:\/\/saprenovation.com\/pl\/#website"},"datePublished":"2024-04-08T11:58:22+00:00","dateModified":"2025-08-27T08:09:13+00:00","breadcrumb":{"@id":"https:\/\/saprenovation.com\/pl\/program-partnerski\/#breadcrumb"},"inLanguage":"pl-PL","potentialAction":[{"@type":"ReadAction","target":["https:\/\/saprenovation.com\/pl\/program-partnerski\/"]}]},{"@type":"BreadcrumbList","@id":"https:\/\/saprenovation.com\/pl\/program-partnerski\/#breadcrumb","itemListElement":[{"@type":"ListItem","position":1,"name":"SAP Renovation","item":"https:\/\/saprenovation.com\/pl\/"},{"@type":"ListItem","position":2,"name":"Program partnerski"}]},{"@type":"WebSite","@id":"https:\/\/saprenovation.com\/pl\/#website","url":"https:\/\/saprenovation.com\/pl\/","name":"SAP Renovation","description":"The finest European piano restoration","publisher":{"@id":"https:\/\/saprenovation.com\/pl\/#organization"},"potentialAction":[{"@type":"SearchAction","target":{"@type":"EntryPoint","urlTemplate":"https:\/\/saprenovation.com\/pl\/?s={search_term_string}"},"query-input":{"@type":"PropertyValueSpecification","valueRequired":true,"valueName":"search_term_string"}}],"inLanguage":"pl-PL"},{"@type":"Organization","@id":"https:\/\/saprenovation.com\/pl\/#organization","name":"SAP Renovation","url":"https:\/\/saprenovation.com\/pl\/","logo":{"@type":"ImageObject","inLanguage":"pl-PL","@id":"https:\/\/saprenovation.com\/pl\/#\/schema\/logo\/image\/","url":"https:\/\/saprenovation.com\/wp-content\/uploads\/2024\/04\/xlogo.png.pagespeed.ic_.pCcv2wiNk5.webp","contentUrl":"https:\/\/saprenovation.com\/wp-content\/uploads\/2024\/04\/xlogo.png.pagespeed.ic_.pCcv2wiNk5.webp","width":112,"height":96,"caption":"SAP Renovation"},"image":{"@id":"https:\/\/saprenovation.com\/pl\/#\/schema\/logo\/image\/"},"sameAs":["https:\/\/www.facebook.com\/saprenovation\/"]}]}},"_links":{"self":[{"href":"https:\/\/saprenovation.com\/pl\/wp-json\/wp\/v2\/pages\/82","targetHints":{"allow":["GET"]}}],"collection":[{"href":"https:\/\/saprenovation.com\/pl\/wp-json\/wp\/v2\/pages"}],"about":[{"href":"https:\/\/saprenovation.com\/pl\/wp-json\/wp\/v2\/types\/page"}],"author":[{"embeddable":true,"href":"https:\/\/saprenovation.com\/pl\/wp-json\/wp\/v2\/users\/1"}],"replies":[{"embeddable":true,"href":"https:\/\/saprenovation.com\/pl\/wp-json\/wp\/v2\/comments?post=82"}],"version-history":[{"count":3,"href":"https:\/\/saprenovation.com\/pl\/wp-json\/wp\/v2\/pages\/82\/revisions"}],"predecessor-version":[{"id":65221,"href":"https:\/\/saprenovation.com\/pl\/wp-json\/wp\/v2\/pages\/82\/revisions\/65221"}],"wp:attachment":[{"href":"https:\/\/saprenovation.com\/pl\/wp-json\/wp\/v2\/media?parent=82"}],"curies":[{"name":"wp","href":"https:\/\/api.w.org\/{rel}","templated":true}]}}