{"id":76,"date":"2024-04-08T13:57:37","date_gmt":"2024-04-08T11:57:37","guid":{"rendered":"https:\/\/saprenovation.com\/?page_id=76"},"modified":"2024-09-04T18:43:09","modified_gmt":"2024-09-04T16:43:09","slug":"gwarancja","status":"publish","type":"page","link":"https:\/\/saprenovation.com\/pl\/o-nas\/gwarancja\/","title":{"rendered":"Certyfikat Gwarancyjny"},"content":{"rendered":"\n<div class=\"wp-block-group is-layout-constrained wp-container-core-group-is-layout-4383d167 wp-block-group-is-layout-constrained\">\n<h4 class=\"wp-block-heading\">1. Wst\u0119p<\/h4>\n\n\n\n<p>Wybieraj\u0105c SAP, wybierasz \u015bwiatowej klasy rzemios\u0142o oraz materia\u0142y, kt\u00f3rych owocem jest pi\u0119kno oraz najlepsze z mo\u017cliwych dzia\u0142anie instrumentu.<\/p>\n\n\n\n<h4 class=\"wp-block-heading\">2. Warunki naszej gwarancji<\/h4>\n\n\n\n<p>SAP Renovation obejmuje trzyletni\u0105 gwarancj\u0105 prace oraz materia\u0142y u\u017cyte podczas renowacji lub odbudowy Pa\u0144stwa instrumentu. Istnieje mo\u017cliwo\u015b\u0107 rozszerzenia gwarancji na kolejne 2 lata odp\u0142atnie, poprzez kontakt z dzia\u0142em handlowym. W tym okresie SAP Renovation bierze odpowiedzialno\u015b\u0107 za usuwanie usterek jakie wyst\u0105pi\u0105 mimo w\u0142a\u015bciwego u\u017cytkowania instrumentu, poprzez napraw\u0119 lub wymian\u0119 wymaganych cz\u0119\u015bci, bez obci\u0105\u017cania w\u0142a\u015bciciela instrumentu kosztami robocizny ani kosztami materia\u0142\u00f3w. Wszelkie prace gwarancyjne b\u0119d\u0105 przeprowadzone na terenie fabryki SAP Renovation, wyj\u0105tek od tej regu\u0142y ustala si\u0119 z klientem. Je\u015bli zaistnieje uzasadniona sytuacja, SAP Renovation wy\u015ble wyszkolonego technika, aby naprawi\u0142 defekt u klienta. Istnieje r\u00f3wnie\u017c mo\u017cliwo\u015b\u0107 wykonania us\u0142ugi naprawczej przez osoby\/ firmy dzia\u0142aj\u0105ce na terenie klienta, kt\u00f3re zostan\u0105 wskazane przez SAP Renovation.<\/p>\n\n\n\n<h4 class=\"wp-block-heading\">3. Ograniczenia gwarancji<\/h4>\n\n\n\n<p>Gwarancja renowacyjna, kt\u00f3r\u0105 zapewnia SAP Renovation, nie obejmuje uszkodze\u0144, usterek, lub przypadkowej utraty instrumentu wynikaj\u0105cych z:<br>A) niew\u0142a\u015bciwego u\u017cytkowania, niedba\u0142o\u015bci, z\u0142ego obchodzenia si\u0119 z instrumentem lub niew\u0142a\u015bciwego umiejscowienia instrumentu;<br>B) niefachowego transportu instrumentu;<br>C) jakichkolwiek pr\u00f3b napraw zaistnia\u0142ych defekt\u00f3w przez w\u0142a\u015bciciela lub nieudanych pr\u00f3by serwisowania przez osoby trzecie bez wiedzy SAP Renovation;<br>D) wystawiania instrumentu na dzia\u0142anie ekstremalnych temperatur, warunk\u00f3w pogodowych, jak r\u00f3wnie\u017c szk\u00f3d powsta\u0142ych w wyniku oddzia\u0142ywania s\u0142o\u0144ca oraz wody;<br>E) u\u017cytkowania na wolnym powietrzu;<br>F) pr\u00f3b strojenia, regulacji mechanizmu przez osoby bez odpowiednich kwalifikacji.<\/p>\n\n\n\n<p>SAP Renovation nie bierze odpowiedzialno\u015bci za nieprawid\u0142owo\u015bci w funkcjonowaniu instrumentu, kt\u00f3rych eliminacja jest mo\u017cliwa poprzez: regulacj\u0119, strojenie, intonacj\u0119.<\/p>\n\n\n\n<p>Strojenie, regulacja mechanizmu z klawiatur\u0105 oraz regulacja urz\u0105dzenia peda\u0142owego wynikaj\u0105ce z eksploatacji instrumentu nie podlegaj\u0105 gwarancji.<br>Ponadto, wszystkie prace serwisowe oraz strojenie powinny by\u0107 zawsze wykonywane przez profesjonalist\u00f3w.<\/p>\n\n\n\n<p>Instrument po renowacji powinien zosta\u0107 dok\u0142adnie sprawdzony niezw\u0142ocznie po jego dostawie. W celu zachowania uprawnie\u0144 gwarancyjnych ewentualne zastrze\u017cenia do renowacji musz\u0105 zosta\u0107 zg\u0142oszone do SAP Renovation drog\u0105 mailow\u0105 w ci\u0105gu 7 dni od dostarczenia instrumentu<br>\u2003<\/p>\n\n\n\n<h4 class=\"wp-block-heading\">4. Dobra praktyka u\u017cytkowania oraz konserwacji<\/h4>\n\n\n\n<p>Mamy kilka sugestii dotycz\u0105cych tego jak korzysta\u0107 z instrumentu, aby cieszy\u0107 si\u0119 nim przez d\u0142ugi czas. Najwa\u017cniejsze, aby pod \u017cadnym pozorem instrument nie by\u0142 wystawiany na dzia\u0142anie ekstremalnych temperatur ani wilgotno\u015bci. Nie jest dopuszczalne umiejscowienie instrumentu blisko jakichkolwiek \u017ar\u00f3de\u0142 ciep\u0142a. Zaleca si\u0119 zatem umiejscowienie instrumentu z dala od punkt\u00f3w centralnego ogrzewania i z dala od okien. W\u0142a\u015bciwym miejscem dla instrumentu jest miejsce oddalone od \u015bcian zewn\u0119trznych, a bli\u017csze \u015bcianom wewn\u0119trznych, kt\u00f3re s\u0105 mniej podatne na wahania temperatur podczas srogiej zimy i gor\u0105cego lata. Optymalne, zalecane warunki to zatem sta\u0142a wilgotno\u015b\u0107 na poziome mi\u0119dzy 40 a 65% oraz temperatura rz\u0119du 20\u2070C. Je\u015bli nie jest mo\u017cliwe, aby zapewni\u0107 sta\u0142y poziom wilgotno\u015bci, radzimy wyposa\u017cy\u0107 instrument w urz\u0105dzenie kontroluj\u0105ce wilgotno\u015b\u0107. Na rynku dost\u0119pnych jest wiele urz\u0105dze\u0144 tego typu. Kolejn\u0105 istotn\u0105 zasad\u0105 jest unikanie bezpo\u015bredniego \u015bwiat\u0142a s\u0142onecznego. Rezultatem d\u0142ugotrwa\u0142ego wystawienia na dzia\u0142anie promieni s\u0142onecznych b\u0119d\u0105 skazy na fornirze oraz odbarwienia drewna lub wyko\u0144czenia. Niemniej wa\u017cne jest, aby nie u\u017cywa\u0107 standardowych produkt\u00f3w do usuwania kurzu. Niekt\u00f3re mog\u0105 zawiera\u0107 \u015brodki chemiczne mog\u0105ce nieodwracalnie uszkodzi\u0107 obudow\u0119.<\/p>\n\n\n\n<h4 class=\"wp-block-heading\">5. Serwis<\/h4>\n\n\n\n<p>Bez wzgl\u0119du na intensywno\u015b\u0107 eksploatowania instrumentu powinien by\u0107 on przynajmniej dwa razy do roku poddany strojeniu oraz regulacji mechanizmu, klawiatury i urz\u0105dzenia peda\u0142owego.<br>Dzia\u0142ania te sprzyjaj\u0105 stabilno\u015bci stroju instrumentu na poziomie 442 HZ.<\/p>\n\n\n\n<h4 class=\"wp-block-heading\">6. Uwagi<\/h4>\n\n\n\n<p>Podczas renowacji instrumentu, w kt\u00f3rej zakresie wykonujemy napraw\u0119 dna rezonansowego, ale nie wykonujemy renowacji element\u00f3w obudowy, czy nowych nak\u0142adek mostk\u00f3w. SAP Renovation Sp. z o.o. nie ponosi odpowiedzialno\u015bci za ewentualne p\u0119kni\u0119cia okleiny i\/lub lakieru na obudowie instrumentu, b\u0105d\u017a nak\u0142adkach mostk\u00f3w. Uszkodzenia tego typu mog\u0105 samowolnie wyst\u0105pi\u0107 podczas powolnego procesu suszenia dna rezonansowego, b\u0119d\u0105ce wynikiem zmian temperatury i wilgotno\u015bci.<\/p>\n\n\n\n<p>Sugerujemy, aby przy zleceniu renowacji instrumentu, kt\u00f3rej zakres:<br>A) nie obejmuje renowacji element\u00f3w obudowy, elementy typu: dekle fortepianowe, pulpit fortepianowy, drzwi g\u00f3rne i dolne pianina pozosta\u0142y u klienta,<br>B) nie obejmuje renowacji element\u00f3w obudowy oraz renowacji i\/lub regulacji cz\u0119\u015bci mechanicznej i t\u0142umika, elementy typu: dekle fortepianowe, pulpit fortepianowy, lira fortepianowa, nogi fortepianowe, drzwi g\u00f3rne i dolne pianina pozosta\u0142y u klienta.<\/p>\n\n\n\n<p>Renowacja dna rezonansowego w cz\u0119\u015bci polega na wyeliminowaniu p\u0119kni\u0119\u0107 poprzez wprowadzenie listw klinowych wg\u0142\u0105b, przez ca\u0142\u0105 grubo\u015b\u0107 p\u0142yty rezonansowej. Z czasem listwy te mog\u0105 si\u0119 bardziej uwidoczni\u0107 i uwypukli\u0107. Jednak\u017ce nie ma to wp\u0142ywu na d\u017awi\u0119k i funkcjonowanie instrumentu. Aby wyeliminowa\u0107 ten &#8222;efekt kosmetyczny&#8221; nale\u017ca\u0142oby wymieni\u0107 dno rezonansowe na nowe, zamiast renowacji starego dna.<\/p>\n\n\n\n<p>Renowacja agraf polega na ich wykr\u0119ceniu, wypolerowaniu i ponownym monta\u017cu w ram\u0119 \u017celiwn\u0105. Sap Renovation nie bierze odpowiedzialno\u015bci za usterki w postaci p\u0119kni\u0119\u0107, defekt\u00f3w agraf w przysz\u0142o\u015bci. Nie zdarza si\u0119 to cz\u0119sto, jednak\u017ce jeste\u015bmy zobligowani poinformowa\u0107 o tym klient\u00f3w. Elementy te mog\u0105 by\u0107 obj\u0119t\u0119 gwarancj\u0105 jedynie w przypadku wymiany na nowe.<br>UWAGA: Niekt\u00f3re stare instrumenty posiadaj\u0105 model agraf, kt\u00f3ry nie jest produkowany w dzisiejszych czasach i nie ma innej mo\u017cliwo\u015bci, jak tylko podda\u0107 renowacji stare agrafy.<\/p>\n\n\n\n<p>Podczas renowacji, kt\u00f3ra obejmuje tylko obudow\u0119 instrumentu firma SAP Renovation nie ponosi odpowiedzialno\u015bci za zmiany kondycji dna rezonansowego, strojnicy, lub mostk\u00f3w.<\/p>\n\n\n\n<p>W przypadku zidentyfikowania wyst\u0119powania kornik\u00f3w w instrumencie, stosujemy sprawdzon\u0105 od lat procedur\u0119 ich eliminacji. Istnieje jednak ryzyko ponownego pojawienia si\u0119 szkodnik\u00f3w, za co SAP Renovation nie bierze odpowiedzialno\u015bci.<br>Gwarancja nie obejmuje wyst\u0105pienia tego typu zdarze\u0144.<\/p>\n\n\n\n<p>W przypadku renowacji cz\u0119\u015bci akustycznej, brak wykonania nowych nak\u0142adek mostk\u00f3w basowego i wiolinowego, mo\u017ce wi\u0105za\u0107 si\u0119 z utrat\u0105 jako\u015bci i barwy d\u017awi\u0119ku instrumentu podczas jego eksploatacji.<\/p>\n\n\n\n<p>W przypadku renowacji cz\u0119\u015bci akustycznej, brak wykonania nowej strojnicy, mo\u017ce wi\u0105za\u0107 si\u0119 z niestabilnym strojem instrumentu podczas jego eksploatacji.<\/p>\n\n\n\n<p>Elementy instrumentu, takie jak:<br>&#8211; zawiasy<br>&#8211; rolki<br>&#8211; peda\u0142y<\/p>\n\n\n\n<p>Obj\u0119te s\u0105 gwarancj\u0105 producenta. Reklamacje dotycz\u0105ce wad i jako\u015bci powy\u017cszych element\u00f3w s\u0105 przekazywane ich dostawcom. Reklamacje dotycz\u0105ce prawid\u0142owo\u015bci monta\u017cu rozpatruje SAP Renovation.<\/p>\n\n\n\n<p>Transport instrumentu do SAP Renovation w ramach prac gwarancyjnych oraz transport powrotny do klienta, jest organizowany na koszt SAP Renovation.<\/p>\n\n\n\n<p>WA\u017bNE: Odbi\u00f3r i dostawa instrumentu organizowane s\u0105 wy\u0142\u0105cznie na poziomie parteru z utwardzonym podjazdem.<\/p>\n\n\n\n<p>W przypadku wyst\u0105pienia: znoszenia, wnoszenia instrumentu po schodach oraz transportu grz\u0105skim, utrudnionym podjazdem. Klient zobowi\u0105zany jest do zorganizowania tych czynno\u015bci we w\u0142asnym zakresie i na w\u0142asny koszt.<\/p>\n\n\n\n<p>Zlecaj\u0105c nam renowacj\u0119 instrumentu akceptujesz nasze standardy wykonywanych prac i u\u017cytych materia\u0142\u00f3w.<br>Pami\u0119taj, \u017ce zawsze podchodzimy indywidualnie do ka\u017cdego zlecenia. Je\u015bli masz specjalne \u017cyczenia i chcesz, aby okre\u015blone zadanie zosta\u0142o wykonane zgodnie z Twoimi wytycznymi, powiedz nam o tym zanim zaczniemy renowacj\u0119 Twojego instrumentu.<\/p>\n<\/div>\n","protected":false},"excerpt":{"rendered":"<p>1. Wst\u0119p Wybieraj\u0105c SAP, wybierasz \u015bwiatowej klasy rzemios\u0142o oraz materia\u0142y, kt\u00f3rych owocem jest pi\u0119kno oraz najlepsze z mo\u017cliwych dzia\u0142anie instrumentu. 2. Warunki naszej gwarancji SAP Renovation obejmuje trzyletni\u0105 gwarancj\u0105&#8230;<\/p>\n","protected":false},"author":1,"featured_media":0,"parent":57367,"menu_order":0,"comment_status":"closed","ping_status":"closed","template":"","meta":{"footnotes":""},"class_list":["post-76","page","type-page","status-publish","hentry"],"yoast_head":"<!-- This site is optimized with the Yoast SEO plugin v26.1.1 - https:\/\/yoast.com\/wordpress\/plugins\/seo\/ -->\n<title>Certyfikat gwarancyjny SAP Renovation - sprawd\u017a warunki!<\/title>\n<meta name=\"description\" content=\"Renowacja fortepianu z pe\u0142n\u0105 gwarancj\u0105? W SAP Renovation to standard! Dowiedz si\u0119, jak chronimy Tw\u00f3j instrument i poznaj warunki naszej gwarancji.\" \/>\n<meta name=\"robots\" content=\"index, follow, max-snippet:-1, max-image-preview:large, max-video-preview:-1\" \/>\n<link rel=\"canonical\" href=\"https:\/\/saprenovation.com\/pl\/o-nas\/gwarancja\/\" \/>\n<meta property=\"og:locale\" content=\"pl_PL\" \/>\n<meta property=\"og:type\" content=\"article\" \/>\n<meta property=\"og:title\" content=\"Certyfikat gwarancyjny SAP Renovation - sprawd\u017a warunki!\" \/>\n<meta property=\"og:description\" content=\"Renowacja fortepianu z pe\u0142n\u0105 gwarancj\u0105? W SAP Renovation to standard! Dowiedz si\u0119, jak chronimy Tw\u00f3j instrument i poznaj warunki naszej gwarancji.\" \/>\n<meta property=\"og:url\" content=\"https:\/\/saprenovation.com\/pl\/o-nas\/gwarancja\/\" \/>\n<meta property=\"og:site_name\" content=\"SAP Renovation\" \/>\n<meta property=\"article:publisher\" content=\"https:\/\/www.facebook.com\/saprenovation\/\" \/>\n<meta property=\"article:modified_time\" content=\"2024-09-04T16:43:09+00:00\" \/>\n<meta property=\"og:image\" content=\"https:\/\/saprenovation.com\/wp-content\/uploads\/2024\/10\/xlogo.png.pagespeed.ic_.pCcv2wiNk5.webp\" \/>\n\t<meta property=\"og:image:width\" content=\"112\" \/>\n\t<meta property=\"og:image:height\" content=\"96\" \/>\n\t<meta property=\"og:image:type\" content=\"image\/webp\" \/>\n<meta name=\"twitter:card\" content=\"summary_large_image\" \/>\n<meta name=\"twitter:label1\" content=\"Szacowany czas czytania\" \/>\n\t<meta name=\"twitter:data1\" content=\"6 minut\" \/>\n<script type=\"application\/ld+json\" class=\"yoast-schema-graph\">{\"@context\":\"https:\/\/schema.org\",\"@graph\":[{\"@type\":\"WebPage\",\"@id\":\"https:\/\/saprenovation.com\/pl\/o-nas\/gwarancja\/\",\"url\":\"https:\/\/saprenovation.com\/pl\/o-nas\/gwarancja\/\",\"name\":\"Certyfikat gwarancyjny SAP Renovation - sprawd\u017a warunki!\",\"isPartOf\":{\"@id\":\"https:\/\/saprenovation.com\/pl\/#website\"},\"datePublished\":\"2024-04-08T11:57:37+00:00\",\"dateModified\":\"2024-09-04T16:43:09+00:00\",\"description\":\"Renowacja fortepianu z pe\u0142n\u0105 gwarancj\u0105? W SAP Renovation to standard! Dowiedz si\u0119, jak chronimy Tw\u00f3j instrument i poznaj warunki naszej gwarancji.\",\"breadcrumb\":{\"@id\":\"https:\/\/saprenovation.com\/pl\/o-nas\/gwarancja\/#breadcrumb\"},\"inLanguage\":\"pl-PL\",\"potentialAction\":[{\"@type\":\"ReadAction\",\"target\":[\"https:\/\/saprenovation.com\/pl\/o-nas\/gwarancja\/\"]}]},{\"@type\":\"BreadcrumbList\",\"@id\":\"https:\/\/saprenovation.com\/pl\/o-nas\/gwarancja\/#breadcrumb\",\"itemListElement\":[{\"@type\":\"ListItem\",\"position\":1,\"name\":\"SAP Renovation\",\"item\":\"https:\/\/saprenovation.com\/pl\/\"},{\"@type\":\"ListItem\",\"position\":2,\"name\":\"O nas\",\"item\":\"https:\/\/saprenovation.com\/pl\/o-nas\/\"},{\"@type\":\"ListItem\",\"position\":3,\"name\":\"Certyfikat Gwarancyjny\"}]},{\"@type\":\"WebSite\",\"@id\":\"https:\/\/saprenovation.com\/pl\/#website\",\"url\":\"https:\/\/saprenovation.com\/pl\/\",\"name\":\"SAP Renovation\",\"description\":\"The finest European piano restoration\",\"publisher\":{\"@id\":\"https:\/\/saprenovation.com\/pl\/#organization\"},\"potentialAction\":[{\"@type\":\"SearchAction\",\"target\":{\"@type\":\"EntryPoint\",\"urlTemplate\":\"https:\/\/saprenovation.com\/pl\/?s={search_term_string}\"},\"query-input\":{\"@type\":\"PropertyValueSpecification\",\"valueRequired\":true,\"valueName\":\"search_term_string\"}}],\"inLanguage\":\"pl-PL\"},{\"@type\":\"Organization\",\"@id\":\"https:\/\/saprenovation.com\/pl\/#organization\",\"name\":\"SAP Renovation\",\"url\":\"https:\/\/saprenovation.com\/pl\/\",\"logo\":{\"@type\":\"ImageObject\",\"inLanguage\":\"pl-PL\",\"@id\":\"https:\/\/saprenovation.com\/pl\/#\/schema\/logo\/image\/\",\"url\":\"https:\/\/saprenovation.com\/wp-content\/uploads\/2024\/04\/xlogo.png.pagespeed.ic_.pCcv2wiNk5.webp\",\"contentUrl\":\"https:\/\/saprenovation.com\/wp-content\/uploads\/2024\/04\/xlogo.png.pagespeed.ic_.pCcv2wiNk5.webp\",\"width\":112,\"height\":96,\"caption\":\"SAP Renovation\"},\"image\":{\"@id\":\"https:\/\/saprenovation.com\/pl\/#\/schema\/logo\/image\/\"},\"sameAs\":[\"https:\/\/www.facebook.com\/saprenovation\/\"]}]}<\/script>\n<!-- \/ Yoast SEO plugin. -->","yoast_head_json":{"title":"Certyfikat gwarancyjny SAP Renovation - sprawd\u017a warunki!","description":"Renowacja fortepianu z pe\u0142n\u0105 gwarancj\u0105? W SAP Renovation to standard! Dowiedz si\u0119, jak chronimy Tw\u00f3j instrument i poznaj warunki naszej gwarancji.","robots":{"index":"index","follow":"follow","max-snippet":"max-snippet:-1","max-image-preview":"max-image-preview:large","max-video-preview":"max-video-preview:-1"},"canonical":"https:\/\/saprenovation.com\/pl\/o-nas\/gwarancja\/","og_locale":"pl_PL","og_type":"article","og_title":"Certyfikat gwarancyjny SAP Renovation - sprawd\u017a warunki!","og_description":"Renowacja fortepianu z pe\u0142n\u0105 gwarancj\u0105? W SAP Renovation to standard! Dowiedz si\u0119, jak chronimy Tw\u00f3j instrument i poznaj warunki naszej gwarancji.","og_url":"https:\/\/saprenovation.com\/pl\/o-nas\/gwarancja\/","og_site_name":"SAP Renovation","article_publisher":"https:\/\/www.facebook.com\/saprenovation\/","article_modified_time":"2024-09-04T16:43:09+00:00","og_image":[{"width":112,"height":96,"url":"https:\/\/saprenovation.com\/wp-content\/uploads\/2024\/10\/xlogo.png.pagespeed.ic_.pCcv2wiNk5.webp","type":"image\/webp"}],"twitter_card":"summary_large_image","twitter_misc":{"Szacowany czas czytania":"6 minut"},"schema":{"@context":"https:\/\/schema.org","@graph":[{"@type":"WebPage","@id":"https:\/\/saprenovation.com\/pl\/o-nas\/gwarancja\/","url":"https:\/\/saprenovation.com\/pl\/o-nas\/gwarancja\/","name":"Certyfikat gwarancyjny SAP Renovation - sprawd\u017a warunki!","isPartOf":{"@id":"https:\/\/saprenovation.com\/pl\/#website"},"datePublished":"2024-04-08T11:57:37+00:00","dateModified":"2024-09-04T16:43:09+00:00","description":"Renowacja fortepianu z pe\u0142n\u0105 gwarancj\u0105? W SAP Renovation to standard! Dowiedz si\u0119, jak chronimy Tw\u00f3j instrument i poznaj warunki naszej gwarancji.","breadcrumb":{"@id":"https:\/\/saprenovation.com\/pl\/o-nas\/gwarancja\/#breadcrumb"},"inLanguage":"pl-PL","potentialAction":[{"@type":"ReadAction","target":["https:\/\/saprenovation.com\/pl\/o-nas\/gwarancja\/"]}]},{"@type":"BreadcrumbList","@id":"https:\/\/saprenovation.com\/pl\/o-nas\/gwarancja\/#breadcrumb","itemListElement":[{"@type":"ListItem","position":1,"name":"SAP Renovation","item":"https:\/\/saprenovation.com\/pl\/"},{"@type":"ListItem","position":2,"name":"O nas","item":"https:\/\/saprenovation.com\/pl\/o-nas\/"},{"@type":"ListItem","position":3,"name":"Certyfikat Gwarancyjny"}]},{"@type":"WebSite","@id":"https:\/\/saprenovation.com\/pl\/#website","url":"https:\/\/saprenovation.com\/pl\/","name":"SAP Renovation","description":"The finest European piano restoration","publisher":{"@id":"https:\/\/saprenovation.com\/pl\/#organization"},"potentialAction":[{"@type":"SearchAction","target":{"@type":"EntryPoint","urlTemplate":"https:\/\/saprenovation.com\/pl\/?s={search_term_string}"},"query-input":{"@type":"PropertyValueSpecification","valueRequired":true,"valueName":"search_term_string"}}],"inLanguage":"pl-PL"},{"@type":"Organization","@id":"https:\/\/saprenovation.com\/pl\/#organization","name":"SAP Renovation","url":"https:\/\/saprenovation.com\/pl\/","logo":{"@type":"ImageObject","inLanguage":"pl-PL","@id":"https:\/\/saprenovation.com\/pl\/#\/schema\/logo\/image\/","url":"https:\/\/saprenovation.com\/wp-content\/uploads\/2024\/04\/xlogo.png.pagespeed.ic_.pCcv2wiNk5.webp","contentUrl":"https:\/\/saprenovation.com\/wp-content\/uploads\/2024\/04\/xlogo.png.pagespeed.ic_.pCcv2wiNk5.webp","width":112,"height":96,"caption":"SAP Renovation"},"image":{"@id":"https:\/\/saprenovation.com\/pl\/#\/schema\/logo\/image\/"},"sameAs":["https:\/\/www.facebook.com\/saprenovation\/"]}]}},"_links":{"self":[{"href":"https:\/\/saprenovation.com\/pl\/wp-json\/wp\/v2\/pages\/76","targetHints":{"allow":["GET"]}}],"collection":[{"href":"https:\/\/saprenovation.com\/pl\/wp-json\/wp\/v2\/pages"}],"about":[{"href":"https:\/\/saprenovation.com\/pl\/wp-json\/wp\/v2\/types\/page"}],"author":[{"embeddable":true,"href":"https:\/\/saprenovation.com\/pl\/wp-json\/wp\/v2\/users\/1"}],"replies":[{"embeddable":true,"href":"https:\/\/saprenovation.com\/pl\/wp-json\/wp\/v2\/comments?post=76"}],"version-history":[{"count":6,"href":"https:\/\/saprenovation.com\/pl\/wp-json\/wp\/v2\/pages\/76\/revisions"}],"predecessor-version":[{"id":58900,"href":"https:\/\/saprenovation.com\/pl\/wp-json\/wp\/v2\/pages\/76\/revisions\/58900"}],"up":[{"embeddable":true,"href":"https:\/\/saprenovation.com\/pl\/wp-json\/wp\/v2\/pages\/57367"}],"wp:attachment":[{"href":"https:\/\/saprenovation.com\/pl\/wp-json\/wp\/v2\/media?parent=76"}],"curies":[{"name":"wp","href":"https:\/\/api.w.org\/{rel}","templated":true}]}}