{"id":74,"date":"2024-04-08T13:57:09","date_gmt":"2024-04-08T11:57:09","guid":{"rendered":"https:\/\/saprenovation.com\/?page_id=74"},"modified":"2024-08-03T14:48:17","modified_gmt":"2024-08-03T12:48:17","slug":"transport","status":"publish","type":"page","link":"https:\/\/saprenovation.com\/pl\/o-nas\/transport\/","title":{"rendered":"Transport"},"content":{"rendered":"\n<p>Dostarczamy instrumenty w dowolne miejsce na \u015bwiecie. Posiadamy 5 specjalistycznych samochod\u00f3w przystosowanych do transportu instrument\u00f3w. Nasze samochody wyposa\u017cone s\u0105 w rampy, zaczepy, pasy mocuj\u0105ce. W trakcie transportu utrzymywana jest sta\u0142a temperatura \u2013 w\u0142a\u015bciwa do dostarczenia instrumentu niezale\u017cnie od warunk\u00f3w atmosferycznych.<\/p>\n\n\n\n<p>Dla klient\u00f3w spoza Europy &#8211; we wsp\u00f3\u0142pracy z firmami spedycyjnymi &#8211; oferujemy w pe\u0142ni ubezpieczony transport lotniczy i morski.<\/p>\n\n\n\n<p>Wsp\u00f3\u0142pracujemy z firm\u0105 Keyboard Carriage oraz Walter Piano Transport zajmuj\u0105cymi si\u0119 transportem l\u0105dowym na terenie Stan\u00f3w Zjednoczonych.<br>\u015awiadcz\u0105 one przewozy pianin i fortepian\u00f3w \u201edoor to door\u201d dla sprzedawc\u00f3w instrument\u00f3w.<br>W przypadku adres\u00f3w prywatnych, na teranie USA, anga\u017cowane s\u0105 dodatkowo specjalistyczne firmy transportowe.<br>Instrumenty, kt\u00f3re poddajemy renowacji obj\u0119te s\u0105 ubezpieczeniem zar\u00f3wno podczas transportu, jak r\u00f3wnie\u017c w trakcie renowacji w naszej fabryce. Nasi kierowcy posiadaj\u0105 ze sob\u0105 listy przewozowe oraz formularze ubezpieczeniowe, kt\u00f3re wype\u0142niaj\u0105 Pa\u0144stwo przed oddaniem nam instrumentu do renowacji. W przypadku klient\u00f3w spoza Unii Europejskiej dbamy o wszystkie formalno\u015bci celne.<\/p>\n\n\n\n<p>Wa\u017cne: Odbiory i dostawy instrument\u00f3w realizowane s\u0105 na poziomie parteru, gdzie dojazd jest utwardzony.<br>Je\u017celi miejsce odbioru lub dostawy nie spe\u0142nia powy\u017cszych warunk\u00f3w, prosimy o przys\u0142anie jego zdj\u0119\u0107 i za\u0142\u0105czenie stosownego opisu.<br>Utrudnienia w odbiorze, czy dostawie mog\u0105 wi\u0105za\u0107 si\u0119 z wynaj\u0119ciem lokalnej firmy transportowej na koszt w\u0142a\u015bciciela instrumentu.<\/p>\n","protected":false},"excerpt":{"rendered":"<p>Dostarczamy instrumenty w dowolne miejsce na \u015bwiecie. Posiadamy 5 specjalistycznych samochod\u00f3w przystosowanych do transportu instrument\u00f3w. Nasze samochody wyposa\u017cone s\u0105 w rampy, zaczepy, pasy mocuj\u0105ce. W trakcie transportu utrzymywana jest&#8230;<\/p>\n","protected":false},"author":1,"featured_media":0,"parent":57367,"menu_order":0,"comment_status":"closed","ping_status":"closed","template":"","meta":{"footnotes":""},"class_list":["post-74","page","type-page","status-publish","hentry"],"yoast_head":"<!-- This site is optimized with the Yoast SEO plugin v26.1.1 - https:\/\/yoast.com\/wordpress\/plugins\/seo\/ -->\n<title>Transport fortepian\u00f3w i pianin - mi\u0119dzynarodowy i lokalny<\/title>\n<meta name=\"description\" content=\"Zaufaj ekspertom! Oferujemy specjalistyczny, ubezpieczony transport fortepian\u00f3w i pianin na ca\u0142ym \u015bwiecie. Tw\u00f3j instrument dotrze bezpiecznie.\" \/>\n<meta name=\"robots\" content=\"index, follow, max-snippet:-1, max-image-preview:large, max-video-preview:-1\" \/>\n<link rel=\"canonical\" href=\"https:\/\/saprenovation.com\/pl\/o-nas\/transport\/\" \/>\n<meta property=\"og:locale\" content=\"pl_PL\" \/>\n<meta property=\"og:type\" content=\"article\" \/>\n<meta property=\"og:title\" content=\"Transport fortepian\u00f3w i pianin - mi\u0119dzynarodowy i lokalny\" \/>\n<meta property=\"og:description\" content=\"Zaufaj ekspertom! Oferujemy specjalistyczny, ubezpieczony transport fortepian\u00f3w i pianin na ca\u0142ym \u015bwiecie. Tw\u00f3j instrument dotrze bezpiecznie.\" \/>\n<meta property=\"og:url\" content=\"https:\/\/saprenovation.com\/pl\/o-nas\/transport\/\" \/>\n<meta property=\"og:site_name\" content=\"SAP Renovation\" \/>\n<meta property=\"article:publisher\" content=\"https:\/\/www.facebook.com\/saprenovation\/\" \/>\n<meta property=\"article:modified_time\" content=\"2024-08-03T12:48:17+00:00\" \/>\n<meta property=\"og:image\" content=\"https:\/\/saprenovation.com\/wp-content\/uploads\/2024\/10\/xlogo.png.pagespeed.ic_.pCcv2wiNk5.webp\" \/>\n\t<meta property=\"og:image:width\" content=\"112\" \/>\n\t<meta property=\"og:image:height\" content=\"96\" \/>\n\t<meta property=\"og:image:type\" content=\"image\/webp\" \/>\n<meta name=\"twitter:card\" content=\"summary_large_image\" \/>\n<meta name=\"twitter:label1\" content=\"Szacowany czas czytania\" \/>\n\t<meta name=\"twitter:data1\" content=\"1 minuta\" \/>\n<script type=\"application\/ld+json\" class=\"yoast-schema-graph\">{\"@context\":\"https:\/\/schema.org\",\"@graph\":[{\"@type\":\"WebPage\",\"@id\":\"https:\/\/saprenovation.com\/pl\/o-nas\/transport\/\",\"url\":\"https:\/\/saprenovation.com\/pl\/o-nas\/transport\/\",\"name\":\"Transport fortepian\u00f3w i pianin - mi\u0119dzynarodowy i lokalny\",\"isPartOf\":{\"@id\":\"https:\/\/saprenovation.com\/pl\/#website\"},\"datePublished\":\"2024-04-08T11:57:09+00:00\",\"dateModified\":\"2024-08-03T12:48:17+00:00\",\"description\":\"Zaufaj ekspertom! Oferujemy specjalistyczny, ubezpieczony transport fortepian\u00f3w i pianin na ca\u0142ym \u015bwiecie. Tw\u00f3j instrument dotrze bezpiecznie.\",\"breadcrumb\":{\"@id\":\"https:\/\/saprenovation.com\/pl\/o-nas\/transport\/#breadcrumb\"},\"inLanguage\":\"pl-PL\",\"potentialAction\":[{\"@type\":\"ReadAction\",\"target\":[\"https:\/\/saprenovation.com\/pl\/o-nas\/transport\/\"]}]},{\"@type\":\"BreadcrumbList\",\"@id\":\"https:\/\/saprenovation.com\/pl\/o-nas\/transport\/#breadcrumb\",\"itemListElement\":[{\"@type\":\"ListItem\",\"position\":1,\"name\":\"SAP Renovation\",\"item\":\"https:\/\/saprenovation.com\/pl\/\"},{\"@type\":\"ListItem\",\"position\":2,\"name\":\"O nas\",\"item\":\"https:\/\/saprenovation.com\/pl\/o-nas\/\"},{\"@type\":\"ListItem\",\"position\":3,\"name\":\"Transport\"}]},{\"@type\":\"WebSite\",\"@id\":\"https:\/\/saprenovation.com\/pl\/#website\",\"url\":\"https:\/\/saprenovation.com\/pl\/\",\"name\":\"SAP Renovation\",\"description\":\"The finest European piano restoration\",\"publisher\":{\"@id\":\"https:\/\/saprenovation.com\/pl\/#organization\"},\"potentialAction\":[{\"@type\":\"SearchAction\",\"target\":{\"@type\":\"EntryPoint\",\"urlTemplate\":\"https:\/\/saprenovation.com\/pl\/?s={search_term_string}\"},\"query-input\":{\"@type\":\"PropertyValueSpecification\",\"valueRequired\":true,\"valueName\":\"search_term_string\"}}],\"inLanguage\":\"pl-PL\"},{\"@type\":\"Organization\",\"@id\":\"https:\/\/saprenovation.com\/pl\/#organization\",\"name\":\"SAP Renovation\",\"url\":\"https:\/\/saprenovation.com\/pl\/\",\"logo\":{\"@type\":\"ImageObject\",\"inLanguage\":\"pl-PL\",\"@id\":\"https:\/\/saprenovation.com\/pl\/#\/schema\/logo\/image\/\",\"url\":\"https:\/\/saprenovation.com\/wp-content\/uploads\/2024\/04\/xlogo.png.pagespeed.ic_.pCcv2wiNk5.webp\",\"contentUrl\":\"https:\/\/saprenovation.com\/wp-content\/uploads\/2024\/04\/xlogo.png.pagespeed.ic_.pCcv2wiNk5.webp\",\"width\":112,\"height\":96,\"caption\":\"SAP Renovation\"},\"image\":{\"@id\":\"https:\/\/saprenovation.com\/pl\/#\/schema\/logo\/image\/\"},\"sameAs\":[\"https:\/\/www.facebook.com\/saprenovation\/\"]}]}<\/script>\n<!-- \/ Yoast SEO plugin. -->","yoast_head_json":{"title":"Transport fortepian\u00f3w i pianin - mi\u0119dzynarodowy i lokalny","description":"Zaufaj ekspertom! Oferujemy specjalistyczny, ubezpieczony transport fortepian\u00f3w i pianin na ca\u0142ym \u015bwiecie. Tw\u00f3j instrument dotrze bezpiecznie.","robots":{"index":"index","follow":"follow","max-snippet":"max-snippet:-1","max-image-preview":"max-image-preview:large","max-video-preview":"max-video-preview:-1"},"canonical":"https:\/\/saprenovation.com\/pl\/o-nas\/transport\/","og_locale":"pl_PL","og_type":"article","og_title":"Transport fortepian\u00f3w i pianin - mi\u0119dzynarodowy i lokalny","og_description":"Zaufaj ekspertom! Oferujemy specjalistyczny, ubezpieczony transport fortepian\u00f3w i pianin na ca\u0142ym \u015bwiecie. Tw\u00f3j instrument dotrze bezpiecznie.","og_url":"https:\/\/saprenovation.com\/pl\/o-nas\/transport\/","og_site_name":"SAP Renovation","article_publisher":"https:\/\/www.facebook.com\/saprenovation\/","article_modified_time":"2024-08-03T12:48:17+00:00","og_image":[{"width":112,"height":96,"url":"https:\/\/saprenovation.com\/wp-content\/uploads\/2024\/10\/xlogo.png.pagespeed.ic_.pCcv2wiNk5.webp","type":"image\/webp"}],"twitter_card":"summary_large_image","twitter_misc":{"Szacowany czas czytania":"1 minuta"},"schema":{"@context":"https:\/\/schema.org","@graph":[{"@type":"WebPage","@id":"https:\/\/saprenovation.com\/pl\/o-nas\/transport\/","url":"https:\/\/saprenovation.com\/pl\/o-nas\/transport\/","name":"Transport fortepian\u00f3w i pianin - mi\u0119dzynarodowy i lokalny","isPartOf":{"@id":"https:\/\/saprenovation.com\/pl\/#website"},"datePublished":"2024-04-08T11:57:09+00:00","dateModified":"2024-08-03T12:48:17+00:00","description":"Zaufaj ekspertom! Oferujemy specjalistyczny, ubezpieczony transport fortepian\u00f3w i pianin na ca\u0142ym \u015bwiecie. Tw\u00f3j instrument dotrze bezpiecznie.","breadcrumb":{"@id":"https:\/\/saprenovation.com\/pl\/o-nas\/transport\/#breadcrumb"},"inLanguage":"pl-PL","potentialAction":[{"@type":"ReadAction","target":["https:\/\/saprenovation.com\/pl\/o-nas\/transport\/"]}]},{"@type":"BreadcrumbList","@id":"https:\/\/saprenovation.com\/pl\/o-nas\/transport\/#breadcrumb","itemListElement":[{"@type":"ListItem","position":1,"name":"SAP Renovation","item":"https:\/\/saprenovation.com\/pl\/"},{"@type":"ListItem","position":2,"name":"O nas","item":"https:\/\/saprenovation.com\/pl\/o-nas\/"},{"@type":"ListItem","position":3,"name":"Transport"}]},{"@type":"WebSite","@id":"https:\/\/saprenovation.com\/pl\/#website","url":"https:\/\/saprenovation.com\/pl\/","name":"SAP Renovation","description":"The finest European piano restoration","publisher":{"@id":"https:\/\/saprenovation.com\/pl\/#organization"},"potentialAction":[{"@type":"SearchAction","target":{"@type":"EntryPoint","urlTemplate":"https:\/\/saprenovation.com\/pl\/?s={search_term_string}"},"query-input":{"@type":"PropertyValueSpecification","valueRequired":true,"valueName":"search_term_string"}}],"inLanguage":"pl-PL"},{"@type":"Organization","@id":"https:\/\/saprenovation.com\/pl\/#organization","name":"SAP Renovation","url":"https:\/\/saprenovation.com\/pl\/","logo":{"@type":"ImageObject","inLanguage":"pl-PL","@id":"https:\/\/saprenovation.com\/pl\/#\/schema\/logo\/image\/","url":"https:\/\/saprenovation.com\/wp-content\/uploads\/2024\/04\/xlogo.png.pagespeed.ic_.pCcv2wiNk5.webp","contentUrl":"https:\/\/saprenovation.com\/wp-content\/uploads\/2024\/04\/xlogo.png.pagespeed.ic_.pCcv2wiNk5.webp","width":112,"height":96,"caption":"SAP Renovation"},"image":{"@id":"https:\/\/saprenovation.com\/pl\/#\/schema\/logo\/image\/"},"sameAs":["https:\/\/www.facebook.com\/saprenovation\/"]}]}},"_links":{"self":[{"href":"https:\/\/saprenovation.com\/pl\/wp-json\/wp\/v2\/pages\/74","targetHints":{"allow":["GET"]}}],"collection":[{"href":"https:\/\/saprenovation.com\/pl\/wp-json\/wp\/v2\/pages"}],"about":[{"href":"https:\/\/saprenovation.com\/pl\/wp-json\/wp\/v2\/types\/page"}],"author":[{"embeddable":true,"href":"https:\/\/saprenovation.com\/pl\/wp-json\/wp\/v2\/users\/1"}],"replies":[{"embeddable":true,"href":"https:\/\/saprenovation.com\/pl\/wp-json\/wp\/v2\/comments?post=74"}],"version-history":[{"count":3,"href":"https:\/\/saprenovation.com\/pl\/wp-json\/wp\/v2\/pages\/74\/revisions"}],"predecessor-version":[{"id":798,"href":"https:\/\/saprenovation.com\/pl\/wp-json\/wp\/v2\/pages\/74\/revisions\/798"}],"up":[{"embeddable":true,"href":"https:\/\/saprenovation.com\/pl\/wp-json\/wp\/v2\/pages\/57367"}],"wp:attachment":[{"href":"https:\/\/saprenovation.com\/pl\/wp-json\/wp\/v2\/media?parent=74"}],"curies":[{"name":"wp","href":"https:\/\/api.w.org\/{rel}","templated":true}]}}