{"id":71,"date":"2024-04-08T13:55:34","date_gmt":"2024-04-08T11:55:34","guid":{"rendered":"https:\/\/saprenovation.com\/?page_id=71"},"modified":"2024-09-04T18:47:29","modified_gmt":"2024-09-04T16:47:29","slug":"historia","status":"publish","type":"page","link":"https:\/\/saprenovation.com\/pl\/o-nas\/historia\/","title":{"rendered":"Historia i Misja"},"content":{"rendered":"\n<div class=\"wp-block-group is-layout-constrained wp-block-group-is-layout-constrained\">\n<div class=\"wp-block-columns is-layout-flex wp-container-core-columns-is-layout-28f84493 wp-block-columns-is-layout-flex\">\n<div class=\"wp-block-column is-layout-flow wp-block-column-is-layout-flow\" style=\"flex-basis:65%\">\n<div class=\"wp-block-group box_relative is-layout-constrained wp-block-group-is-layout-constrained has-background\" style=\"min-height:500px;background-image:url(&#039;https:\/\/saprenovation.com\/wp-content\/uploads\/2024\/06\/hist3.jpg&#039;);background-size:cover;\">\n<div style=\"background: #fff;width: 200px;position: absolute;right: -2px;top: -1px;clip-path: polygon(95% 0, 100% 0%, 100% 100%, 0% 100%);bottom: -1px;\"><\/div>\n<\/div>\n<\/div>\n\n\n\n<div class=\"wp-block-column is-vertically-aligned-center is-style-default is-layout-flow wp-block-column-is-layout-flow\">\n<h3 class=\"wp-block-heading\" style=\"text-transform: uppercase;\">1878\n<\/h3>\n\n\n\n<p >Fortepiany od roku 1878. Kalisz to polskie miasto, w kt\u00f3rym tradycje fortepianowe si\u0119gaj\u0105 XIX wieku. W roku 1878 Arnold Fibiger za\u0142o\u017cy\u0142 pierwsz\u0105 manufaktur\u0119. Dzisiaj Kalisz jest fortepianowym sercem Polski, a tak\u017ce najwi\u0119kszym o\u015brodkiem renowacji fortepian\u00f3w na \u015bwiecie.<\/p>\n<\/div>\n<\/div>\n<\/div>\n\n\n\n<div class=\"wp-block-group is-layout-constrained wp-block-group-is-layout-constrained\">\n<div class=\"wp-block-columns is-layout-flex wp-container-core-columns-is-layout-28f84493 wp-block-columns-is-layout-flex\">\n<div class=\"wp-block-column is-vertically-aligned-center is-layout-flow wp-block-column-is-layout-flow\" style=\"padding-left:var(--wp--preset--spacing--80)\">\n<h3 class=\"wp-block-heading\" style=\"text-transform: uppercase;\">1989<\/h3>\n\n\n\n<p>Zmieniamy stare, zniszczone, uszkodzone pianina i fortepiany w prawdziwe dzie\u0142a sztuki. Zajmujemy si\u0119 renowacj\u0105 pianin i fortepian\u00f3w. Dzia\u0142amy na rynku mi\u0119dzynarodowym ponad 30 lat, dok\u0142adnie od 1990 r.\n<br\/>\nPoddali\u015bmy renowacji 13 078 instrument\u00f3w na ca\u0142ym \u015bwiecie co czyni nas niekwestionowanym liderem w bran\u017cy! Wsp\u00f3\u0142pracujemy z klientami z takich kraj\u00f3w jak: Austria, Australia, Belgia, Dania, Finlandia, Francja, Hiszpania, Holandia, Irlandia, Kanada, Katar, Litwa, Luksemburg, Niemcy, Norwegia, Nowa Zelandia, Polska, Rosja, RPA, S\u0142owenia, Szwajcaria, Szwecja, Tajwan, USA, Wielka Brytania oraz W\u0142ochy.<\/p>\n<\/div>\n\n\n\n<div class=\"wp-block-column is-layout-flow wp-block-column-is-layout-flow\" style=\"flex-basis:65%\">\n<div class=\"wp-block-group box_relative is-layout-constrained wp-block-group-is-layout-constrained has-background\" style=\"min-height:500px;background-image:url(&#039;https:\/\/saprenovation.com\/wp-content\/uploads\/2024\/06\/hist1.jpg&#039;);background-size:cover;\">\n<div style=\"background: #fff;width: 200px;position: absolute;left: -2px;top: -1px;clip-path: polygon(0 0, 95% 0, 0% 100%, 0 100%);bottom: -1px;\"><\/div>\n<\/div>\n<\/div>\n<\/div>\n<\/div>\n\n\n\n<div class=\"wp-block-group is-layout-constrained wp-block-group-is-layout-constrained\">\n<div class=\"wp-block-columns is-layout-flex wp-container-core-columns-is-layout-28f84493 wp-block-columns-is-layout-flex\">\n<div class=\"wp-block-column is-layout-flow wp-block-column-is-layout-flow\" style=\"flex-basis:65%\">\n<div class=\"wp-block-group box_relative is-layout-constrained wp-block-group-is-layout-constrained has-background\" style=\"min-height:500px;background-image:url(&#039;https:\/\/saprenovation.com\/wp-content\/uploads\/2024\/04\/banner_w1-1.jpg&#039;);background-size:cover;\">\n<div style=\"background: #fff;width: 200px;position: absolute;right: -2px;top: -1px;clip-path: polygon(95% 0, 100% 0%, 100% 100%, 0% 100%);bottom: -1px;\"><\/div>\n<\/div>\n<\/div>\n\n\n\n<div class=\"wp-block-column is-vertically-aligned-center is-style-default is-layout-flow wp-block-column-is-layout-flow\">\n<h3 class=\"wp-block-heading\" style=\"text-transform: uppercase;\">2024<\/h3>\n\n\n\n<p >Jeste\u015bmy z Polski. A dok\u0142adnie z Kalisza, kt\u00f3ry jest najwi\u0119kszym o\u015brodkiem przemys\u0142u muzycznego w Polsce od blisko 150 lat \u2013 tradycja zobowi\u0105zuje, dlatego nieustanie podwy\u017cszamy swoje kwalifikacje.\n\nJeste\u015bmy zespo\u0142em 84 os\u00f3b pracuj\u0105cych na Tw\u00f3j sukces. \u201eIstniejemy dla Ciebie i dzi\u0119ki Tobie\u201d. M\u00f3wimy w j\u0119zykach: polskim, angielskim, niemieckim, hiszpa\u0144skim, francuskim, w\u0142oskim i rosyjskim. Dlatego nie b\u00f3j si\u0119 pyta\u0107. Czekamy na Ciebie!<\/p>\n<\/div>\n<\/div>\n<\/div>\n\n\n\n<h2 class=\"wp-block-heading has-text-align-center\">Misja<\/h2>\n\n\n\n<p class=\"has-text-align-center\">35 lat do\u015bwiadczenia<br>13 078 odrestaurowanych instrument\u00f3w<br>77 do\u015bwiadczonych ekspert\u00f3w<\/p>\n\n\n\n<div class=\"wp-block-group is-layout-constrained wp-block-group-is-layout-constrained\">\n<div class=\"wp-block-columns is-layout-flex wp-container-core-columns-is-layout-28f84493 wp-block-columns-is-layout-flex\">\n<div class=\"wp-block-column is-vertically-aligned-center is-layout-flow wp-block-column-is-layout-flow\" style=\"padding-left:var(--wp--preset--spacing--80)\">\n<h3 class=\"wp-block-heading\" style=\"text-transform: uppercase;\">Misja<\/h3>\n\n\n\n<p>Zmieniamy stare, zniszczone, uszkodzone pianina i fortepiany w prawdziwe dzie\u0142a sztuki.\n\nDzia\u0142amy na rynku mi\u0119dzynarodowym od 1990 r.\n\nPoddali\u015bmy renowacji ponad 13,000 instrument\u00f3w z ca\u0142ego \u015bwiata, co czyni nas niekwestionowanym liderem w bran\u017cy!\n\nNaszym celem jest odrestaurowanie pianina i fortepianu w spos\u00f3b doskona\u0142y pod ka\u017cdym wzgl\u0119dem, tak aby by\u0142 jak nowy, lecz z historyczn\u0105 dusz\u0105.\n<br\/><br\/>\nPrzez co staje si\u0119 jedynym w swoim rodzaju, niespotykanym egzemplarzem.\n<br\/><\/br>\nWsp\u00f3\u0142pracujemy z klientami z takich kraj\u00f3w jak: Austria, Australia, Belgia, Dania, Finlandia, Francja, Hiszpania, Holandia, Irlandia, Kanada, Katar, Litwa, Luksemburg, Niemcy, Norwegia, Nowa Zelandia, Polska, Rosja, RPA, S\u0142owenia, Szwajcaria, Szwecja, Tajwan, USA, Wielka Brytania oraz W\u0142ochy.<\/p>\n<\/div>\n\n\n\n<div class=\"wp-block-column is-layout-flow wp-block-column-is-layout-flow\" style=\"flex-basis:65%\">\n<div class=\"wp-block-group box_relative is-layout-constrained wp-block-group-is-layout-constrained has-background\" style=\"min-height:500px;background-image:url(&#039;https:\/\/saprenovation.com\/wp-content\/uploads\/2024\/04\/o2.jpg&#039;);background-size:cover;\">\n<div style=\"background: #fff;width: 200px;position: absolute;left: -2px;top: -1px;clip-path: polygon(0 0, 95% 0, 0% 100%, 0 100%);bottom: -1px;\"><\/div>\n<\/div>\n<\/div>\n<\/div>\n<\/div>\n","protected":false},"excerpt":{"rendered":"<p>1878 Fortepiany od roku 1878. Kalisz to polskie miasto, w kt\u00f3rym tradycje fortepianowe si\u0119gaj\u0105 XIX wieku. W roku 1878 Arnold Fibiger za\u0142o\u017cy\u0142 pierwsz\u0105 manufaktur\u0119. Dzisiaj Kalisz jest fortepianowym sercem&#8230;<\/p>\n","protected":false},"author":1,"featured_media":0,"parent":57367,"menu_order":0,"comment_status":"closed","ping_status":"closed","template":"page-full-width","meta":{"footnotes":""},"class_list":["post-71","page","type-page","status-publish","hentry"],"yoast_head":"<!-- This site is optimized with the Yoast SEO plugin v26.1.1 - https:\/\/yoast.com\/wordpress\/plugins\/seo\/ -->\n<title>Nasza historia i misja | Ponad 13 000 odnowionych fortepian\u00f3w<\/title>\n<meta name=\"description\" content=\"Poznaj histori\u0119 SAP Renovation, lidera renowacji fortepian\u00f3w. Dzialamy od 1990 r. Odkryj nasz\u0105 misj\u0119 przywracania blasku instrumentom z dusz\u0105!\" \/>\n<meta name=\"robots\" content=\"index, follow, max-snippet:-1, max-image-preview:large, max-video-preview:-1\" \/>\n<link rel=\"canonical\" href=\"https:\/\/saprenovation.com\/pl\/o-nas\/historia\/\" \/>\n<meta property=\"og:locale\" content=\"pl_PL\" \/>\n<meta property=\"og:type\" content=\"article\" \/>\n<meta property=\"og:title\" content=\"Nasza historia i misja | Ponad 13 000 odnowionych fortepian\u00f3w\" \/>\n<meta property=\"og:description\" content=\"Poznaj histori\u0119 SAP Renovation, lidera renowacji fortepian\u00f3w. Dzialamy od 1990 r. Odkryj nasz\u0105 misj\u0119 przywracania blasku instrumentom z dusz\u0105!\" \/>\n<meta property=\"og:url\" content=\"https:\/\/saprenovation.com\/pl\/o-nas\/historia\/\" \/>\n<meta property=\"og:site_name\" content=\"SAP Renovation\" \/>\n<meta property=\"article:publisher\" content=\"https:\/\/www.facebook.com\/saprenovation\/\" \/>\n<meta property=\"article:modified_time\" content=\"2024-09-04T16:47:29+00:00\" \/>\n<meta property=\"og:image\" content=\"https:\/\/saprenovation.com\/wp-content\/uploads\/2024\/10\/xlogo.png.pagespeed.ic_.pCcv2wiNk5.webp\" \/>\n\t<meta property=\"og:image:width\" content=\"112\" \/>\n\t<meta property=\"og:image:height\" content=\"96\" \/>\n\t<meta property=\"og:image:type\" content=\"image\/webp\" \/>\n<meta name=\"twitter:card\" content=\"summary_large_image\" \/>\n<meta name=\"twitter:label1\" content=\"Szacowany czas czytania\" \/>\n\t<meta name=\"twitter:data1\" content=\"2 minuty\" \/>\n<script type=\"application\/ld+json\" class=\"yoast-schema-graph\">{\"@context\":\"https:\/\/schema.org\",\"@graph\":[{\"@type\":\"WebPage\",\"@id\":\"https:\/\/saprenovation.com\/pl\/o-nas\/historia\/\",\"url\":\"https:\/\/saprenovation.com\/pl\/o-nas\/historia\/\",\"name\":\"Nasza historia i misja | Ponad 13 000 odnowionych fortepian\u00f3w\",\"isPartOf\":{\"@id\":\"https:\/\/saprenovation.com\/pl\/#website\"},\"datePublished\":\"2024-04-08T11:55:34+00:00\",\"dateModified\":\"2024-09-04T16:47:29+00:00\",\"description\":\"Poznaj histori\u0119 SAP Renovation, lidera renowacji fortepian\u00f3w. Dzialamy od 1990 r. Odkryj nasz\u0105 misj\u0119 przywracania blasku instrumentom z dusz\u0105!\",\"breadcrumb\":{\"@id\":\"https:\/\/saprenovation.com\/pl\/o-nas\/historia\/#breadcrumb\"},\"inLanguage\":\"pl-PL\",\"potentialAction\":[{\"@type\":\"ReadAction\",\"target\":[\"https:\/\/saprenovation.com\/pl\/o-nas\/historia\/\"]}]},{\"@type\":\"BreadcrumbList\",\"@id\":\"https:\/\/saprenovation.com\/pl\/o-nas\/historia\/#breadcrumb\",\"itemListElement\":[{\"@type\":\"ListItem\",\"position\":1,\"name\":\"SAP Renovation\",\"item\":\"https:\/\/saprenovation.com\/pl\/\"},{\"@type\":\"ListItem\",\"position\":2,\"name\":\"O nas\",\"item\":\"https:\/\/saprenovation.com\/pl\/o-nas\/\"},{\"@type\":\"ListItem\",\"position\":3,\"name\":\"Historia i Misja\"}]},{\"@type\":\"WebSite\",\"@id\":\"https:\/\/saprenovation.com\/pl\/#website\",\"url\":\"https:\/\/saprenovation.com\/pl\/\",\"name\":\"SAP Renovation\",\"description\":\"The finest European piano restoration\",\"publisher\":{\"@id\":\"https:\/\/saprenovation.com\/pl\/#organization\"},\"potentialAction\":[{\"@type\":\"SearchAction\",\"target\":{\"@type\":\"EntryPoint\",\"urlTemplate\":\"https:\/\/saprenovation.com\/pl\/?s={search_term_string}\"},\"query-input\":{\"@type\":\"PropertyValueSpecification\",\"valueRequired\":true,\"valueName\":\"search_term_string\"}}],\"inLanguage\":\"pl-PL\"},{\"@type\":\"Organization\",\"@id\":\"https:\/\/saprenovation.com\/pl\/#organization\",\"name\":\"SAP Renovation\",\"url\":\"https:\/\/saprenovation.com\/pl\/\",\"logo\":{\"@type\":\"ImageObject\",\"inLanguage\":\"pl-PL\",\"@id\":\"https:\/\/saprenovation.com\/pl\/#\/schema\/logo\/image\/\",\"url\":\"https:\/\/saprenovation.com\/wp-content\/uploads\/2024\/04\/xlogo.png.pagespeed.ic_.pCcv2wiNk5.webp\",\"contentUrl\":\"https:\/\/saprenovation.com\/wp-content\/uploads\/2024\/04\/xlogo.png.pagespeed.ic_.pCcv2wiNk5.webp\",\"width\":112,\"height\":96,\"caption\":\"SAP Renovation\"},\"image\":{\"@id\":\"https:\/\/saprenovation.com\/pl\/#\/schema\/logo\/image\/\"},\"sameAs\":[\"https:\/\/www.facebook.com\/saprenovation\/\"]}]}<\/script>\n<!-- \/ Yoast SEO plugin. -->","yoast_head_json":{"title":"Nasza historia i misja | Ponad 13 000 odnowionych fortepian\u00f3w","description":"Poznaj histori\u0119 SAP Renovation, lidera renowacji fortepian\u00f3w. Dzialamy od 1990 r. Odkryj nasz\u0105 misj\u0119 przywracania blasku instrumentom z dusz\u0105!","robots":{"index":"index","follow":"follow","max-snippet":"max-snippet:-1","max-image-preview":"max-image-preview:large","max-video-preview":"max-video-preview:-1"},"canonical":"https:\/\/saprenovation.com\/pl\/o-nas\/historia\/","og_locale":"pl_PL","og_type":"article","og_title":"Nasza historia i misja | Ponad 13 000 odnowionych fortepian\u00f3w","og_description":"Poznaj histori\u0119 SAP Renovation, lidera renowacji fortepian\u00f3w. Dzialamy od 1990 r. Odkryj nasz\u0105 misj\u0119 przywracania blasku instrumentom z dusz\u0105!","og_url":"https:\/\/saprenovation.com\/pl\/o-nas\/historia\/","og_site_name":"SAP Renovation","article_publisher":"https:\/\/www.facebook.com\/saprenovation\/","article_modified_time":"2024-09-04T16:47:29+00:00","og_image":[{"width":112,"height":96,"url":"https:\/\/saprenovation.com\/wp-content\/uploads\/2024\/10\/xlogo.png.pagespeed.ic_.pCcv2wiNk5.webp","type":"image\/webp"}],"twitter_card":"summary_large_image","twitter_misc":{"Szacowany czas czytania":"2 minuty"},"schema":{"@context":"https:\/\/schema.org","@graph":[{"@type":"WebPage","@id":"https:\/\/saprenovation.com\/pl\/o-nas\/historia\/","url":"https:\/\/saprenovation.com\/pl\/o-nas\/historia\/","name":"Nasza historia i misja | Ponad 13 000 odnowionych fortepian\u00f3w","isPartOf":{"@id":"https:\/\/saprenovation.com\/pl\/#website"},"datePublished":"2024-04-08T11:55:34+00:00","dateModified":"2024-09-04T16:47:29+00:00","description":"Poznaj histori\u0119 SAP Renovation, lidera renowacji fortepian\u00f3w. Dzialamy od 1990 r. Odkryj nasz\u0105 misj\u0119 przywracania blasku instrumentom z dusz\u0105!","breadcrumb":{"@id":"https:\/\/saprenovation.com\/pl\/o-nas\/historia\/#breadcrumb"},"inLanguage":"pl-PL","potentialAction":[{"@type":"ReadAction","target":["https:\/\/saprenovation.com\/pl\/o-nas\/historia\/"]}]},{"@type":"BreadcrumbList","@id":"https:\/\/saprenovation.com\/pl\/o-nas\/historia\/#breadcrumb","itemListElement":[{"@type":"ListItem","position":1,"name":"SAP Renovation","item":"https:\/\/saprenovation.com\/pl\/"},{"@type":"ListItem","position":2,"name":"O nas","item":"https:\/\/saprenovation.com\/pl\/o-nas\/"},{"@type":"ListItem","position":3,"name":"Historia i Misja"}]},{"@type":"WebSite","@id":"https:\/\/saprenovation.com\/pl\/#website","url":"https:\/\/saprenovation.com\/pl\/","name":"SAP Renovation","description":"The finest European piano restoration","publisher":{"@id":"https:\/\/saprenovation.com\/pl\/#organization"},"potentialAction":[{"@type":"SearchAction","target":{"@type":"EntryPoint","urlTemplate":"https:\/\/saprenovation.com\/pl\/?s={search_term_string}"},"query-input":{"@type":"PropertyValueSpecification","valueRequired":true,"valueName":"search_term_string"}}],"inLanguage":"pl-PL"},{"@type":"Organization","@id":"https:\/\/saprenovation.com\/pl\/#organization","name":"SAP Renovation","url":"https:\/\/saprenovation.com\/pl\/","logo":{"@type":"ImageObject","inLanguage":"pl-PL","@id":"https:\/\/saprenovation.com\/pl\/#\/schema\/logo\/image\/","url":"https:\/\/saprenovation.com\/wp-content\/uploads\/2024\/04\/xlogo.png.pagespeed.ic_.pCcv2wiNk5.webp","contentUrl":"https:\/\/saprenovation.com\/wp-content\/uploads\/2024\/04\/xlogo.png.pagespeed.ic_.pCcv2wiNk5.webp","width":112,"height":96,"caption":"SAP Renovation"},"image":{"@id":"https:\/\/saprenovation.com\/pl\/#\/schema\/logo\/image\/"},"sameAs":["https:\/\/www.facebook.com\/saprenovation\/"]}]}},"_links":{"self":[{"href":"https:\/\/saprenovation.com\/pl\/wp-json\/wp\/v2\/pages\/71","targetHints":{"allow":["GET"]}}],"collection":[{"href":"https:\/\/saprenovation.com\/pl\/wp-json\/wp\/v2\/pages"}],"about":[{"href":"https:\/\/saprenovation.com\/pl\/wp-json\/wp\/v2\/types\/page"}],"author":[{"embeddable":true,"href":"https:\/\/saprenovation.com\/pl\/wp-json\/wp\/v2\/users\/1"}],"replies":[{"embeddable":true,"href":"https:\/\/saprenovation.com\/pl\/wp-json\/wp\/v2\/comments?post=71"}],"version-history":[{"count":6,"href":"https:\/\/saprenovation.com\/pl\/wp-json\/wp\/v2\/pages\/71\/revisions"}],"predecessor-version":[{"id":796,"href":"https:\/\/saprenovation.com\/pl\/wp-json\/wp\/v2\/pages\/71\/revisions\/796"}],"up":[{"embeddable":true,"href":"https:\/\/saprenovation.com\/pl\/wp-json\/wp\/v2\/pages\/57367"}],"wp:attachment":[{"href":"https:\/\/saprenovation.com\/pl\/wp-json\/wp\/v2\/media?parent=71"}],"curies":[{"name":"wp","href":"https:\/\/api.w.org\/{rel}","templated":true}]}}