{"id":69894,"date":"2025-10-05T14:19:27","date_gmt":"2025-10-05T12:19:27","guid":{"rendered":"https:\/\/saprenovation.com\/?page_id=69894"},"modified":"2025-10-05T16:10:09","modified_gmt":"2025-10-05T14:10:09","slug":"wymiana-strojnicy-sap-renovation","status":"publish","type":"page","link":"https:\/\/saprenovation.com\/pl\/wymiana-strojnicy-sap-renovation\/","title":{"rendered":"Kiedy wymieni\u0107 strojnic\u0119 fortepianu | SAP Renovation"},"content":{"rendered":"\n<div class=\"wp-block-columns is-layout-flex wp-container-core-columns-is-layout-9b413c96 wp-block-columns-is-layout-flex\" style=\"margin-top:0px;margin-bottom:0px;padding-top:0px;padding-right:0;padding-bottom:0px;padding-left:0\">\n<div class=\"wp-block-column is-layout-constrained wp-container-core-column-is-layout-124f757b wp-block-column-is-layout-constrained\" style=\"padding-top:0;padding-right:0;padding-bottom:0;padding-left:0\">\n<figure class=\"wp-block-image size-full\" style=\"margin-top:0;margin-right:0;margin-bottom:0;margin-left:0\"><img loading=\"lazy\" decoding=\"async\" width=\"2560\" height=\"1707\" src=\"https:\/\/saprenovation.com\/wp-content\/uploads\/2024\/08\/4q-scaled.jpg\" alt=\"\" class=\"wp-image-58404\" srcset=\"https:\/\/saprenovation.com\/wp-content\/uploads\/2024\/08\/4q-scaled.jpg 2560w, https:\/\/saprenovation.com\/wp-content\/uploads\/2024\/08\/4q-scaled-600x400.jpg 600w, https:\/\/saprenovation.com\/wp-content\/uploads\/2024\/08\/4q-300x200.jpg 300w, https:\/\/saprenovation.com\/wp-content\/uploads\/2024\/08\/4q-1024x683.jpg 1024w, https:\/\/saprenovation.com\/wp-content\/uploads\/2024\/08\/4q-768x512.jpg 768w, https:\/\/saprenovation.com\/wp-content\/uploads\/2024\/08\/4q-1536x1024.jpg 1536w, https:\/\/saprenovation.com\/wp-content\/uploads\/2024\/08\/4q-2048x1365.jpg 2048w\" sizes=\"auto, (max-width: 2560px) 100vw, 2560px\" \/><\/figure>\n<\/div>\n\n\n\n<div class=\"wp-block-column is-style-default is-layout-constrained wp-container-core-column-is-layout-3be804cf wp-block-column-is-layout-constrained\" style=\"padding-top:0;padding-bottom:0\">\n<figure class=\"wp-block-image size-full\" style=\"margin-top:0;margin-bottom:0;margin-left:0\"><img loading=\"lazy\" decoding=\"async\" width=\"2560\" height=\"1707\" src=\"https:\/\/saprenovation.com\/wp-content\/uploads\/2025\/10\/c-_MG_5949-copy-scaled.jpg\" alt=\"\" class=\"wp-image-69897\" srcset=\"https:\/\/saprenovation.com\/wp-content\/uploads\/2025\/10\/c-_MG_5949-copy-scaled.jpg 2560w, https:\/\/saprenovation.com\/wp-content\/uploads\/2025\/10\/c-_MG_5949-copy-300x200.jpg 300w, https:\/\/saprenovation.com\/wp-content\/uploads\/2025\/10\/c-_MG_5949-copy-1024x683.jpg 1024w, https:\/\/saprenovation.com\/wp-content\/uploads\/2025\/10\/c-_MG_5949-copy-768x512.jpg 768w, https:\/\/saprenovation.com\/wp-content\/uploads\/2025\/10\/c-_MG_5949-copy-1536x1024.jpg 1536w, https:\/\/saprenovation.com\/wp-content\/uploads\/2025\/10\/c-_MG_5949-copy-2048x1365.jpg 2048w, https:\/\/saprenovation.com\/wp-content\/uploads\/2025\/10\/c-_MG_5949-copy-600x400.jpg 600w\" sizes=\"auto, (max-width: 2560px) 100vw, 2560px\" \/><\/figure>\n<\/div>\n<\/div>\n\n\n\n<div class=\"wp-block-group is-layout-constrained wp-block-group-is-layout-constrained\">\n<div class=\"wp-block-columns rab_text_left is-layout-flex wp-container-core-columns-is-layout-28f84493 wp-block-columns-is-layout-flex\">\n<div class=\"wp-block-column rab_text_left is-layout-flow wp-block-column-is-layout-flow\" style=\"flex-basis:1120px\">\n<h2 class=\"wp-block-heading\"><strong>Kiedy wymieni\u0107 strojnic\u0119?<\/strong><\/h2>\n\n\n\n<p style=\"text-transform:none\">Strojnica to jeden z kluczowych element\u00f3w wp\u0142ywaj\u0105cych na stabilno\u015b\u0107 stroju fortepianu czy pianina. Wymiana jest zalecana, gdy:&nbsp;<\/p>\n\n\n\n<ul style=\"text-transform:lowercase\" class=\"wp-block-list\">\n<li>instrument nie utrzymuje d\u0142ugo stroju,<\/li>\n\n\n\n<li>otwory na ko\u0142ki stroikowe s\u0105 powi\u0119kszone lub uszkodzone,&nbsp;<\/li>\n\n\n\n<li>wyst\u0119puj\u0105 p\u0119kni\u0119cia w obr\u0119bie drewna strojnicy.<\/li>\n<\/ul>\n\n\n\n<p style=\"text-transform:none\">W naszej ofercie proponujemy trzy wysokiej jako\u015bci strojnice, kt\u00f3re przed\u0142u\u017c\u0105 \u017cywotno\u015b\u0107 i poprawi\u0105 brzmienie instrumentu:&nbsp;<\/p>\n\n\n\n<p style=\"text-transform:none\">1.&nbsp;<strong>Strojnica Pisz<\/strong>&nbsp;\u2013 polska, wielowarstwowa z drewna bukowego Polska strojnica wykonana z wysokiej jako\u015bci drewna bukowego, sk\u0142adaj\u0105ca si\u0119 z kilku warstw. Charakteryzuje si\u0119 doskona\u0142\u0105 stabilno\u015bci\u0105 stroju oraz odporno\u015bci\u0105 na zmiany wilgotno\u015bci, co zapewnia d\u0142ugotrwa\u0142\u0105 precyzj\u0119 strojenia. Idealna dla instrument\u00f3w wymagaj\u0105cych solidnej i niezawodnej strojnicy.&nbsp;<\/p>\n\n\n\n<p style=\"text-transform:none\">2.&nbsp;<strong>Strojnica Delignit<\/strong>\u2013 niemiecka wielowarstwowa z drewna bukowego Niemiecka strojnica Delignit to produkt renomowanego producenta, sk\u0142adaj\u0105cy si\u0119 z wielu warstw drewna bukowego. Dzi\u0119ki zastosowaniu nowoczesnej technologii produkcji, strojnica ta oferuje wyj\u0105tkow\u0105 stabilno\u015b\u0107 i odporno\u015b\u0107 na zmiany warunk\u00f3w atmosferycznych. Jest to doskona\u0142y wyb\u00f3r dla wymagaj\u0105cych instrument\u00f3w, zapewniaj\u0105cy precyzyjne i trwa\u0142e strojenie.<\/p>\n\n\n\n<p style=\"text-transform:none\">3.&nbsp;<strong>Strojnica Bolduc (Kanada)<\/strong>&nbsp;\u2013 pi\u0119ciowarstwowa z drewna klonu Kanadyjska strojnica Bolduc wyr\u00f3\u017cnia si\u0119 konstrukcj\u0105 sk\u0142adaj\u0105c\u0105 si\u0119 z pi\u0119ciu warstw drewna klonowego. Dzi\u0119ki zastosowaniu drewna o twardym i g\u0119stym us\u0142ojeniu, strojnica ta zapewnia wyj\u0105tkow\u0105 stabilno\u015b\u0107 stroju oraz odporno\u015b\u0107 na zmiany temperatury i wilgotno\u015bci. Jest to wyb\u00f3r preferowany przez profesjonalnych technik\u00f3w i producent\u00f3w fortepian\u00f3w na ca\u0142ym \u015bwiecie.<\/p>\n<\/div>\n<\/div>\n<\/div>\n\n\n\n<p><\/p>\n\n\n\n\n\n<p><\/p>\n\n\n\n<figure class=\"wp-block-embed is-type-video is-provider-youtube wp-block-embed-youtube wp-embed-aspect-16-9 wp-has-aspect-ratio\"><div class=\"wp-block-embed__wrapper\">\n<iframe loading=\"lazy\" title=\"SAP Renovation-Pin block replacement\" width=\"500\" height=\"281\" src=\"https:\/\/www.youtube.com\/embed\/XXOpx3zaPfQ?feature=oembed\" frameborder=\"0\" allow=\"accelerometer; autoplay; clipboard-write; encrypted-media; gyroscope; picture-in-picture; web-share\" referrerpolicy=\"strict-origin-when-cross-origin\" allowfullscreen><\/iframe>\n<\/div><\/figure>\n","protected":false},"excerpt":{"rendered":"<p>Kiedy wymieni\u0107 strojnic\u0119? Strojnica to jeden z kluczowych element\u00f3w wp\u0142ywaj\u0105cych na stabilno\u015b\u0107 stroju fortepianu czy pianina. Wymiana jest zalecana, gdy:&nbsp; W naszej ofercie proponujemy trzy wysokiej jako\u015bci strojnice, kt\u00f3re&#8230;<\/p>\n","protected":false},"author":6,"featured_media":0,"parent":0,"menu_order":0,"comment_status":"closed","ping_status":"closed","template":"","meta":{"footnotes":""},"class_list":["post-69894","page","type-page","status-publish","hentry"],"yoast_head":"<!-- This site is optimized with the Yoast SEO plugin v26.1.1 - https:\/\/yoast.com\/wordpress\/plugins\/seo\/ -->\n<title>Kiedy wymieni\u0107 strojnic\u0119 fortepianu | SAP Renovation - SAP Renovation<\/title>\n<meta name=\"description\" content=\"Strojnica ma kluczowy wp\u0142yw na stabilno\u015b\u0107 stroju fortepianu. Dowiedz si\u0119, kiedy wymiana jest konieczna, i poznaj strojnice Pisz, Delignit oraz Bolduc \u2013 precyzyjne, trwa\u0142e i odporne na wilgo\u0107.\" \/>\n<meta name=\"robots\" content=\"index, follow, max-snippet:-1, max-image-preview:large, max-video-preview:-1\" \/>\n<link rel=\"canonical\" href=\"https:\/\/saprenovation.com\/pl\/wymiana-strojnicy-sap-renovation\/\" \/>\n<meta property=\"og:locale\" content=\"pl_PL\" \/>\n<meta property=\"og:type\" content=\"article\" \/>\n<meta property=\"og:title\" content=\"Kiedy wymieni\u0107 strojnic\u0119 fortepianu | SAP Renovation - SAP Renovation\" \/>\n<meta property=\"og:description\" content=\"Strojnica ma kluczowy wp\u0142yw na stabilno\u015b\u0107 stroju fortepianu. Dowiedz si\u0119, kiedy wymiana jest konieczna, i poznaj strojnice Pisz, Delignit oraz Bolduc \u2013 precyzyjne, trwa\u0142e i odporne na wilgo\u0107.\" \/>\n<meta property=\"og:url\" content=\"https:\/\/saprenovation.com\/pl\/wymiana-strojnicy-sap-renovation\/\" \/>\n<meta property=\"og:site_name\" content=\"SAP Renovation\" \/>\n<meta property=\"article:publisher\" content=\"https:\/\/www.facebook.com\/saprenovation\/\" \/>\n<meta property=\"article:modified_time\" content=\"2025-10-05T14:10:09+00:00\" \/>\n<meta property=\"og:image\" content=\"https:\/\/saprenovation.com\/wp-content\/uploads\/2024\/08\/4q-scaled.jpg\" \/>\n<meta name=\"twitter:card\" content=\"summary_large_image\" \/>\n<meta name=\"twitter:label1\" content=\"Szacowany czas czytania\" \/>\n\t<meta name=\"twitter:data1\" content=\"2 minuty\" \/>\n<script type=\"application\/ld+json\" class=\"yoast-schema-graph\">{\"@context\":\"https:\/\/schema.org\",\"@graph\":[{\"@type\":\"WebPage\",\"@id\":\"https:\/\/saprenovation.com\/pl\/wymiana-strojnicy-sap-renovation\/\",\"url\":\"https:\/\/saprenovation.com\/pl\/wymiana-strojnicy-sap-renovation\/\",\"name\":\"Kiedy wymieni\u0107 strojnic\u0119 fortepianu | SAP Renovation - SAP Renovation\",\"isPartOf\":{\"@id\":\"https:\/\/saprenovation.com\/pl\/#website\"},\"primaryImageOfPage\":{\"@id\":\"https:\/\/saprenovation.com\/pl\/wymiana-strojnicy-sap-renovation\/#primaryimage\"},\"image\":{\"@id\":\"https:\/\/saprenovation.com\/pl\/wymiana-strojnicy-sap-renovation\/#primaryimage\"},\"thumbnailUrl\":\"https:\/\/saprenovation.com\/wp-content\/uploads\/2024\/08\/4q-scaled.jpg\",\"datePublished\":\"2025-10-05T12:19:27+00:00\",\"dateModified\":\"2025-10-05T14:10:09+00:00\",\"description\":\"Strojnica ma kluczowy wp\u0142yw na stabilno\u015b\u0107 stroju fortepianu. Dowiedz si\u0119, kiedy wymiana jest konieczna, i poznaj strojnice Pisz, Delignit oraz Bolduc \u2013 precyzyjne, trwa\u0142e i odporne na wilgo\u0107.\",\"breadcrumb\":{\"@id\":\"https:\/\/saprenovation.com\/pl\/wymiana-strojnicy-sap-renovation\/#breadcrumb\"},\"inLanguage\":\"pl-PL\",\"potentialAction\":[{\"@type\":\"ReadAction\",\"target\":[\"https:\/\/saprenovation.com\/pl\/wymiana-strojnicy-sap-renovation\/\"]}]},{\"@type\":\"ImageObject\",\"inLanguage\":\"pl-PL\",\"@id\":\"https:\/\/saprenovation.com\/pl\/wymiana-strojnicy-sap-renovation\/#primaryimage\",\"url\":\"https:\/\/saprenovation.com\/wp-content\/uploads\/2024\/08\/4q-scaled.jpg\",\"contentUrl\":\"https:\/\/saprenovation.com\/wp-content\/uploads\/2024\/08\/4q-scaled.jpg\"},{\"@type\":\"BreadcrumbList\",\"@id\":\"https:\/\/saprenovation.com\/pl\/wymiana-strojnicy-sap-renovation\/#breadcrumb\",\"itemListElement\":[{\"@type\":\"ListItem\",\"position\":1,\"name\":\"SAP Renovation\",\"item\":\"https:\/\/saprenovation.com\/pl\/\"},{\"@type\":\"ListItem\",\"position\":2,\"name\":\"Kiedy wymieni\u0107 strojnic\u0119 fortepianu | SAP Renovation\"}]},{\"@type\":\"WebSite\",\"@id\":\"https:\/\/saprenovation.com\/pl\/#website\",\"url\":\"https:\/\/saprenovation.com\/pl\/\",\"name\":\"SAP Renovation\",\"description\":\"The finest European piano restoration\",\"publisher\":{\"@id\":\"https:\/\/saprenovation.com\/pl\/#organization\"},\"potentialAction\":[{\"@type\":\"SearchAction\",\"target\":{\"@type\":\"EntryPoint\",\"urlTemplate\":\"https:\/\/saprenovation.com\/pl\/?s={search_term_string}\"},\"query-input\":{\"@type\":\"PropertyValueSpecification\",\"valueRequired\":true,\"valueName\":\"search_term_string\"}}],\"inLanguage\":\"pl-PL\"},{\"@type\":\"Organization\",\"@id\":\"https:\/\/saprenovation.com\/pl\/#organization\",\"name\":\"SAP Renovation\",\"url\":\"https:\/\/saprenovation.com\/pl\/\",\"logo\":{\"@type\":\"ImageObject\",\"inLanguage\":\"pl-PL\",\"@id\":\"https:\/\/saprenovation.com\/pl\/#\/schema\/logo\/image\/\",\"url\":\"https:\/\/saprenovation.com\/wp-content\/uploads\/2024\/04\/xlogo.png.pagespeed.ic_.pCcv2wiNk5.webp\",\"contentUrl\":\"https:\/\/saprenovation.com\/wp-content\/uploads\/2024\/04\/xlogo.png.pagespeed.ic_.pCcv2wiNk5.webp\",\"width\":112,\"height\":96,\"caption\":\"SAP Renovation\"},\"image\":{\"@id\":\"https:\/\/saprenovation.com\/pl\/#\/schema\/logo\/image\/\"},\"sameAs\":[\"https:\/\/www.facebook.com\/saprenovation\/\"]}]}<\/script>\n<!-- \/ Yoast SEO plugin. -->","yoast_head_json":{"title":"Kiedy wymieni\u0107 strojnic\u0119 fortepianu | SAP Renovation - SAP Renovation","description":"Strojnica ma kluczowy wp\u0142yw na stabilno\u015b\u0107 stroju fortepianu. Dowiedz si\u0119, kiedy wymiana jest konieczna, i poznaj strojnice Pisz, Delignit oraz Bolduc \u2013 precyzyjne, trwa\u0142e i odporne na wilgo\u0107.","robots":{"index":"index","follow":"follow","max-snippet":"max-snippet:-1","max-image-preview":"max-image-preview:large","max-video-preview":"max-video-preview:-1"},"canonical":"https:\/\/saprenovation.com\/pl\/wymiana-strojnicy-sap-renovation\/","og_locale":"pl_PL","og_type":"article","og_title":"Kiedy wymieni\u0107 strojnic\u0119 fortepianu | SAP Renovation - SAP Renovation","og_description":"Strojnica ma kluczowy wp\u0142yw na stabilno\u015b\u0107 stroju fortepianu. Dowiedz si\u0119, kiedy wymiana jest konieczna, i poznaj strojnice Pisz, Delignit oraz Bolduc \u2013 precyzyjne, trwa\u0142e i odporne na wilgo\u0107.","og_url":"https:\/\/saprenovation.com\/pl\/wymiana-strojnicy-sap-renovation\/","og_site_name":"SAP Renovation","article_publisher":"https:\/\/www.facebook.com\/saprenovation\/","article_modified_time":"2025-10-05T14:10:09+00:00","og_image":[{"url":"https:\/\/saprenovation.com\/wp-content\/uploads\/2024\/08\/4q-scaled.jpg","type":"","width":"","height":""}],"twitter_card":"summary_large_image","twitter_misc":{"Szacowany czas czytania":"2 minuty"},"schema":{"@context":"https:\/\/schema.org","@graph":[{"@type":"WebPage","@id":"https:\/\/saprenovation.com\/pl\/wymiana-strojnicy-sap-renovation\/","url":"https:\/\/saprenovation.com\/pl\/wymiana-strojnicy-sap-renovation\/","name":"Kiedy wymieni\u0107 strojnic\u0119 fortepianu | SAP Renovation - SAP Renovation","isPartOf":{"@id":"https:\/\/saprenovation.com\/pl\/#website"},"primaryImageOfPage":{"@id":"https:\/\/saprenovation.com\/pl\/wymiana-strojnicy-sap-renovation\/#primaryimage"},"image":{"@id":"https:\/\/saprenovation.com\/pl\/wymiana-strojnicy-sap-renovation\/#primaryimage"},"thumbnailUrl":"https:\/\/saprenovation.com\/wp-content\/uploads\/2024\/08\/4q-scaled.jpg","datePublished":"2025-10-05T12:19:27+00:00","dateModified":"2025-10-05T14:10:09+00:00","description":"Strojnica ma kluczowy wp\u0142yw na stabilno\u015b\u0107 stroju fortepianu. Dowiedz si\u0119, kiedy wymiana jest konieczna, i poznaj strojnice Pisz, Delignit oraz Bolduc \u2013 precyzyjne, trwa\u0142e i odporne na wilgo\u0107.","breadcrumb":{"@id":"https:\/\/saprenovation.com\/pl\/wymiana-strojnicy-sap-renovation\/#breadcrumb"},"inLanguage":"pl-PL","potentialAction":[{"@type":"ReadAction","target":["https:\/\/saprenovation.com\/pl\/wymiana-strojnicy-sap-renovation\/"]}]},{"@type":"ImageObject","inLanguage":"pl-PL","@id":"https:\/\/saprenovation.com\/pl\/wymiana-strojnicy-sap-renovation\/#primaryimage","url":"https:\/\/saprenovation.com\/wp-content\/uploads\/2024\/08\/4q-scaled.jpg","contentUrl":"https:\/\/saprenovation.com\/wp-content\/uploads\/2024\/08\/4q-scaled.jpg"},{"@type":"BreadcrumbList","@id":"https:\/\/saprenovation.com\/pl\/wymiana-strojnicy-sap-renovation\/#breadcrumb","itemListElement":[{"@type":"ListItem","position":1,"name":"SAP Renovation","item":"https:\/\/saprenovation.com\/pl\/"},{"@type":"ListItem","position":2,"name":"Kiedy wymieni\u0107 strojnic\u0119 fortepianu | SAP Renovation"}]},{"@type":"WebSite","@id":"https:\/\/saprenovation.com\/pl\/#website","url":"https:\/\/saprenovation.com\/pl\/","name":"SAP Renovation","description":"The finest European piano restoration","publisher":{"@id":"https:\/\/saprenovation.com\/pl\/#organization"},"potentialAction":[{"@type":"SearchAction","target":{"@type":"EntryPoint","urlTemplate":"https:\/\/saprenovation.com\/pl\/?s={search_term_string}"},"query-input":{"@type":"PropertyValueSpecification","valueRequired":true,"valueName":"search_term_string"}}],"inLanguage":"pl-PL"},{"@type":"Organization","@id":"https:\/\/saprenovation.com\/pl\/#organization","name":"SAP Renovation","url":"https:\/\/saprenovation.com\/pl\/","logo":{"@type":"ImageObject","inLanguage":"pl-PL","@id":"https:\/\/saprenovation.com\/pl\/#\/schema\/logo\/image\/","url":"https:\/\/saprenovation.com\/wp-content\/uploads\/2024\/04\/xlogo.png.pagespeed.ic_.pCcv2wiNk5.webp","contentUrl":"https:\/\/saprenovation.com\/wp-content\/uploads\/2024\/04\/xlogo.png.pagespeed.ic_.pCcv2wiNk5.webp","width":112,"height":96,"caption":"SAP Renovation"},"image":{"@id":"https:\/\/saprenovation.com\/pl\/#\/schema\/logo\/image\/"},"sameAs":["https:\/\/www.facebook.com\/saprenovation\/"]}]}},"_links":{"self":[{"href":"https:\/\/saprenovation.com\/pl\/wp-json\/wp\/v2\/pages\/69894","targetHints":{"allow":["GET"]}}],"collection":[{"href":"https:\/\/saprenovation.com\/pl\/wp-json\/wp\/v2\/pages"}],"about":[{"href":"https:\/\/saprenovation.com\/pl\/wp-json\/wp\/v2\/types\/page"}],"author":[{"embeddable":true,"href":"https:\/\/saprenovation.com\/pl\/wp-json\/wp\/v2\/users\/6"}],"replies":[{"embeddable":true,"href":"https:\/\/saprenovation.com\/pl\/wp-json\/wp\/v2\/comments?post=69894"}],"version-history":[{"count":8,"href":"https:\/\/saprenovation.com\/pl\/wp-json\/wp\/v2\/pages\/69894\/revisions"}],"predecessor-version":[{"id":69982,"href":"https:\/\/saprenovation.com\/pl\/wp-json\/wp\/v2\/pages\/69894\/revisions\/69982"}],"wp:attachment":[{"href":"https:\/\/saprenovation.com\/pl\/wp-json\/wp\/v2\/media?parent=69894"}],"curies":[{"name":"wp","href":"https:\/\/api.w.org\/{rel}","templated":true}]}}