{"id":68,"date":"2024-04-08T13:51:09","date_gmt":"2024-04-08T11:51:09","guid":{"rendered":"https:\/\/saprenovation.com\/?page_id=68"},"modified":"2025-09-23T12:38:50","modified_gmt":"2025-09-23T10:38:50","slug":"elementy-obudowy","status":"publish","type":"page","link":"https:\/\/saprenovation.com\/pl\/elementy-obudowy\/","title":{"rendered":"Elementy obudowy"},"content":{"rendered":"\n<div class=\"wp-block-group is-layout-constrained wp-block-group-is-layout-constrained\">\n<div class=\"wp-block-columns is-layout-flex wp-container-core-columns-is-layout-28f84493 wp-block-columns-is-layout-flex\">\n<div class=\"wp-block-column is-layout-flow wp-block-column-is-layout-flow\" style=\"flex-basis:65%\">\n<div class=\"wp-block-group box_relative is-layout-constrained wp-block-group-is-layout-constrained has-background\" style=\"min-height:500px;background-image:url(&#039;https:\/\/saprenovation.com\/wp-content\/uploads\/2024\/05\/nut.jpg&#039;);background-size:cover;\">\n<div style=\"background: #fff;width: 200px;position: absolute;right: -2px;top: -1px;clip-path: polygon(95% 0, 100% 0%, 100% 100%, 0% 100%);bottom: -1px;\"><\/div>\n<\/div>\n<\/div>\n\n\n\n<div class=\"wp-block-column is-vertically-aligned-center is-style-default is-layout-flow wp-block-column-is-layout-flow\">\n<h3 class=\"wp-block-heading\" style=\"text-transform: uppercase;\">Nutniki\ndo fortepian\u00f3w<\/h3>\n\n\n\n<p>Oferujemy nutniki w r\u00f3\u017cnorodnym wyko\u0144czeniu i rozmiarze. A\u017curowe oraz pe\u0142ne.<\/p>\n<p><b><a style=\"color: #7f54b3;\" href=\"\/akcesoria-nutniki\/\">Zobacz wszystkie nutniki w naszej ofercie<\/a><\/b><\/p>\n<\/div>\n<\/div>\n<\/div>\n\n\n\n<div class=\"wp-block-group is-layout-constrained wp-block-group-is-layout-constrained\">\n<div class=\"wp-block-columns rab_text_left is-layout-flex wp-container-core-columns-is-layout-28f84493 wp-block-columns-is-layout-flex\">\n<div class=\"wp-block-column is-vertically-aligned-center rab_text_left is-layout-flow wp-block-column-is-layout-flow\" style=\"padding-left:var(--wp--preset--spacing--80)\">\n<h3 class=\"wp-block-heading\" style=\"text-transform: uppercase; margin-left:10px;\">\n  Nogi do fortepian\u00f3w\n<\/h3>\n\n\n\n<p>W naszej ofercie znajduj\u0105 si\u0119 r\u00f3wnie\u017c cz\u0119\u015bci obud\u00f3w, takie jak nogi.<\/p>\n\n<p>Wykonujemy nogi surowe jak i okleinowane lub lakierowane.<\/p>\n\n<p>Rodzaj wyko\u0144czenia dostosowany jest do oczekiwa\u0144 i wymaga\u0144 naszego klienta.<\/p>\n<p><b><a style=\"color: #7f54b3;\" href=\"\/akcesoria\/akcesoria-nogi\/\">Zobacz wszystkie nogi w naszej ofercie<\/a><\/b><\/p>\n<\/div>\n\n\n\n<div class=\"wp-block-column is-layout-flow wp-block-column-is-layout-flow\" style=\"flex-basis:65%\">\n<div class=\"wp-block-group box_relative is-layout-constrained wp-block-group-is-layout-constrained has-background\" style=\"min-height:500px;background-image:url(&#039;https:\/\/saprenovation.com\/wp-content\/uploads\/2024\/08\/c-IMG_8929-copy.jpg&#039;);background-position:50% 0;background-size:cover;\">\n<div style=\"background: #fff;width: 200px;position: absolute;left: -2px;top: -1px;clip-path: polygon(0 0, 95% 0, 0% 100%, 0 100%);bottom: -1px;\"><\/div>\n<\/div>\n<\/div>\n<\/div>\n<\/div>\n\n\n\n<div class=\"wp-block-group is-layout-constrained wp-block-group-is-layout-constrained\">\n<div class=\"wp-block-columns is-layout-flex wp-container-core-columns-is-layout-28f84493 wp-block-columns-is-layout-flex\">\n<div class=\"wp-block-column is-layout-flow wp-block-column-is-layout-flow\" style=\"flex-basis:65%\">\n<div class=\"wp-block-group box_relative is-layout-constrained wp-block-group-is-layout-constrained has-background\" style=\"min-height:500px;background-image:url(&#039;https:\/\/saprenovation.com\/wp-content\/uploads\/2024\/08\/fff-SAP-10480-1-copy.jpg&#039;);background-position:47% 100%;background-size:cover;\">\n<div style=\"background: #fff;width: 200px;position: absolute;right: -2px;top: -1px;clip-path: polygon(95% 0, 100% 0%, 100% 100%, 0% 100%);bottom: -1px;\"><\/div>\n<\/div>\n<\/div>\n\n\n\n<div class=\"wp-block-column is-vertically-aligned-center is-style-default is-layout-flow wp-block-column-is-layout-flow\">\n<h3 class=\"wp-block-heading\" style=\"text-transform: uppercase;\">Liry do fortepian\u00f3w<\/h3>\n\n\n\n<p>Wykonujemy liry w kszta\u0142cie i wyko\u0144czeniu dostosowanym do indywidualnych oczekiwa\u0144 oraz wymaga\u0144 naszego klienta.<\/p>\n<p><b><a style=\"color: #7f54b3;\" href=\"\/akcesoria-liry\/\">Zobacz wszystkie liry w naszej ofercie<\/a><\/b><\/p>\n<\/div>\n<\/div>\n<\/div>\n\n\n\n<div class=\"wp-block-group is-layout-constrained wp-block-group-is-layout-constrained\">\n<div class=\"wp-block-columns rab_text_left is-layout-flex wp-container-core-columns-is-layout-28f84493 wp-block-columns-is-layout-flex\">\n<div class=\"wp-block-column is-vertically-aligned-center rab_text_left is-layout-flow wp-block-column-is-layout-flow\" style=\"padding-left:var(--wp--preset--spacing--80)\">\n<h3 class=\"wp-block-heading\" style=\"text-transform: uppercase; margin-left:10px;\">\n  Lekkie dekle SAP\n<\/h3>\n\n\n\n<p>\nP\u0142yta, z kt\u00f3rej wykonujemy lekkie dekle fortepianowe, powstaje poprzez sklejenie \nnieparzystej liczby fornir\u00f3w egzotycznego drewna OKOUM\u00c9 \n(nazwa botaniczna \u2013 <em>Aucoumea klaineana<\/em> Pierre).\nDrzewo OKOUM\u00c9 to gatunek rosn\u0105cy w tropikalnych lasach Afryki \u015arodkowej.\nDekle wykonane z drewna OKOUM\u00c9 zapewniaj\u0105 wyj\u0105tkow\u0105 lekko\u015b\u0107 i swobod\u0119 u\u017cytkowania instrumentu. \nMa to szczeg\u00f3lne znaczenie w przypadku fortepian\u00f3w koncertowych, \nkt\u00f3rych dekle cz\u0119sto przekraczaj\u0105 wag\u0119 40&nbsp;kg, podczas gdy dekiel z OKOUM\u00c9 \nwa\u017cy jedynie 24&nbsp;kg.\n<\/p>\n<\/div>\n\n\n\n<div class=\"wp-block-column is-layout-constrained wp-block-column-is-layout-constrained\" style=\"flex-basis:65%\">\n<div class=\"wp-block-group box_relative is-layout-constrained wp-block-group-is-layout-constrained has-background\" style=\"min-height:500px;background-image:url(&#039;https:\/\/saprenovation.com\/wp-content\/uploads\/2024\/06\/dekle.png&#039;);background-position:50% 67%;background-size:cover;\">\n<div style=\"background: #fff;width: 200px;position: absolute;left: -2px;top: -1px;clip-path: polygon(0 0, 95% 0, 0% 100%, 0 100%);bottom: -1px;\"><\/div>\n<\/div>\n<\/div>\n<\/div>\n<\/div>\n","protected":false},"excerpt":{"rendered":"<p>Nutniki do fortepian\u00f3w Oferujemy nutniki w r\u00f3\u017cnorodnym wyko\u0144czeniu i rozmiarze. A\u017curowe oraz pe\u0142ne. Zobacz wszystkie nutniki w naszej ofercie Nogi do fortepian\u00f3w W naszej ofercie znajduj\u0105 si\u0119 r\u00f3wnie\u017c cz\u0119\u015bci&#8230;<\/p>\n","protected":false},"author":1,"featured_media":0,"parent":0,"menu_order":0,"comment_status":"closed","ping_status":"closed","template":"page-full-width","meta":{"footnotes":""},"class_list":["post-68","page","type-page","status-publish","hentry"],"yoast_head":"<!-- This site is optimized with the Yoast SEO plugin v26.1.1 - https:\/\/yoast.com\/wordpress\/plugins\/seo\/ -->\n<title>Cz\u0119\u015bci do fortepian\u00f3w i pianin - elementy obudowy<\/title>\n<meta name=\"description\" content=\"Indywidualnie dopasowane elementy obudowy fortepianu. Wykonujemy liry, nogi i nutniki na zam\u00f3wienie, idealnie komponuj\u0105ce si\u0119 z Twoim instrumentem.\" \/>\n<meta name=\"robots\" content=\"index, follow, max-snippet:-1, max-image-preview:large, max-video-preview:-1\" \/>\n<link rel=\"canonical\" href=\"https:\/\/saprenovation.com\/pl\/elementy-obudowy\/\" \/>\n<meta property=\"og:locale\" content=\"pl_PL\" \/>\n<meta property=\"og:type\" content=\"article\" \/>\n<meta property=\"og:title\" content=\"Cz\u0119\u015bci do fortepian\u00f3w i pianin - elementy obudowy\" \/>\n<meta property=\"og:description\" content=\"Indywidualnie dopasowane elementy obudowy fortepianu. Wykonujemy liry, nogi i nutniki na zam\u00f3wienie, idealnie komponuj\u0105ce si\u0119 z Twoim instrumentem.\" \/>\n<meta property=\"og:url\" content=\"https:\/\/saprenovation.com\/pl\/elementy-obudowy\/\" \/>\n<meta property=\"og:site_name\" content=\"SAP Renovation\" \/>\n<meta property=\"article:publisher\" content=\"https:\/\/www.facebook.com\/saprenovation\/\" \/>\n<meta property=\"article:modified_time\" content=\"2025-09-23T10:38:50+00:00\" \/>\n<meta property=\"og:image\" content=\"https:\/\/saprenovation.com\/wp-content\/uploads\/2024\/10\/xlogo.png.pagespeed.ic_.pCcv2wiNk5.webp\" \/>\n\t<meta property=\"og:image:width\" content=\"112\" \/>\n\t<meta property=\"og:image:height\" content=\"96\" \/>\n\t<meta property=\"og:image:type\" content=\"image\/webp\" \/>\n<meta name=\"twitter:card\" content=\"summary_large_image\" \/>\n<meta name=\"twitter:label1\" content=\"Szacowany czas czytania\" \/>\n\t<meta name=\"twitter:data1\" content=\"1 minuta\" \/>\n<script type=\"application\/ld+json\" class=\"yoast-schema-graph\">{\"@context\":\"https:\/\/schema.org\",\"@graph\":[{\"@type\":\"WebPage\",\"@id\":\"https:\/\/saprenovation.com\/pl\/elementy-obudowy\/\",\"url\":\"https:\/\/saprenovation.com\/pl\/elementy-obudowy\/\",\"name\":\"Cz\u0119\u015bci do fortepian\u00f3w i pianin - elementy obudowy\",\"isPartOf\":{\"@id\":\"https:\/\/saprenovation.com\/pl\/#website\"},\"datePublished\":\"2024-04-08T11:51:09+00:00\",\"dateModified\":\"2025-09-23T10:38:50+00:00\",\"description\":\"Indywidualnie dopasowane elementy obudowy fortepianu. Wykonujemy liry, nogi i nutniki na zam\u00f3wienie, idealnie komponuj\u0105ce si\u0119 z Twoim instrumentem.\",\"breadcrumb\":{\"@id\":\"https:\/\/saprenovation.com\/pl\/elementy-obudowy\/#breadcrumb\"},\"inLanguage\":\"pl-PL\",\"potentialAction\":[{\"@type\":\"ReadAction\",\"target\":[\"https:\/\/saprenovation.com\/pl\/elementy-obudowy\/\"]}]},{\"@type\":\"BreadcrumbList\",\"@id\":\"https:\/\/saprenovation.com\/pl\/elementy-obudowy\/#breadcrumb\",\"itemListElement\":[{\"@type\":\"ListItem\",\"position\":1,\"name\":\"SAP Renovation\",\"item\":\"https:\/\/saprenovation.com\/pl\/\"},{\"@type\":\"ListItem\",\"position\":2,\"name\":\"Elementy obudowy\"}]},{\"@type\":\"WebSite\",\"@id\":\"https:\/\/saprenovation.com\/pl\/#website\",\"url\":\"https:\/\/saprenovation.com\/pl\/\",\"name\":\"SAP Renovation\",\"description\":\"The finest European piano restoration\",\"publisher\":{\"@id\":\"https:\/\/saprenovation.com\/pl\/#organization\"},\"potentialAction\":[{\"@type\":\"SearchAction\",\"target\":{\"@type\":\"EntryPoint\",\"urlTemplate\":\"https:\/\/saprenovation.com\/pl\/?s={search_term_string}\"},\"query-input\":{\"@type\":\"PropertyValueSpecification\",\"valueRequired\":true,\"valueName\":\"search_term_string\"}}],\"inLanguage\":\"pl-PL\"},{\"@type\":\"Organization\",\"@id\":\"https:\/\/saprenovation.com\/pl\/#organization\",\"name\":\"SAP Renovation\",\"url\":\"https:\/\/saprenovation.com\/pl\/\",\"logo\":{\"@type\":\"ImageObject\",\"inLanguage\":\"pl-PL\",\"@id\":\"https:\/\/saprenovation.com\/pl\/#\/schema\/logo\/image\/\",\"url\":\"https:\/\/saprenovation.com\/wp-content\/uploads\/2024\/04\/xlogo.png.pagespeed.ic_.pCcv2wiNk5.webp\",\"contentUrl\":\"https:\/\/saprenovation.com\/wp-content\/uploads\/2024\/04\/xlogo.png.pagespeed.ic_.pCcv2wiNk5.webp\",\"width\":112,\"height\":96,\"caption\":\"SAP Renovation\"},\"image\":{\"@id\":\"https:\/\/saprenovation.com\/pl\/#\/schema\/logo\/image\/\"},\"sameAs\":[\"https:\/\/www.facebook.com\/saprenovation\/\"]}]}<\/script>\n<!-- \/ Yoast SEO plugin. -->","yoast_head_json":{"title":"Cz\u0119\u015bci do fortepian\u00f3w i pianin - elementy obudowy","description":"Indywidualnie dopasowane elementy obudowy fortepianu. Wykonujemy liry, nogi i nutniki na zam\u00f3wienie, idealnie komponuj\u0105ce si\u0119 z Twoim instrumentem.","robots":{"index":"index","follow":"follow","max-snippet":"max-snippet:-1","max-image-preview":"max-image-preview:large","max-video-preview":"max-video-preview:-1"},"canonical":"https:\/\/saprenovation.com\/pl\/elementy-obudowy\/","og_locale":"pl_PL","og_type":"article","og_title":"Cz\u0119\u015bci do fortepian\u00f3w i pianin - elementy obudowy","og_description":"Indywidualnie dopasowane elementy obudowy fortepianu. Wykonujemy liry, nogi i nutniki na zam\u00f3wienie, idealnie komponuj\u0105ce si\u0119 z Twoim instrumentem.","og_url":"https:\/\/saprenovation.com\/pl\/elementy-obudowy\/","og_site_name":"SAP Renovation","article_publisher":"https:\/\/www.facebook.com\/saprenovation\/","article_modified_time":"2025-09-23T10:38:50+00:00","og_image":[{"width":112,"height":96,"url":"https:\/\/saprenovation.com\/wp-content\/uploads\/2024\/10\/xlogo.png.pagespeed.ic_.pCcv2wiNk5.webp","type":"image\/webp"}],"twitter_card":"summary_large_image","twitter_misc":{"Szacowany czas czytania":"1 minuta"},"schema":{"@context":"https:\/\/schema.org","@graph":[{"@type":"WebPage","@id":"https:\/\/saprenovation.com\/pl\/elementy-obudowy\/","url":"https:\/\/saprenovation.com\/pl\/elementy-obudowy\/","name":"Cz\u0119\u015bci do fortepian\u00f3w i pianin - elementy obudowy","isPartOf":{"@id":"https:\/\/saprenovation.com\/pl\/#website"},"datePublished":"2024-04-08T11:51:09+00:00","dateModified":"2025-09-23T10:38:50+00:00","description":"Indywidualnie dopasowane elementy obudowy fortepianu. Wykonujemy liry, nogi i nutniki na zam\u00f3wienie, idealnie komponuj\u0105ce si\u0119 z Twoim instrumentem.","breadcrumb":{"@id":"https:\/\/saprenovation.com\/pl\/elementy-obudowy\/#breadcrumb"},"inLanguage":"pl-PL","potentialAction":[{"@type":"ReadAction","target":["https:\/\/saprenovation.com\/pl\/elementy-obudowy\/"]}]},{"@type":"BreadcrumbList","@id":"https:\/\/saprenovation.com\/pl\/elementy-obudowy\/#breadcrumb","itemListElement":[{"@type":"ListItem","position":1,"name":"SAP Renovation","item":"https:\/\/saprenovation.com\/pl\/"},{"@type":"ListItem","position":2,"name":"Elementy obudowy"}]},{"@type":"WebSite","@id":"https:\/\/saprenovation.com\/pl\/#website","url":"https:\/\/saprenovation.com\/pl\/","name":"SAP Renovation","description":"The finest European piano restoration","publisher":{"@id":"https:\/\/saprenovation.com\/pl\/#organization"},"potentialAction":[{"@type":"SearchAction","target":{"@type":"EntryPoint","urlTemplate":"https:\/\/saprenovation.com\/pl\/?s={search_term_string}"},"query-input":{"@type":"PropertyValueSpecification","valueRequired":true,"valueName":"search_term_string"}}],"inLanguage":"pl-PL"},{"@type":"Organization","@id":"https:\/\/saprenovation.com\/pl\/#organization","name":"SAP Renovation","url":"https:\/\/saprenovation.com\/pl\/","logo":{"@type":"ImageObject","inLanguage":"pl-PL","@id":"https:\/\/saprenovation.com\/pl\/#\/schema\/logo\/image\/","url":"https:\/\/saprenovation.com\/wp-content\/uploads\/2024\/04\/xlogo.png.pagespeed.ic_.pCcv2wiNk5.webp","contentUrl":"https:\/\/saprenovation.com\/wp-content\/uploads\/2024\/04\/xlogo.png.pagespeed.ic_.pCcv2wiNk5.webp","width":112,"height":96,"caption":"SAP Renovation"},"image":{"@id":"https:\/\/saprenovation.com\/pl\/#\/schema\/logo\/image\/"},"sameAs":["https:\/\/www.facebook.com\/saprenovation\/"]}]}},"_links":{"self":[{"href":"https:\/\/saprenovation.com\/pl\/wp-json\/wp\/v2\/pages\/68","targetHints":{"allow":["GET"]}}],"collection":[{"href":"https:\/\/saprenovation.com\/pl\/wp-json\/wp\/v2\/pages"}],"about":[{"href":"https:\/\/saprenovation.com\/pl\/wp-json\/wp\/v2\/types\/page"}],"author":[{"embeddable":true,"href":"https:\/\/saprenovation.com\/pl\/wp-json\/wp\/v2\/users\/1"}],"replies":[{"embeddable":true,"href":"https:\/\/saprenovation.com\/pl\/wp-json\/wp\/v2\/comments?post=68"}],"version-history":[{"count":41,"href":"https:\/\/saprenovation.com\/pl\/wp-json\/wp\/v2\/pages\/68\/revisions"}],"predecessor-version":[{"id":69656,"href":"https:\/\/saprenovation.com\/pl\/wp-json\/wp\/v2\/pages\/68\/revisions\/69656"}],"wp:attachment":[{"href":"https:\/\/saprenovation.com\/pl\/wp-json\/wp\/v2\/media?parent=68"}],"curies":[{"name":"wp","href":"https:\/\/api.w.org\/{rel}","templated":true}]}}