{"id":66,"date":"2024-04-08T13:50:50","date_gmt":"2024-04-08T11:50:50","guid":{"rendered":"https:\/\/saprenovation.com\/?page_id=66"},"modified":"2025-10-08T17:56:44","modified_gmt":"2025-10-08T15:56:44","slug":"akcesoria","status":"publish","type":"page","link":"https:\/\/saprenovation.com\/pl\/akcesoria\/","title":{"rendered":"Akcesoria"},"content":{"rendered":"\n<div class=\"wp-block-group is-layout-constrained wp-block-group-is-layout-constrained\">\n<div class=\"wp-block-columns is-layout-flex wp-container-core-columns-is-layout-28f84493 wp-block-columns-is-layout-flex\">\n<div class=\"wp-block-column box_relative is-layout-constrained wp-block-column-is-layout-constrained\" style=\"flex-basis:65%\">\n<div style=\"background-image:url(&#039;https:\/\/saprenovation.com\/wp-content\/uploads\/2024\/08\/a6.jpg&#039;);background-position:50% 0;background-size:cover;\" class=\"wp-block-group box_relative is-layout-constrained wp-block-group-is-layout-constrained has-background\">\n<div style=\"background: #fff;width: 200px;position: absolute;right: -2px;top: -1px;clip-path: polygon(95% 0, 100% 0%, 100% 100%, 0% 100%);bottom: -1px;\"><\/div>\n<\/div>\n<\/div>\n\n\n\n<div class=\"wp-block-column is-vertically-aligned-center is-style-default is-layout-flow wp-block-column-is-layout-flow\">\n<h3 class=\"wp-block-heading\" style=\"text-transform: uppercase;\">Album zdj\u0119\u0107<\/h3>\n\n\n\n<p >Przedstaw histori\u0119 renowacji swojego instrumentu  utrwalaj\u0105c j\u0105 w nowoczesnej, trwa\u0142ej oraz niepowtarzalnej formie i oprawie.<\/p>\n\n<p>Zdj\u0119cia instrumentu posiadaj\u0105 wyj\u0105tkow\u0105 i spersonalizowan\u0105 szat\u0119 graficzn\u0105.<\/p>\n\n<p>Album wydrukowany jest w technologii cyfrowej o niezwykle wysokiej jako\u015bci obrazu. Karty wykonano ze specjalnego tworzywa nie faluj\u0105cego, a u\u017cyte technologie \u0142\u0105cz\u0105ce zapewniaj\u0105 solidno\u015b\u0107 wykonania.\nO wielko\u015bci albumu oraz materiale, kt\u00f3rym oprawiony zostanie album decyduje klient. Oferujemy opraw\u0119 w rozmiarach: 20x20cm lub 30\u00d730 cm. Materia\u0142em s\u0142u\u017c\u0105cym do oprawy mo\u017ce by\u0107 sztuczna lub prawdziwa sk\u00f3ra.<\/p>\n<\/div>\n<\/div>\n<\/div>\n\n\n\n<div class=\"wp-block-group is-layout-constrained wp-block-group-is-layout-constrained\">\n<div class=\"wp-block-columns rab_text_left is-layout-flex wp-container-core-columns-is-layout-28f84493 wp-block-columns-is-layout-flex\">\n<div class=\"wp-block-column is-vertically-aligned-center rab_text_left is-layout-flow wp-block-column-is-layout-flow\" style=\"padding-left:var(--wp--preset--spacing--80)\">\n<h3 class=\"wp-block-heading\" style=\"text-transform: uppercase; margin-left:10px;\">\n  Piano Disc\n<\/h3>\n\n\n\n<p>Ju\u017c wkr\u00f3tce oferta zostanie przedstawiona na naszej stronie www.<\/p>\n<\/div>\n\n\n\n<div class=\"wp-block-column is-layout-flow wp-block-column-is-layout-flow\" style=\"flex-basis:65%\">\n<div style=\"background-image:url(&#039;https:\/\/saprenovation.com\/wp-content\/uploads\/2024\/08\/pd1.jpg&#039;);background-position:50% 0;background-size:cover;\" class=\"wp-block-group box_relative is-layout-constrained wp-block-group-is-layout-constrained has-background\">\n<div style=\"background: #fff;width: 200px;position: absolute;left: -2px;top: -1px;clip-path: polygon(0 0, 95% 0, 0% 100%, 0 100%);bottom: -1px;\"><\/div>\n<\/div>\n<\/div>\n<\/div>\n<\/div>\n\n\n\n<div class=\"wp-block-group is-layout-constrained wp-block-group-is-layout-constrained\">\n<div class=\"wp-block-columns is-layout-flex wp-container-core-columns-is-layout-28f84493 wp-block-columns-is-layout-flex\">\n<div class=\"wp-block-column is-layout-flow wp-block-column-is-layout-flow\" style=\"flex-basis:65%\">\n<div style=\"background-image:url(&#039;https:\/\/saprenovation.com\/wp-content\/uploads\/2024\/08\/5ff-_MG_7002-copy-scaled.jpg&#039;);background-position:50% 0;background-size:cover;\" class=\"wp-block-group box_relative is-layout-constrained wp-block-group-is-layout-constrained has-background\">\n<div style=\"background: #fff;width: 200px;position: absolute;right: -2px;top: -1px;clip-path: polygon(95% 0, 100% 0%, 100% 100%, 0% 100%);bottom: -1px;\"><\/div>\n<\/div>\n<\/div>\n\n\n\n<div class=\"wp-block-column is-vertically-aligned-center is-style-default is-layout-flow wp-block-column-is-layout-flow\">\n<h3 class=\"wp-block-heading\" style=\"text-transform: uppercase;\">Silent System<\/h3>\n\n\n\n<p >Mamy przyjemno\u015b\u0107 przedstawi\u0107 Pa\u0144stwu pianino akustyczne Arion, po kompletnej renowacji w naszej firmie.<\/p>\n\n<p>Do pianina zamontowali\u015bmy system silent marki Bolan.\nJest to urz\u0105dzenie pozwalaj\u0105ce zamieni\u0107 klasyczny, akustyczny instrument w nowoczesny system elektroniczny, daj\u0105cy mo\u017cliwo\u015b\u0107 wyboru wielu barw d\u017awi\u0119ku, od perkusji, poprzez pianino, na gitarze sko\u0144czywszy.<\/p>\n<\/div>\n<\/div>\n<\/div>\n\n\n\n<div class=\"wp-block-group is-layout-constrained wp-block-group-is-layout-constrained\">\n<div class=\"wp-block-columns rab_text_left is-layout-flex wp-container-core-columns-is-layout-28f84493 wp-block-columns-is-layout-flex\">\n<div class=\"wp-block-column is-vertically-aligned-center rab_text_left is-layout-flow wp-block-column-is-layout-flow\" style=\"padding-left:var(--wp--preset--spacing--80)\">\n<h3 class=\"wp-block-heading\" style=\"text-transform: uppercase;\nmargin-left:10px;\">Rolki transportowe \u2013 model \u201ePAJ\u0104K\u201d<\/h3>\n\n\n\n<p>Zadbaj o rolki swojego instrumentu podczas transportu.\n<p>Opr\u00f3cz ochrony mosi\u0119\u017cnych lub stalowych rolek instrumentu, element ten chroni r\u00f3wnie\u017c pod\u0142o\u017ce, po kt\u00f3rym przemieszczany jest instrument.<\/p>\n\n<p>\nSpecyfikacja produktu:\n<ul>\n<li>Wy\u0142o\u017cone mi\u0119kkim filcem<\/li>\n<li>K\u00f3\u0142ka wykonane z poliuretanuFortepian stoj\u0105cy na rolkach zwi\u0119ksza swoj\u0105 wysoko\u015b\u0107 o 1,5 \u2013 2 cm<\/li>\n<li>Kolor: czarny<\/li>\n<li>W komplecie 3 rolki<\/li>\n<li>Ud\u017awig: 300 kg \/ szt.<\/li>\n<\/ul>\n<\/p>\n<\/div>\n\n\n\n<div class=\"wp-block-column is-layout-flow wp-block-column-is-layout-flow\" style=\"flex-basis:65%\">\n<div style=\"background-image:url(&#039;https:\/\/saprenovation.com\/wp-content\/uploads\/2024\/08\/r2.jpg&#039;);background-position:50% 0;background-size:cover;\" class=\"wp-block-group box_relative is-layout-constrained wp-block-group-is-layout-constrained has-background\">\n<div style=\"background: #fff;width: 200px;position: absolute;left: -2px;top: -1px;clip-path: polygon(0 0, 95% 0, 0% 100%, 0 100%);bottom: -1px;\"><\/div>\n<\/div>\n<\/div>\n<\/div>\n<\/div>\n\n\n\n<div class=\"wp-block-group is-layout-constrained wp-block-group-is-layout-constrained\">\n<div class=\"wp-block-columns is-layout-flex wp-container-core-columns-is-layout-28f84493 wp-block-columns-is-layout-flex\">\n<div class=\"wp-block-column is-layout-flow wp-block-column-is-layout-flow\" style=\"flex-basis:65%\">\n<div style=\"background-image:url(&#039;https:\/\/saprenovation.com\/wp-content\/uploads\/2024\/08\/4f-_MG_4993-copy-scaled.jpg&#039;);background-position:42% 49%;background-size:cover;\" class=\"wp-block-group box_relative is-layout-constrained wp-block-group-is-layout-constrained has-background\">\n<div style=\"background: #fff;width: 200px;position: absolute;right: -2px;top: -1px;clip-path: polygon(95% 0, 100% 0%, 100% 100%, 0% 100%);bottom: -1px;\"><\/div>\n<\/div>\n<\/div>\n\n\n\n<div class=\"wp-block-column is-vertically-aligned-center is-style-default is-layout-flow wp-block-column-is-layout-flow\">\n<h3 class=\"wp-block-heading\" style=\"text-transform: uppercase;\">Systemy Wilgotno\u015bciowe<\/h3>\n\n\n\n<p><b>Zadbaj o stabilno\u015b\u0107 stroju i \u017cywotno\u015b\u0107 drewnianych komponent\u00f3w Twojego fortepianu. Nie nara\u017caj go na niepotrzebn\u0105 wilgo\u0107!<\/b><\/p>\n\n<p>System regulacji wilgotno\u015bci jest niezb\u0119dnym elementem ochrony instrumentu, kt\u00f3ry sprawdzi si\u0119 idealnie jako zabezpieczenie przed niechcianymi efektami podwy\u017cszonego poziomu wilgoci w pomieszczeniu, w kt\u00f3rym znajduje si\u0119 instrument.<\/p>\n<\/div>\n<\/div>\n<\/div>\n\n\n\n<div class=\"wp-block-group is-layout-constrained wp-block-group-is-layout-constrained\">\n<div class=\"wp-block-columns rab_text_left is-layout-flex wp-container-core-columns-is-layout-28f84493 wp-block-columns-is-layout-flex\">\n<div class=\"wp-block-column is-vertically-aligned-center rab_text_left is-layout-flow wp-block-column-is-layout-flow\" style=\"padding-left:var(--wp--preset--spacing--80)\">\n<h3 class=\"wp-block-heading\" style=\"text-transform: uppercase;\nmargin-left:10px;\">Podk\u0142adki pod rolki fortepianu<\/h3>\n\n\n\n<p>Podk\u0142adki pod rolki s\u0105 r\u0119cznie toczone, wykonane z jesionu, podklejone drewnem korkowym. Standardowo podk\u0142adki s\u0105 w czarnym kolorze, ale istnieje mo\u017cliwo\u015b\u0107 wykonania podk\u0142adek pasuj\u0105cych do barwy instrumentu lub pod\u0142ogi. G\u00f3rna cz\u0119\u015b\u0107 i obrze\u017ce barwione s\u0105 przy pomocy bejcy. 2mm warstwa korku na cz\u0119\u015bci spodniej eliminuje po\u015blizg na powierzchni pod\u0142ogi.<\/p>\n\n<p>Nasze podk\u0142adki skutecznie zabezpieczaj\u0105 pod\u0142og\u0119  oraz rolki instrumentu przed uszkodzeniami i zarysowaniami.<\/p>\n<p>\n<ul>\n<li>\u015arednica zewn\u0119trzna: 143 mm<\/li>\n<li>\u015arednica wewn\u0119trzna: 75 mm (max. szeroko\u015b\u0107 rolki fortepianu: 65 mm.)<\/li>\n<\/ul>\n<\/p>\n<\/div>\n\n\n\n<div class=\"wp-block-column is-layout-flow wp-block-column-is-layout-flow\" style=\"flex-basis:65%\">\n<div style=\"background-image:url(&#039;https:\/\/saprenovation.com\/wp-content\/uploads\/2024\/08\/3-1.jpg&#039;);background-position:50% 0;background-size:cover;\" class=\"wp-block-group box_relative is-layout-constrained wp-block-group-is-layout-constrained has-background\">\n<div style=\"background: #fff;width: 200px;position: absolute;left: -2px;top: -1px;clip-path: polygon(0 0, 95% 0, 0% 100%, 0 100%);bottom: -1px;\"><\/div>\n<\/div>\n<\/div>\n<\/div>\n<\/div>\n\n\n\n<div class=\"wp-block-group is-layout-constrained wp-block-group-is-layout-constrained\">\n<div class=\"wp-block-columns is-layout-flex wp-container-core-columns-is-layout-28f84493 wp-block-columns-is-layout-flex\">\n<div class=\"wp-block-column is-layout-flow wp-block-column-is-layout-flow\" style=\"flex-basis:65%\">\n<div style=\"background-image:url(&#039;https:\/\/saprenovation.com\/wp-content\/uploads\/2024\/08\/hamulecdekla.jpg&#039;);background-position:42% 49%;background-size:cover;\" class=\"wp-block-group box_relative is-layout-constrained wp-block-group-is-layout-constrained has-background\">\n<div style=\"background: #fff;width: 200px;position: absolute;right: -2px;top: -1px;clip-path: polygon(95% 0, 100% 0%, 100% 100%, 0% 100%);bottom: -1px;\"><\/div>\n<\/div>\n<\/div>\n\n\n\n<div class=\"wp-block-column is-vertically-aligned-center is-style-default is-layout-flow wp-block-column-is-layout-flow\">\n<h3 class=\"wp-block-heading\" style=\"text-transform: uppercase;\">Hamulec dekla fortepianowego \u2013 typ niemiecki\n<\/h3>\n\n\n\n<p>Przedstawiamy wspania\u0142e rozwi\u0105zanie problemu ci\u0119\u017ckich dekli fortepianowych: hamulec dekla fortepianowego \u2013 typ niemiecki, kt\u00f3ry mog\u0105 Pa\u0144stwo wykorzysta\u0107 w praktycznie ka\u017cdym fortepianie.<\/p>\n\n<p>Ogromn\u0105 zalet\u0105 przedstawianego hamulca dekla jest fakt, i\u017c jego instalacja nie wymaga wiercenia \u017cadnych otwor\u00f3w lub ingerencji w instrument co pozwala na monta\u017c lub demonta\u017c urz\u0105dzenia w kilka minut bez pomocy fachowca a zastosowanie specjalnej rolki na ramieniu hamulca zapobiega uszkodzeniu powierzchni dekla. Dodatkowo, si\u0142\u0119 oporu hamulca mo\u017cna dowolnie wyregulowa\u0107 u\u0142atwiaj\u0105c podniesienie i opuszczanie dekli a\u017c do momentu, w kt\u00f3rym hamulec b\u0119dzie pe\u0142ni\u0142 funkcj\u0119 podp\u00f3rki dekla.<\/p>\n<\/div>\n<\/div>\n<\/div>\n\n\n\n<div class=\"wp-block-group is-layout-constrained wp-block-group-is-layout-constrained\">\n<div class=\"wp-block-columns rab_text_left is-layout-flex wp-container-core-columns-is-layout-28f84493 wp-block-columns-is-layout-flex\">\n<div class=\"wp-block-column is-vertically-aligned-center rab_text_left is-layout-flow wp-block-column-is-layout-flow\" style=\"padding-left:var(--wp--preset--spacing--80)\">\n<h3 class=\"wp-block-heading\" style=\"text-transform: uppercase;\nmargin-left:10px;\">Pokrowce<\/h3>\n\n\n\n<p>Pokrowce SAP Renovation s\u0105 produktem unikalnym, gdy\u017c szyte s\u0105 indywidualnie dla ka\u017cdego instrumentu. R\u0119cznie wykonany pokrowiec z dok\u0142adnym uwzgl\u0119dnieniem wymiar\u00f3w instrumentu idealnie le\u017cy na fortepianie, nie tylko prezentuj\u0105c si\u0119 \u0142adnie i estetycznie lecz, co wa\u017cniejsze, spe\u0142niaj\u0105c swoj\u0105 g\u0142\u00f3wn\u0105 funkcj\u0119 ochrony powierzchni instrumentu przed kurzem, zarysowaniami i naturalnymi czynnikami zewn\u0119trznymi jak chocia\u017cby promienie s\u0142oneczne.<\/p>\n\n<p>Pokrowiec wykonany jest ze sztucznej sk\u00f3ry. Z wewn\u0119trznej strony, pokrowiec wyszyty jest delikatn\u0105 flanel\u0105, kt\u00f3ra chroni powierzchni\u0119 fortepianu przed powstawaniem zarysowa\u0144.<\/p>\n\n<p><b>W naszej ofercie znajd\u0105 Pa\u0144stwo a\u017c 22 warianty kolorystyczne!<\/b><\/p>\n<\/div>\n\n\n\n<div class=\"wp-block-column is-layout-flow wp-block-column-is-layout-flow\" style=\"flex-basis:65%\">\n<div style=\"background-image:url(&#039;https:\/\/saprenovation.com\/wp-content\/uploads\/2024\/08\/p.jpg&#039;);background-position:50% 0;background-size:cover;\" class=\"wp-block-group box_relative is-layout-constrained wp-block-group-is-layout-constrained has-background\">\n<div style=\"background: #fff;width: 200px;position: absolute;left: -2px;top: -1px;clip-path: polygon(0 0, 95% 0, 0% 100%, 0 100%);bottom: -1px;\"><\/div>\n<\/div>\n<\/div>\n<\/div>\n<\/div>\n\n\n\n<div class=\"wp-block-group is-layout-constrained wp-block-group-is-layout-constrained\">\n<div class=\"wp-block-columns is-layout-flex wp-container-core-columns-is-layout-28f84493 wp-block-columns-is-layout-flex\">\n<div class=\"wp-block-column is-layout-flow wp-block-column-is-layout-flow\" style=\"flex-basis:65%\">\n<div style=\"background-image:url(&#039;https:\/\/saprenovation.com\/wp-content\/uploads\/2024\/08\/l5.jpg&#039;);background-position:50% 50%;background-repeat:no-repeat;background-size:contain;\" class=\"wp-block-group box_relative is-layout-constrained wp-block-group-is-layout-constrained has-background\">\n<div style=\"background: #fff;width: 200px;position: absolute;right: -2px;top: -1px;clip-path: polygon(95% 0, 100% 0%, 100% 100%, 0% 100%);bottom: -1px;\"><\/div>\n<\/div>\n<\/div>\n\n\n\n<div class=\"wp-block-column is-vertically-aligned-center is-style-default is-layout-flow wp-block-column-is-layout-flow\">\n<h3 class=\"wp-block-heading\" style=\"text-transform: uppercase;\">\u0141awki<\/h3>\n\n\n\n<p>Renowacja obudowy to najlepszy moment aby zdecydowa\u0107 si\u0119 na zakup \u0142awki, kt\u00f3ra b\u0119dzie idealnie pasowa\u0107 do remontowanego instrumentu.<\/p>\n\n<p>W\u015br\u00f3d naszych \u0142awek znajduj\u0105 si\u0119 modele z siedziskiem sta\u0142ym jak i regulowanym, ten drugi typ \u015bwietnie sprawdzi si\u0119 w sytuacjach kiedy instrument u\u017cytkowany jest przez wiele os\u00f3b o r\u00f3\u017cnym wzro\u015bcie. Wszystkie \u0142awki wykonane s\u0105 z najwy\u017cszej jako\u015bci materia\u0142\u00f3w a decyduj\u0105c si\u0119 na zakup naszego produktu maj\u0105 Pa\u0144stwo mo\u017cliwo\u015b\u0107 wyboru materia\u0142u, kt\u00f3rym obite zostanie siedzisko oraz odpowiedni rodzaj wyko\u0144czenia element\u00f3w drewnianych \u0142awki.<\/p>\n\n<p>\n<ul>\n    <li>Rodzaj siedziska do wyboru: regulowane lub sta\u0142e.<\/li>\n    <li>Materia\u0142, z kt\u00f3rego obite zostanie siedzisko: welur lub sk\u00f3ra.<\/li>\n    <li>Rodzaj wyko\u0144czenia element\u00f3w drewnianych: dopasowany do wyko\u0144czenia obudowy instrumentu lub mebli.<\/li>\n<\/ul>\n<\/p>\n<\/div>\n<\/div>\n<\/div>\n\n\n\n<div class=\"wp-block-group is-layout-constrained wp-block-group-is-layout-constrained\">\n<div class=\"wp-block-columns rab_text_left is-layout-flex wp-container-core-columns-is-layout-28f84493 wp-block-columns-is-layout-flex\">\n<div class=\"wp-block-column is-vertically-aligned-center rab_text_left is-layout-flow wp-block-column-is-layout-flow\" style=\"padding-left:var(--wp--preset--spacing--80)\">\n<h3 class=\"wp-block-heading\" style=\"text-transform: uppercase;\nmargin-left:10px;\n\">Skrzynie transportowe<\/h3>\n\n\n\n<p>Mamy przyjemno\u015b\u0107 przedstawi\u0107 seri\u0119 skrzy\u0144 transportowych, kt\u00f3re s\u0105 ju\u017c dost\u0119pne w sprzeda\u017cy.<\/p>\n\n<p>Opr\u00f3cz profesjonalnego wykonania i estetycznego wygl\u0105du skrzynie \u015bwietnie spe\u0142niaj\u0105 g\u0142\u00f3wne zadanie jakim jest ochrona zawarto\u015bci przed uszkodzeniami.<\/p>\n\n<p>Znajdziecie Pa\u0144stwo tutaj skrzynie pocz\u0105wszy od tych przeznaczonych do narz\u0119dzi stroicielskich sko\u0144czywszy na skrzyniach do transportu ca\u0142ego pianina czy fortepianu.<\/p>\n\n<p><b>Zadbaj o sw\u00f3j fortepian lub pianino w trakcie transportu!<\/b><\/p>\n<\/div>\n\n\n\n<div class=\"wp-block-column is-layout-flow wp-block-column-is-layout-flow\" style=\"flex-basis:65%\">\n<div style=\"background-image:url(&#039;https:\/\/saprenovation.com\/wp-content\/uploads\/2024\/08\/sk.jpg&#039;);background-position:50% 0;background-size:cover;\" class=\"wp-block-group box_relative is-layout-constrained wp-block-group-is-layout-constrained has-background\">\n<div style=\"background: #fff;width: 200px;position: absolute;left: -2px;top: -1px;clip-path: polygon(0 0, 95% 0, 0% 100%, 0 100%);bottom: -1px;\"><\/div>\n<\/div>\n<\/div>\n<\/div>\n<\/div>\n\n\n\n<div class=\"wp-block-group is-layout-constrained wp-block-group-is-layout-constrained\"><\/div>\n","protected":false},"excerpt":{"rendered":"<p>Album zdj\u0119\u0107 Przedstaw histori\u0119 renowacji swojego instrumentu utrwalaj\u0105c j\u0105 w nowoczesnej, trwa\u0142ej oraz niepowtarzalnej formie i oprawie. Zdj\u0119cia instrumentu posiadaj\u0105 wyj\u0105tkow\u0105 i spersonalizowan\u0105 szat\u0119 graficzn\u0105. Album wydrukowany jest w&#8230;<\/p>\n","protected":false},"author":1,"featured_media":0,"parent":0,"menu_order":0,"comment_status":"closed","ping_status":"closed","template":"page-full-width","meta":{"footnotes":""},"class_list":["post-66","page","type-page","status-publish","hentry"],"yoast_head":"<!-- This site is optimized with the Yoast SEO plugin v26.1.1 - https:\/\/yoast.com\/wordpress\/plugins\/seo\/ -->\n<title>Akcesoria do fortepian\u00f3w - pokrowce, \u0142awki, rolki transportowe<\/title>\n<meta name=\"description\" content=\"R\u0119czne wykonanie, najlepsze materia\u0142y. Oferujemy akcesoria do pianin: pokrowce, \u0142awki, systemy wilgotno\u015bciowe i wiele wi\u0119cej!\" \/>\n<meta name=\"robots\" content=\"index, follow, max-snippet:-1, max-image-preview:large, max-video-preview:-1\" \/>\n<link rel=\"canonical\" href=\"https:\/\/saprenovation.com\/pl\/akcesoria\/\" \/>\n<meta property=\"og:locale\" content=\"pl_PL\" \/>\n<meta property=\"og:type\" content=\"article\" \/>\n<meta property=\"og:title\" content=\"Akcesoria do fortepian\u00f3w - pokrowce, \u0142awki, rolki transportowe\" \/>\n<meta property=\"og:description\" content=\"R\u0119czne wykonanie, najlepsze materia\u0142y. Oferujemy akcesoria do pianin: pokrowce, \u0142awki, systemy wilgotno\u015bciowe i wiele wi\u0119cej!\" \/>\n<meta property=\"og:url\" content=\"https:\/\/saprenovation.com\/pl\/akcesoria\/\" \/>\n<meta property=\"og:site_name\" content=\"SAP Renovation\" \/>\n<meta property=\"article:publisher\" content=\"https:\/\/www.facebook.com\/saprenovation\/\" \/>\n<meta property=\"article:modified_time\" content=\"2025-10-08T15:56:44+00:00\" \/>\n<meta property=\"og:image\" content=\"https:\/\/saprenovation.com\/wp-content\/uploads\/2024\/10\/xlogo.png.pagespeed.ic_.pCcv2wiNk5.webp\" \/>\n\t<meta property=\"og:image:width\" content=\"112\" \/>\n\t<meta property=\"og:image:height\" content=\"96\" \/>\n\t<meta property=\"og:image:type\" content=\"image\/webp\" \/>\n<meta name=\"twitter:card\" content=\"summary_large_image\" \/>\n<meta name=\"twitter:label1\" content=\"Szacowany czas czytania\" \/>\n\t<meta name=\"twitter:data1\" content=\"4 minuty\" \/>\n<script type=\"application\/ld+json\" class=\"yoast-schema-graph\">{\"@context\":\"https:\/\/schema.org\",\"@graph\":[{\"@type\":\"WebPage\",\"@id\":\"https:\/\/saprenovation.com\/pl\/akcesoria\/\",\"url\":\"https:\/\/saprenovation.com\/pl\/akcesoria\/\",\"name\":\"Akcesoria do fortepian\u00f3w - pokrowce, \u0142awki, rolki transportowe\",\"isPartOf\":{\"@id\":\"https:\/\/saprenovation.com\/pl\/#website\"},\"datePublished\":\"2024-04-08T11:50:50+00:00\",\"dateModified\":\"2025-10-08T15:56:44+00:00\",\"description\":\"R\u0119czne wykonanie, najlepsze materia\u0142y. Oferujemy akcesoria do pianin: pokrowce, \u0142awki, systemy wilgotno\u015bciowe i wiele wi\u0119cej!\",\"breadcrumb\":{\"@id\":\"https:\/\/saprenovation.com\/pl\/akcesoria\/#breadcrumb\"},\"inLanguage\":\"pl-PL\",\"potentialAction\":[{\"@type\":\"ReadAction\",\"target\":[\"https:\/\/saprenovation.com\/pl\/akcesoria\/\"]}]},{\"@type\":\"BreadcrumbList\",\"@id\":\"https:\/\/saprenovation.com\/pl\/akcesoria\/#breadcrumb\",\"itemListElement\":[{\"@type\":\"ListItem\",\"position\":1,\"name\":\"SAP Renovation\",\"item\":\"https:\/\/saprenovation.com\/pl\/\"},{\"@type\":\"ListItem\",\"position\":2,\"name\":\"Akcesoria\"}]},{\"@type\":\"WebSite\",\"@id\":\"https:\/\/saprenovation.com\/pl\/#website\",\"url\":\"https:\/\/saprenovation.com\/pl\/\",\"name\":\"SAP Renovation\",\"description\":\"The finest European piano restoration\",\"publisher\":{\"@id\":\"https:\/\/saprenovation.com\/pl\/#organization\"},\"potentialAction\":[{\"@type\":\"SearchAction\",\"target\":{\"@type\":\"EntryPoint\",\"urlTemplate\":\"https:\/\/saprenovation.com\/pl\/?s={search_term_string}\"},\"query-input\":{\"@type\":\"PropertyValueSpecification\",\"valueRequired\":true,\"valueName\":\"search_term_string\"}}],\"inLanguage\":\"pl-PL\"},{\"@type\":\"Organization\",\"@id\":\"https:\/\/saprenovation.com\/pl\/#organization\",\"name\":\"SAP Renovation\",\"url\":\"https:\/\/saprenovation.com\/pl\/\",\"logo\":{\"@type\":\"ImageObject\",\"inLanguage\":\"pl-PL\",\"@id\":\"https:\/\/saprenovation.com\/pl\/#\/schema\/logo\/image\/\",\"url\":\"https:\/\/saprenovation.com\/wp-content\/uploads\/2024\/04\/xlogo.png.pagespeed.ic_.pCcv2wiNk5.webp\",\"contentUrl\":\"https:\/\/saprenovation.com\/wp-content\/uploads\/2024\/04\/xlogo.png.pagespeed.ic_.pCcv2wiNk5.webp\",\"width\":112,\"height\":96,\"caption\":\"SAP Renovation\"},\"image\":{\"@id\":\"https:\/\/saprenovation.com\/pl\/#\/schema\/logo\/image\/\"},\"sameAs\":[\"https:\/\/www.facebook.com\/saprenovation\/\"]}]}<\/script>\n<!-- \/ Yoast SEO plugin. -->","yoast_head_json":{"title":"Akcesoria do fortepian\u00f3w - pokrowce, \u0142awki, rolki transportowe","description":"R\u0119czne wykonanie, najlepsze materia\u0142y. Oferujemy akcesoria do pianin: pokrowce, \u0142awki, systemy wilgotno\u015bciowe i wiele wi\u0119cej!","robots":{"index":"index","follow":"follow","max-snippet":"max-snippet:-1","max-image-preview":"max-image-preview:large","max-video-preview":"max-video-preview:-1"},"canonical":"https:\/\/saprenovation.com\/pl\/akcesoria\/","og_locale":"pl_PL","og_type":"article","og_title":"Akcesoria do fortepian\u00f3w - pokrowce, \u0142awki, rolki transportowe","og_description":"R\u0119czne wykonanie, najlepsze materia\u0142y. Oferujemy akcesoria do pianin: pokrowce, \u0142awki, systemy wilgotno\u015bciowe i wiele wi\u0119cej!","og_url":"https:\/\/saprenovation.com\/pl\/akcesoria\/","og_site_name":"SAP Renovation","article_publisher":"https:\/\/www.facebook.com\/saprenovation\/","article_modified_time":"2025-10-08T15:56:44+00:00","og_image":[{"width":112,"height":96,"url":"https:\/\/saprenovation.com\/wp-content\/uploads\/2024\/10\/xlogo.png.pagespeed.ic_.pCcv2wiNk5.webp","type":"image\/webp"}],"twitter_card":"summary_large_image","twitter_misc":{"Szacowany czas czytania":"4 minuty"},"schema":{"@context":"https:\/\/schema.org","@graph":[{"@type":"WebPage","@id":"https:\/\/saprenovation.com\/pl\/akcesoria\/","url":"https:\/\/saprenovation.com\/pl\/akcesoria\/","name":"Akcesoria do fortepian\u00f3w - pokrowce, \u0142awki, rolki transportowe","isPartOf":{"@id":"https:\/\/saprenovation.com\/pl\/#website"},"datePublished":"2024-04-08T11:50:50+00:00","dateModified":"2025-10-08T15:56:44+00:00","description":"R\u0119czne wykonanie, najlepsze materia\u0142y. Oferujemy akcesoria do pianin: pokrowce, \u0142awki, systemy wilgotno\u015bciowe i wiele wi\u0119cej!","breadcrumb":{"@id":"https:\/\/saprenovation.com\/pl\/akcesoria\/#breadcrumb"},"inLanguage":"pl-PL","potentialAction":[{"@type":"ReadAction","target":["https:\/\/saprenovation.com\/pl\/akcesoria\/"]}]},{"@type":"BreadcrumbList","@id":"https:\/\/saprenovation.com\/pl\/akcesoria\/#breadcrumb","itemListElement":[{"@type":"ListItem","position":1,"name":"SAP Renovation","item":"https:\/\/saprenovation.com\/pl\/"},{"@type":"ListItem","position":2,"name":"Akcesoria"}]},{"@type":"WebSite","@id":"https:\/\/saprenovation.com\/pl\/#website","url":"https:\/\/saprenovation.com\/pl\/","name":"SAP Renovation","description":"The finest European piano restoration","publisher":{"@id":"https:\/\/saprenovation.com\/pl\/#organization"},"potentialAction":[{"@type":"SearchAction","target":{"@type":"EntryPoint","urlTemplate":"https:\/\/saprenovation.com\/pl\/?s={search_term_string}"},"query-input":{"@type":"PropertyValueSpecification","valueRequired":true,"valueName":"search_term_string"}}],"inLanguage":"pl-PL"},{"@type":"Organization","@id":"https:\/\/saprenovation.com\/pl\/#organization","name":"SAP Renovation","url":"https:\/\/saprenovation.com\/pl\/","logo":{"@type":"ImageObject","inLanguage":"pl-PL","@id":"https:\/\/saprenovation.com\/pl\/#\/schema\/logo\/image\/","url":"https:\/\/saprenovation.com\/wp-content\/uploads\/2024\/04\/xlogo.png.pagespeed.ic_.pCcv2wiNk5.webp","contentUrl":"https:\/\/saprenovation.com\/wp-content\/uploads\/2024\/04\/xlogo.png.pagespeed.ic_.pCcv2wiNk5.webp","width":112,"height":96,"caption":"SAP Renovation"},"image":{"@id":"https:\/\/saprenovation.com\/pl\/#\/schema\/logo\/image\/"},"sameAs":["https:\/\/www.facebook.com\/saprenovation\/"]}]}},"_links":{"self":[{"href":"https:\/\/saprenovation.com\/pl\/wp-json\/wp\/v2\/pages\/66","targetHints":{"allow":["GET"]}}],"collection":[{"href":"https:\/\/saprenovation.com\/pl\/wp-json\/wp\/v2\/pages"}],"about":[{"href":"https:\/\/saprenovation.com\/pl\/wp-json\/wp\/v2\/types\/page"}],"author":[{"embeddable":true,"href":"https:\/\/saprenovation.com\/pl\/wp-json\/wp\/v2\/users\/1"}],"replies":[{"embeddable":true,"href":"https:\/\/saprenovation.com\/pl\/wp-json\/wp\/v2\/comments?post=66"}],"version-history":[{"count":40,"href":"https:\/\/saprenovation.com\/pl\/wp-json\/wp\/v2\/pages\/66\/revisions"}],"predecessor-version":[{"id":70321,"href":"https:\/\/saprenovation.com\/pl\/wp-json\/wp\/v2\/pages\/66\/revisions\/70321"}],"wp:attachment":[{"href":"https:\/\/saprenovation.com\/pl\/wp-json\/wp\/v2\/media?parent=66"}],"curies":[{"name":"wp","href":"https:\/\/api.w.org\/{rel}","templated":true}]}}