{"id":348,"date":"2024-04-20T12:21:15","date_gmt":"2024-04-20T10:21:15","guid":{"rendered":"https:\/\/saprenovation.com\/?page_id=348"},"modified":"2026-04-02T21:44:02","modified_gmt":"2026-04-02T19:44:02","slug":"strona-glowna","status":"publish","type":"page","link":"https:\/\/saprenovation.com\/pl\/","title":{"rendered":"Strona g\u0142\u00f3wna"},"content":{"rendered":"\n<div class=\"wp-block-themepunch-revslider revslider\" data-modal=\"false\" data-slidertitle=\"BANER WIELKANOC 2026 -PL 1\" style=\"\">\n\t\t\t\t<p class=\"rs-p-wp-fix\"><\/p>\n\t\t\t\t<sr7-module data-alias=\"baner-wiosna-14-03-2026-pl-1\" data-id=\"189\" id=\"SR7_189_1\" class=\"rs-ov-hidden\" data-version=\"6.7.4\">\n\t\t\t\t\t<sr7-adjuster><\/sr7-adjuster>\n\t\t\t\t\t<sr7-content>\n\t\t\t\t\t\t<sr7-slide id=\"SR7_189_1-554\" data-key=\"554\">\n\t\t\t\t\t\t\t<sr7-bg id=\"SR7_189_1-554-16\" class=\"sr7-layer\"><noscript><img decoding=\"async\" src=\"https:\/\/saprenovation.com\/wp-content\/uploads\/2026\/03\/Baner-Wiosna-10-03-2026-scaled.jpeg\" alt=\"Baner Wiosna SAP RENOVATION\" title=\"Baner Wiosna 10-03-2026\"><\/noscript><\/sr7-bg>\n\t\t\t\t\t\t\t<sr7-txt id=\"SR7_189_1-554-4\" class=\"sr7-layer\">B\u00f6sendorfer <\/sr7-txt>\n\t\t\t\t\t\t\t<sr7-txt id=\"SR7_189_1-554-5\" class=\"sr7-layer\">Concert Grand Piano for Sale<\/sr7-txt>\n\t\t\t\t\t\t\t<a id=\"SR7_189_1-554-6\" class=\"sr7-layer\" href=\"https:\/\/saprenovation.com\/pl\/nasze-prace\/nasprzedaz\/bosendorfer-sap-11031\/\" target=\"_blank\" rel=\"noopener\">Oferta<\/a>\n\t\t\t\t\t\t\t<sr7-txt id=\"SR7_189_1-554-7\" class=\"sr7-layer\">For Sale at \u20ac76 000<\/sr7-txt>\n\t\t\t\t\t\t\t<sr7-txt id=\"SR7_189_1-554-9\" class=\"sr7-layer\"><i class=\"fa-chevron-right\"><\/i><\/sr7-txt>\n\t\t\t\t\t\t\t<sr7-txt id=\"SR7_189_1-554-13\" class=\"sr7-layer\">0{{current_slide_index}}<\/sr7-txt>\n\t\t\t\t\t\t\t<sr7-txt id=\"SR7_189_1-554-14\" class=\"sr7-layer\">0{{total_slide_count}}<\/sr7-txt>\n\t\t\t\t\t\t<\/sr7-slide>\n\t\t\t\t\t\t<sr7-slide id=\"SR7_189_1-555\" data-key=\"555\">\n\t\t\t\t\t\t\t<sr7-bg id=\"SR7_189_1-555-16\" class=\"sr7-layer\"><noscript><img decoding=\"async\" src=\"https:\/\/saprenovation.com\/wp-content\/uploads\/2025\/08\/Baner-10-jablonka-Wojtek.jpg\" alt=\"\" title=\"Baner-10-jab\u0142onka-Wojtek\"><\/noscript><\/sr7-bg>\n\t\t\t\t\t\t\t<sr7-txt id=\"SR7_189_1-555-4\" class=\"sr7-layer\">Inwestuj w<\/sr7-txt>\n\t\t\t\t\t\t\t<sr7-txt id=\"SR7_189_1-555-5\" class=\"sr7-layer\">Pi\u0119kno<\/sr7-txt>\n\t\t\t\t\t\t\t<a id=\"SR7_189_1-555-6\" class=\"sr7-layer\" href=\"#\" target=\"_blank\" rel=\"noopener\">Kup instrument<\/a>\n\t\t\t\t\t\t\t<sr7-txt id=\"SR7_189_1-555-7\" class=\"sr7-layer\">Szukasz wyj\u0105tkowego fortepianu z dusz\u0105? Znajd\u017a sw\u00f3j wymarzony fortepian w\u015br\u00f3d naszej kolekcji klasyk\u00f3w. Ka\u017cdy instrument to dzie\u0142o sztuki - starannie odrestaurowane, z bogat\u0105 histori\u0105 i doskona\u0142ym brzmieniem.<\/sr7-txt>\n\t\t\t\t\t\t\t<sr7-txt id=\"SR7_189_1-555-9\" class=\"sr7-layer\"><i class=\"fa-chevron-right\"><\/i><\/sr7-txt>\n\t\t\t\t\t\t\t<sr7-txt id=\"SR7_189_1-555-13\" class=\"sr7-layer\">0{{current_slide_index}}<\/sr7-txt>\n\t\t\t\t\t\t\t<sr7-txt id=\"SR7_189_1-555-14\" class=\"sr7-layer\">0{{total_slide_count}}<\/sr7-txt>\n\t\t\t\t\t\t<\/sr7-slide>\n\t\t\t\t\t\t<sr7-slide id=\"SR7_189_1-556\" data-key=\"556\">\n\t\t\t\t\t\t\t<sr7-txt id=\"SR7_189_1-556-16\" class=\"sr7-layer\">sound better than others<\/sr7-txt>\n\t\t\t\t\t\t\t<sr7-txt id=\"SR7_189_1-556-18\" class=\"sr7-layer\"><i class=\"fa-chevron-left\"><\/i><\/sr7-txt>\n\t\t\t\t\t\t\t<sr7-txt id=\"SR7_189_1-556-19\" class=\"sr7-layer\"><i class=\"fa-chevron-right\"><\/i><\/sr7-txt>\n\t\t\t\t\t\t<\/sr7-slide>\n\t\t\t\t\t<\/sr7-content>\n\t\t\t\t\t<image_lists style=\"display:none\">\n\t\t\t\t\t\t<img data-src=\"\/\/saprenovation.com\/wp-content\/uploads\/2026\/03\/Baner-Wiosna-10-03-2026-scaled.jpeg\" alt=\"cdn_helper\" data-libid=\"76249\" data-lib=\"medialibrary\" width=\"0\" height=\"0\" data-dbsrc=\"Ly9zYXByZW5vdmF0aW9uLmNvbS93cC1jb250ZW50L3VwbG9hZHMvMjAyNi8wMy9CYW5lci1XaW9zbmEtMTAtMDMtMjAyNi1zY2FsZWQuanBlZw==\"\/>\n\t\t\t\t\t\t<img data-src=\"\/\/saprenovation.com\/wp-content\/uploads\/2025\/08\/Baner-10-jablonka-Wojtek.jpg\" alt=\"cdn_helper\" data-libid=\"65500\" data-lib=\"medialibrary\" width=\"0\" height=\"0\" data-dbsrc=\"Ly9zYXByZW5vdmF0aW9uLmNvbS93cC1jb250ZW50L3VwbG9hZHMvMjAyNS8wOC9CYW5lci0xMC1qYWJsb25rYS1Xb2p0ZWsuanBn\"\/>\n\t\t\t\t\t<\/image_lists>\n\t\t\t\t<\/sr7-module>\n\t\t\t\t<script>\n\t\t\t\t\tSR7.PMH ??={}; SR7.PMH[\"SR7_189_1\"] = {cn:0,state:false,fn: function() { if (_tpt!==undefined && _tpt.prepareModuleHeight !== undefined) {  _tpt.prepareModuleHeight({id:\"SR7_189_1\",el:[900,900,768,960,720],type:'standard',shdw:'0',gh:[900,900,768,960,720],gw:[1240,1240,1024,778,480],vpt:['100px&#039;,&#039;100px&#039;,&#039;100px&#039;,&#039;100px&#039;,&#039;100px'],size:{fullWidth:true, fullHeight:true},fho:',',mh:'0',onh:0,onw:0,bg:{color:'{\"orig\":\"transparent\",\"type\":\"solid\",\"string\":\"transparent\"}'}});   SR7.PMH[\"SR7_189_1\"].state=true;} else if((SR7.PMH[\"SR7_189_1\"].cn++)<100)\tsetTimeout( SR7.PMH[\"SR7_189_1\"].fn,19);}};SR7.PMH[\"SR7_189_1\" ].fn();\n\t\t\t\t<\/script>\n<\/div>\n\n\n\n<div class=\"wp-block-group is-style-default has-black-background-color has-background is-vertical is-content-justification-center is-layout-flex wp-container-core-group-is-layout-1484f20b wp-block-group-is-layout-flex cozy-hover-effect__initialized\" style=\"min-height:400px;margin-top:0px;margin-bottom:0px;padding-top:0px;padding-right:0px;padding-bottom:0px;padding-left:0px\" style=\"min-height:400px;margin-top:0px;margin-bottom:0px;padding-top:0px;padding-right:0px;padding-bottom:0px;padding-left:0px\">\n<style>\n\/* Telefon \u2013 mniejszy font, wyr\u00f3wnanie do lewej *\/\n@media (max-width: 768px) {\n  .rok-zalozenia {\n    font-size: 22px !important;\n    line-height: 1.3 !important;\n    text-align: left !important;\n    margin-left: 10px !important;\n    margin-right: 0 !important;\n  }\n\n  .zespol-sap {\n    max-height: 100px !important; \/* niska wysoko\u015b\u0107 zdj\u0119cia na telefonie *\/\n    width: auto;\n    height: auto;\n  }\n\n  \/* Zmniejszamy wysoko\u015b\u0107 ca\u0142ej sekcji (Stos) *\/\n  .wp-block-stack, .wp-block-group, .wp-block-cover {\n    padding-top: 10px !important;\n    padding-bottom: 10px !important;\n    min-height: auto !important;\n  }\n}\n\n\/* Zdj\u0119cie zespo\u0142u \u2013 desktop\/tablet *\/\n.zespol-sap {\n  display: block;\n  margin: 0 auto;\n  max-height: 400px;\n  width: auto;\n}\n\n@media (max-width: 1024px) {\n  .zespol-sap {\n    max-height: 300px;\n  }\n}\n<\/style>\n\n<p class=\"has-text-align-center rok-zalozenia\" \n   style=\"padding:0; text-shadow:1px 1px #fff; line-height:5rem; font-weight:900; font-size:48px; margin:0 0 10px 0;\">\n  Tradycja i pasja od 1990 roku\n<\/p>\n\n<img decoding=\"async\" src=\"https:\/\/saprenovation.com\/wp-content\/uploads\/2025\/10\/GRUPOWE-SALON-1-1-1-scaled.jpg\" \n     alt=\"Zesp\u00f3\u0142 SAP Renovation w salonie firmowym\" \n     class=\"zespol-sap\">\n<\/div>\n\n\n\n<div class=\"wp-block-themepunch-revslider revslider\" data-modal=\"false\" data-slidertitle=\"Porownanie strona g\u0142owna\" style=\"\">\n\t\t\t\t<p class=\"rs-p-wp-fix\"><\/p>\n\t\t\t\t<sr7-module data-alias=\"image-comparison-slider\" data-id=\"24\" id=\"SR7_24_2\" class=\"rs-respect-topbar rs-ov-hidden\" data-version=\"6.7.4\">\n\t\t\t\t\t<sr7-adjuster><\/sr7-adjuster>\n\t\t\t\t\t<sr7-content>\n\t\t\t\t\t\t<sr7-slide id=\"SR7_24_2-33\" data-key=\"33\">\n\t\t\t\t\t\t\t<sr7-bg id=\"SR7_24_2-33-17\" class=\"sr7-layer\"><noscript><img decoding=\"async\" src=\"https:\/\/saprenovation.com\/wp-content\/uploads\/2024\/06\/bg-768x626.jpg\" alt=\"\" title=\"\"><\/noscript><\/sr7-bg>\n\t\t\t\t\t\t\t<sr7-txt id=\"SR7_24_2-33-5\" class=\"sr7-layer\">Steinway and Sons - Gabinetowy<\/sr7-txt>\n\t\t\t\t\t\t\t<sr7-txt id=\"SR7_24_2-33-6\" class=\"sr7-layer\">Steinway and Sons - Gabinetowy<\/sr7-txt>\n\t\t\t\t\t\t\t<sr7-txt id=\"SR7_24_2-33-11\" class=\"sr7-layer\">czarny poliester<\/sr7-txt>\n\t\t\t\t\t\t\t<sr7-txt id=\"SR7_24_2-33-14\" class=\"sr7-layer\">RAL: 9005<\/sr7-txt>\n\t\t\t\t\t\t<\/sr7-slide>\n\t\t\t\t\t\t<sr7-slide id=\"SR7_24_2-114\" data-key=\"114\">\n\t\t\t\t\t\t\t<sr7-txt id=\"SR7_24_2-114-16\" class=\"sr7-layer\">Unikaty dla Ciebie<\/sr7-txt>\n\t\t\t\t\t\t\t<sr7-txt id=\"SR7_24_2-114-18\" class=\"sr7-layer\">Sprawdz nasz\u0105 oferte, wybierz <b>unikat<\/b> dla Siebie.<\/sr7-txt>\n\t\t\t\t\t\t<\/sr7-slide>\n\t\t\t\t\t<\/sr7-content>\n\t\t\t\t\t<image_lists style=\"display:none\">\n\t\t\t\t\t\t<img data-src=\"\/\/saprenovation.com\/wp-content\/uploads\/2024\/04\/OBUDOWA1_big-600x776.png\" alt=\"cdn_helper\" data-libid=\"395\" width=\"0\" height=\"0\" data-dbsrc=\"Ly9zYXByZW5vdmF0aW9uLmNvbS93cC1jb250ZW50L3VwbG9hZHMvMjAyNC8wNC9PQlVET1dBMV9iaWctNjAweDc3Ni5wbmc=\"\/>\n\t\t\t\t\t\t<img data-src=\"\/\/saprenovation.com\/wp-content\/uploads\/2024\/06\/Czarny.png\" alt=\"cdn_helper\" data-libid=\"1133\" width=\"0\" height=\"0\" data-dbsrc=\"Ly9zYXByZW5vdmF0aW9uLmNvbS93cC1jb250ZW50L3VwbG9hZHMvMjAyNC8wNi9DemFybnkucG5n\"\/>\n\t\t\t\t\t\t<img data-src=\"\/\/saprenovation.com\/wp-content\/uploads\/revslider\/image-comparison-slider\/electric.jpg\" alt=\"cdn_helper\" data-libid=\"354\" width=\"0\" height=\"0\" data-dbsrc=\"Ly9zYXByZW5vdmF0aW9uLmNvbS93cC1jb250ZW50L3VwbG9hZHMvcmV2c2xpZGVyL2ltYWdlLWNvbXBhcmlzb24tc2xpZGVyL2VsZWN0cmljLmpwZw==\"\/>\n\t\t\t\t\t\t<img data-src=\"\/\/saprenovation.com\/wp-content\/uploads\/2024\/06\/bg-768x626.jpg\" alt=\"cdn_helper\" data-libid=\"966\" data-lib=\"medialibrary\" width=\"0\" height=\"0\" data-dbsrc=\"Ly9zYXByZW5vdmF0aW9uLmNvbS93cC1jb250ZW50L3VwbG9hZHMvMjAyNC8wNi9iZy03Njh4NjI2LmpwZw==\"\/>\n\t\t\t\t\t<\/image_lists>\n\t\t\t\t<\/sr7-module>\n\t\t\t\t<script>\n\t\t\t\t\tSR7.PMH ??={}; SR7.PMH[\"SR7_24_2\"] = {cn:0,state:false,fn: function() { if (_tpt!==undefined && _tpt.prepareModuleHeight !== undefined) {  _tpt.prepareModuleHeight({id:\"SR7_24_2\",el:[900,900,768,960,720],type:'standard',shdw:'0',gh:[900,900,768,960,720],gw:[1240,1240,1024,778,480],vpt:['100px&#039;,&#039;100px&#039;,&#039;100px&#039;,&#039;100px&#039;,&#039;100px'],size:{fullWidth:true, fullHeight:true},fho:'#masthead,',mh:'0',onh:0,onw:0,bg:{color:'{\"orig\":\"transparent\",\"type\":\"solid\",\"string\":\"transparent\"}'}});   SR7.PMH[\"SR7_24_2\"].state=true;} else if((SR7.PMH[\"SR7_24_2\"].cn++)<100)\tsetTimeout( SR7.PMH[\"SR7_24_2\"].fn,19);}};SR7.PMH[\"SR7_24_2\" ].fn();\n\t\t\t\t<\/script>\n<\/div>\n\n\n\n<div class=\"wp-block-group has-background-alt-background-color has-background is-layout-constrained wp-container-core-group-is-layout-e988c6a1 wp-block-group-is-layout-constrained\" style=\"margin-top:0px;margin-bottom:0px;padding-top:80px;padding-right:var(--wp--preset--spacing--50);padding-bottom:80px;padding-left:var(--wp--preset--spacing--50)\">\n<div class=\"wp-block-group is-layout-constrained wp-container-core-group-is-layout-588e6013 wp-block-group-is-layout-constrained\">\n<h2 class=\"wp-block-heading has-text-align-center\">Wydarzenia<\/h2>\n\n\n\n<p class=\"has-text-align-center\" style=\"font-size:18px;text-transform:none\">Najnowsze wydarzenie w \u017cyciu naszej firmy jest prze\u0142omowym momentem zar\u00f3wno dla nas, jak i dla ca\u0142ego \u015bwiata renowacji fortepian\u00f3w. Dokonali\u015bmy znacz\u0105cych post\u0119p\u00f3w w naszych technikach, co pozwoli\u0142o nam osi\u0105gn\u0105\u0107 jeszcze wy\u017cszy poziom precyzji i jako\u015bci w odrestaurowywaniu tych wyj\u0105tkowych instrument\u00f3w. Jeste\u015bmy dumni z naszej pracy i nie mo\u017cemy si\u0119 doczeka\u0107, aby podzieli\u0107 si\u0119 naszymi osi\u0105gni\u0119ciami z naszymi klientami i mi\u0142o\u015bnikami muzyki na ca\u0142ym \u015bwiecie.<\/p>\n<\/div>\n\n\n\n<p><\/p>\n\n\n\n<p><\/p>\n\n\n\n<p><\/p>\n\n\n\n<h4 class=\"wp-block-heading\"><\/h4>\n<\/div>\n\n\n\n<div class=\"wp-block-query is-layout-flow wp-block-query-is-layout-flow\"><ul style=\"font-style:normal;font-weight:400;text-transform:capitalize;\" class=\"wp-block-post-template has-large-font-size is-layout-constrained wp-block-post-template-is-layout-constrained\"><li class=\"wp-block-post post-76958 post type-post status-publish format-standard has-post-thumbnail hentry category-wydarzenia\">\n<h2 class=\"has-text-align-center wp-block-post-title has-large-font-size\"><a href=\"https:\/\/saprenovation.com\/pl\/dylemat-rodzicow-dziecko-zdalo-do-szkoly-muzycznej-co-kupic\/\" target=\"_self\" >Dylemat rodzic\u00f3w: dziecko zda\u0142o do szko\u0142y muzycznej \u2013 co kupi\u0107?<\/a><\/h2>\n\n<div style=\"text-transform:capitalize;\" class=\"has-link-color wp-elements-0ac6e6f7c1ecdd6d57a25c4548b9ee84 wp-block-post-excerpt has-text-color has-black-color has-background has-white-background-color has-small-font-size\"><p class=\"wp-block-post-excerpt__excerpt\">Moment, w kt\u00f3rym pociecha dostaje si\u0119 do klasy fortepianu, budzi w rodzicach dum\u0119 oraz sporo pyta\u0144 o dalsze kroki. Nauczyciele od razu stawiaj\u0105 warunki dotycz\u0105ce wyposa\u017cenia k\u0105cika do \u0107wicze\u0144,&#8230; <\/p><\/div>\n\n<figure class=\"alignwide wp-block-post-featured-image\"><a href=\"https:\/\/saprenovation.com\/pl\/dylemat-rodzicow-dziecko-zdalo-do-szkoly-muzycznej-co-kupic\/\" target=\"_self\"  ><img loading=\"lazy\" decoding=\"async\" width=\"1920\" height=\"1280\" src=\"https:\/\/saprenovation.com\/wp-content\/uploads\/2026\/03\/MECHANIZM12.jpg\" class=\"attachment-post-thumbnail size-post-thumbnail wp-post-image\" alt=\"Dylemat rodzic\u00f3w: dziecko zda\u0142o do szko\u0142y muzycznej \u2013 co kupi\u0107?\" style=\"object-fit:cover;\" srcset=\"https:\/\/saprenovation.com\/wp-content\/uploads\/2026\/03\/MECHANIZM12.jpg 1920w, https:\/\/saprenovation.com\/wp-content\/uploads\/2026\/03\/MECHANIZM12-300x200.jpg 300w, https:\/\/saprenovation.com\/wp-content\/uploads\/2026\/03\/MECHANIZM12-1024x683.jpg 1024w, https:\/\/saprenovation.com\/wp-content\/uploads\/2026\/03\/MECHANIZM12-768x512.jpg 768w, https:\/\/saprenovation.com\/wp-content\/uploads\/2026\/03\/MECHANIZM12-1536x1024.jpg 1536w, https:\/\/saprenovation.com\/wp-content\/uploads\/2026\/03\/MECHANIZM12-600x400.jpg 600w\" sizes=\"auto, (max-width: 1920px) 100vw, 1920px\" \/><\/a><\/figure>\n\n\n<hr class=\"wp-block-separator has-css-opacity is-style-default\"\/>\n\n<\/li><li class=\"wp-block-post post-76946 post type-post status-publish format-standard has-post-thumbnail hentry category-wydarzenia\">\n<h2 class=\"has-text-align-center wp-block-post-title has-large-font-size\"><a href=\"https:\/\/saprenovation.com\/pl\/czy-cena-pianina-decyduje-o-jakosci\/\" target=\"_self\" >Czy cena pianina decyduje o jako\u015bci d\u017awi\u0119ku? Fakty, kt\u00f3re naprawd\u0119 maj\u0105 znaczenie<\/a><\/h2>\n\n<div style=\"text-transform:capitalize;\" class=\"has-link-color wp-elements-0ac6e6f7c1ecdd6d57a25c4548b9ee84 wp-block-post-excerpt has-text-color has-black-color has-background has-white-background-color has-small-font-size\"><p class=\"wp-block-post-excerpt__excerpt\">Podj\u0119cie decyzji o zakupie instrumentu do muzyki wymaga od cz\u0142owieka wiele cierpliwo\u015bci oraz wiedzy na temat budowy mechanizm\u00f3w graj\u0105cych. Cz\u0119sto ulegamy sugestii, \u017ce koszt na paragonie musi i\u015b\u0107 w&#8230; <\/p><\/div>\n\n<figure class=\"alignwide wp-block-post-featured-image\"><a href=\"https:\/\/saprenovation.com\/pl\/czy-cena-pianina-decyduje-o-jakosci\/\" target=\"_self\"  ><img loading=\"lazy\" decoding=\"async\" width=\"2048\" height=\"1365\" src=\"https:\/\/saprenovation.com\/wp-content\/uploads\/2025\/12\/dlaczego-kazdy-instrument-brzmi-inaczej.jpg\" class=\"attachment-post-thumbnail size-post-thumbnail wp-post-image\" alt=\"Czy cena pianina decyduje o jako\u015bci d\u017awi\u0119ku? Fakty, kt\u00f3re naprawd\u0119 maj\u0105 znaczenie\" style=\"object-fit:cover;\" srcset=\"https:\/\/saprenovation.com\/wp-content\/uploads\/2025\/12\/dlaczego-kazdy-instrument-brzmi-inaczej.jpg 2048w, https:\/\/saprenovation.com\/wp-content\/uploads\/2025\/12\/dlaczego-kazdy-instrument-brzmi-inaczej-300x200.jpg 300w, https:\/\/saprenovation.com\/wp-content\/uploads\/2025\/12\/dlaczego-kazdy-instrument-brzmi-inaczej-1024x683.jpg 1024w, https:\/\/saprenovation.com\/wp-content\/uploads\/2025\/12\/dlaczego-kazdy-instrument-brzmi-inaczej-768x512.jpg 768w, https:\/\/saprenovation.com\/wp-content\/uploads\/2025\/12\/dlaczego-kazdy-instrument-brzmi-inaczej-1536x1024.jpg 1536w, https:\/\/saprenovation.com\/wp-content\/uploads\/2025\/12\/dlaczego-kazdy-instrument-brzmi-inaczej-600x400.jpg 600w\" sizes=\"auto, (max-width: 2048px) 100vw, 2048px\" \/><\/a><\/figure>\n\n\n<hr class=\"wp-block-separator has-css-opacity is-style-default\"\/>\n\n<\/li><\/ul><\/div>\n\n\n\n<h2 class=\"wp-block-heading has-text-align-center is-style-default has-open-sans-font-family\" style=\"padding-top:var(--wp--preset--spacing--60);padding-bottom:0\">Zatrudnij naszych Mistrz\u00f3w renowacji<\/h2>\n\n\n\n<pre class=\"wp-block-verse has-text-align-center has-small-font-size\" style=\"padding-bottom:50px\">Nasi Mistrzowie czekaj\u0105 na Tw\u00f3j instrument, oddaj go w r\u0119ce zawodowc\u00f3w.  Zwi\u0119ksz warto\u015b\u0107 instrument\u00f3w.<\/pre>\n\n\n<p><getresponse-form form-id=\"56c069fa-698a-4ac6-a3b3-461ed5aebbe9\" e=\"0\"><\/getresponse-form><\/p>","protected":false},"excerpt":{"rendered":"<p>Tradycja i pasja od 1990 roku Wydarzenia Najnowsze wydarzenie w \u017cyciu naszej firmy jest prze\u0142omowym momentem zar\u00f3wno dla nas, jak i dla ca\u0142ego \u015bwiata renowacji fortepian\u00f3w. Dokonali\u015bmy znacz\u0105cych post\u0119p\u00f3w&#8230;<\/p>\n","protected":false},"author":1,"featured_media":0,"parent":0,"menu_order":0,"comment_status":"closed","ping_status":"closed","template":"page-full-width","meta":{"footnotes":""},"class_list":["post-348","page","type-page","status-publish","hentry"],"yoast_head":"<!-- This site is optimized with the Yoast SEO plugin v26.1.1 - https:\/\/yoast.com\/wordpress\/plugins\/seo\/ -->\n<title>Najbardziej uznana renowacja fortepian\u00f3w i pianin w Europie | SAP Renovation<\/title>\n<meta name=\"description\" content=\"Zmieniamy stare, zniszczone, uszkodzone fortepiany na prawdziwe dzie\u0142a sztuki. Kompleksowa odnowa instrument\u00f3w zabytkowych i wsp\u00f3\u0142czesnych.\" \/>\n<meta name=\"robots\" content=\"index, follow, max-snippet:-1, max-image-preview:large, max-video-preview:-1\" \/>\n<link rel=\"canonical\" href=\"https:\/\/saprenovation.com\/pl\/\" \/>\n<meta property=\"og:locale\" content=\"pl_PL\" \/>\n<meta property=\"og:type\" content=\"article\" \/>\n<meta property=\"og:title\" content=\"Najbardziej uznana renowacja fortepian\u00f3w i pianin w Europie | SAP Renovation\" \/>\n<meta property=\"og:description\" content=\"Zmieniamy stare, zniszczone, uszkodzone fortepiany na prawdziwe dzie\u0142a sztuki. Kompleksowa odnowa instrument\u00f3w zabytkowych i wsp\u00f3\u0142czesnych.\" \/>\n<meta property=\"og:url\" content=\"https:\/\/saprenovation.com\/pl\/\" \/>\n<meta property=\"og:site_name\" content=\"SAP Renovation\" \/>\n<meta property=\"article:publisher\" content=\"https:\/\/www.facebook.com\/saprenovation\/\" \/>\n<meta property=\"article:modified_time\" content=\"2026-04-02T19:44:02+00:00\" \/>\n<meta property=\"og:image\" content=\"https:\/\/saprenovation.com\/wp-content\/uploads\/2025\/10\/GRUPOWE-SALON-1-1-1-scaled.jpg\" \/>\n<meta name=\"twitter:card\" content=\"summary_large_image\" \/>\n<meta name=\"twitter:label1\" content=\"Szacowany czas czytania\" \/>\n\t<meta name=\"twitter:data1\" content=\"1 minuta\" \/>\n<script type=\"application\/ld+json\" class=\"yoast-schema-graph\">{\"@context\":\"https:\/\/schema.org\",\"@graph\":[{\"@type\":\"WebPage\",\"@id\":\"https:\/\/saprenovation.com\/pl\/\",\"url\":\"https:\/\/saprenovation.com\/pl\/\",\"name\":\"Najbardziej uznana renowacja fortepian\u00f3w i pianin w Europie | SAP Renovation\",\"isPartOf\":{\"@id\":\"https:\/\/saprenovation.com\/pl\/#website\"},\"primaryImageOfPage\":{\"@id\":\"https:\/\/saprenovation.com\/pl\/#primaryimage\"},\"image\":{\"@id\":\"https:\/\/saprenovation.com\/pl\/#primaryimage\"},\"thumbnailUrl\":\"https:\/\/saprenovation.com\/wp-content\/uploads\/2025\/10\/GRUPOWE-SALON-1-1-1-scaled.jpg\",\"datePublished\":\"2024-04-20T10:21:15+00:00\",\"dateModified\":\"2026-04-02T19:44:02+00:00\",\"description\":\"Zmieniamy stare, zniszczone, uszkodzone fortepiany na prawdziwe dzie\u0142a sztuki. Kompleksowa odnowa instrument\u00f3w zabytkowych i wsp\u00f3\u0142czesnych.\",\"breadcrumb\":{\"@id\":\"https:\/\/saprenovation.com\/pl\/#breadcrumb\"},\"inLanguage\":\"pl-PL\",\"potentialAction\":[{\"@type\":\"ReadAction\",\"target\":[\"https:\/\/saprenovation.com\/pl\/\"]}]},{\"@type\":\"ImageObject\",\"inLanguage\":\"pl-PL\",\"@id\":\"https:\/\/saprenovation.com\/pl\/#primaryimage\",\"url\":\"https:\/\/saprenovation.com\/wp-content\/uploads\/2025\/10\/GRUPOWE-SALON-1-1-1-scaled.jpg\",\"contentUrl\":\"https:\/\/saprenovation.com\/wp-content\/uploads\/2025\/10\/GRUPOWE-SALON-1-1-1-scaled.jpg\"},{\"@type\":\"BreadcrumbList\",\"@id\":\"https:\/\/saprenovation.com\/pl\/#breadcrumb\",\"itemListElement\":[{\"@type\":\"ListItem\",\"position\":1,\"name\":\"SAP Renovation\",\"item\":\"https:\/\/saprenovation.com\/pl\/\"},{\"@type\":\"ListItem\",\"position\":2,\"name\":\"Strona g\u0142\u00f3wna\"}]},{\"@type\":\"WebSite\",\"@id\":\"https:\/\/saprenovation.com\/pl\/#website\",\"url\":\"https:\/\/saprenovation.com\/pl\/\",\"name\":\"SAP Renovation\",\"description\":\"The finest European piano restoration\",\"publisher\":{\"@id\":\"https:\/\/saprenovation.com\/pl\/#organization\"},\"potentialAction\":[{\"@type\":\"SearchAction\",\"target\":{\"@type\":\"EntryPoint\",\"urlTemplate\":\"https:\/\/saprenovation.com\/pl\/?s={search_term_string}\"},\"query-input\":{\"@type\":\"PropertyValueSpecification\",\"valueRequired\":true,\"valueName\":\"search_term_string\"}}],\"inLanguage\":\"pl-PL\"},{\"@type\":\"Organization\",\"@id\":\"https:\/\/saprenovation.com\/pl\/#organization\",\"name\":\"SAP Renovation\",\"url\":\"https:\/\/saprenovation.com\/pl\/\",\"logo\":{\"@type\":\"ImageObject\",\"inLanguage\":\"pl-PL\",\"@id\":\"https:\/\/saprenovation.com\/pl\/#\/schema\/logo\/image\/\",\"url\":\"https:\/\/saprenovation.com\/wp-content\/uploads\/2024\/04\/xlogo.png.pagespeed.ic_.pCcv2wiNk5.webp\",\"contentUrl\":\"https:\/\/saprenovation.com\/wp-content\/uploads\/2024\/04\/xlogo.png.pagespeed.ic_.pCcv2wiNk5.webp\",\"width\":112,\"height\":96,\"caption\":\"SAP Renovation\"},\"image\":{\"@id\":\"https:\/\/saprenovation.com\/pl\/#\/schema\/logo\/image\/\"},\"sameAs\":[\"https:\/\/www.facebook.com\/saprenovation\/\"]}]}<\/script>\n<!-- \/ Yoast SEO plugin. -->","yoast_head_json":{"title":"Najbardziej uznana renowacja fortepian\u00f3w i pianin w Europie | SAP Renovation","description":"Zmieniamy stare, zniszczone, uszkodzone fortepiany na prawdziwe dzie\u0142a sztuki. Kompleksowa odnowa instrument\u00f3w zabytkowych i wsp\u00f3\u0142czesnych.","robots":{"index":"index","follow":"follow","max-snippet":"max-snippet:-1","max-image-preview":"max-image-preview:large","max-video-preview":"max-video-preview:-1"},"canonical":"https:\/\/saprenovation.com\/pl\/","og_locale":"pl_PL","og_type":"article","og_title":"Najbardziej uznana renowacja fortepian\u00f3w i pianin w Europie | SAP Renovation","og_description":"Zmieniamy stare, zniszczone, uszkodzone fortepiany na prawdziwe dzie\u0142a sztuki. Kompleksowa odnowa instrument\u00f3w zabytkowych i wsp\u00f3\u0142czesnych.","og_url":"https:\/\/saprenovation.com\/pl\/","og_site_name":"SAP Renovation","article_publisher":"https:\/\/www.facebook.com\/saprenovation\/","article_modified_time":"2026-04-02T19:44:02+00:00","og_image":[{"url":"https:\/\/saprenovation.com\/wp-content\/uploads\/2025\/10\/GRUPOWE-SALON-1-1-1-scaled.jpg","type":"","width":"","height":""}],"twitter_card":"summary_large_image","twitter_misc":{"Szacowany czas czytania":"1 minuta"},"schema":{"@context":"https:\/\/schema.org","@graph":[{"@type":"WebPage","@id":"https:\/\/saprenovation.com\/pl\/","url":"https:\/\/saprenovation.com\/pl\/","name":"Najbardziej uznana renowacja fortepian\u00f3w i pianin w Europie | SAP Renovation","isPartOf":{"@id":"https:\/\/saprenovation.com\/pl\/#website"},"primaryImageOfPage":{"@id":"https:\/\/saprenovation.com\/pl\/#primaryimage"},"image":{"@id":"https:\/\/saprenovation.com\/pl\/#primaryimage"},"thumbnailUrl":"https:\/\/saprenovation.com\/wp-content\/uploads\/2025\/10\/GRUPOWE-SALON-1-1-1-scaled.jpg","datePublished":"2024-04-20T10:21:15+00:00","dateModified":"2026-04-02T19:44:02+00:00","description":"Zmieniamy stare, zniszczone, uszkodzone fortepiany na prawdziwe dzie\u0142a sztuki. Kompleksowa odnowa instrument\u00f3w zabytkowych i wsp\u00f3\u0142czesnych.","breadcrumb":{"@id":"https:\/\/saprenovation.com\/pl\/#breadcrumb"},"inLanguage":"pl-PL","potentialAction":[{"@type":"ReadAction","target":["https:\/\/saprenovation.com\/pl\/"]}]},{"@type":"ImageObject","inLanguage":"pl-PL","@id":"https:\/\/saprenovation.com\/pl\/#primaryimage","url":"https:\/\/saprenovation.com\/wp-content\/uploads\/2025\/10\/GRUPOWE-SALON-1-1-1-scaled.jpg","contentUrl":"https:\/\/saprenovation.com\/wp-content\/uploads\/2025\/10\/GRUPOWE-SALON-1-1-1-scaled.jpg"},{"@type":"BreadcrumbList","@id":"https:\/\/saprenovation.com\/pl\/#breadcrumb","itemListElement":[{"@type":"ListItem","position":1,"name":"SAP Renovation","item":"https:\/\/saprenovation.com\/pl\/"},{"@type":"ListItem","position":2,"name":"Strona g\u0142\u00f3wna"}]},{"@type":"WebSite","@id":"https:\/\/saprenovation.com\/pl\/#website","url":"https:\/\/saprenovation.com\/pl\/","name":"SAP Renovation","description":"The finest European piano restoration","publisher":{"@id":"https:\/\/saprenovation.com\/pl\/#organization"},"potentialAction":[{"@type":"SearchAction","target":{"@type":"EntryPoint","urlTemplate":"https:\/\/saprenovation.com\/pl\/?s={search_term_string}"},"query-input":{"@type":"PropertyValueSpecification","valueRequired":true,"valueName":"search_term_string"}}],"inLanguage":"pl-PL"},{"@type":"Organization","@id":"https:\/\/saprenovation.com\/pl\/#organization","name":"SAP Renovation","url":"https:\/\/saprenovation.com\/pl\/","logo":{"@type":"ImageObject","inLanguage":"pl-PL","@id":"https:\/\/saprenovation.com\/pl\/#\/schema\/logo\/image\/","url":"https:\/\/saprenovation.com\/wp-content\/uploads\/2024\/04\/xlogo.png.pagespeed.ic_.pCcv2wiNk5.webp","contentUrl":"https:\/\/saprenovation.com\/wp-content\/uploads\/2024\/04\/xlogo.png.pagespeed.ic_.pCcv2wiNk5.webp","width":112,"height":96,"caption":"SAP Renovation"},"image":{"@id":"https:\/\/saprenovation.com\/pl\/#\/schema\/logo\/image\/"},"sameAs":["https:\/\/www.facebook.com\/saprenovation\/"]}]}},"_links":{"self":[{"href":"https:\/\/saprenovation.com\/pl\/wp-json\/wp\/v2\/pages\/348","targetHints":{"allow":["GET"]}}],"collection":[{"href":"https:\/\/saprenovation.com\/pl\/wp-json\/wp\/v2\/pages"}],"about":[{"href":"https:\/\/saprenovation.com\/pl\/wp-json\/wp\/v2\/types\/page"}],"author":[{"embeddable":true,"href":"https:\/\/saprenovation.com\/pl\/wp-json\/wp\/v2\/users\/1"}],"replies":[{"embeddable":true,"href":"https:\/\/saprenovation.com\/pl\/wp-json\/wp\/v2\/comments?post=348"}],"version-history":[{"count":177,"href":"https:\/\/saprenovation.com\/pl\/wp-json\/wp\/v2\/pages\/348\/revisions"}],"predecessor-version":[{"id":77344,"href":"https:\/\/saprenovation.com\/pl\/wp-json\/wp\/v2\/pages\/348\/revisions\/77344"}],"wp:attachment":[{"href":"https:\/\/saprenovation.com\/pl\/wp-json\/wp\/v2\/media?parent=348"}],"curies":[{"name":"wp","href":"https:\/\/api.w.org\/{rel}","templated":true}]}}