{"id":66423,"date":"2024-08-05T20:32:44","date_gmt":"2024-08-05T18:32:44","guid":{"rendered":"https:\/\/saprenovation.com\/nasze-prace\/nasprzedaz\/c-bechstein-7755-pl\/"},"modified":"2025-09-05T18:06:45","modified_gmt":"2025-09-05T16:06:45","slug":"c-bechstein-7755-pl","status":"publish","type":"product","link":"https:\/\/saprenovation.com\/it\/nasze-prace\/nasprzedaz\/c-bechstein-7755-pl\/","title":{"rendered":"C. Bechstein &#8211; 7755"},"content":{"rendered":"\n<h3 class=\"wp-block-heading\">Mobile<\/h3>\n\n\n\n<p>La cassa del pianoforte a coda \u00e8 stata rifinita con una lacca poliestere italiana di altissima qualit\u00e0 in un nero profondo.<br>Alcuni elementi del mobile, come la parte inferiore del grande coperchio, la barra di sostegno del coperchio, l\u2019asta di supporto, la fascia e il lato interno del copritastiera, sono stati rifiniti con una lacca poliestere italiana trasparente di altissima qualit\u00e0.<br>Questi elementi sono stati inoltre sottoposti a un processo di impiallacciatura decorativa, che ha conferito allo strumento carattere e unicit\u00e0.<\/p>\n\n\n\n<h3 class=\"wp-block-heading\">Acustica<\/h3>\n\n\n\n<ul class=\"wp-block-list\">\n<li>La tavola armonica \u00e8 stata restaurata e successivamente rivestita con una lacca italiana della pi\u00f9 alta qualit\u00e0.<\/li>\n\n\n\n<li>Sono state realizzate nuove cappe dei ponticelli dei bassi e degli acuti attraverso un processo di profilatura in quattro fasi di legno di faggio selezionato.<\/li>\n\n\n\n<li>Abbiamo installato corde di rinomati produttori: corde basse Heller e corde per il registro acuto R\u00f6slau, scalate individualmente e prodotte sulla base di misurazioni precise.<\/li>\n\n\n\n<li>\u00c8 stato inserito un nuovo blocco di piroli a cinque strati, realizzato con acero duro della pi\u00f9 alta qualit\u00e0 a venatura fitta. La sua struttura consente una foratura solida e uniforme, garantendo una maggiore stabilit\u00e0 dell\u2019accordatura.<\/li>\n\n\n\n<li>Il telaio in ghisa \u00e8 stato restaurato e la superficie del metallo \u00e8 stata rivestita con una lacca italiana della pi\u00f9 alta qualit\u00e0, scelta appositamente per la marca e il modello dello strumento.<\/li>\n<\/ul>\n\n\n\n<h3 class=\"wp-block-heading\">Meccanica<\/h3>\n\n\n\n<ul class=\"wp-block-list\">\n<li>La meccanica \u00e8 stata sottoposta a un restauro completo; martelli e steli sono stati sostituiti con nuovi componenti della ditta ABEL.<\/li>\n\n\n\n<li>Abbiamo effettuato una completa restaurazione della tastiera.<\/li>\n\n\n\n<li>Abbiamo sostituito i rivestimenti bianchi dei tasti con nuovi, realizzati in materiale Kluge Ivoplast della massima qualit\u00e0.<\/li>\n\n\n\n<li>Abbiamo realizzato una regolazione precisa della meccanica insieme alla tastiera.<\/li>\n\n\n\n<li>Lo strumento \u00e8 stato accordato otto volte e intonato da un tecnico certificato.<\/li>\n<\/ul>\n\n\n<style>#jtg-57390 .modula-item .jtg-social a, .lightbox-socials.jtg-social a{ fill: #ffffff; color: #ffffff }#jtg-57390 .modula-item .jtg-social-expandable a, #jtg-57390 .modula-item .jtg-social-expandable-icons a{ fill: #ffffff; color: #ffffff }#jtg-57390 .modula-item .jtg-social svg, .lightbox-socials.jtg-social svg { height: 16px; width: 16px }#jtg-57390 .modula-item .jtg-social-expandable svg { height: 16px; width: 16px }#jtg-57390 .modula-item .jtg-social-expandable-icons svg { height: 16px; width: 16px }#jtg-57390 .modula-item .jtg-social a:not(:last-child), .lightbox-socials.jtg-social a:not(:last-child) { margin-right: 10px }#jtg-57390 .modula-item .jtg-social-expandable-icons { gap: 10px }#jtg-57390 .modula-item .no-socials{ display:none; }#jtg-57390 .modula-item .figc {color:#ffffff;}#jtg-57390 .modula-item .modula-item-content { transform: scale(1); }#jtg-57390 { width:100%;}#jtg-57390 .modula-items{height:800px;}@media screen and (max-width: 992px) {#jtg-57390 .modula-items{height:800px;}}@media screen and (max-width: 768px) {#jtg-57390 .modula-items{height:800px;}}#jtg-57390 .modula-items .figc p.description { font-size:14px; }#jtg-57390 .modula-items .figc p.description { color:#ffffff;}#jtg-57390.modula-gallery .modula-item > a, #jtg-57390.modula-gallery .modula-item, #jtg-57390.modula-gallery .modula-item-content > a:not(.modula-no-follow) { cursor:zoom-in; } #jtg-57390.modula-gallery .modula-item-content .modula-no-follow { cursor: default; } #jtg-57390 .modula-item .modula-item-overlay, #jtg-57390 .modula-item.effect-layla, #jtg-57390  .modula-item.effect-ruby,#jtg-57390 .modula-item.effect-bubba,#jtg-57390 .modula-item.effect-sarah,#jtg-57390 .modula-item.effect-milo,#jtg-57390 .modula-item.effect-julia,#jtg-57390 .modula-item.effect-hera,#jtg-57390 .modula-item.effect-winston,#jtg-57390 .modula-item.effect-selena,#jtg-57390 .modula-item.effect-terry,#jtg-57390 .modula-item.effect-phoebe,#jtg-57390 .modula-item.effect-apollo{ background-color:#ffffff; }#jtg-57390  .modula-item.effect-oscar { background: -webkit-linear-gradient(45deg,#ffffff 0,#9b4a1b 40%,#ffffff 100%);background: linear-gradient(45deg,#ffffff 0,#9b4a1b 40%,#ffffff 100%);}#jtg-57390  .modula-item.effect-roxy {background: -webkit-linear-gradient(45deg,#ffffff 0,#05abe0 100%);background: linear-gradient(45deg,#ffffff 0,#05abe0 100%);}#jtg-57390 .modula-item.effect-dexter {background: -webkit-linear-gradient(top,#ffffff 0,rgba(104,60,19,1) 100%); background: linear-gradient(to bottom,#ffffff 0,rgba(104,60,19,1) 100%);}#jtg-57390  .modula-item.effect-jazz {background: -webkit-linear-gradient(-45deg,#ffffff 0,#f33f58 100%);background: linear-gradient(-45deg,#ffffff 0,#f33f58 100%);}#jtg-57390 .modula-item.effect-lexi {background: -webkit-linear-gradient(-45deg,#ffffff 0,#fff 100%);background: linear-gradient(-45deg,#ffffff 0,#fff 100%);}#jtg-57390 .modula-item.effect-duke {background: -webkit-linear-gradient(-45deg,#ffffff 0,#cc6055 100%);background: linear-gradient(-45deg,#ffffff 0,#cc6055 100%);}#jtg-57390 .modula-item.effect-ming .figc::before {border: 2px solid #ffffff; box-shadow: 0 0 0 100vmax rgba(255,255,255,0.5);}#jtg-57390 .modula-item:hover img { opacity: 0.5; }#jtg-57390 .jtg-title {font-weight:400; }#jtg-57390 p.description {font-weight:normal; }#jtg-57390:not(.modula-loaded-scale)  .modula-item .modula-item-content { transform: scale(1) translate(0px,0px) rotate(0deg); }#jtg-57390:not(.modula-loaded-scale)  .modula-item.effect-under .modula-item-image-continer { transform: scale(1) translate(0px,0px) rotate(0deg); }@keyframes modulaScaling { 0% {transform: scale(1) translate(0px,p0x) rotate(0deg);} 50%{transform: scale(1) translate(0px,0px) rotate(0deg);}100%{transform: scale(1) translate(0px,p0x) rotate(0deg);}}#jtg-57390.modula-gallery .modula-item.effect-terry .jtg-social a:not(:last-child){margin-bottom:10px;}.modula-fancybox-container.modula-lightbox-jtg-57390 .modula-fancybox-caption .modula-fancybox-caption__body, .modula-fancybox-container.modula-lightbox-jtg-57390 .modula-fancybox-caption .modula-fancybox-caption__body p {text-align:left}html body .modula.modula-columns .modula-items.grid-gallery .modula-item.effect-under .modula-item-content { height:auto;}@media all and (max-width: 768px) { .modula-gallery .modula-item.effect-under.modula-caption-effect-item.jg-entry { margin-top: 10px; } }#jtg-57390 .modula-item.effect-under .modula-item-image-continer { transform: scale(1) }.modula-fancybox-container.modula-lightbox-jtg-57390 .fancybox__caption {align-self:flex-start}.modula-best-grid-gallery .modula-fancybox-container.modula-lightbox-jtg-57390 {--fancybox-bg:#ffffff;--fancybox-opacity:1 !important;}.modula-fancybox-container.modula-lightbox-jtg-57390 .fancybox__caption {align-self:flex-start}@media screen and (max-width:480px){#jtg-57390 .modula-item .figc .jtg-title {  font-size: 12px; }#jtg-57390 .modula-items .figc p.description { color:#ffffff;font-size:10px; }}<\/style>\n<div  id=\"jtg-57390\" class=\"modula modula-gallery modula-creative-gallery\" data-config=\"{&quot;height&quot;:800,&quot;tabletHeight&quot;:800,&quot;mobileHeight&quot;:800,&quot;desktopHeight&quot;:800,&quot;enableTwitter&quot;:false,&quot;enableWhatsapp&quot;:false,&quot;enableFacebook&quot;:false,&quot;enablePinterest&quot;:false,&quot;enableLinkedin&quot;:false,&quot;enableEmail&quot;:false,&quot;randomFactor&quot;:0.5,&quot;type&quot;:&quot;creative-gallery&quot;,&quot;columns&quot;:12,&quot;gutter&quot;:10,&quot;mobileGutter&quot;:10,&quot;tabletGutter&quot;:10,&quot;desktopGutter&quot;:10,&quot;enableResponsive&quot;:&quot;0&quot;,&quot;tabletColumns&quot;:2,&quot;mobileColumns&quot;:1,&quot;lazyLoad&quot;:0,&quot;lightboxOpts&quot;:{&quot;animated&quot;:true,&quot;Thumbs&quot;:{&quot;type&quot;:&quot;modern&quot;,&quot;showOnStart&quot;:false,&quot;position&quot;:&quot;bottom&quot;},&quot;Toolbar&quot;:{&quot;display&quot;:{&quot;right&quot;:[&quot;fullscreen&quot;,&quot;zoomIn&quot;,&quot;zoomOut&quot;,&quot;close&quot;],&quot;left&quot;:[&quot;infobar&quot;]},&quot;enabled&quot;:true},&quot;Carousel&quot;:{&quot;Panzoom&quot;:{&quot;touch&quot;:true},&quot;infinite&quot;:false,&quot;transition&quot;:&quot;fade&quot;},&quot;keyboard&quot;:{&quot;Escape&quot;:&quot;close&quot;,&quot;Delete&quot;:&quot;close&quot;,&quot;Backspace&quot;:&quot;close&quot;,&quot;PageUp&quot;:&quot;next&quot;,&quot;PageDown&quot;:&quot;prev&quot;,&quot;ArrowUp&quot;:&quot;prev&quot;,&quot;ArrowDown&quot;:&quot;next&quot;,&quot;ArrowRight&quot;:&quot;next&quot;,&quot;ArrowLeft&quot;:&quot;prev&quot;},&quot;touch&quot;:{&quot;vertical&quot;:true,&quot;momentum&quot;:true},&quot;backdropClick&quot;:false,&quot;l10n&quot;:{&quot;CLOSE&quot;:&quot;Close&quot;,&quot;NEXT&quot;:&quot;Next&quot;,&quot;PREV&quot;:&quot;Previous&quot;,&quot;Error&quot;:&quot;The requested content cannot be loaded. Please try again later.&quot;,&quot;PLAY_START&quot;:&quot;Start slideshow&quot;,&quot;PLAY_STOP&quot;:&quot;Pause slideshow&quot;,&quot;FULL_SCREEN&quot;:&quot;Full screen&quot;,&quot;THUMBS&quot;:&quot;Thumbnails&quot;,&quot;DOWNLOAD&quot;:&quot;Download&quot;,&quot;SHARE&quot;:&quot;Share&quot;,&quot;ZOOM&quot;:&quot;Zoom&quot;,&quot;EMAIL&quot;:&quot;Here is the link to the image : %%image_link%% and this is the link to the gallery : %%gallery_link%%&quot;,&quot;MODAL&quot;:&quot;You can close this modal content with the ESC key&quot;,&quot;ERROR&quot;:&quot;Something Went Wrong, Please Try Again Later&quot;,&quot;IMAGE_ERROR&quot;:&quot;Image Not Found&quot;,&quot;ELEMENT_NOT_FOUND&quot;:&quot;HTML Element Not Found&quot;,&quot;AJAX_NOT_FOUND&quot;:&quot;Error Loading AJAX : Not Found&quot;,&quot;AJAX_FORBIDDEN&quot;:&quot;Error Loading AJAX : Forbidden&quot;,&quot;IFRAME_ERROR&quot;:&quot;Error Loading Page&quot;,&quot;TOGGLE_ZOOM&quot;:&quot;Toggle zoom level&quot;,&quot;TOGGLE_THUMBS&quot;:&quot;Toggle thumbnails&quot;,&quot;TOGGLE_SLIDESHOW&quot;:&quot;Toggle slideshow&quot;,&quot;TOGGLE_FULLSCREEN&quot;:&quot;Toggle full-screen mode&quot;},&quot;Images&quot;:{&quot;Panzoom&quot;:{&quot;maxScale&quot;:2}},&quot;toolbar&quot;:true,&quot;wheel&quot;:false,&quot;animationEffect&quot;:&quot;false&quot;,&quot;transitionEffect&quot;:&quot;fade&quot;,&quot;Fullscreen&quot;:{&quot;autoStart&quot;:true},&quot;mainClass&quot;:&quot;modula-fancybox-container modula-lightbox-jtg-57390&quot;,&quot;Html&quot;:{&quot;videoAutoplay&quot;:0,&quot;videoTpl&quot;:&quot;&lt;video class=\\&quot;fancybox__html5video\\&quot; controls muted playsinline controlsList controlsList=\\&quot;nodownload\\&quot; poster=\\&quot;{{poster}}\\&quot; src=\\&quot;{{src}}\\&quot; type=\\&quot;{{format}}\\&quot; &gt;  Sorry, your browser doesn&#039;t support embedded videos, &lt;a href=\\&quot;{{src}}\\&quot;&gt; download &lt;\\\/a&gt; and watch with your favorite video player! &lt;\\\/video&gt;&quot;}},&quot;inView&quot;:false,&quot;email_subject&quot;:&quot;Sprawd\\u017a ten niesamowity obrazek!&quot;,&quot;email_message&quot;:&quot;Oto odno\\u015bnik do obrazku: %%image_link%%, a to odno\\u015bnik do galerii: %%gallery_link%%&quot;,&quot;lightbox&quot;:&quot;fancybox&quot;,&quot;filterClick&quot;:&quot;0&quot;,&quot;dropdownFilters&quot;:&quot;0&quot;,&quot;defaultActiveFilter&quot;:&quot;all&quot;,&quot;initLightbox&quot;:&quot;modula_pro_init_lightbox&quot;,&quot;haveFilters&quot;:0,&quot;lightbox_devices&quot;:&quot;both&quot;}\">\n\n\t\n\t<div  class=\"modula-items\">\n\t\t<div class=\"modula-item effect-pufrobo jtg-filter-all jtg-filter-\" >\n\t<div class=\"modula-item-overlay\"><\/div>\n\n\t<div class=\"modula-item-content\">\n\n\t\t\t\t\n\t\t\t\t\t<a role=\"button\" tabindex=\"0\" rel=\"jtg-57390\" data-caption=\"\" aria-label=\"Open image in lightbox\" data-thumb=\"https:\/\/wp-modula.b-cdn.net\/spai\/q_lossless,ret_img,w_150,h_150\/https:\/\/saprenovation.com\/wp-content\/uploads\/2024\/08\/Obudowa1-SAP7755-150x150.jpg\" class=\"tile-inner modula-item-link\"><\/a>\n\t\t\n\t\t<img loading=\"lazy\" decoding=\"async\" class=\"pic wp-image-58084\"  data-valign=\"middle\" data-halign=\"center\" alt=\"Fortepian koncertowy C. Bechstein Premium Art Edition czarny z drewnianymi i z\u0142otymi detalami.\" data-full=\"https:\/\/wp-modula.b-cdn.net\/spai\/q_lossless,ret_img\/https:\/\/saprenovation.com\/wp-content\/uploads\/2024\/08\/Obudowa1-SAP7755.jpg\" title=\"Fortepian koncertowy C. Bechstein Premium Art Edition z otwart\u0105 pokryw\u0105\" width=\"300\" height=\"200\" src=\"https:\/\/wp-modula.b-cdn.net\/spai\/q_lossless,ret_img,w_300,h_200\/https:\/\/saprenovation.com\/wp-content\/uploads\/2024\/08\/Obudowa1-SAP7755-300x200.jpg\" data-src=\"https:\/\/wp-modula.b-cdn.net\/spai\/q_lossless,ret_img,w_300,h_200\/https:\/\/saprenovation.com\/wp-content\/uploads\/2024\/08\/Obudowa1-SAP7755-300x200.jpg\" data-caption=\"Fortepian koncertowy marki C. Bechstein z otwart\u0105 pokryw\u0105, czarna obudowa z drewnianymi elementami o naturalnym wyko\u0144czeniu i z\u0142otymi detalami, oznaczony jako Premium Art Edition.\" srcset=\"https:\/\/saprenovation.com\/wp-content\/uploads\/2024\/08\/Obudowa1-SAP7755-300x200.jpg 300w, https:\/\/saprenovation.com\/wp-content\/uploads\/2024\/08\/Obudowa1-SAP7755-600x400.jpg 600w, https:\/\/saprenovation.com\/wp-content\/uploads\/2024\/08\/Obudowa1-SAP7755-1024x683.jpg 1024w, https:\/\/saprenovation.com\/wp-content\/uploads\/2024\/08\/Obudowa1-SAP7755-768x512.jpg 768w, https:\/\/saprenovation.com\/wp-content\/uploads\/2024\/08\/Obudowa1-SAP7755-1536x1024.jpg 1536w, https:\/\/saprenovation.com\/wp-content\/uploads\/2024\/08\/Obudowa1-SAP7755.jpg 1920w\" sizes=\"auto, (max-width: 300px) 100vw, 300px\" \/>\n\t\t<div class=\"figc\">\n\t\t\t<div class=\"figc-inner\">\n\t\t\t\t\t\t\t\t\t\t\t\t\t\t\t<\/div>\n\t\t<\/div>\n\n\t<\/div>\n\n<\/div>\t\t\n\t<\/div>\n\n\t\n\t\n\t<script type=\"application\/ld+json\">\n\t{\n\t\t\"@context\": \"http:\/\/schema.org\",\n\t\t\"@type\"   : \"ImageGallery\",\n\t\t\"id\"      : \"https:\/\/saprenovation.com\/it\/nasze-prace\/nasprzedaz\/c-bechstein-7755-pl\/\",\n\t\t\"url\"     : \"https:\/\/saprenovation.com\/it\/nasze-prace\/nasprzedaz\/c-bechstein-7755-pl\/\"\n\t}\n\n\t<\/script>\n\n\t\n<\/div>\n\n\n\n\n<figure class=\"wp-block-embed is-type-video is-provider-youtube wp-block-embed-youtube wp-embed-aspect-16-9 wp-has-aspect-ratio\"><div class=\"wp-block-embed__wrapper\">\n<iframe loading=\"lazy\" title=\"BECHSTEIN -280 Cm SAP RENOVATION  7755 AUDIO DEMO I\" width=\"500\" height=\"281\" src=\"https:\/\/www.youtube.com\/embed\/xHIV5AQrz-U?feature=oembed\" frameborder=\"0\" allow=\"accelerometer; autoplay; clipboard-write; encrypted-media; gyroscope; picture-in-picture; web-share\" referrerpolicy=\"strict-origin-when-cross-origin\" allowfullscreen><\/iframe>\n<\/div><\/figure>\n","protected":false},"excerpt":{"rendered":"<p>Mobile La cassa del pianoforte a coda \u00e8 stata rifinita con una lacca poliestere italiana di altissima qualit\u00e0 in un nero profondo.Alcuni elementi del mobile, come la parte inferiore&#8230;<\/p>\n","protected":false},"featured_media":58088,"template":"","meta":[],"product_cat":[91],"product_tag":[],"class_list":{"0":"post-66423","1":"product","2":"type-product","3":"status-publish","4":"has-post-thumbnail","6":"product_cat-c-bechstein-it","8":"first","9":"instock","10":"shipping-taxable","11":"product-type-simple"},"yoast_head":"<!-- This site is optimized with the Yoast SEO plugin v26.1.1 - https:\/\/yoast.com\/wordpress\/plugins\/seo\/ -->\n<title>Fortepian C. Bechstein \u2013 7755 | Fortepiany na sprzeda\u017c<\/title>\n<meta name=\"description\" content=\"Marzysz o fortepianie C. Bechstein 7755? Ten model z 1943 l\u015bni czerni\u0105 i zachwyca brzmieniem. Inwestycja w pi\u0119kno i kunszt. Sprawd\u017a!\" \/>\n<meta name=\"robots\" content=\"index, follow, max-snippet:-1, max-image-preview:large, max-video-preview:-1\" \/>\n<link rel=\"canonical\" href=\"https:\/\/saprenovation.com\/it\/nasze-prace\/nasprzedaz\/c-bechstein-7755-pl\/\" \/>\n<meta property=\"og:locale\" content=\"it_IT\" \/>\n<meta property=\"og:type\" content=\"article\" \/>\n<meta property=\"og:title\" content=\"Fortepian C. Bechstein \u2013 7755 | Fortepiany na sprzeda\u017c\" \/>\n<meta property=\"og:description\" content=\"Marzysz o fortepianie C. Bechstein 7755? Ten model z 1943 l\u015bni czerni\u0105 i zachwyca brzmieniem. Inwestycja w pi\u0119kno i kunszt. Sprawd\u017a!\" \/>\n<meta property=\"og:url\" content=\"https:\/\/saprenovation.com\/it\/nasze-prace\/nasprzedaz\/c-bechstein-7755-pl\/\" \/>\n<meta property=\"og:site_name\" content=\"SAP Renovation\" \/>\n<meta property=\"article:publisher\" content=\"https:\/\/www.facebook.com\/saprenovation\/\" \/>\n<meta property=\"article:modified_time\" content=\"2025-09-05T16:06:45+00:00\" \/>\n<meta property=\"og:image\" content=\"https:\/\/saprenovation.com\/wp-content\/uploads\/2024\/08\/Obudowa1-SAP7755.jpg\" \/>\n\t<meta property=\"og:image:width\" content=\"1920\" \/>\n\t<meta property=\"og:image:height\" content=\"1280\" \/>\n\t<meta property=\"og:image:type\" content=\"image\/jpeg\" \/>\n<meta name=\"twitter:card\" content=\"summary_large_image\" \/>\n<meta name=\"twitter:label1\" content=\"Tempo di lettura stimato\" \/>\n\t<meta name=\"twitter:data1\" content=\"2 minuti\" \/>\n<script type=\"application\/ld+json\" class=\"yoast-schema-graph\">{\"@context\":\"https:\/\/schema.org\",\"@graph\":[{\"@type\":\"WebPage\",\"@id\":\"https:\/\/saprenovation.com\/it\/nasze-prace\/nasprzedaz\/c-bechstein-7755-pl\/\",\"url\":\"https:\/\/saprenovation.com\/it\/nasze-prace\/nasprzedaz\/c-bechstein-7755-pl\/\",\"name\":\"Fortepian C. Bechstein \u2013 7755 | Fortepiany na sprzeda\u017c\",\"isPartOf\":{\"@id\":\"https:\/\/saprenovation.com\/it\/#website\"},\"primaryImageOfPage\":{\"@id\":\"https:\/\/saprenovation.com\/it\/nasze-prace\/nasprzedaz\/c-bechstein-7755-pl\/#primaryimage\"},\"image\":{\"@id\":\"https:\/\/saprenovation.com\/it\/nasze-prace\/nasprzedaz\/c-bechstein-7755-pl\/#primaryimage\"},\"thumbnailUrl\":\"https:\/\/saprenovation.com\/wp-content\/uploads\/2024\/08\/Obudowa1-SAP7755.jpg\",\"datePublished\":\"2024-08-05T18:32:44+00:00\",\"dateModified\":\"2025-09-05T16:06:45+00:00\",\"description\":\"Marzysz o fortepianie C. Bechstein 7755? Ten model z 1943 l\u015bni czerni\u0105 i zachwyca brzmieniem. Inwestycja w pi\u0119kno i kunszt. Sprawd\u017a!\",\"breadcrumb\":{\"@id\":\"https:\/\/saprenovation.com\/it\/nasze-prace\/nasprzedaz\/c-bechstein-7755-pl\/#breadcrumb\"},\"inLanguage\":\"it-IT\",\"potentialAction\":[{\"@type\":\"ReadAction\",\"target\":[\"https:\/\/saprenovation.com\/it\/nasze-prace\/nasprzedaz\/c-bechstein-7755-pl\/\"]}]},{\"@type\":\"ImageObject\",\"inLanguage\":\"it-IT\",\"@id\":\"https:\/\/saprenovation.com\/it\/nasze-prace\/nasprzedaz\/c-bechstein-7755-pl\/#primaryimage\",\"url\":\"https:\/\/saprenovation.com\/wp-content\/uploads\/2024\/08\/Obudowa1-SAP7755.jpg\",\"contentUrl\":\"https:\/\/saprenovation.com\/wp-content\/uploads\/2024\/08\/Obudowa1-SAP7755.jpg\",\"width\":1920,\"height\":1280,\"caption\":\"Fortepian marki Bechstein po kompletnej renowacji wykonanej przez naszych technik\u00f3w. Pokryty czarnym lakierem poliestrowym o wysokim po\u0142ysku oraz zdobiony oklein\u0105 ozdobn\u0105.\"},{\"@type\":\"BreadcrumbList\",\"@id\":\"https:\/\/saprenovation.com\/it\/nasze-prace\/nasprzedaz\/c-bechstein-7755-pl\/#breadcrumb\",\"itemListElement\":[{\"@type\":\"ListItem\",\"position\":1,\"name\":\"SAP Renovation\",\"item\":\"https:\/\/saprenovation.com\/it\/\"},{\"@type\":\"ListItem\",\"position\":2,\"name\":\"Negozio\",\"item\":\"https:\/\/saprenovation.com\/it\/negozio\/\"},{\"@type\":\"ListItem\",\"position\":3,\"name\":\"C. Bechstein &#8211; 7755\"}]},{\"@type\":\"WebSite\",\"@id\":\"https:\/\/saprenovation.com\/it\/#website\",\"url\":\"https:\/\/saprenovation.com\/it\/\",\"name\":\"SAP Renovation\",\"description\":\"The finest European piano restoration\",\"publisher\":{\"@id\":\"https:\/\/saprenovation.com\/it\/#organization\"},\"potentialAction\":[{\"@type\":\"SearchAction\",\"target\":{\"@type\":\"EntryPoint\",\"urlTemplate\":\"https:\/\/saprenovation.com\/it\/?s={search_term_string}\"},\"query-input\":{\"@type\":\"PropertyValueSpecification\",\"valueRequired\":true,\"valueName\":\"search_term_string\"}}],\"inLanguage\":\"it-IT\"},{\"@type\":\"Organization\",\"@id\":\"https:\/\/saprenovation.com\/it\/#organization\",\"name\":\"SAP Renovation\",\"url\":\"https:\/\/saprenovation.com\/it\/\",\"logo\":{\"@type\":\"ImageObject\",\"inLanguage\":\"it-IT\",\"@id\":\"https:\/\/saprenovation.com\/it\/#\/schema\/logo\/image\/\",\"url\":\"https:\/\/saprenovation.com\/wp-content\/uploads\/2024\/04\/xlogo.png.pagespeed.ic_.pCcv2wiNk5.webp\",\"contentUrl\":\"https:\/\/saprenovation.com\/wp-content\/uploads\/2024\/04\/xlogo.png.pagespeed.ic_.pCcv2wiNk5.webp\",\"width\":112,\"height\":96,\"caption\":\"SAP Renovation\"},\"image\":{\"@id\":\"https:\/\/saprenovation.com\/it\/#\/schema\/logo\/image\/\"},\"sameAs\":[\"https:\/\/www.facebook.com\/saprenovation\/\"]}]}<\/script>\n<!-- \/ Yoast SEO plugin. -->","yoast_head_json":{"title":"Fortepian C. Bechstein \u2013 7755 | Fortepiany na sprzeda\u017c","description":"Marzysz o fortepianie C. Bechstein 7755? Ten model z 1943 l\u015bni czerni\u0105 i zachwyca brzmieniem. Inwestycja w pi\u0119kno i kunszt. Sprawd\u017a!","robots":{"index":"index","follow":"follow","max-snippet":"max-snippet:-1","max-image-preview":"max-image-preview:large","max-video-preview":"max-video-preview:-1"},"canonical":"https:\/\/saprenovation.com\/it\/nasze-prace\/nasprzedaz\/c-bechstein-7755-pl\/","og_locale":"it_IT","og_type":"article","og_title":"Fortepian C. Bechstein \u2013 7755 | Fortepiany na sprzeda\u017c","og_description":"Marzysz o fortepianie C. Bechstein 7755? Ten model z 1943 l\u015bni czerni\u0105 i zachwyca brzmieniem. Inwestycja w pi\u0119kno i kunszt. Sprawd\u017a!","og_url":"https:\/\/saprenovation.com\/it\/nasze-prace\/nasprzedaz\/c-bechstein-7755-pl\/","og_site_name":"SAP Renovation","article_publisher":"https:\/\/www.facebook.com\/saprenovation\/","article_modified_time":"2025-09-05T16:06:45+00:00","og_image":[{"width":1920,"height":1280,"url":"https:\/\/saprenovation.com\/wp-content\/uploads\/2024\/08\/Obudowa1-SAP7755.jpg","type":"image\/jpeg"}],"twitter_card":"summary_large_image","twitter_misc":{"Tempo di lettura stimato":"2 minuti"},"schema":{"@context":"https:\/\/schema.org","@graph":[{"@type":"WebPage","@id":"https:\/\/saprenovation.com\/it\/nasze-prace\/nasprzedaz\/c-bechstein-7755-pl\/","url":"https:\/\/saprenovation.com\/it\/nasze-prace\/nasprzedaz\/c-bechstein-7755-pl\/","name":"Fortepian C. Bechstein \u2013 7755 | Fortepiany na sprzeda\u017c","isPartOf":{"@id":"https:\/\/saprenovation.com\/it\/#website"},"primaryImageOfPage":{"@id":"https:\/\/saprenovation.com\/it\/nasze-prace\/nasprzedaz\/c-bechstein-7755-pl\/#primaryimage"},"image":{"@id":"https:\/\/saprenovation.com\/it\/nasze-prace\/nasprzedaz\/c-bechstein-7755-pl\/#primaryimage"},"thumbnailUrl":"https:\/\/saprenovation.com\/wp-content\/uploads\/2024\/08\/Obudowa1-SAP7755.jpg","datePublished":"2024-08-05T18:32:44+00:00","dateModified":"2025-09-05T16:06:45+00:00","description":"Marzysz o fortepianie C. Bechstein 7755? Ten model z 1943 l\u015bni czerni\u0105 i zachwyca brzmieniem. Inwestycja w pi\u0119kno i kunszt. Sprawd\u017a!","breadcrumb":{"@id":"https:\/\/saprenovation.com\/it\/nasze-prace\/nasprzedaz\/c-bechstein-7755-pl\/#breadcrumb"},"inLanguage":"it-IT","potentialAction":[{"@type":"ReadAction","target":["https:\/\/saprenovation.com\/it\/nasze-prace\/nasprzedaz\/c-bechstein-7755-pl\/"]}]},{"@type":"ImageObject","inLanguage":"it-IT","@id":"https:\/\/saprenovation.com\/it\/nasze-prace\/nasprzedaz\/c-bechstein-7755-pl\/#primaryimage","url":"https:\/\/saprenovation.com\/wp-content\/uploads\/2024\/08\/Obudowa1-SAP7755.jpg","contentUrl":"https:\/\/saprenovation.com\/wp-content\/uploads\/2024\/08\/Obudowa1-SAP7755.jpg","width":1920,"height":1280,"caption":"Fortepian marki Bechstein po kompletnej renowacji wykonanej przez naszych technik\u00f3w. Pokryty czarnym lakierem poliestrowym o wysokim po\u0142ysku oraz zdobiony oklein\u0105 ozdobn\u0105."},{"@type":"BreadcrumbList","@id":"https:\/\/saprenovation.com\/it\/nasze-prace\/nasprzedaz\/c-bechstein-7755-pl\/#breadcrumb","itemListElement":[{"@type":"ListItem","position":1,"name":"SAP Renovation","item":"https:\/\/saprenovation.com\/it\/"},{"@type":"ListItem","position":2,"name":"Negozio","item":"https:\/\/saprenovation.com\/it\/negozio\/"},{"@type":"ListItem","position":3,"name":"C. Bechstein &#8211; 7755"}]},{"@type":"WebSite","@id":"https:\/\/saprenovation.com\/it\/#website","url":"https:\/\/saprenovation.com\/it\/","name":"SAP Renovation","description":"The finest European piano restoration","publisher":{"@id":"https:\/\/saprenovation.com\/it\/#organization"},"potentialAction":[{"@type":"SearchAction","target":{"@type":"EntryPoint","urlTemplate":"https:\/\/saprenovation.com\/it\/?s={search_term_string}"},"query-input":{"@type":"PropertyValueSpecification","valueRequired":true,"valueName":"search_term_string"}}],"inLanguage":"it-IT"},{"@type":"Organization","@id":"https:\/\/saprenovation.com\/it\/#organization","name":"SAP Renovation","url":"https:\/\/saprenovation.com\/it\/","logo":{"@type":"ImageObject","inLanguage":"it-IT","@id":"https:\/\/saprenovation.com\/it\/#\/schema\/logo\/image\/","url":"https:\/\/saprenovation.com\/wp-content\/uploads\/2024\/04\/xlogo.png.pagespeed.ic_.pCcv2wiNk5.webp","contentUrl":"https:\/\/saprenovation.com\/wp-content\/uploads\/2024\/04\/xlogo.png.pagespeed.ic_.pCcv2wiNk5.webp","width":112,"height":96,"caption":"SAP Renovation"},"image":{"@id":"https:\/\/saprenovation.com\/it\/#\/schema\/logo\/image\/"},"sameAs":["https:\/\/www.facebook.com\/saprenovation\/"]}]}},"_links":{"self":[{"href":"https:\/\/saprenovation.com\/it\/wp-json\/wp\/v2\/product\/66423","targetHints":{"allow":["GET"]}}],"collection":[{"href":"https:\/\/saprenovation.com\/it\/wp-json\/wp\/v2\/product"}],"about":[{"href":"https:\/\/saprenovation.com\/it\/wp-json\/wp\/v2\/types\/product"}],"wp:featuredmedia":[{"embeddable":true,"href":"https:\/\/saprenovation.com\/it\/wp-json\/wp\/v2\/media\/58088"}],"wp:attachment":[{"href":"https:\/\/saprenovation.com\/it\/wp-json\/wp\/v2\/media?parent=66423"}],"wp:term":[{"taxonomy":"product_cat","embeddable":true,"href":"https:\/\/saprenovation.com\/it\/wp-json\/wp\/v2\/product_cat?post=66423"},{"taxonomy":"product_tag","embeddable":true,"href":"https:\/\/saprenovation.com\/it\/wp-json\/wp\/v2\/product_tag?post=66423"}],"curies":[{"name":"wp","href":"https:\/\/api.w.org\/{rel}","templated":true}]}}