{"id":58820,"date":"2024-04-08T13:50:50","date_gmt":"2024-04-08T11:50:50","guid":{"rendered":"https:\/\/saprenovation.com\/akcesoria\/"},"modified":"2025-10-08T18:00:42","modified_gmt":"2025-10-08T16:00:42","slug":"akcesoria","status":"publish","type":"page","link":"https:\/\/saprenovation.com\/it\/akcesoria\/","title":{"rendered":"Accessori"},"content":{"rendered":"\n<div class=\"wp-block-group is-layout-constrained wp-block-group-is-layout-constrained\">\n<div class=\"wp-block-columns is-layout-flex wp-container-core-columns-is-layout-28f84493 wp-block-columns-is-layout-flex\">\n<div class=\"wp-block-column is-layout-flow wp-block-column-is-layout-flow\" style=\"flex-basis:65%\">\n<div style=\"background-image:url(&#039;https:\/\/saprenovation.com\/wp-content\/uploads\/2024\/08\/a6.jpg&#039;);background-position:50% 0;background-size:cover;\" class=\"wp-block-group box_relative is-layout-constrained wp-block-group-is-layout-constrained has-background\">\n<div style=\"background: #fff;width: 200px;position: absolute;right: -2px;top: -1px;clip-path: polygon(95% 0, 100% 0%, 100% 100%, 0% 100%);bottom: -1px;\"><\/div>\n<\/div>\n<\/div>\n\n\n\n<div class=\"wp-block-column is-vertically-aligned-center is-style-default is-layout-flow wp-block-column-is-layout-flow\">\n<h3 class=\"wp-block-heading\" style=\"text-transform: uppercase;\">Album fotografico<\/h3>\n\n\n\n<p >Presenta la storia del restauro del tuo strumento perpetuandolo nella moderna, permanente e unica forma.\n\nLe foto dello strumento hanno una eccezionale e personalizzata grafica.\n\nL\u2019album viene stampato in tecnologia digitale con una qualit\u00e0 estrema dell\u2019immagine. Le carte sono eseguite in plastica speciale che non si ondeggia.\n\nDalle dimensione del album e materiale in cui incorniciato sar\u00e0 l\u2019album decide il cliente. Abbiamo infissi nelle misure: 20x20cm o 30\u00d730 cm. Il materiale utilizzato per infisi pu\u00f2 essere in pelle artificiale o vera.<\/p>\n<\/div>\n<\/div>\n<\/div>\n\n\n\n<div class=\"wp-block-group rab_text_left is-layout-constrained wp-block-group-is-layout-constrained\">\n<div class=\"wp-block-columns is-layout-flex wp-container-core-columns-is-layout-28f84493 wp-block-columns-is-layout-flex\">\n<div class=\"wp-block-column is-vertically-aligned-center rab_text_left is-layout-flow wp-block-column-is-layout-flow\" style=\"padding-left:var(--wp--preset--spacing--80)\">\n<h3 class=\"wp-block-heading\" style=\"text-transform: uppercase;\n\nmargin-left:10px;\">Piano Disc<\/h3>\n\n\n\n<p>Prossimamente l\u2019offerta sar\u00e0 presentata sul nostro sito web.<\/p>\n<\/div>\n\n\n\n<div class=\"wp-block-column is-layout-flow wp-block-column-is-layout-flow\" style=\"flex-basis:65%\">\n<div style=\"background-image:url(&#039;https:\/\/saprenovation.com\/wp-content\/uploads\/2024\/08\/pd1.jpg&#039;);background-position:50% 0;background-size:cover;\" class=\"wp-block-group box_relative is-layout-constrained wp-block-group-is-layout-constrained has-background\">\n<div style=\"background: #fff;width: 200px;position: absolute;left: -2px;top: -1px;clip-path: polygon(0 0, 95% 0, 0% 100%, 0 100%);bottom: -1px;\"><\/div>\n<\/div>\n<\/div>\n<\/div>\n<\/div>\n\n\n\n<div class=\"wp-block-group is-layout-constrained wp-block-group-is-layout-constrained\">\n<div class=\"wp-block-columns is-layout-flex wp-container-core-columns-is-layout-28f84493 wp-block-columns-is-layout-flex\">\n<div class=\"wp-block-column is-layout-flow wp-block-column-is-layout-flow\" style=\"flex-basis:65%\">\n<div style=\"background-image:url(&#039;https:\/\/saprenovation.com\/wp-content\/uploads\/2024\/08\/5ff-_MG_7002-copy-scaled.jpg&#039;);background-position:50% 0;background-size:cover;\" class=\"wp-block-group box_relative is-layout-constrained wp-block-group-is-layout-constrained has-background\">\n<div style=\"background: #fff;width: 200px;position: absolute;right: -2px;top: -1px;clip-path: polygon(95% 0, 100% 0%, 100% 100%, 0% 100%);bottom: -1px;\"><\/div>\n<\/div>\n<\/div>\n\n\n\n<div class=\"wp-block-column is-vertically-aligned-center is-style-default is-layout-flow wp-block-column-is-layout-flow\">\n<h3 class=\"wp-block-heading\" style=\"text-transform: uppercase;\">Silent System<\/h3>\n\n\n\n<p >Abbiamo il piacere di presentarvi un pianoforte verticale Arion, dopo il restauro completo nella nostra ditta.\n\nAl pianoforte verticale abbiamo montato il Sistema Silent di Bolan.\n\nSi tratta di un dispositivo che permette di cambiare classico, acustico strumento in un moderno sistema elettronico dando la possibilit\u00e0 di scegliere tra molti suoni, dalla percussione, attraverso il pianoforte, finendo sulla chitarra.\n\n<\/p>\n<\/div>\n<\/div>\n<\/div>\n\n\n\n<div class=\"wp-block-group rab_text_left is-layout-constrained wp-block-group-is-layout-constrained\">\n<div class=\"wp-block-columns is-layout-flex wp-container-core-columns-is-layout-28f84493 wp-block-columns-is-layout-flex\">\n<div class=\"wp-block-column is-vertically-aligned-center rab_text_left is-layout-flow wp-block-column-is-layout-flow\" style=\"padding-left:var(--wp--preset--spacing--80)\">\n<h3 class=\"wp-block-heading\" style=\"text-transform: uppercase;\nmargin-left:10px;\n\">Ruote del trasporto- modello \u201cRagno<\/h3>\n\n\n\n<p>Prenditi cura delle ruote dello strumento durante il trasporto.\n\nAbbiamo il piacere di offrirvi le ruote del trasporto per pianoforte a coda \u2013 modello \u201cRAGNO\u201d con il freno.\n\nOltre a proteggere le ruote in ottone o le ruote in acciaio, questo elemento protegge la superficie su quale lo strumento viene spostato.\n\nSPECIFICHE DEL PRODOTTO:\n\nrivestito dal feltro morbido\nRuote in poliuretano\nPianoforte che e in piedi sulle ruote aumenta la sua altezza di 1,5- 2 cm\nColore: Nero\nIn completo 3 ruote\nCapacit\u00e0: 300 kg \/ per pezzo<\/p>\n<\/div>\n\n\n\n<div class=\"wp-block-column is-layout-flow wp-block-column-is-layout-flow\" style=\"flex-basis:65%\">\n<div style=\"background-image:url(&#039;https:\/\/saprenovation.com\/wp-content\/uploads\/2024\/08\/r2.jpg&#039;);background-position:50% 0;background-size:cover;\" class=\"wp-block-group box_relative is-layout-constrained wp-block-group-is-layout-constrained has-background\">\n<div style=\"background: #fff;width: 200px;position: absolute;left: -2px;top: -1px;clip-path: polygon(0 0, 95% 0, 0% 100%, 0 100%);bottom: -1px;\"><\/div>\n<\/div>\n<\/div>\n<\/div>\n<\/div>\n\n\n\n<div class=\"wp-block-group is-layout-constrained wp-block-group-is-layout-constrained\">\n<div class=\"wp-block-columns is-layout-flex wp-container-core-columns-is-layout-28f84493 wp-block-columns-is-layout-flex\">\n<div class=\"wp-block-column is-layout-flow wp-block-column-is-layout-flow\" style=\"flex-basis:65%\">\n<div style=\"background-image:url(&#039;https:\/\/saprenovation.com\/wp-content\/uploads\/2024\/08\/4f-_MG_4993-copy-scaled.jpg&#039;);background-position:42% 49%;background-size:cover;\" class=\"wp-block-group box_relative is-layout-constrained wp-block-group-is-layout-constrained has-background\">\n<div style=\"background: #fff;width: 200px;position: absolute;right: -2px;top: -1px;clip-path: polygon(95% 0, 100% 0%, 100% 100%, 0% 100%);bottom: -1px;\"><\/div>\n<\/div>\n<\/div>\n\n\n\n<div class=\"wp-block-column is-vertically-aligned-center is-style-default is-layout-flow wp-block-column-is-layout-flow\">\n<h3 class=\"wp-block-heading\" style=\"text-transform: uppercase;\">Sistemi di umidit\u00e0<\/h3>\n\n\n\n<p >Prenditi cura della stabilit\u00e0 di accordatura e della vita dei componenti in legno del tuo pianoforte.Non rischiare che prende l\u2019umidit\u00e0 inutile!\n\nIl controllo dell\u2019umidit\u00e0 \u00e8 un elemento indispensabile della protezione dello strumento, che funzioner\u00e0 perfettamente come protezione da effetti indesiderati di elevati livelli di umidit\u00e0 nella stanza dove si trova lo strumento.<\/p>\n<\/div>\n<\/div>\n<\/div>\n\n\n\n<div class=\"wp-block-group rab_text_left is-layout-constrained wp-block-group-is-layout-constrained\">\n<div class=\"wp-block-columns is-layout-flex wp-container-core-columns-is-layout-28f84493 wp-block-columns-is-layout-flex\">\n<div class=\"wp-block-column is-vertically-aligned-center rab_text_left is-layout-flow wp-block-column-is-layout-flow\" style=\"padding-left:var(--wp--preset--spacing--80)\">\n<h3 class=\"wp-block-heading\" style=\"text-transform: uppercase;\nmargin-left:10px;\n\">Rondelle sotto le ruote del pianoforte<\/h3>\n\n\n\n<p>Abbiamo il piacere di offrirvi un\u2019altro prodotto della ricca offerta SAP Renovation \u2013 le rondelle sotto le ruote del pianoforte.\n\nLe rondelle sotto le ruote del pianoforte sono fatte a mano, eseguite con cenere, incollate con il legno sughero. Isolatori in standard sono di colore nero, ma \u00e8 possibile realizzarli in tinta con il colore dello strumenti o del pavimento. La parte superiore e il bordo sono colorati con un impregnante per legno. 2mm di sughero sotto elimina lo slittamento sulla superficie del pavimento.\n\nNostre rondelle con successo proteggono il pavimento e le ruote dello strumento da danni e graffi.\n\nil diametro esterno: 143mm\n\nIl diametro interno: 75mm ( massima larghezza delle ruote del pianoforte 65mm)<\/p>\n<\/div>\n\n\n\n<div class=\"wp-block-column is-layout-flow wp-block-column-is-layout-flow\" style=\"flex-basis:65%\">\n<div style=\"background-image:url(&#039;https:\/\/saprenovation.com\/wp-content\/uploads\/2024\/08\/3-1.jpg&#039;);background-position:50% 0;background-size:cover;\" class=\"wp-block-group box_relative is-layout-constrained wp-block-group-is-layout-constrained has-background\">\n<div style=\"background: #fff;width: 200px;position: absolute;left: -2px;top: -1px;clip-path: polygon(0 0, 95% 0, 0% 100%, 0 100%);bottom: -1px;\"><\/div>\n<\/div>\n<\/div>\n<\/div>\n<\/div>\n\n\n\n<div class=\"wp-block-group is-layout-constrained wp-block-group-is-layout-constrained\">\n<div class=\"wp-block-columns is-layout-flex wp-container-core-columns-is-layout-28f84493 wp-block-columns-is-layout-flex\">\n<div class=\"wp-block-column is-layout-flow wp-block-column-is-layout-flow\" style=\"flex-basis:65%\">\n<div style=\"background-image:url(&#039;https:\/\/saprenovation.com\/wp-content\/uploads\/2024\/08\/hamulecdekla.jpg&#039;);background-position:42% 49%;background-size:cover;\" class=\"wp-block-group box_relative is-layout-constrained wp-block-group-is-layout-constrained has-background\">\n<div style=\"background: #fff;width: 200px;position: absolute;right: -2px;top: -1px;clip-path: polygon(95% 0, 100% 0%, 100% 100%, 0% 100%);bottom: -1px;\"><\/div>\n<\/div>\n<\/div>\n\n\n\n<div class=\"wp-block-column is-vertically-aligned-center is-style-default is-layout-flow wp-block-column-is-layout-flow\">\n<h3 class=\"wp-block-heading\" style=\"text-transform: uppercase;\">Il freno del coperchio del pianoforte \u2013 tipo tedesco<\/h3>\n\n\n\n<p >Vi presentiamo una soluzione ideale del problema dei coperchi pesanti: il freno del coperchio del pianoforte- tipo tedesco, che pu\u00f2 essere utilizzato praticamente in qualsiasi pianoforte. Un vantaggio enorme  del freno del coperchio \u00e8 che la sua installazione non richiede perforazione dei fori o interferenza con lo strumento, che consente il montaggio o smontaggio del dispositivo in pochi minuti senza l\u2019assistenza di un abile.\n\nInoltre, la forza di resistenza del freno \u00e8 possibile regolare liberamente rendendo pi\u00f9 facile il sollevamento e abbassamento del coperchio fino a quando freno agir\u00e0 come un supporto del coperchio.<\/p>\n<\/div>\n<\/div>\n<\/div>\n\n\n\n<div class=\"wp-block-group rab_text_left is-layout-constrained wp-block-group-is-layout-constrained\">\n<div class=\"wp-block-columns is-layout-flex wp-container-core-columns-is-layout-28f84493 wp-block-columns-is-layout-flex\">\n<div class=\"wp-block-column is-vertically-aligned-center rab_text_left is-layout-flow wp-block-column-is-layout-flow\" style=\"padding-left:var(--wp--preset--spacing--80)\">\n<h3 class=\"wp-block-heading\" style=\"text-transform: uppercase;\nmargin-left:10px;\n\">Coperte per pianoforti a coda e verticali<\/h3>\n\n\n\n<p>Le coperte SAP Renovation sono un prodotto unico, fatte a richiesta. Le coperte sono cucite a mano secondo le precise misure dello strumento in modo che si poggiano perfettamente, non solo presentandosi bene ma cosa pi\u00f9 importante, svolgendo la sua funzione primaria di proteggere la superficie dello strumento da polvere, graffi e altri fattori esterni come per esempio i raggi di sole.\n\nIl materiale usato \u00e8 similpelle. Da dentro la coperta viene imbottita con una delicata flanella proteggendo maggiormente lo strumento da graffi.<\/p>\n<\/div>\n\n\n\n<div class=\"wp-block-column is-layout-flow wp-block-column-is-layout-flow\" style=\"flex-basis:65%\">\n<div style=\"background-image:url(&#039;https:\/\/saprenovation.com\/wp-content\/uploads\/2024\/08\/p.jpg&#039;);background-position:50% 0;background-size:cover;\" class=\"wp-block-group box_relative is-layout-constrained wp-block-group-is-layout-constrained has-background\">\n<div style=\"background: #fff;width: 200px;position: absolute;left: -2px;top: -1px;clip-path: polygon(0 0, 95% 0, 0% 100%, 0 100%);bottom: -1px;\"><\/div>\n<\/div>\n<\/div>\n<\/div>\n<\/div>\n\n\n\n<div class=\"wp-block-group is-layout-constrained wp-block-group-is-layout-constrained\">\n<div class=\"wp-block-columns is-layout-flex wp-container-core-columns-is-layout-28f84493 wp-block-columns-is-layout-flex\">\n<div class=\"wp-block-column is-layout-flow wp-block-column-is-layout-flow\" style=\"flex-basis:65%\">\n<div style=\"background-image:url(&#039;https:\/\/saprenovation.com\/wp-content\/uploads\/2024\/08\/l5.jpg&#039;);background-position:50% 50%;background-repeat:no-repeat;background-size:contain;\" class=\"wp-block-group box_relative is-layout-constrained wp-block-group-is-layout-constrained has-background\">\n<div style=\"background: #fff;width: 200px;position: absolute;right: -2px;top: -1px;clip-path: polygon(95% 0, 100% 0%, 100% 100%, 0% 100%);bottom: -1px;\"><\/div>\n<\/div>\n<\/div>\n\n\n\n<div class=\"wp-block-column is-vertically-aligned-center is-style-default is-layout-flow wp-block-column-is-layout-flow\">\n<h3 class=\"wp-block-heading\" style=\"text-transform: uppercase;\">Panche<\/h3>\n\n\n\n<p >Abbiamo il piacere di presentarvi uno dei pi\u00f9 importanti accessori per pianoforti  a coda e pianoforti verticali \u2013 la panca.\n\nIl restauro del mobile \u00e8 un momento migliore di acquistare una panca abbinata perfettamente allo strumento restaurato.\n\nTra le nostre panche ci sono modelli con sedile fisso e con sedile regolabile, questo secondo tipo funziona bene in situazioni quando lo strumento viene utilizzato da molte persone di diversa altezza. Tutte le panche sono realizzate con materiali di alta qualit\u00e0 e decidendosi  ad acquisto del nostro prodotto avete la possibilit\u00e0 di scegliere il materiale della seduta  e tipo della finitura dei elementi  in legno.\n\nTipo di sedile: regolabile o fisso.\n\nMateriale della seduta: pelle o velluto.\n\nElementi  in legno: finitura uguale al pianoforte oppure a richiesta .<\/p>\n<\/div>\n<\/div>\n<\/div>\n\n\n\n<div class=\"wp-block-group rab_text_left is-layout-constrained wp-block-group-is-layout-constrained\">\n<div class=\"wp-block-columns is-layout-flex wp-container-core-columns-is-layout-28f84493 wp-block-columns-is-layout-flex\">\n<div class=\"wp-block-column is-vertically-aligned-center rab_text_left is-layout-flow wp-block-column-is-layout-flow\" style=\"padding-left:var(--wp--preset--spacing--80)\">\n<h3 class=\"wp-block-heading\" style=\"text-transform: uppercase;\nmargin-left:10px;\n\">Casse per trasporto<\/h3>\n\n\n\n<p>Prenditi  cura del tuo pianoforte a coda o pianoforte verticale durante il trasporto!\n\nAbbiamo il piacere di presentarvi una serie di casse per il trasporto, che sono gi\u00e0 disponibili per l\u2019acquisto.\n\nOltre alla professionale esecuzione e aspetto estetico, le nostre casse proteggono il contenuto da eventuali danni.\n\nQui troverete le casse a partire da quelle progettate per attrezzi dedicati per accordatura terminando con quelle per il trasporto pianoforti  interi.\n\nVi preghiamo di fare riferimento alla tabella di sotto, che presenta modelli disponibili delle casse per trasporto.<\/p>\n<\/div>\n\n\n\n<div class=\"wp-block-column is-layout-flow wp-block-column-is-layout-flow\" style=\"flex-basis:65%\">\n<div style=\"background-image:url(&#039;https:\/\/saprenovation.com\/wp-content\/uploads\/2024\/08\/sk.jpg&#039;);background-position:50% 0;background-size:cover;\" class=\"wp-block-group box_relative is-layout-constrained wp-block-group-is-layout-constrained has-background\">\n<div style=\"background: #fff;width: 200px;position: absolute;left: -2px;top: -1px;clip-path: polygon(0 0, 95% 0, 0% 100%, 0 100%);bottom: -1px;\"><\/div>\n<\/div>\n<\/div>\n<\/div>\n<\/div>\n","protected":false},"excerpt":{"rendered":"<p>Album fotografico Presenta la storia del restauro del tuo strumento perpetuandolo nella moderna, permanente e unica forma. Le foto dello strumento hanno una eccezionale e personalizzata grafica. L\u2019album viene&#8230;<\/p>\n","protected":false},"author":1,"featured_media":0,"parent":0,"menu_order":0,"comment_status":"closed","ping_status":"closed","template":"page-full-width","meta":{"footnotes":""},"class_list":["post-58820","page","type-page","status-publish","hentry"],"yoast_head":"<!-- This site is optimized with the Yoast SEO plugin v26.1.1 - https:\/\/yoast.com\/wordpress\/plugins\/seo\/ -->\n<title>Accessori - SAP Renovation<\/title>\n<meta name=\"robots\" content=\"index, follow, max-snippet:-1, max-image-preview:large, max-video-preview:-1\" \/>\n<link rel=\"canonical\" href=\"https:\/\/saprenovation.com\/it\/akcesoria\/\" \/>\n<meta property=\"og:locale\" content=\"it_IT\" \/>\n<meta property=\"og:type\" content=\"article\" \/>\n<meta property=\"og:title\" content=\"Accessori - SAP Renovation\" \/>\n<meta property=\"og:description\" content=\"Album fotografico Presenta la storia del restauro del tuo strumento perpetuandolo nella moderna, permanente e unica forma. Le foto dello strumento hanno una eccezionale e personalizzata grafica. L\u2019album viene...\" \/>\n<meta property=\"og:url\" content=\"https:\/\/saprenovation.com\/it\/akcesoria\/\" \/>\n<meta property=\"og:site_name\" content=\"SAP Renovation\" \/>\n<meta property=\"article:publisher\" content=\"https:\/\/www.facebook.com\/saprenovation\/\" \/>\n<meta property=\"article:modified_time\" content=\"2025-10-08T16:00:42+00:00\" \/>\n<meta property=\"og:image\" content=\"https:\/\/saprenovation.com\/wp-content\/uploads\/2024\/10\/xlogo.png.pagespeed.ic_.pCcv2wiNk5.webp\" \/>\n\t<meta property=\"og:image:width\" content=\"112\" \/>\n\t<meta property=\"og:image:height\" content=\"96\" \/>\n\t<meta property=\"og:image:type\" content=\"image\/webp\" \/>\n<meta name=\"twitter:card\" content=\"summary_large_image\" \/>\n<meta name=\"twitter:label1\" content=\"Tempo di lettura stimato\" \/>\n\t<meta name=\"twitter:data1\" content=\"5 minuti\" \/>\n<script type=\"application\/ld+json\" class=\"yoast-schema-graph\">{\"@context\":\"https:\/\/schema.org\",\"@graph\":[{\"@type\":\"WebPage\",\"@id\":\"https:\/\/saprenovation.com\/it\/akcesoria\/\",\"url\":\"https:\/\/saprenovation.com\/it\/akcesoria\/\",\"name\":\"Accessori - SAP Renovation\",\"isPartOf\":{\"@id\":\"https:\/\/saprenovation.com\/it\/#website\"},\"datePublished\":\"2024-04-08T11:50:50+00:00\",\"dateModified\":\"2025-10-08T16:00:42+00:00\",\"breadcrumb\":{\"@id\":\"https:\/\/saprenovation.com\/it\/akcesoria\/#breadcrumb\"},\"inLanguage\":\"it-IT\",\"potentialAction\":[{\"@type\":\"ReadAction\",\"target\":[\"https:\/\/saprenovation.com\/it\/akcesoria\/\"]}]},{\"@type\":\"BreadcrumbList\",\"@id\":\"https:\/\/saprenovation.com\/it\/akcesoria\/#breadcrumb\",\"itemListElement\":[{\"@type\":\"ListItem\",\"position\":1,\"name\":\"SAP Renovation\",\"item\":\"https:\/\/saprenovation.com\/it\/\"},{\"@type\":\"ListItem\",\"position\":2,\"name\":\"Accessori\"}]},{\"@type\":\"WebSite\",\"@id\":\"https:\/\/saprenovation.com\/it\/#website\",\"url\":\"https:\/\/saprenovation.com\/it\/\",\"name\":\"SAP Renovation\",\"description\":\"The finest European piano restoration\",\"publisher\":{\"@id\":\"https:\/\/saprenovation.com\/it\/#organization\"},\"potentialAction\":[{\"@type\":\"SearchAction\",\"target\":{\"@type\":\"EntryPoint\",\"urlTemplate\":\"https:\/\/saprenovation.com\/it\/?s={search_term_string}\"},\"query-input\":{\"@type\":\"PropertyValueSpecification\",\"valueRequired\":true,\"valueName\":\"search_term_string\"}}],\"inLanguage\":\"it-IT\"},{\"@type\":\"Organization\",\"@id\":\"https:\/\/saprenovation.com\/it\/#organization\",\"name\":\"SAP Renovation\",\"url\":\"https:\/\/saprenovation.com\/it\/\",\"logo\":{\"@type\":\"ImageObject\",\"inLanguage\":\"it-IT\",\"@id\":\"https:\/\/saprenovation.com\/it\/#\/schema\/logo\/image\/\",\"url\":\"https:\/\/saprenovation.com\/wp-content\/uploads\/2024\/04\/xlogo.png.pagespeed.ic_.pCcv2wiNk5.webp\",\"contentUrl\":\"https:\/\/saprenovation.com\/wp-content\/uploads\/2024\/04\/xlogo.png.pagespeed.ic_.pCcv2wiNk5.webp\",\"width\":112,\"height\":96,\"caption\":\"SAP Renovation\"},\"image\":{\"@id\":\"https:\/\/saprenovation.com\/it\/#\/schema\/logo\/image\/\"},\"sameAs\":[\"https:\/\/www.facebook.com\/saprenovation\/\"]}]}<\/script>\n<!-- \/ Yoast SEO plugin. -->","yoast_head_json":{"title":"Accessori - SAP Renovation","robots":{"index":"index","follow":"follow","max-snippet":"max-snippet:-1","max-image-preview":"max-image-preview:large","max-video-preview":"max-video-preview:-1"},"canonical":"https:\/\/saprenovation.com\/it\/akcesoria\/","og_locale":"it_IT","og_type":"article","og_title":"Accessori - SAP Renovation","og_description":"Album fotografico Presenta la storia del restauro del tuo strumento perpetuandolo nella moderna, permanente e unica forma. Le foto dello strumento hanno una eccezionale e personalizzata grafica. L\u2019album viene...","og_url":"https:\/\/saprenovation.com\/it\/akcesoria\/","og_site_name":"SAP Renovation","article_publisher":"https:\/\/www.facebook.com\/saprenovation\/","article_modified_time":"2025-10-08T16:00:42+00:00","og_image":[{"width":112,"height":96,"url":"https:\/\/saprenovation.com\/wp-content\/uploads\/2024\/10\/xlogo.png.pagespeed.ic_.pCcv2wiNk5.webp","type":"image\/webp"}],"twitter_card":"summary_large_image","twitter_misc":{"Tempo di lettura stimato":"5 minuti"},"schema":{"@context":"https:\/\/schema.org","@graph":[{"@type":"WebPage","@id":"https:\/\/saprenovation.com\/it\/akcesoria\/","url":"https:\/\/saprenovation.com\/it\/akcesoria\/","name":"Accessori - SAP Renovation","isPartOf":{"@id":"https:\/\/saprenovation.com\/it\/#website"},"datePublished":"2024-04-08T11:50:50+00:00","dateModified":"2025-10-08T16:00:42+00:00","breadcrumb":{"@id":"https:\/\/saprenovation.com\/it\/akcesoria\/#breadcrumb"},"inLanguage":"it-IT","potentialAction":[{"@type":"ReadAction","target":["https:\/\/saprenovation.com\/it\/akcesoria\/"]}]},{"@type":"BreadcrumbList","@id":"https:\/\/saprenovation.com\/it\/akcesoria\/#breadcrumb","itemListElement":[{"@type":"ListItem","position":1,"name":"SAP Renovation","item":"https:\/\/saprenovation.com\/it\/"},{"@type":"ListItem","position":2,"name":"Accessori"}]},{"@type":"WebSite","@id":"https:\/\/saprenovation.com\/it\/#website","url":"https:\/\/saprenovation.com\/it\/","name":"SAP Renovation","description":"The finest European piano restoration","publisher":{"@id":"https:\/\/saprenovation.com\/it\/#organization"},"potentialAction":[{"@type":"SearchAction","target":{"@type":"EntryPoint","urlTemplate":"https:\/\/saprenovation.com\/it\/?s={search_term_string}"},"query-input":{"@type":"PropertyValueSpecification","valueRequired":true,"valueName":"search_term_string"}}],"inLanguage":"it-IT"},{"@type":"Organization","@id":"https:\/\/saprenovation.com\/it\/#organization","name":"SAP Renovation","url":"https:\/\/saprenovation.com\/it\/","logo":{"@type":"ImageObject","inLanguage":"it-IT","@id":"https:\/\/saprenovation.com\/it\/#\/schema\/logo\/image\/","url":"https:\/\/saprenovation.com\/wp-content\/uploads\/2024\/04\/xlogo.png.pagespeed.ic_.pCcv2wiNk5.webp","contentUrl":"https:\/\/saprenovation.com\/wp-content\/uploads\/2024\/04\/xlogo.png.pagespeed.ic_.pCcv2wiNk5.webp","width":112,"height":96,"caption":"SAP Renovation"},"image":{"@id":"https:\/\/saprenovation.com\/it\/#\/schema\/logo\/image\/"},"sameAs":["https:\/\/www.facebook.com\/saprenovation\/"]}]}},"_links":{"self":[{"href":"https:\/\/saprenovation.com\/it\/wp-json\/wp\/v2\/pages\/58820","targetHints":{"allow":["GET"]}}],"collection":[{"href":"https:\/\/saprenovation.com\/it\/wp-json\/wp\/v2\/pages"}],"about":[{"href":"https:\/\/saprenovation.com\/it\/wp-json\/wp\/v2\/types\/page"}],"author":[{"embeddable":true,"href":"https:\/\/saprenovation.com\/it\/wp-json\/wp\/v2\/users\/1"}],"replies":[{"embeddable":true,"href":"https:\/\/saprenovation.com\/it\/wp-json\/wp\/v2\/comments?post=58820"}],"version-history":[{"count":10,"href":"https:\/\/saprenovation.com\/it\/wp-json\/wp\/v2\/pages\/58820\/revisions"}],"predecessor-version":[{"id":70323,"href":"https:\/\/saprenovation.com\/it\/wp-json\/wp\/v2\/pages\/58820\/revisions\/70323"}],"wp:attachment":[{"href":"https:\/\/saprenovation.com\/it\/wp-json\/wp\/v2\/media?parent=58820"}],"curies":[{"name":"wp","href":"https:\/\/api.w.org\/{rel}","templated":true}]}}