{"id":55753,"date":"2024-07-17T22:03:50","date_gmt":"2024-07-17T20:03:50","guid":{"rendered":"https:\/\/saprenovation.com\/notre-travail\/a-vendre\/fortepian-schimmel-sap-7864\/"},"modified":"2025-12-29T20:40:03","modified_gmt":"2025-12-29T19:40:03","slug":"schimmel-sap-7864","status":"publish","type":"product","link":"https:\/\/saprenovation.com\/fr\/nasze-prace\/nasprzedaz\/schimmel-sap-7864\/","title":{"rendered":"Piano 1\/4  \u00e0 queue Schimmel &#8211; SAP 7864"},"content":{"rendered":"\n<p>L&rsquo;instrument est pr\u00eat \u00e0 la vente.<\/p>\n\n\n\n<p>Il a fait l&rsquo;objet d&rsquo;une r\u00e9novation compl\u00e8te, incluant le meuble, la partie harmonique et la m\u00e9canique.<\/p>\n\n\n\n<p>Vous trouverez ci-dessous des informations d\u00e9taill\u00e9es sur l&rsquo;instrument et l&rsquo;\u00e9tendue de la r\u00e9novation.<\/p>\n\n\n\n<h2 class=\"wp-block-heading\">MEUBLE<\/h2>\n\n\n\n<p>Le meuble du piano est recouvert d&rsquo;un vernis polyester italien noir profond de tr\u00e8s haute qualit\u00e9. La ceinture int\u00e9rieure et le bas du cylindre sont recouverts d&rsquo;un vernis polyester transparent italien de tr\u00e8s haute qualit\u00e9. Ces \u00e9l\u00e9ments sont plaqu\u00e9s. Le noyer satin\u00e9 conf\u00e8re \u00e0 l&rsquo;instrument son caract\u00e8re unique.<\/p>\n\n\n\n<h2 class=\"wp-block-heading\">STRUCTURE HARMONIQUE<\/h2>\n\n\n\n<ul class=\"wp-block-list\">\n<li>Nous avons r\u00e9nov\u00e9 la table d&rsquo;harmonie puis appliqu\u00e9 un vernis italien haut de gamme.<\/li>\n\n\n\n<li>Nous avons fabriqu\u00e9 de nouvelles semelles de chevalet pour les basses et les aigus en utilisant un proc\u00e9d\u00e9 de profilage en quatre \u00e9tapes \u00e0 partir de bois de h\u00eatre s\u00e9lectionn\u00e9.<\/li>\n\n\n\n<li>Nous avons install\u00e9 des cordes de fabricants renomm\u00e9s : Heller pour les basses et Roslau pour les aigus, calibr\u00e9es et fabriqu\u00e9es individuellement \u00e0 partir de mesures pr\u00e9cises.<\/li>\n\n\n\n<li>Nous avons install\u00e9 un nouveau sommier multicouche. Sa structure permet un per\u00e7age solide et r\u00e9gulier, ce qui am\u00e9liore la stabilit\u00e9 de l&rsquo;accordage.<\/li>\n\n\n\n<li>Nous avons r\u00e9nov\u00e9 le cadre en fonte et appliqu\u00e9 un vernis de la plus haute qualit\u00e9, sp\u00e9cialement s\u00e9lectionn\u00e9 pour la marque et le mod\u00e8le de l&rsquo;instrument.<\/li>\n<\/ul>\n\n\n\n<h2 class=\"wp-block-heading\">M\u00c9CANIQUE:<\/h2>\n\n\n\n<ul class=\"wp-block-list\">\n<li>La m\u00e9canique a \u00e9t\u00e9 enti\u00e8rement r\u00e9nov\u00e9e, avec le remplacement des marteaux et des manches par des pi\u00e8ces neuves ABEL.<\/li>\n\n\n\n<li>Le clavier a \u00e9t\u00e9 enti\u00e8rement r\u00e9nov\u00e9.<\/li>\n\n\n\n<li>Les touches blanches ont \u00e9t\u00e9 remplac\u00e9es par des touches neuves de Kluge Ivoplast de tr\u00e8s haute qualit\u00e9.<\/li>\n\n\n\n<li>La m\u00e9canique et le clavier ont \u00e9t\u00e9 r\u00e9gl\u00e9s avec pr\u00e9cision.<\/li>\n\n\n\n<li>L&rsquo;instrument a \u00e9t\u00e9 accord\u00e9 huit fois et harmonis\u00e9 par un technicien certifi\u00e9.<\/li>\n<\/ul>\n\n\n\n<p><strong>Le prix d&rsquo;un instrument neuf d&rsquo;usine Schimmel est de 34 000 \u20ac HT !<\/strong><\/p>\n\n\n\n<p>Vous souhaitez conna\u00eetre notre prix ?<\/p>\n\n\n\n<p><strong>\u00c0 l&rsquo;achat de cet instrument, vous b\u00e9n\u00e9ficiez :<\/strong><\/p>\n\n\n\n<ul class=\"wp-block-list\">\n<li>Garantie de 3 ans couvrant toutes les interventions sur l&rsquo;instrument.<\/li>\n\n\n\n<li>Transport (de plain-pied, avec all\u00e9e carrossable) en Europe !<\/li>\n\n\n\n<li>Pour les clients hors Europe, en collaboration avec des transitaires, nous proposons un transport a\u00e9rien ou maritime assur\u00e9, moyennant un suppl\u00e9ment.<\/li>\n\n\n\n<li>L&rsquo;intonation finale est r\u00e9alis\u00e9e par un technicien certifi\u00e9.<br>\u2022 subtil<br>\u2022 mod\u00e8le<br>\u2022 concert<\/li>\n<\/ul>\n\n\n\n<h2 class=\"wp-block-heading\">Lors de l&rsquo;achat de cet instrument, n&rsquo;oubliez pas de vous renseigner sur les accessoires :<\/h2>\n\n\n\n<ul class=\"wp-block-list\">\n<li>Que diriez-vous d&rsquo;une housse en cuir artificiel faite main et sur mesure pour votre piano, qui prot\u00e9gera parfaitement votre instrument de la poussi\u00e8re et des rayures ?<\/li>\n\n\n\n<li>Prot\u00e9gez les roulettes de votre instrument et le sol des rayures. Les patins de protection pour roulettes sont parfaits pour les prot\u00e9ger !<\/li>\n\n\n\n<li>Votre piano sera-t-il utilis\u00e9 lors de concerts dans diff\u00e9rents lieux ? Des roulettes de transport et un \u00e9tui d\u00e9di\u00e9 pour les pieds et la lyre garantissent un transport pratique et s\u00fbr !<\/li>\n\n\n\n<li>Assurez la stabilit\u00e9 de l\u2019accord et la durabilit\u00e9 des \u00e9l\u00e9ments en bois de votre instrument. Choisissez un syst\u00e8me d\u2019hygrom\u00e9trie adapt\u00e9 \u00e0 la taille de votre piano.<\/li>\n\n\n\n<li>Transformez votre piano acoustique en un instrument \u00e0 clavier \u00e9lectronique qui reproduit les sons de divers instruments et vous permet de jouer avec un accompagnement automatique !<\/li>\n\n\n\n<li>\u2022ous aimeriez qu&rsquo;un instrument joue pour vous \u00a0? Le syst\u00e8me Piano Disc est un pianiste invisible qui interpr\u00e9tera vos enregistrements et vos chansons.<\/li>\n\n\n\n<li>Vous envisagez d&rsquo;acheter une bancette de piano ? Parfait ! Nous vous en fabriquerons un parfaitement adapt\u00e9 \u00e0 votre instrument !<\/li>\n\n\n\n<li>Soulevez le couvercle du piano d&rsquo;un seul doigt, assurant ainsi la s\u00e9curit\u00e9 des jeunes pianistes lors de son ouverture et de sa fermeture. Ceci est rendu possible gr\u00e2ce au frein du couvercle.Gardez \u00a0la restauration de votre instrument gr\u00e2ce \u00e0 un album photo professionnel exclusif. Partagez la transformation de votre instrument avec vos proches.<\/li>\n<\/ul>\n","protected":false},"excerpt":{"rendered":"<p>L&rsquo;instrument est pr\u00eat \u00e0 la vente. Il a fait l&rsquo;objet d&rsquo;une r\u00e9novation compl\u00e8te, incluant le meuble, la partie harmonique et la m\u00e9canique. Vous trouverez ci-dessous des informations d\u00e9taill\u00e9es sur&#8230;<\/p>\n","protected":false},"featured_media":59530,"template":"","meta":[],"product_cat":[481],"product_tag":[],"class_list":{"0":"post-55753","1":"product","2":"type-product","3":"status-publish","4":"has-post-thumbnail","6":"product_cat-schimmel-fr","8":"first","9":"instock","10":"shipping-taxable","11":"product-type-simple"},"yoast_head":"<!-- This site is optimized with the Yoast SEO plugin v26.1.1 - https:\/\/yoast.com\/wordpress\/plugins\/seo\/ -->\n<title>Piano 1\/4 \u00e0 queue Schimmel - SAP 7864 - SAP Renovation<\/title>\n<meta name=\"robots\" content=\"index, follow, max-snippet:-1, max-image-preview:large, max-video-preview:-1\" \/>\n<link rel=\"canonical\" href=\"https:\/\/saprenovation.com\/fr\/nasze-prace\/nasprzedaz\/schimmel-sap-7864\/\" \/>\n<meta property=\"og:locale\" content=\"fr_FR\" \/>\n<meta property=\"og:type\" content=\"article\" \/>\n<meta property=\"og:title\" content=\"Piano 1\/4 \u00e0 queue Schimmel - SAP 7864 - SAP Renovation\" \/>\n<meta property=\"og:description\" content=\"L&rsquo;instrument est pr\u00eat \u00e0 la vente. Il a fait l&rsquo;objet d&rsquo;une r\u00e9novation compl\u00e8te, incluant le meuble, la partie harmonique et la m\u00e9canique. Vous trouverez ci-dessous des informations d\u00e9taill\u00e9es sur...\" \/>\n<meta property=\"og:url\" content=\"https:\/\/saprenovation.com\/fr\/nasze-prace\/nasprzedaz\/schimmel-sap-7864\/\" \/>\n<meta property=\"og:site_name\" content=\"SAP Renovation\" \/>\n<meta property=\"article:publisher\" content=\"https:\/\/www.facebook.com\/saprenovation\/\" \/>\n<meta property=\"article:modified_time\" content=\"2025-12-29T19:40:03+00:00\" \/>\n<meta property=\"og:image\" content=\"https:\/\/saprenovation.com\/wp-content\/uploads\/2024\/07\/OBUDOWA1-4.jpg\" \/>\n\t<meta property=\"og:image:width\" content=\"1920\" \/>\n\t<meta property=\"og:image:height\" content=\"1281\" \/>\n\t<meta property=\"og:image:type\" content=\"image\/jpeg\" \/>\n<meta name=\"twitter:card\" content=\"summary_large_image\" \/>\n<meta name=\"twitter:label1\" content=\"Dur\u00e9e de lecture estim\u00e9e\" \/>\n\t<meta name=\"twitter:data1\" content=\"4 minutes\" \/>\n<script type=\"application\/ld+json\" class=\"yoast-schema-graph\">{\"@context\":\"https:\/\/schema.org\",\"@graph\":[{\"@type\":\"WebPage\",\"@id\":\"https:\/\/saprenovation.com\/fr\/nasze-prace\/nasprzedaz\/schimmel-sap-7864\/\",\"url\":\"https:\/\/saprenovation.com\/fr\/nasze-prace\/nasprzedaz\/schimmel-sap-7864\/\",\"name\":\"Piano 1\/4 \u00e0 queue Schimmel - SAP 7864 - SAP Renovation\",\"isPartOf\":{\"@id\":\"https:\/\/saprenovation.com\/fr\/#website\"},\"primaryImageOfPage\":{\"@id\":\"https:\/\/saprenovation.com\/fr\/nasze-prace\/nasprzedaz\/schimmel-sap-7864\/#primaryimage\"},\"image\":{\"@id\":\"https:\/\/saprenovation.com\/fr\/nasze-prace\/nasprzedaz\/schimmel-sap-7864\/#primaryimage\"},\"thumbnailUrl\":\"https:\/\/saprenovation.com\/wp-content\/uploads\/2024\/07\/OBUDOWA1-4.jpg\",\"datePublished\":\"2024-07-17T20:03:50+00:00\",\"dateModified\":\"2025-12-29T19:40:03+00:00\",\"breadcrumb\":{\"@id\":\"https:\/\/saprenovation.com\/fr\/nasze-prace\/nasprzedaz\/schimmel-sap-7864\/#breadcrumb\"},\"inLanguage\":\"fr-FR\",\"potentialAction\":[{\"@type\":\"ReadAction\",\"target\":[\"https:\/\/saprenovation.com\/fr\/nasze-prace\/nasprzedaz\/schimmel-sap-7864\/\"]}]},{\"@type\":\"ImageObject\",\"inLanguage\":\"fr-FR\",\"@id\":\"https:\/\/saprenovation.com\/fr\/nasze-prace\/nasprzedaz\/schimmel-sap-7864\/#primaryimage\",\"url\":\"https:\/\/saprenovation.com\/wp-content\/uploads\/2024\/07\/OBUDOWA1-4.jpg\",\"contentUrl\":\"https:\/\/saprenovation.com\/wp-content\/uploads\/2024\/07\/OBUDOWA1-4.jpg\",\"width\":1920,\"height\":1281,\"caption\":\"Fortepian marki Schimmel po kompletnej renowacji wykonanej przez naszych technik\u00f3w.\"},{\"@type\":\"BreadcrumbList\",\"@id\":\"https:\/\/saprenovation.com\/fr\/nasze-prace\/nasprzedaz\/schimmel-sap-7864\/#breadcrumb\",\"itemListElement\":[{\"@type\":\"ListItem\",\"position\":1,\"name\":\"SAP Renovation\",\"item\":\"https:\/\/saprenovation.com\/fr\/\"},{\"@type\":\"ListItem\",\"position\":2,\"name\":\"Pianos d&rsquo;occasion\",\"item\":\"https:\/\/saprenovation.com\/fr\/boutique\/\"},{\"@type\":\"ListItem\",\"position\":3,\"name\":\"Piano 1\/4 \u00e0 queue Schimmel &#8211; SAP 7864\"}]},{\"@type\":\"WebSite\",\"@id\":\"https:\/\/saprenovation.com\/fr\/#website\",\"url\":\"https:\/\/saprenovation.com\/fr\/\",\"name\":\"SAP Renovation\",\"description\":\"The finest European piano restoration\",\"publisher\":{\"@id\":\"https:\/\/saprenovation.com\/fr\/#organization\"},\"potentialAction\":[{\"@type\":\"SearchAction\",\"target\":{\"@type\":\"EntryPoint\",\"urlTemplate\":\"https:\/\/saprenovation.com\/fr\/?s={search_term_string}\"},\"query-input\":{\"@type\":\"PropertyValueSpecification\",\"valueRequired\":true,\"valueName\":\"search_term_string\"}}],\"inLanguage\":\"fr-FR\"},{\"@type\":\"Organization\",\"@id\":\"https:\/\/saprenovation.com\/fr\/#organization\",\"name\":\"SAP Renovation\",\"url\":\"https:\/\/saprenovation.com\/fr\/\",\"logo\":{\"@type\":\"ImageObject\",\"inLanguage\":\"fr-FR\",\"@id\":\"https:\/\/saprenovation.com\/fr\/#\/schema\/logo\/image\/\",\"url\":\"https:\/\/saprenovation.com\/wp-content\/uploads\/2024\/04\/xlogo.png.pagespeed.ic_.pCcv2wiNk5.webp\",\"contentUrl\":\"https:\/\/saprenovation.com\/wp-content\/uploads\/2024\/04\/xlogo.png.pagespeed.ic_.pCcv2wiNk5.webp\",\"width\":112,\"height\":96,\"caption\":\"SAP Renovation\"},\"image\":{\"@id\":\"https:\/\/saprenovation.com\/fr\/#\/schema\/logo\/image\/\"},\"sameAs\":[\"https:\/\/www.facebook.com\/saprenovation\/\"]}]}<\/script>\n<!-- \/ Yoast SEO plugin. -->","yoast_head_json":{"title":"Piano 1\/4 \u00e0 queue Schimmel - SAP 7864 - SAP Renovation","robots":{"index":"index","follow":"follow","max-snippet":"max-snippet:-1","max-image-preview":"max-image-preview:large","max-video-preview":"max-video-preview:-1"},"canonical":"https:\/\/saprenovation.com\/fr\/nasze-prace\/nasprzedaz\/schimmel-sap-7864\/","og_locale":"fr_FR","og_type":"article","og_title":"Piano 1\/4 \u00e0 queue Schimmel - SAP 7864 - SAP Renovation","og_description":"L&rsquo;instrument est pr\u00eat \u00e0 la vente. Il a fait l&rsquo;objet d&rsquo;une r\u00e9novation compl\u00e8te, incluant le meuble, la partie harmonique et la m\u00e9canique. Vous trouverez ci-dessous des informations d\u00e9taill\u00e9es sur...","og_url":"https:\/\/saprenovation.com\/fr\/nasze-prace\/nasprzedaz\/schimmel-sap-7864\/","og_site_name":"SAP Renovation","article_publisher":"https:\/\/www.facebook.com\/saprenovation\/","article_modified_time":"2025-12-29T19:40:03+00:00","og_image":[{"width":1920,"height":1281,"url":"https:\/\/saprenovation.com\/wp-content\/uploads\/2024\/07\/OBUDOWA1-4.jpg","type":"image\/jpeg"}],"twitter_card":"summary_large_image","twitter_misc":{"Dur\u00e9e de lecture estim\u00e9e":"4 minutes"},"schema":{"@context":"https:\/\/schema.org","@graph":[{"@type":"WebPage","@id":"https:\/\/saprenovation.com\/fr\/nasze-prace\/nasprzedaz\/schimmel-sap-7864\/","url":"https:\/\/saprenovation.com\/fr\/nasze-prace\/nasprzedaz\/schimmel-sap-7864\/","name":"Piano 1\/4 \u00e0 queue Schimmel - SAP 7864 - SAP Renovation","isPartOf":{"@id":"https:\/\/saprenovation.com\/fr\/#website"},"primaryImageOfPage":{"@id":"https:\/\/saprenovation.com\/fr\/nasze-prace\/nasprzedaz\/schimmel-sap-7864\/#primaryimage"},"image":{"@id":"https:\/\/saprenovation.com\/fr\/nasze-prace\/nasprzedaz\/schimmel-sap-7864\/#primaryimage"},"thumbnailUrl":"https:\/\/saprenovation.com\/wp-content\/uploads\/2024\/07\/OBUDOWA1-4.jpg","datePublished":"2024-07-17T20:03:50+00:00","dateModified":"2025-12-29T19:40:03+00:00","breadcrumb":{"@id":"https:\/\/saprenovation.com\/fr\/nasze-prace\/nasprzedaz\/schimmel-sap-7864\/#breadcrumb"},"inLanguage":"fr-FR","potentialAction":[{"@type":"ReadAction","target":["https:\/\/saprenovation.com\/fr\/nasze-prace\/nasprzedaz\/schimmel-sap-7864\/"]}]},{"@type":"ImageObject","inLanguage":"fr-FR","@id":"https:\/\/saprenovation.com\/fr\/nasze-prace\/nasprzedaz\/schimmel-sap-7864\/#primaryimage","url":"https:\/\/saprenovation.com\/wp-content\/uploads\/2024\/07\/OBUDOWA1-4.jpg","contentUrl":"https:\/\/saprenovation.com\/wp-content\/uploads\/2024\/07\/OBUDOWA1-4.jpg","width":1920,"height":1281,"caption":"Fortepian marki Schimmel po kompletnej renowacji wykonanej przez naszych technik\u00f3w."},{"@type":"BreadcrumbList","@id":"https:\/\/saprenovation.com\/fr\/nasze-prace\/nasprzedaz\/schimmel-sap-7864\/#breadcrumb","itemListElement":[{"@type":"ListItem","position":1,"name":"SAP Renovation","item":"https:\/\/saprenovation.com\/fr\/"},{"@type":"ListItem","position":2,"name":"Pianos d&rsquo;occasion","item":"https:\/\/saprenovation.com\/fr\/boutique\/"},{"@type":"ListItem","position":3,"name":"Piano 1\/4 \u00e0 queue Schimmel &#8211; SAP 7864"}]},{"@type":"WebSite","@id":"https:\/\/saprenovation.com\/fr\/#website","url":"https:\/\/saprenovation.com\/fr\/","name":"SAP Renovation","description":"The finest European piano restoration","publisher":{"@id":"https:\/\/saprenovation.com\/fr\/#organization"},"potentialAction":[{"@type":"SearchAction","target":{"@type":"EntryPoint","urlTemplate":"https:\/\/saprenovation.com\/fr\/?s={search_term_string}"},"query-input":{"@type":"PropertyValueSpecification","valueRequired":true,"valueName":"search_term_string"}}],"inLanguage":"fr-FR"},{"@type":"Organization","@id":"https:\/\/saprenovation.com\/fr\/#organization","name":"SAP Renovation","url":"https:\/\/saprenovation.com\/fr\/","logo":{"@type":"ImageObject","inLanguage":"fr-FR","@id":"https:\/\/saprenovation.com\/fr\/#\/schema\/logo\/image\/","url":"https:\/\/saprenovation.com\/wp-content\/uploads\/2024\/04\/xlogo.png.pagespeed.ic_.pCcv2wiNk5.webp","contentUrl":"https:\/\/saprenovation.com\/wp-content\/uploads\/2024\/04\/xlogo.png.pagespeed.ic_.pCcv2wiNk5.webp","width":112,"height":96,"caption":"SAP Renovation"},"image":{"@id":"https:\/\/saprenovation.com\/fr\/#\/schema\/logo\/image\/"},"sameAs":["https:\/\/www.facebook.com\/saprenovation\/"]}]}},"_links":{"self":[{"href":"https:\/\/saprenovation.com\/fr\/wp-json\/wp\/v2\/product\/55753","targetHints":{"allow":["GET"]}}],"collection":[{"href":"https:\/\/saprenovation.com\/fr\/wp-json\/wp\/v2\/product"}],"about":[{"href":"https:\/\/saprenovation.com\/fr\/wp-json\/wp\/v2\/types\/product"}],"wp:featuredmedia":[{"embeddable":true,"href":"https:\/\/saprenovation.com\/fr\/wp-json\/wp\/v2\/media\/59530"}],"wp:attachment":[{"href":"https:\/\/saprenovation.com\/fr\/wp-json\/wp\/v2\/media?parent=55753"}],"wp:term":[{"taxonomy":"product_cat","embeddable":true,"href":"https:\/\/saprenovation.com\/fr\/wp-json\/wp\/v2\/product_cat?post=55753"},{"taxonomy":"product_tag","embeddable":true,"href":"https:\/\/saprenovation.com\/fr\/wp-json\/wp\/v2\/product_tag?post=55753"}],"curies":[{"name":"wp","href":"https:\/\/api.w.org\/{rel}","templated":true}]}}