{"id":59380,"date":"2024-04-08T13:57:09","date_gmt":"2024-04-08T11:57:09","guid":{"rendered":"https:\/\/saprenovation.com\/transport\/"},"modified":"2024-10-26T13:05:38","modified_gmt":"2024-10-26T11:05:38","slug":"transport","status":"publish","type":"page","link":"https:\/\/saprenovation.com\/fr\/transport\/","title":{"rendered":"Transport"},"content":{"rendered":"\n<p>Nous livrons les instruments partout dans le monde. Nous avons 5 voitures sp\u00e9cialis\u00e9es adapt\u00e9es au transport d&rsquo;instruments. Nos voitures sont \u00e9quip\u00e9es de rampes, crochets et sangles. Pendant le transport, une temp\u00e9rature constante est maintenue &#8211; appropri\u00e9e pour livrer l&rsquo;instrument quelles que soient les conditions m\u00e9t\u00e9orologiques.<\/p>\n\n\n\n<p>Pour les clients hors de L&rsquo;Europe &#8211; en coop\u00e9ration avec les soci\u00e9t\u00e9s de transport &#8211; nous proposons des transports a\u00e9riens et maritimes enti\u00e8rement assur\u00e9s<\/p>\n\n\n\n<p>Nous coop\u00e9rons avec l&rsquo;entreprise Keyboard Carriage et Walter Piano Transport qui s&rsquo;occupent du transport aux \u00c9tats-Unis.Ils fournissent le transport de pianos \u00ab\u00a0door to door\u00a0\u00bb aux facteurs de pianos.<br>Pour les adresses des personnes particuliers aux \u00c9tats-Unis, nous engageons en outre des soci\u00e9t\u00e9s de transport sp\u00e9cialis\u00e9es.Les instruments que nous r\u00e9novons sont assur\u00e9s aussi bien pendant le transport que pendant les travaux de r\u00e9novation dans notre atelier. Nos transporteurs ont avec eux les papiers de transport et les formulaires d&rsquo;assurance que vous remplissez avant de nous donner l&rsquo;instrument \u00e0 r\u00e9nover.Pour les clients situ\u00e9s en dehors de l&rsquo;Union Europ\u00e9enne, nous nous occupons de toutes les formalit\u00e9s douani\u00e8res.<\/p>\n\n\n\n<p>Important: La r\u00e9ception et livraison des instruments sont effectu\u00e9es au rez-de-chauss\u00e9e, o\u00f9 la route est pav\u00e9e.<br>Si le lieu de r\u00e9ception ou de la livraison ne remplit pas les conditions ci-dessus, envoyez-nous les photos avec une description appropri\u00e9e.<br>Des difficult\u00e9s de r\u00e9ception ou de livraison peuvent \u00eatre associ\u00e9es \u00e0 organiser une entreprise de transport locale aux frais du propri\u00e9taire de l\u2019instrument.<\/p>\n","protected":false},"excerpt":{"rendered":"<p>Nous livrons les instruments partout dans le monde. Nous avons 5 voitures sp\u00e9cialis\u00e9es adapt\u00e9es au transport d&rsquo;instruments. Nos voitures sont \u00e9quip\u00e9es de rampes, crochets et sangles. Pendant le transport,&#8230;<\/p>\n","protected":false},"author":1,"featured_media":0,"parent":0,"menu_order":0,"comment_status":"closed","ping_status":"closed","template":"","meta":{"footnotes":""},"class_list":["post-59380","page","type-page","status-publish","hentry"],"yoast_head":"<!-- This site is optimized with the Yoast SEO plugin v26.1.1 - https:\/\/yoast.com\/wordpress\/plugins\/seo\/ -->\n<title>Transport - SAP Renovation<\/title>\n<meta name=\"robots\" content=\"index, follow, max-snippet:-1, max-image-preview:large, max-video-preview:-1\" \/>\n<link rel=\"canonical\" href=\"https:\/\/saprenovation.com\/fr\/transport\/\" \/>\n<meta property=\"og:locale\" content=\"fr_FR\" \/>\n<meta property=\"og:type\" content=\"article\" \/>\n<meta property=\"og:title\" content=\"Transport - SAP Renovation\" \/>\n<meta property=\"og:description\" content=\"Nous livrons les instruments partout dans le monde. Nous avons 5 voitures sp\u00e9cialis\u00e9es adapt\u00e9es au transport d&rsquo;instruments. Nos voitures sont \u00e9quip\u00e9es de rampes, crochets et sangles. Pendant le transport,...\" \/>\n<meta property=\"og:url\" content=\"https:\/\/saprenovation.com\/fr\/transport\/\" \/>\n<meta property=\"og:site_name\" content=\"SAP Renovation\" \/>\n<meta property=\"article:publisher\" content=\"https:\/\/www.facebook.com\/saprenovation\/\" \/>\n<meta property=\"article:modified_time\" content=\"2024-10-26T11:05:38+00:00\" \/>\n<meta property=\"og:image\" content=\"https:\/\/saprenovation.com\/wp-content\/uploads\/2024\/10\/xlogo.png.pagespeed.ic_.pCcv2wiNk5.webp\" \/>\n\t<meta property=\"og:image:width\" content=\"112\" \/>\n\t<meta property=\"og:image:height\" content=\"96\" \/>\n\t<meta property=\"og:image:type\" content=\"image\/webp\" \/>\n<meta name=\"twitter:card\" content=\"summary_large_image\" \/>\n<meta name=\"twitter:label1\" content=\"Dur\u00e9e de lecture estim\u00e9e\" \/>\n\t<meta name=\"twitter:data1\" content=\"2 minutes\" \/>\n<script type=\"application\/ld+json\" class=\"yoast-schema-graph\">{\"@context\":\"https:\/\/schema.org\",\"@graph\":[{\"@type\":\"WebPage\",\"@id\":\"https:\/\/saprenovation.com\/fr\/transport\/\",\"url\":\"https:\/\/saprenovation.com\/fr\/transport\/\",\"name\":\"Transport - SAP Renovation\",\"isPartOf\":{\"@id\":\"https:\/\/saprenovation.com\/fr\/#website\"},\"datePublished\":\"2024-04-08T11:57:09+00:00\",\"dateModified\":\"2024-10-26T11:05:38+00:00\",\"breadcrumb\":{\"@id\":\"https:\/\/saprenovation.com\/fr\/transport\/#breadcrumb\"},\"inLanguage\":\"fr-FR\",\"potentialAction\":[{\"@type\":\"ReadAction\",\"target\":[\"https:\/\/saprenovation.com\/fr\/transport\/\"]}]},{\"@type\":\"BreadcrumbList\",\"@id\":\"https:\/\/saprenovation.com\/fr\/transport\/#breadcrumb\",\"itemListElement\":[{\"@type\":\"ListItem\",\"position\":1,\"name\":\"SAP Renovation\",\"item\":\"https:\/\/saprenovation.com\/fr\/\"},{\"@type\":\"ListItem\",\"position\":2,\"name\":\"Transport\"}]},{\"@type\":\"WebSite\",\"@id\":\"https:\/\/saprenovation.com\/fr\/#website\",\"url\":\"https:\/\/saprenovation.com\/fr\/\",\"name\":\"SAP Renovation\",\"description\":\"The finest European piano restoration\",\"publisher\":{\"@id\":\"https:\/\/saprenovation.com\/fr\/#organization\"},\"potentialAction\":[{\"@type\":\"SearchAction\",\"target\":{\"@type\":\"EntryPoint\",\"urlTemplate\":\"https:\/\/saprenovation.com\/fr\/?s={search_term_string}\"},\"query-input\":{\"@type\":\"PropertyValueSpecification\",\"valueRequired\":true,\"valueName\":\"search_term_string\"}}],\"inLanguage\":\"fr-FR\"},{\"@type\":\"Organization\",\"@id\":\"https:\/\/saprenovation.com\/fr\/#organization\",\"name\":\"SAP Renovation\",\"url\":\"https:\/\/saprenovation.com\/fr\/\",\"logo\":{\"@type\":\"ImageObject\",\"inLanguage\":\"fr-FR\",\"@id\":\"https:\/\/saprenovation.com\/fr\/#\/schema\/logo\/image\/\",\"url\":\"https:\/\/saprenovation.com\/wp-content\/uploads\/2024\/04\/xlogo.png.pagespeed.ic_.pCcv2wiNk5.webp\",\"contentUrl\":\"https:\/\/saprenovation.com\/wp-content\/uploads\/2024\/04\/xlogo.png.pagespeed.ic_.pCcv2wiNk5.webp\",\"width\":112,\"height\":96,\"caption\":\"SAP Renovation\"},\"image\":{\"@id\":\"https:\/\/saprenovation.com\/fr\/#\/schema\/logo\/image\/\"},\"sameAs\":[\"https:\/\/www.facebook.com\/saprenovation\/\"]}]}<\/script>\n<!-- \/ Yoast SEO plugin. -->","yoast_head_json":{"title":"Transport - SAP Renovation","robots":{"index":"index","follow":"follow","max-snippet":"max-snippet:-1","max-image-preview":"max-image-preview:large","max-video-preview":"max-video-preview:-1"},"canonical":"https:\/\/saprenovation.com\/fr\/transport\/","og_locale":"fr_FR","og_type":"article","og_title":"Transport - SAP Renovation","og_description":"Nous livrons les instruments partout dans le monde. Nous avons 5 voitures sp\u00e9cialis\u00e9es adapt\u00e9es au transport d&rsquo;instruments. Nos voitures sont \u00e9quip\u00e9es de rampes, crochets et sangles. Pendant le transport,...","og_url":"https:\/\/saprenovation.com\/fr\/transport\/","og_site_name":"SAP Renovation","article_publisher":"https:\/\/www.facebook.com\/saprenovation\/","article_modified_time":"2024-10-26T11:05:38+00:00","og_image":[{"width":112,"height":96,"url":"https:\/\/saprenovation.com\/wp-content\/uploads\/2024\/10\/xlogo.png.pagespeed.ic_.pCcv2wiNk5.webp","type":"image\/webp"}],"twitter_card":"summary_large_image","twitter_misc":{"Dur\u00e9e de lecture estim\u00e9e":"2 minutes"},"schema":{"@context":"https:\/\/schema.org","@graph":[{"@type":"WebPage","@id":"https:\/\/saprenovation.com\/fr\/transport\/","url":"https:\/\/saprenovation.com\/fr\/transport\/","name":"Transport - SAP Renovation","isPartOf":{"@id":"https:\/\/saprenovation.com\/fr\/#website"},"datePublished":"2024-04-08T11:57:09+00:00","dateModified":"2024-10-26T11:05:38+00:00","breadcrumb":{"@id":"https:\/\/saprenovation.com\/fr\/transport\/#breadcrumb"},"inLanguage":"fr-FR","potentialAction":[{"@type":"ReadAction","target":["https:\/\/saprenovation.com\/fr\/transport\/"]}]},{"@type":"BreadcrumbList","@id":"https:\/\/saprenovation.com\/fr\/transport\/#breadcrumb","itemListElement":[{"@type":"ListItem","position":1,"name":"SAP Renovation","item":"https:\/\/saprenovation.com\/fr\/"},{"@type":"ListItem","position":2,"name":"Transport"}]},{"@type":"WebSite","@id":"https:\/\/saprenovation.com\/fr\/#website","url":"https:\/\/saprenovation.com\/fr\/","name":"SAP Renovation","description":"The finest European piano restoration","publisher":{"@id":"https:\/\/saprenovation.com\/fr\/#organization"},"potentialAction":[{"@type":"SearchAction","target":{"@type":"EntryPoint","urlTemplate":"https:\/\/saprenovation.com\/fr\/?s={search_term_string}"},"query-input":{"@type":"PropertyValueSpecification","valueRequired":true,"valueName":"search_term_string"}}],"inLanguage":"fr-FR"},{"@type":"Organization","@id":"https:\/\/saprenovation.com\/fr\/#organization","name":"SAP Renovation","url":"https:\/\/saprenovation.com\/fr\/","logo":{"@type":"ImageObject","inLanguage":"fr-FR","@id":"https:\/\/saprenovation.com\/fr\/#\/schema\/logo\/image\/","url":"https:\/\/saprenovation.com\/wp-content\/uploads\/2024\/04\/xlogo.png.pagespeed.ic_.pCcv2wiNk5.webp","contentUrl":"https:\/\/saprenovation.com\/wp-content\/uploads\/2024\/04\/xlogo.png.pagespeed.ic_.pCcv2wiNk5.webp","width":112,"height":96,"caption":"SAP Renovation"},"image":{"@id":"https:\/\/saprenovation.com\/fr\/#\/schema\/logo\/image\/"},"sameAs":["https:\/\/www.facebook.com\/saprenovation\/"]}]}},"_links":{"self":[{"href":"https:\/\/saprenovation.com\/fr\/wp-json\/wp\/v2\/pages\/59380","targetHints":{"allow":["GET"]}}],"collection":[{"href":"https:\/\/saprenovation.com\/fr\/wp-json\/wp\/v2\/pages"}],"about":[{"href":"https:\/\/saprenovation.com\/fr\/wp-json\/wp\/v2\/types\/page"}],"author":[{"embeddable":true,"href":"https:\/\/saprenovation.com\/fr\/wp-json\/wp\/v2\/users\/1"}],"replies":[{"embeddable":true,"href":"https:\/\/saprenovation.com\/fr\/wp-json\/wp\/v2\/comments?post=59380"}],"version-history":[{"count":2,"href":"https:\/\/saprenovation.com\/fr\/wp-json\/wp\/v2\/pages\/59380\/revisions"}],"predecessor-version":[{"id":59463,"href":"https:\/\/saprenovation.com\/fr\/wp-json\/wp\/v2\/pages\/59380\/revisions\/59463"}],"wp:attachment":[{"href":"https:\/\/saprenovation.com\/fr\/wp-json\/wp\/v2\/media?parent=59380"}],"curies":[{"name":"wp","href":"https:\/\/api.w.org\/{rel}","templated":true}]}}