{"id":58902,"date":"2024-04-08T13:55:34","date_gmt":"2024-04-08T11:55:34","guid":{"rendered":"https:\/\/saprenovation.com\/historia\/"},"modified":"2024-09-04T18:55:16","modified_gmt":"2024-09-04T16:55:16","slug":"historia","status":"publish","type":"page","link":"https:\/\/saprenovation.com\/fr\/historia\/","title":{"rendered":"Histoire et mission"},"content":{"rendered":"\n<div class=\"wp-block-group is-layout-constrained wp-block-group-is-layout-constrained\">\n<div class=\"wp-block-columns is-layout-flex wp-container-core-columns-is-layout-28f84493 wp-block-columns-is-layout-flex\">\n<div class=\"wp-block-column is-layout-flow wp-block-column-is-layout-flow\" style=\"flex-basis:65%\">\n<div class=\"wp-block-group box_relative is-layout-constrained wp-block-group-is-layout-constrained has-background\" style=\"min-height:500px;background-image:url(&#039;https:\/\/saprenovation.com\/wp-content\/uploads\/2024\/06\/hist3.jpg&#039;);background-size:cover;\">\n<div style=\"background: #fff;width: 200px;position: absolute;right: -2px;top: -1px;clip-path: polygon(95% 0, 100% 0%, 100% 100%, 0% 100%);bottom: -1px;\"><\/div>\n<\/div>\n<\/div>\n\n\n\n<div class=\"wp-block-column is-vertically-aligned-center is-style-default is-layout-flow wp-block-column-is-layout-flow\">\n<h3 class=\"wp-block-heading\" style=\"text-transform: uppercase;\">1878\n<\/h3>\n\n\n\n<p >Les pianos depuis 1878. Kalisz est une ville polonaise, o\u00f9 les traditions de piano datent du XIXe si\u00e8cle. En 1878, Arnold Fibiger a fond\u00e9 la premi\u00e8re manufacture. Aujourd&rsquo;hui Kalisz est un c\u0153ur de piano polonais, et aussi le plus grand centre de restauration de pianos dans le monde.<\/p>\n<\/div>\n<\/div>\n<\/div>\n\n\n\n<div class=\"wp-block-group is-layout-constrained wp-block-group-is-layout-constrained\">\n<div class=\"wp-block-columns is-layout-flex wp-container-core-columns-is-layout-28f84493 wp-block-columns-is-layout-flex\">\n<div class=\"wp-block-column is-vertically-aligned-center is-layout-flow wp-block-column-is-layout-flow\" style=\"padding-left:var(--wp--preset--spacing--80)\">\n<h3 class=\"wp-block-heading\" style=\"text-transform: uppercase;\">1989<\/h3>\n\n\n\n<p>Nous transformons des pianos vieux, d\u00e9truits, endommag\u00e9s en v\u00e9ritables \u0153uvres d&rsquo;art! SAP Renovation existe depuis plus de 30 ans sur le march\u00e9 international, pr\u00e9cis\u00e9ment depuis l\u2019ann\u00e9e 1990.\n\n13 160 instruments r\u00e9staur\u00e9s pour les clients du monde entier nous donne la position du leader dans le domaine de r\u00e9stauration de pianos. Nous travaillons avec des clients provenant des pays :\nAfrique du Sud, Allemagne, Autriche, Angleterre, Australie, Belgique, Canada, Danemark, Espagne, \u00c9tats-Unis, Finlande, France, Italie, Irlande, Lituanie, Luxembourg, Norv\u00e8ge, Nouvelle-Z\u00e9lande, Pays-Bas, Pologne, Qatar, Russie, Slov\u00e9nie, Suisse, Su\u00e8de et Ta\u00efwan.<\/p>\n<\/div>\n\n\n\n<div class=\"wp-block-column is-layout-flow wp-block-column-is-layout-flow\" style=\"flex-basis:65%\">\n<div class=\"wp-block-group box_relative is-layout-constrained wp-block-group-is-layout-constrained has-background\" style=\"min-height:500px;background-image:url(&#039;https:\/\/saprenovation.com\/wp-content\/uploads\/2024\/06\/hist1.jpg&#039;);background-size:cover;\">\n<div style=\"background: #fff;width: 200px;position: absolute;left: -2px;top: -1px;clip-path: polygon(0 0, 95% 0, 0% 100%, 0 100%);bottom: -1px;\"><\/div>\n<\/div>\n<\/div>\n<\/div>\n<\/div>\n\n\n\n<div class=\"wp-block-group is-layout-constrained wp-block-group-is-layout-constrained\">\n<div class=\"wp-block-columns is-layout-flex wp-container-core-columns-is-layout-28f84493 wp-block-columns-is-layout-flex\">\n<div class=\"wp-block-column is-layout-flow wp-block-column-is-layout-flow\" style=\"flex-basis:65%\">\n<div class=\"wp-block-group box_relative is-layout-constrained wp-block-group-is-layout-constrained has-background\" style=\"min-height:500px;background-image:url(&#039;https:\/\/saprenovation.com\/wp-content\/uploads\/2024\/04\/banner_w1-1.jpg&#039;);background-size:cover;\">\n<div style=\"background: #fff;width: 200px;position: absolute;right: -2px;top: -1px;clip-path: polygon(95% 0, 100% 0%, 100% 100%, 0% 100%);bottom: -1px;\"><\/div>\n<\/div>\n<\/div>\n\n\n\n<div class=\"wp-block-column is-vertically-aligned-center is-style-default is-layout-flow wp-block-column-is-layout-flow\">\n<h3 class=\"wp-block-heading\" style=\"text-transform: uppercase;\">2024<\/h3>\n\n\n\n<p >Nous sommes situ\u00e9s en Pologne. Precisement \u00e0 Kalisz o\u00f9 se trouve le centre d\u2019industrie des instruments de musique en Pologne depuis pr\u00e8s de 150 ans \u2013 la tradition nous oblige, c \u2018est pour cela qu\u2019on augmente nos qualifications.\n\nNous sommes une \u00e9quipe de 84 personnes qui travaille pour votre succ\u00e8s. \u201eNous existons pour Vous\u201d. Nous parlons en langue polonais, anglais, allemand, espagnol, fran\u00e7ais, italien et russe, n\u2019h\u00e9sitez pas de nous poser des questions. Nous vous attendons!<\/p>\n<\/div>\n<\/div>\n<\/div>\n\n\n\n<h2 class=\"wp-block-heading has-text-align-center\">Mission<\/h2>\n\n\n\n<p class=\"has-text-align-center\">35 ans d&rsquo;exp\u00e9rience<br>13 160 instruments restaur\u00e9s<br>77 experts exp\u00e9riment\u00e9s<\/p>\n\n\n\n<div class=\"wp-block-group is-layout-constrained wp-block-group-is-layout-constrained\">\n<div class=\"wp-block-columns is-layout-flex wp-container-core-columns-is-layout-28f84493 wp-block-columns-is-layout-flex\">\n<div class=\"wp-block-column is-vertically-aligned-center is-layout-flow wp-block-column-is-layout-flow\" style=\"padding-left:var(--wp--preset--spacing--80)\">\n<h3 class=\"wp-block-heading\" style=\"text-transform: uppercase;\">Mission<\/h3>\n\n\n\n<p>Nous transformons les pianos endommag\u00e9s en de v\u00e9ritables \u0153uvres d&rsquo;art.\n\nNous sommes pr\u00e9sents sur le march\u00e9 depuis 1990.\n\nNous avons r\u00e9nov\u00e9 plus de 13,000 instruments du monde entier, ce qui fait de nous le leader incontest\u00e9 de l&rsquo;industrie!\n\nNotre objectif est de restaurer les pianos de mani\u00e8re parfaite dans tous les sens, de sorte qu&rsquo;ils soient comme neufs, mais avec une \u00e2me historique.\n\nEn cons\u00e9quence, devenant ainsi le seul de son genre, un mod\u00e8le individuel.\n\nNous travaillons avec des clients de pays tels que: Autriche, Australie, Belgique, Danemark, Finlande, France, Espagne, Pays-Bas, Irlande, Canada, Qatar, Lituanie, Luxembourg, Allemagne, Norv\u00e8ge, Nouvelle-Z\u00e9lande, Pologne, Russie, Afrique du Sud, Slov\u00e9nie, Suisse, Su\u00e8de, Taiwan, \u00c9tats-Unis, Grande-Bretagne et Italie.<\/p>\n<\/div>\n\n\n\n<div class=\"wp-block-column is-layout-flow wp-block-column-is-layout-flow\" style=\"flex-basis:65%\">\n<div class=\"wp-block-group box_relative is-layout-constrained wp-block-group-is-layout-constrained has-background\" style=\"min-height:500px;background-image:url(&#039;https:\/\/saprenovation.com\/wp-content\/uploads\/2024\/04\/o2.jpg&#039;);background-size:cover;\">\n<div style=\"background: #fff;width: 200px;position: absolute;left: -2px;top: -1px;clip-path: polygon(0 0, 95% 0, 0% 100%, 0 100%);bottom: -1px;\"><\/div>\n<\/div>\n<\/div>\n<\/div>\n<\/div>\n","protected":false},"excerpt":{"rendered":"<p>1878 Les pianos depuis 1878. Kalisz est une ville polonaise, o\u00f9 les traditions de piano datent du XIXe si\u00e8cle. En 1878, Arnold Fibiger a fond\u00e9 la premi\u00e8re manufacture. Aujourd&rsquo;hui&#8230;<\/p>\n","protected":false},"author":1,"featured_media":0,"parent":0,"menu_order":0,"comment_status":"closed","ping_status":"closed","template":"page-full-width","meta":{"footnotes":""},"class_list":["post-58902","page","type-page","status-publish","hentry"],"yoast_head":"<!-- This site is optimized with the Yoast SEO plugin v26.1.1 - https:\/\/yoast.com\/wordpress\/plugins\/seo\/ -->\n<title>Histoire et mission - SAP Renovation<\/title>\n<meta name=\"robots\" content=\"index, follow, max-snippet:-1, max-image-preview:large, max-video-preview:-1\" \/>\n<link rel=\"canonical\" href=\"https:\/\/saprenovation.com\/fr\/historia\/\" \/>\n<meta property=\"og:locale\" content=\"fr_FR\" \/>\n<meta property=\"og:type\" content=\"article\" \/>\n<meta property=\"og:title\" content=\"Histoire et mission - SAP Renovation\" \/>\n<meta property=\"og:description\" content=\"1878 Les pianos depuis 1878. Kalisz est une ville polonaise, o\u00f9 les traditions de piano datent du XIXe si\u00e8cle. En 1878, Arnold Fibiger a fond\u00e9 la premi\u00e8re manufacture. Aujourd&rsquo;hui...\" \/>\n<meta property=\"og:url\" content=\"https:\/\/saprenovation.com\/fr\/historia\/\" \/>\n<meta property=\"og:site_name\" content=\"SAP Renovation\" \/>\n<meta property=\"article:publisher\" content=\"https:\/\/www.facebook.com\/saprenovation\/\" \/>\n<meta property=\"article:modified_time\" content=\"2024-09-04T16:55:16+00:00\" \/>\n<meta property=\"og:image\" content=\"https:\/\/saprenovation.com\/wp-content\/uploads\/2024\/10\/xlogo.png.pagespeed.ic_.pCcv2wiNk5.webp\" \/>\n\t<meta property=\"og:image:width\" content=\"112\" \/>\n\t<meta property=\"og:image:height\" content=\"96\" \/>\n\t<meta property=\"og:image:type\" content=\"image\/webp\" \/>\n<meta name=\"twitter:card\" content=\"summary_large_image\" \/>\n<meta name=\"twitter:label1\" content=\"Dur\u00e9e de lecture estim\u00e9e\" \/>\n\t<meta name=\"twitter:data1\" content=\"2 minutes\" \/>\n<script type=\"application\/ld+json\" class=\"yoast-schema-graph\">{\"@context\":\"https:\/\/schema.org\",\"@graph\":[{\"@type\":\"WebPage\",\"@id\":\"https:\/\/saprenovation.com\/fr\/historia\/\",\"url\":\"https:\/\/saprenovation.com\/fr\/historia\/\",\"name\":\"Histoire et mission - SAP Renovation\",\"isPartOf\":{\"@id\":\"https:\/\/saprenovation.com\/fr\/#website\"},\"datePublished\":\"2024-04-08T11:55:34+00:00\",\"dateModified\":\"2024-09-04T16:55:16+00:00\",\"breadcrumb\":{\"@id\":\"https:\/\/saprenovation.com\/fr\/historia\/#breadcrumb\"},\"inLanguage\":\"fr-FR\",\"potentialAction\":[{\"@type\":\"ReadAction\",\"target\":[\"https:\/\/saprenovation.com\/fr\/historia\/\"]}]},{\"@type\":\"BreadcrumbList\",\"@id\":\"https:\/\/saprenovation.com\/fr\/historia\/#breadcrumb\",\"itemListElement\":[{\"@type\":\"ListItem\",\"position\":1,\"name\":\"SAP Renovation\",\"item\":\"https:\/\/saprenovation.com\/fr\/\"},{\"@type\":\"ListItem\",\"position\":2,\"name\":\"Histoire et mission\"}]},{\"@type\":\"WebSite\",\"@id\":\"https:\/\/saprenovation.com\/fr\/#website\",\"url\":\"https:\/\/saprenovation.com\/fr\/\",\"name\":\"SAP Renovation\",\"description\":\"The finest European piano restoration\",\"publisher\":{\"@id\":\"https:\/\/saprenovation.com\/fr\/#organization\"},\"potentialAction\":[{\"@type\":\"SearchAction\",\"target\":{\"@type\":\"EntryPoint\",\"urlTemplate\":\"https:\/\/saprenovation.com\/fr\/?s={search_term_string}\"},\"query-input\":{\"@type\":\"PropertyValueSpecification\",\"valueRequired\":true,\"valueName\":\"search_term_string\"}}],\"inLanguage\":\"fr-FR\"},{\"@type\":\"Organization\",\"@id\":\"https:\/\/saprenovation.com\/fr\/#organization\",\"name\":\"SAP Renovation\",\"url\":\"https:\/\/saprenovation.com\/fr\/\",\"logo\":{\"@type\":\"ImageObject\",\"inLanguage\":\"fr-FR\",\"@id\":\"https:\/\/saprenovation.com\/fr\/#\/schema\/logo\/image\/\",\"url\":\"https:\/\/saprenovation.com\/wp-content\/uploads\/2024\/04\/xlogo.png.pagespeed.ic_.pCcv2wiNk5.webp\",\"contentUrl\":\"https:\/\/saprenovation.com\/wp-content\/uploads\/2024\/04\/xlogo.png.pagespeed.ic_.pCcv2wiNk5.webp\",\"width\":112,\"height\":96,\"caption\":\"SAP Renovation\"},\"image\":{\"@id\":\"https:\/\/saprenovation.com\/fr\/#\/schema\/logo\/image\/\"},\"sameAs\":[\"https:\/\/www.facebook.com\/saprenovation\/\"]}]}<\/script>\n<!-- \/ Yoast SEO plugin. -->","yoast_head_json":{"title":"Histoire et mission - SAP Renovation","robots":{"index":"index","follow":"follow","max-snippet":"max-snippet:-1","max-image-preview":"max-image-preview:large","max-video-preview":"max-video-preview:-1"},"canonical":"https:\/\/saprenovation.com\/fr\/historia\/","og_locale":"fr_FR","og_type":"article","og_title":"Histoire et mission - SAP Renovation","og_description":"1878 Les pianos depuis 1878. Kalisz est une ville polonaise, o\u00f9 les traditions de piano datent du XIXe si\u00e8cle. En 1878, Arnold Fibiger a fond\u00e9 la premi\u00e8re manufacture. Aujourd&rsquo;hui...","og_url":"https:\/\/saprenovation.com\/fr\/historia\/","og_site_name":"SAP Renovation","article_publisher":"https:\/\/www.facebook.com\/saprenovation\/","article_modified_time":"2024-09-04T16:55:16+00:00","og_image":[{"width":112,"height":96,"url":"https:\/\/saprenovation.com\/wp-content\/uploads\/2024\/10\/xlogo.png.pagespeed.ic_.pCcv2wiNk5.webp","type":"image\/webp"}],"twitter_card":"summary_large_image","twitter_misc":{"Dur\u00e9e de lecture estim\u00e9e":"2 minutes"},"schema":{"@context":"https:\/\/schema.org","@graph":[{"@type":"WebPage","@id":"https:\/\/saprenovation.com\/fr\/historia\/","url":"https:\/\/saprenovation.com\/fr\/historia\/","name":"Histoire et mission - SAP Renovation","isPartOf":{"@id":"https:\/\/saprenovation.com\/fr\/#website"},"datePublished":"2024-04-08T11:55:34+00:00","dateModified":"2024-09-04T16:55:16+00:00","breadcrumb":{"@id":"https:\/\/saprenovation.com\/fr\/historia\/#breadcrumb"},"inLanguage":"fr-FR","potentialAction":[{"@type":"ReadAction","target":["https:\/\/saprenovation.com\/fr\/historia\/"]}]},{"@type":"BreadcrumbList","@id":"https:\/\/saprenovation.com\/fr\/historia\/#breadcrumb","itemListElement":[{"@type":"ListItem","position":1,"name":"SAP Renovation","item":"https:\/\/saprenovation.com\/fr\/"},{"@type":"ListItem","position":2,"name":"Histoire et mission"}]},{"@type":"WebSite","@id":"https:\/\/saprenovation.com\/fr\/#website","url":"https:\/\/saprenovation.com\/fr\/","name":"SAP Renovation","description":"The finest European piano restoration","publisher":{"@id":"https:\/\/saprenovation.com\/fr\/#organization"},"potentialAction":[{"@type":"SearchAction","target":{"@type":"EntryPoint","urlTemplate":"https:\/\/saprenovation.com\/fr\/?s={search_term_string}"},"query-input":{"@type":"PropertyValueSpecification","valueRequired":true,"valueName":"search_term_string"}}],"inLanguage":"fr-FR"},{"@type":"Organization","@id":"https:\/\/saprenovation.com\/fr\/#organization","name":"SAP Renovation","url":"https:\/\/saprenovation.com\/fr\/","logo":{"@type":"ImageObject","inLanguage":"fr-FR","@id":"https:\/\/saprenovation.com\/fr\/#\/schema\/logo\/image\/","url":"https:\/\/saprenovation.com\/wp-content\/uploads\/2024\/04\/xlogo.png.pagespeed.ic_.pCcv2wiNk5.webp","contentUrl":"https:\/\/saprenovation.com\/wp-content\/uploads\/2024\/04\/xlogo.png.pagespeed.ic_.pCcv2wiNk5.webp","width":112,"height":96,"caption":"SAP Renovation"},"image":{"@id":"https:\/\/saprenovation.com\/fr\/#\/schema\/logo\/image\/"},"sameAs":["https:\/\/www.facebook.com\/saprenovation\/"]}]}},"_links":{"self":[{"href":"https:\/\/saprenovation.com\/fr\/wp-json\/wp\/v2\/pages\/58902","targetHints":{"allow":["GET"]}}],"collection":[{"href":"https:\/\/saprenovation.com\/fr\/wp-json\/wp\/v2\/pages"}],"about":[{"href":"https:\/\/saprenovation.com\/fr\/wp-json\/wp\/v2\/types\/page"}],"author":[{"embeddable":true,"href":"https:\/\/saprenovation.com\/fr\/wp-json\/wp\/v2\/users\/1"}],"replies":[{"embeddable":true,"href":"https:\/\/saprenovation.com\/fr\/wp-json\/wp\/v2\/comments?post=58902"}],"version-history":[{"count":3,"href":"https:\/\/saprenovation.com\/fr\/wp-json\/wp\/v2\/pages\/58902\/revisions"}],"predecessor-version":[{"id":58915,"href":"https:\/\/saprenovation.com\/fr\/wp-json\/wp\/v2\/pages\/58902\/revisions\/58915"}],"wp:attachment":[{"href":"https:\/\/saprenovation.com\/fr\/wp-json\/wp\/v2\/media?parent=58902"}],"curies":[{"name":"wp","href":"https:\/\/api.w.org\/{rel}","templated":true}]}}