{"id":58879,"date":"2024-04-08T13:57:37","date_gmt":"2024-04-08T11:57:37","guid":{"rendered":"https:\/\/saprenovation.com\/gwarancja\/"},"modified":"2024-09-04T18:32:13","modified_gmt":"2024-09-04T16:32:13","slug":"gwarancja","status":"publish","type":"page","link":"https:\/\/saprenovation.com\/fr\/gwarancja\/","title":{"rendered":"Certificat de garantie"},"content":{"rendered":"\n<div class=\"wp-block-group is-layout-constrained wp-container-core-group-is-layout-4383d167 wp-block-group-is-layout-constrained\">\n<h4 class=\"wp-block-heading\">1. Introduction<\/h4>\n\n\n\n<p>En choisissant SAP, vous choisissez un savoir-faire de classe mondiale et des mat\u00e9riaux qui feront le piano unique et de parfaite fonctionnalit\u00e9.<\/p>\n\n\n\n<h4 class=\"wp-block-heading\">2. Conditions de notre garantie<\/h4>\n\n\n\n<p>SAP Renovation couvre une garantie de trois ans sur les travaux et les mat\u00e9riaux utilis\u00e9s durant la r\u00e9novation et la reconstruction effectu\u00e9es sur les instruments. Il serait possible de prolonger la garantie \u00e0 deux ans suppl\u00e9mentaires moyennant des frais en contactant notre service commercial. Pendant cette p\u00e9riode SAP Renovation prend la responsabilit\u00e9 d&rsquo;\u00e9liminer les d\u00e9fauts r\u00e9sultants de l&rsquo;utilisation correcte de l&rsquo;instrument, par r\u00e9paration ou remplacement des pi\u00e8ces, sans surcharger le propri\u00e9taire des co\u00fbts de main-d&rsquo;\u0153uvre et des mat\u00e9riaux. Tous les travaux de garantie seront effectu\u00e9s chez SAP Renovation, l&rsquo;exception \u00e0 cette r\u00e8gle est \u00e9tablie avec le client. S\u2019il y a une situation \u00e9quitable, SAP Renovation va envoyer un technicien qualifi\u00e9 pour r\u00e9parer le d\u00e9faut chez le client. La mise en \u0153uvre des travaux de r\u00e9paration peut \u00e9galement \u00eatre faite par la personne \/ entreprise agissant dans les locaux du client, ce qui sera indiqu\u00e9 par SAP Renovation.<\/p>\n\n\n\n<h4 class=\"wp-block-heading\">3. Limitations de la garantie<\/h4>\n\n\n\n<p>La garantie de r\u00e9novation, qui fournit SAP Renovation, ne couvre pas les dommages, des dysfonctionnements ou la perte accidentelle de l&rsquo;instrument r\u00e9sultante de:<br>a) utilisation ou traitement impropre de l\u2019instrument de m\u00eame que le positionnement incorrect de l\u2019instrument;<br>b) mauvais transport de l&rsquo;instrument;<br>c) toute tentative de r\u00e9paration des d\u00e9fauts par le propri\u00e9taire ou mauvais service sans informer \u00e0 l&rsquo;avance SAP Renovation;<br>d) d&rsquo;exposer l&rsquo;instrument \u00e0 des temp\u00e9ratures extr\u00eames, les conditions m\u00e9t\u00e9orologiques, ainsi que les dommages caus\u00e9s par le soleil et l&rsquo;eau;<br>e) utilisation \u00e0 l&rsquo;ext\u00e9rieur;<\/p>\n\n\n\n<p>SAP Renovation n&rsquo;assume aucune responsabilit\u00e9 des irr\u00e9gularit\u00e9s dans le fonctionnement de l&rsquo;instrument, dont l&rsquo;\u00e9limination est possible par: r\u00e9glage, accord, intonation.<\/p>\n\n\n\n<p>En outre, tous les travaux de service et d&rsquo;accordage doivent toujours \u00eatre effectu\u00e9s par des professionnels.<\/p>\n\n\n\n<p>Accordage, r\u00e9glage de la m\u00e9canique avec le clavier, r\u00e9glage du p\u00e9dalier et l&rsquo;usure naturelle de la m\u00e9canique, provenant de l&rsquo;exploitation de l&rsquo;instrument, ne sont pas couverts par la garantie.<\/p>\n\n\n\n<p>L&rsquo;instrument apr\u00e8s r\u00e9novation doit \u00eatre soigneusement v\u00e9rifi\u00e9 imm\u00e9diatement apr\u00e8s sa livraison. Afin de conserver les droits de garantie, toutes les r\u00e9servations de r\u00e9novation doivent \u00eatre signal\u00e9es \u00e0 SAP Renovation par e-mail dans les 7 jours suivants la livraison de l&rsquo;instrument.<br>\u2003<\/p>\n\n\n\n<h4 class=\"wp-block-heading\">4. Exploitation et entretien<\/h4>\n\n\n\n<p>Nous avons quelques suggestions sur la fa\u00e7on d&rsquo;utiliser a l&rsquo;instrument afin de profiter en toute s\u00e9curit\u00e9 pendant une longue p\u00e9riode. Le plus important est-il que l\u2019instrument ne soit pas soumis \u00e0 des temp\u00e9ratures extr\u00eames ou l&rsquo;humidit\u00e9. Le placement de l&rsquo;instrument \u00e0 proximit\u00e9 de sources de chaleur est interdit. Il est donc recommand\u00e9 de localiser des points de bord \u00e0 une distance du chauffage central et \u00e0 l&rsquo;\u00e9cart des fen\u00eatres. La place la plus convenable pour placer le piano est un endroit proche des parois internes et \u00e9loign\u00e9 des murs ext\u00e9rieurs qui est moins sensibles aux variations de temp\u00e9rature au cours de l\u2019hiver rigoureux et un \u00e9t\u00e9 chaud. Conditions recommand\u00e9es optimale est donc un taux d&rsquo;humidit\u00e9 constant \u00e0 un niveau compris entre 40 et 65% et une temp\u00e9rature de l&rsquo;ordre 20\u2070C. S&rsquo;il est impossible d&rsquo;assurer un niveau d&rsquo;humidit\u00e9 constant, nous vous conseillons d&rsquo;\u00e9quiper l&rsquo;instrument dans le dispositif de contr\u00f4le de l&rsquo;humidit\u00e9. Sur le march\u00e9 il existe de nombreux appareils de ce type. Une autre regle importante c\u2019est d&rsquo;\u00e9viter la lumi\u00e8re solaire directe. Une exposition prolong\u00e9e au soleil peut laisser des taches et d\u00e9coloriser. Cependant, il est important de ne pas utiliser des produits standard pour enlever de la poussi\u00e8re. Certains peuvent contenir des produits chimiques qui pourraient endommager irr\u00e9m\u00e9diablement le meuble.<\/p>\n\n\n\n<h4 class=\"wp-block-heading\">5. Conseils de service<\/h4>\n\n\n\n<p>Ind\u00e9pendamment de l&rsquo;intensit\u00e9 de l&rsquo;exploitation de l&rsquo;instrument, le piano doit \u00eatre accord\u00e9 au moins deux fois par an et en m\u00eame temps il faut faire le r\u00e9glage de la m\u00e9canique, du clavier et du p\u00e9dalier. Ces activit\u00e9s sont favorables pour la stabilit\u00e9 de l&rsquo;accord \u00e0 442 Hz.<\/p>\n\n\n\n<h4 class=\"wp-block-heading\">6. Information suppl\u00e9mentaire<\/h4>\n\n\n\n<p>Pendant la r\u00e9novation, qui comprend uniquement la r\u00e9novation du meuble de l&rsquo;instrument, SAP Renovation ne prend pas la responsabilit\u00e9 pour les changements de l&rsquo;\u00e9tat de la table d&rsquo;harmonie, sommier ou chevalets<\/p>\n\n\n\n<p>Dans le cas de l&rsquo;identification de la pr\u00e9sence de scolytes dans l&rsquo;instrument, nous appliquons une proc\u00e9dure de leur \u00e9limination, qui a fait ses preuves depuis de nombreuses ann\u00e9es. Cependant, il existe un risque de r\u00e9apparition d&rsquo;organismes nuisibles, dont SAP Renovation n&rsquo;assume aucune responsabilit\u00e9.<br>La garantie ne couvre pas ce type de travail.<\/p>\n\n\n\n<p>La r\u00e9novation de la table d&rsquo;harmonie consiste en partie \u00e0 \u00e9liminer les fissures en introduisant des flipots dans la table d&rsquo;harmonie, dans toute l&rsquo;\u00e9paisseur de la table d&rsquo;harmonie. Au fil du temps, ces flipots peuvent devenir plus visibles et pro\u00e9minentes. Toutefois, cela n\u2019affecte pas le son et le fonctionnement de l\u2019instrument. Pour \u00e9liminer cet \u00ab effet cosm\u00e9tique \u00bb, il faudrait remplacer la table d&rsquo;harmonie par une neuve au lieu de r\u00e9nover l&rsquo;ancienne.<\/p>\n\n\n\n<p>La r\u00e9novation des agraffes consiste \u00e0 les d\u00e9visser, \u00e0 les polir et \u00e0 les remonter dans le cadre en fonte. Sap R\u00e9novation n&rsquo;est pas responsable des d\u00e9fauts tels que fissures ou d\u00e9fauts d&rsquo;agraffe dans le futur. Cela n&rsquo;arrive pas souvent mais nous sommes oblig\u00e9s d&rsquo;en informer nos clients.<br>Ces \u00e9l\u00e9ments ne peuvent \u00eatre couverts par la garantie que s&rsquo;ils sont remplac\u00e9s par des neufs.<br>REMARQUE : Certains instruments anciens ont un mod\u00e8le d&rsquo;agraffe qui n&rsquo;est plus produit de nos jours et il n&rsquo;y a pas d&rsquo;autre choix que de r\u00e9nover les anciens agraffes.<\/p>\n\n\n\n<p>Dans le cas de la restauration du bloc lutherie sans effectuer les nouvelles semelles chevalets, peut conduire \u00e0 un eperte de qualit\u00e9 et de sonorit\u00e9 de l&rsquo;instrument pendant son l&rsquo;explotation.<\/p>\n\n\n\n<p>Dans le cas de restauration du bloc lutherie sans effectuer le nouveau sommier, peut faire que le piano ne tiendra pas l&rsquo;accord pendant son l&rsquo;explotation.<\/p>\n\n\n\n<p>Afin de pr\u00e9server la garantie, tous les d\u00e9fauts doivent \u00eatre signal\u00e9s imm\u00e9diatement apr\u00e8s leur d\u00e9couverte.<\/p>\n\n\n\n<p>Les \u00e9l\u00e9ments de l&rsquo;instrument, tels que:<br>&#8211; charni\u00e8res<br>&#8211; roulettes<br>&#8211; p\u00e9dales<br>&#8211; crochets<\/p>\n\n\n\n<p>Le transport de l&rsquo;instrument chez SAP Renovation dans le cadre des travaux de garantie et la livraison chez le client est organis\u00e9 aux frais de SAP Renovation.<\/p>\n\n\n\n<p>IMPORTANT: Le transport et la livraison de l&rsquo;instrument sont organis\u00e9s uniquement au rez-de-chauss\u00e9e avec une all\u00e9e pav\u00e9e.<\/p>\n\n\n\n<p>En cas de: transport de l&rsquo;instrument dans les escaliers et avec une all\u00e9e boueuse et difficile. Le client est tenu d&rsquo;organiser ces activit\u00e9s \u00e0 ses frais.<\/p>\n\n\n\n<p>Sont couverts par la garantie du fabricant. Les r\u00e9clamations concernant les d\u00e9fauts et la qualit\u00e9 des \u00e9l\u00e9ments ci-dessus, sont transmis \u00e0 leurs fournisseurs. Les r\u00e9clamations concernant le montage correct sont prises en compte par SAP Renovation.<\/p>\n\n\n\n<p>En commandant une r\u00e9novation de piano chez nous, vous acceptez nos normes de travail et les mat\u00e9riaux utilis\u00e9s.<br>S&rsquo;il vous pla\u00eet de tenir compte que nous traitons toujours chaque commande individuellement. Si vous avez des souhaits particuliers et vous souhaitez que la r\u00e9novation soit effectu\u00e9e conform\u00e9ment \u00e0 vos directives, communiqu\u00e9-nous le avant que nous commen\u00e7ons la r\u00e9novation de votre instrument.<\/p>\n<\/div>\n","protected":false},"excerpt":{"rendered":"<p>1. Introduction En choisissant SAP, vous choisissez un savoir-faire de classe mondiale et des mat\u00e9riaux qui feront le piano unique et de parfaite fonctionnalit\u00e9. 2. Conditions de notre garantie&#8230;<\/p>\n","protected":false},"author":1,"featured_media":0,"parent":0,"menu_order":0,"comment_status":"closed","ping_status":"closed","template":"","meta":{"footnotes":""},"class_list":["post-58879","page","type-page","status-publish","hentry"],"yoast_head":"<!-- This site is optimized with the Yoast SEO plugin v26.1.1 - https:\/\/yoast.com\/wordpress\/plugins\/seo\/ -->\n<title>Certificat de garantie - SAP Renovation<\/title>\n<meta name=\"robots\" content=\"index, follow, max-snippet:-1, max-image-preview:large, max-video-preview:-1\" \/>\n<link rel=\"canonical\" href=\"https:\/\/saprenovation.com\/fr\/gwarancja\/\" \/>\n<meta property=\"og:locale\" content=\"fr_FR\" \/>\n<meta property=\"og:type\" content=\"article\" \/>\n<meta property=\"og:title\" content=\"Certificat de garantie - SAP Renovation\" \/>\n<meta property=\"og:description\" content=\"1. Introduction En choisissant SAP, vous choisissez un savoir-faire de classe mondiale et des mat\u00e9riaux qui feront le piano unique et de parfaite fonctionnalit\u00e9. 2. Conditions de notre garantie...\" \/>\n<meta property=\"og:url\" content=\"https:\/\/saprenovation.com\/fr\/gwarancja\/\" \/>\n<meta property=\"og:site_name\" content=\"SAP Renovation\" \/>\n<meta property=\"article:publisher\" content=\"https:\/\/www.facebook.com\/saprenovation\/\" \/>\n<meta property=\"article:modified_time\" content=\"2024-09-04T16:32:13+00:00\" \/>\n<meta property=\"og:image\" content=\"https:\/\/saprenovation.com\/wp-content\/uploads\/2024\/10\/xlogo.png.pagespeed.ic_.pCcv2wiNk5.webp\" \/>\n\t<meta property=\"og:image:width\" content=\"112\" \/>\n\t<meta property=\"og:image:height\" content=\"96\" \/>\n\t<meta property=\"og:image:type\" content=\"image\/webp\" \/>\n<meta name=\"twitter:card\" content=\"summary_large_image\" \/>\n<meta name=\"twitter:label1\" content=\"Dur\u00e9e de lecture estim\u00e9e\" \/>\n\t<meta name=\"twitter:data1\" content=\"6 minutes\" \/>\n<script type=\"application\/ld+json\" class=\"yoast-schema-graph\">{\"@context\":\"https:\/\/schema.org\",\"@graph\":[{\"@type\":\"WebPage\",\"@id\":\"https:\/\/saprenovation.com\/fr\/gwarancja\/\",\"url\":\"https:\/\/saprenovation.com\/fr\/gwarancja\/\",\"name\":\"Certificat de garantie - SAP Renovation\",\"isPartOf\":{\"@id\":\"https:\/\/saprenovation.com\/fr\/#website\"},\"datePublished\":\"2024-04-08T11:57:37+00:00\",\"dateModified\":\"2024-09-04T16:32:13+00:00\",\"breadcrumb\":{\"@id\":\"https:\/\/saprenovation.com\/fr\/gwarancja\/#breadcrumb\"},\"inLanguage\":\"fr-FR\",\"potentialAction\":[{\"@type\":\"ReadAction\",\"target\":[\"https:\/\/saprenovation.com\/fr\/gwarancja\/\"]}]},{\"@type\":\"BreadcrumbList\",\"@id\":\"https:\/\/saprenovation.com\/fr\/gwarancja\/#breadcrumb\",\"itemListElement\":[{\"@type\":\"ListItem\",\"position\":1,\"name\":\"SAP Renovation\",\"item\":\"https:\/\/saprenovation.com\/fr\/\"},{\"@type\":\"ListItem\",\"position\":2,\"name\":\"Certificat de garantie\"}]},{\"@type\":\"WebSite\",\"@id\":\"https:\/\/saprenovation.com\/fr\/#website\",\"url\":\"https:\/\/saprenovation.com\/fr\/\",\"name\":\"SAP Renovation\",\"description\":\"The finest European piano restoration\",\"publisher\":{\"@id\":\"https:\/\/saprenovation.com\/fr\/#organization\"},\"potentialAction\":[{\"@type\":\"SearchAction\",\"target\":{\"@type\":\"EntryPoint\",\"urlTemplate\":\"https:\/\/saprenovation.com\/fr\/?s={search_term_string}\"},\"query-input\":{\"@type\":\"PropertyValueSpecification\",\"valueRequired\":true,\"valueName\":\"search_term_string\"}}],\"inLanguage\":\"fr-FR\"},{\"@type\":\"Organization\",\"@id\":\"https:\/\/saprenovation.com\/fr\/#organization\",\"name\":\"SAP Renovation\",\"url\":\"https:\/\/saprenovation.com\/fr\/\",\"logo\":{\"@type\":\"ImageObject\",\"inLanguage\":\"fr-FR\",\"@id\":\"https:\/\/saprenovation.com\/fr\/#\/schema\/logo\/image\/\",\"url\":\"https:\/\/saprenovation.com\/wp-content\/uploads\/2024\/04\/xlogo.png.pagespeed.ic_.pCcv2wiNk5.webp\",\"contentUrl\":\"https:\/\/saprenovation.com\/wp-content\/uploads\/2024\/04\/xlogo.png.pagespeed.ic_.pCcv2wiNk5.webp\",\"width\":112,\"height\":96,\"caption\":\"SAP Renovation\"},\"image\":{\"@id\":\"https:\/\/saprenovation.com\/fr\/#\/schema\/logo\/image\/\"},\"sameAs\":[\"https:\/\/www.facebook.com\/saprenovation\/\"]}]}<\/script>\n<!-- \/ Yoast SEO plugin. -->","yoast_head_json":{"title":"Certificat de garantie - SAP Renovation","robots":{"index":"index","follow":"follow","max-snippet":"max-snippet:-1","max-image-preview":"max-image-preview:large","max-video-preview":"max-video-preview:-1"},"canonical":"https:\/\/saprenovation.com\/fr\/gwarancja\/","og_locale":"fr_FR","og_type":"article","og_title":"Certificat de garantie - SAP Renovation","og_description":"1. Introduction En choisissant SAP, vous choisissez un savoir-faire de classe mondiale et des mat\u00e9riaux qui feront le piano unique et de parfaite fonctionnalit\u00e9. 2. Conditions de notre garantie...","og_url":"https:\/\/saprenovation.com\/fr\/gwarancja\/","og_site_name":"SAP Renovation","article_publisher":"https:\/\/www.facebook.com\/saprenovation\/","article_modified_time":"2024-09-04T16:32:13+00:00","og_image":[{"width":112,"height":96,"url":"https:\/\/saprenovation.com\/wp-content\/uploads\/2024\/10\/xlogo.png.pagespeed.ic_.pCcv2wiNk5.webp","type":"image\/webp"}],"twitter_card":"summary_large_image","twitter_misc":{"Dur\u00e9e de lecture estim\u00e9e":"6 minutes"},"schema":{"@context":"https:\/\/schema.org","@graph":[{"@type":"WebPage","@id":"https:\/\/saprenovation.com\/fr\/gwarancja\/","url":"https:\/\/saprenovation.com\/fr\/gwarancja\/","name":"Certificat de garantie - SAP Renovation","isPartOf":{"@id":"https:\/\/saprenovation.com\/fr\/#website"},"datePublished":"2024-04-08T11:57:37+00:00","dateModified":"2024-09-04T16:32:13+00:00","breadcrumb":{"@id":"https:\/\/saprenovation.com\/fr\/gwarancja\/#breadcrumb"},"inLanguage":"fr-FR","potentialAction":[{"@type":"ReadAction","target":["https:\/\/saprenovation.com\/fr\/gwarancja\/"]}]},{"@type":"BreadcrumbList","@id":"https:\/\/saprenovation.com\/fr\/gwarancja\/#breadcrumb","itemListElement":[{"@type":"ListItem","position":1,"name":"SAP Renovation","item":"https:\/\/saprenovation.com\/fr\/"},{"@type":"ListItem","position":2,"name":"Certificat de garantie"}]},{"@type":"WebSite","@id":"https:\/\/saprenovation.com\/fr\/#website","url":"https:\/\/saprenovation.com\/fr\/","name":"SAP Renovation","description":"The finest European piano restoration","publisher":{"@id":"https:\/\/saprenovation.com\/fr\/#organization"},"potentialAction":[{"@type":"SearchAction","target":{"@type":"EntryPoint","urlTemplate":"https:\/\/saprenovation.com\/fr\/?s={search_term_string}"},"query-input":{"@type":"PropertyValueSpecification","valueRequired":true,"valueName":"search_term_string"}}],"inLanguage":"fr-FR"},{"@type":"Organization","@id":"https:\/\/saprenovation.com\/fr\/#organization","name":"SAP Renovation","url":"https:\/\/saprenovation.com\/fr\/","logo":{"@type":"ImageObject","inLanguage":"fr-FR","@id":"https:\/\/saprenovation.com\/fr\/#\/schema\/logo\/image\/","url":"https:\/\/saprenovation.com\/wp-content\/uploads\/2024\/04\/xlogo.png.pagespeed.ic_.pCcv2wiNk5.webp","contentUrl":"https:\/\/saprenovation.com\/wp-content\/uploads\/2024\/04\/xlogo.png.pagespeed.ic_.pCcv2wiNk5.webp","width":112,"height":96,"caption":"SAP Renovation"},"image":{"@id":"https:\/\/saprenovation.com\/fr\/#\/schema\/logo\/image\/"},"sameAs":["https:\/\/www.facebook.com\/saprenovation\/"]}]}},"_links":{"self":[{"href":"https:\/\/saprenovation.com\/fr\/wp-json\/wp\/v2\/pages\/58879","targetHints":{"allow":["GET"]}}],"collection":[{"href":"https:\/\/saprenovation.com\/fr\/wp-json\/wp\/v2\/pages"}],"about":[{"href":"https:\/\/saprenovation.com\/fr\/wp-json\/wp\/v2\/types\/page"}],"author":[{"embeddable":true,"href":"https:\/\/saprenovation.com\/fr\/wp-json\/wp\/v2\/users\/1"}],"replies":[{"embeddable":true,"href":"https:\/\/saprenovation.com\/fr\/wp-json\/wp\/v2\/comments?post=58879"}],"version-history":[{"count":2,"href":"https:\/\/saprenovation.com\/fr\/wp-json\/wp\/v2\/pages\/58879\/revisions"}],"predecessor-version":[{"id":58892,"href":"https:\/\/saprenovation.com\/fr\/wp-json\/wp\/v2\/pages\/58879\/revisions\/58892"}],"wp:attachment":[{"href":"https:\/\/saprenovation.com\/fr\/wp-json\/wp\/v2\/media?parent=58879"}],"curies":[{"name":"wp","href":"https:\/\/api.w.org\/{rel}","templated":true}]}}