{"id":58818,"date":"2024-04-08T13:50:50","date_gmt":"2024-04-08T11:50:50","guid":{"rendered":"https:\/\/saprenovation.com\/akcesoria\/"},"modified":"2025-10-08T17:52:57","modified_gmt":"2025-10-08T15:52:57","slug":"akcesoria","status":"publish","type":"page","link":"https:\/\/saprenovation.com\/fr\/akcesoria\/","title":{"rendered":"Accessoires"},"content":{"rendered":"\n<div class=\"wp-block-group is-layout-constrained wp-block-group-is-layout-constrained\">\n<div class=\"wp-block-columns is-layout-flex wp-container-core-columns-is-layout-28f84493 wp-block-columns-is-layout-flex\">\n<div class=\"wp-block-column is-layout-flow wp-block-column-is-layout-flow\" style=\"flex-basis:65%\">\n<div style=\"background-image:url(&#039;https:\/\/saprenovation.com\/wp-content\/uploads\/2024\/08\/a6.jpg&#039;);background-position:50% 0;background-size:cover;\" class=\"wp-block-group box_relative is-layout-constrained wp-block-group-is-layout-constrained has-background\">\n<div style=\"background: #fff;width: 200px;position: absolute;right: -2px;top: -1px;clip-path: polygon(95% 0, 100% 0%, 100% 100%, 0% 100%);bottom: -1px;\"><\/div>\n<\/div>\n<\/div>\n\n\n\n<div class=\"wp-block-column is-vertically-aligned-center is-style-default is-layout-flow wp-block-column-is-layout-flow\">\n<h3 class=\"wp-block-heading\" style=\"text-transform: uppercase;\">Album Photo<\/h3>\n\n\n\n<p >Pr\u00e9sentez l\u2019histoire de la r\u00e9novation de votre instrument sous une forme moderne, durable et unique.\n\nLes photos de l\u2019instrument sont unique et avec une conception graphique personnalis\u00e9\n\nL\u2019album est imprim\u00e9 dans la technologie num\u00e9rique avec une tr\u00e8s haute qualit\u00e9 d\u2019image. Les cartes sont effectuer d\u2019un mat\u00e9riau sp\u00e9cial, et les technologies utilis\u00e9es fournissent la solidit\u00e9.\n\nLe client decide de la taille et du mat\u00e9riau pour l\u2019album. Nous proposons les tailles: 20x20cm ou 30\u00d730 cm. Le mat\u00e9riau utilis\u00e9 pour l\u2019album peut \u00eatre en cuir artificiel ou authentique.<\/p>\n<\/div>\n<\/div>\n<\/div>\n\n\n\n<div class=\"wp-block-group is-layout-constrained wp-block-group-is-layout-constrained\">\n<div class=\"wp-block-columns rab_text_left is-layout-flex wp-container-core-columns-is-layout-28f84493 wp-block-columns-is-layout-flex\">\n<div class=\"wp-block-column is-vertically-aligned-center rab_text_left is-layout-flow wp-block-column-is-layout-flow\" style=\"padding-left:var(--wp--preset--spacing--80)\">\n<h3 class=\"wp-block-heading\" style=\"text-transform: uppercase;\nmargin-left:10px;\n\">Piano Disc<\/h3>\n\n\n\n<p>Bient\u00f4t cette offre sera pr\u00e9sent\u00e9e sur notre site.<\/p>\n<\/div>\n\n\n\n<div class=\"wp-block-column is-layout-flow wp-block-column-is-layout-flow\" style=\"flex-basis:65%\">\n<div style=\"background-image:url(&#039;https:\/\/saprenovation.com\/wp-content\/uploads\/2024\/08\/pd1.jpg&#039;);background-position:50% 0;background-size:cover;\" class=\"wp-block-group box_relative is-layout-constrained wp-block-group-is-layout-constrained has-background\">\n<div style=\"background: #fff;width: 200px;position: absolute;left: -2px;top: -1px;clip-path: polygon(0 0, 95% 0, 0% 100%, 0 100%);bottom: -1px;\"><\/div>\n<\/div>\n<\/div>\n<\/div>\n<\/div>\n\n\n\n<div class=\"wp-block-group is-layout-constrained wp-block-group-is-layout-constrained\">\n<div class=\"wp-block-columns is-layout-flex wp-container-core-columns-is-layout-28f84493 wp-block-columns-is-layout-flex\">\n<div class=\"wp-block-column is-layout-flow wp-block-column-is-layout-flow\" style=\"flex-basis:65%\">\n<div style=\"background-image:url(&#039;https:\/\/saprenovation.com\/wp-content\/uploads\/2024\/08\/5ff-_MG_7002-copy-scaled.jpg&#039;);background-position:50% 0;background-size:cover;\" class=\"wp-block-group box_relative is-layout-constrained wp-block-group-is-layout-constrained has-background\">\n<div style=\"background: #fff;width: 200px;position: absolute;right: -2px;top: -1px;clip-path: polygon(95% 0, 100% 0%, 100% 100%, 0% 100%);bottom: -1px;\"><\/div>\n<\/div>\n<\/div>\n\n\n\n<div class=\"wp-block-column is-vertically-aligned-center is-style-default is-layout-flow wp-block-column-is-layout-flow\">\n<h3 class=\"wp-block-heading\" style=\"text-transform: uppercase;\">Silent System<\/h3>\n\n\n\n<p >Nous sommes heureux de vous presenter le piano droit Arion , apr\u00e8s une compl\u00e8te r\u00e9novation chez nous.\nNous avons install\u00e9 sur le piano droit le syst\u00e8me silencieux. Nous vous invitons \u00e0 regarder la video et les photos.<\/p>\n<\/div>\n<\/div>\n<\/div>\n\n\n\n<div class=\"wp-block-group is-layout-constrained wp-block-group-is-layout-constrained\">\n<div class=\"wp-block-columns rab_text_left is-layout-flex wp-container-core-columns-is-layout-28f84493 wp-block-columns-is-layout-flex\">\n<div class=\"wp-block-column is-vertically-aligned-center rab_text_left is-layout-flow wp-block-column-is-layout-flow\" style=\"padding-left:var(--wp--preset--spacing--80)\">\n<h3 class=\"wp-block-heading\" style=\"text-transform: uppercase;\nmargin-left:10px;\n\">Rouleaux pour transport \u2013 modele \u00ab SPIDER \u00bb<\/h3>\n\n\n\n<p>Nous avons le plaisir de vous proposer les roulettes de transport pour piano \u2013 mod\u00e8le \u00ab SPIDER \u00bb avec frein.\nEn plus de prot\u00e9ger le laiton ou l\u2019acier des roulettes du piano, ce \u00e9l\u00e9ment prot\u00e8ge \u00e9galement le plancher sur lequel vous d\u00e9placer le piano\n\nCARACT\u00c9RISTIQUES TECHNIQUES:\nBord\u00e9e de feutre mou\nLes roulettes effectuer du polyur\u00e9thane\nLe piano sur les roulettes augmente sa hauteur d\u2019environ 1,5 \u2013 2 cm\nCouleur: noir\n3 roulettes\nCapacit\u00e9: 300 kg \/ pc.<\/p>\n<\/div>\n\n\n\n<div class=\"wp-block-column is-layout-flow wp-block-column-is-layout-flow\" style=\"flex-basis:65%\">\n<div style=\"background-image:url(&#039;https:\/\/saprenovation.com\/wp-content\/uploads\/2024\/08\/r2.jpg&#039;);background-position:50% 0;background-size:cover;\" class=\"wp-block-group box_relative is-layout-constrained wp-block-group-is-layout-constrained has-background\">\n<div style=\"background: #fff;width: 200px;position: absolute;left: -2px;top: -1px;clip-path: polygon(0 0, 95% 0, 0% 100%, 0 100%);bottom: -1px;\"><\/div>\n<\/div>\n<\/div>\n<\/div>\n<\/div>\n\n\n\n<div class=\"wp-block-group is-layout-constrained wp-block-group-is-layout-constrained\">\n<div class=\"wp-block-columns is-layout-flex wp-container-core-columns-is-layout-28f84493 wp-block-columns-is-layout-flex\">\n<div class=\"wp-block-column is-layout-flow wp-block-column-is-layout-flow\" style=\"flex-basis:65%\">\n<div style=\"background-image:url(&#039;https:\/\/saprenovation.com\/wp-content\/uploads\/2024\/08\/4f-_MG_4993-copy-scaled.jpg&#039;);background-position:42% 49%;background-size:cover;\" class=\"wp-block-group box_relative is-layout-constrained wp-block-group-is-layout-constrained has-background\">\n<div style=\"background: #fff;width: 200px;position: absolute;right: -2px;top: -1px;clip-path: polygon(95% 0, 100% 0%, 100% 100%, 0% 100%);bottom: -1px;\"><\/div>\n<\/div>\n<\/div>\n\n\n\n<div class=\"wp-block-column is-vertically-aligned-center is-style-default is-layout-flow wp-block-column-is-layout-flow\">\n<h3 class=\"wp-block-heading\" style=\"text-transform: uppercase;\">Systemy Wilgotno\u015bciowe<\/h3>\n\n\n\n<p >Prenez soin de la stabilit\u00e9 de accordage et de la durabilit\u00e9 des composants en bois de votre piano. Ne l\u2019exposez pas \u00e0 l\u2019humidit\u00e9 inutile!\n\nLe contr\u00f4le de l\u2019humidit\u00e9 est un \u00e9l\u00e9ment essentiel de la protection de l\u2019instrument, qui fonctionnera parfaitement comme une protection contre les effets ind\u00e9sirables du niveau d\u2019humidit\u00e9 \u00e9lev\u00e9s dans la pi\u00e8ce o\u00f9 se trouve l\u2019instrument.<\/p>\n<\/div>\n<\/div>\n<\/div>\n\n\n\n<div class=\"wp-block-group is-layout-constrained wp-block-group-is-layout-constrained\">\n<div class=\"wp-block-columns rab_text_left is-layout-flex wp-container-core-columns-is-layout-28f84493 wp-block-columns-is-layout-flex\">\n<div class=\"wp-block-column is-vertically-aligned-center rab_text_left is-layout-flow wp-block-column-is-layout-flow\" style=\"padding-left:var(--wp--preset--spacing--80)\">\n<h3 class=\"wp-block-heading\" style=\"text-transform: uppercase;\nmargin-left:10px;\n\">Les gardes au sol sous les roulettes du piano<\/h3>\n\n\n\n<p>Les gardes au sol sont fabriqu\u00e9s \u00e0 la main, en bois de fr\u00eane, coll\u00e9 du bois bouchon. Les gardes au sol standards sont en finition noir, mais il est possible de faire les gardes au sol correspondant \u00e0 la couleur de l\u2019instrument ou du sol. La partie sup\u00e9rieure et le bord sont color\u00e9. Une couche de li\u00e8ge de 2 mm sur la face inf\u00e9rieure \u00e9limine le glissement sur la surface du sol.\n\nNos gardes au sol prot\u00e8gent efficacement le sol et roulettes du piano de tout dommages et rayures.\n\nDiam\u00e8tre ext\u00e9rieur: 143 mm\nDiam\u00e8tre int\u00e9rieure: 75 mm (max. largeur des roulettes du piano: 65 mm.)<\/p>\n<\/div>\n\n\n\n<div class=\"wp-block-column is-layout-flow wp-block-column-is-layout-flow\" style=\"flex-basis:65%\">\n<div style=\"background-image:url(&#039;https:\/\/saprenovation.com\/wp-content\/uploads\/2024\/08\/3-1.jpg&#039;);background-position:50% 0;background-size:cover;\" class=\"wp-block-group box_relative is-layout-constrained wp-block-group-is-layout-constrained has-background\">\n<div style=\"background: #fff;width: 200px;position: absolute;left: -2px;top: -1px;clip-path: polygon(0 0, 95% 0, 0% 100%, 0 100%);bottom: -1px;\"><\/div>\n<\/div>\n<\/div>\n<\/div>\n<\/div>\n\n\n\n<div class=\"wp-block-group is-layout-constrained wp-block-group-is-layout-constrained\">\n<div class=\"wp-block-columns is-layout-flex wp-container-core-columns-is-layout-28f84493 wp-block-columns-is-layout-flex\">\n<div class=\"wp-block-column is-layout-flow wp-block-column-is-layout-flow\" style=\"flex-basis:65%\">\n<div style=\"background-image:url(&#039;https:\/\/saprenovation.com\/wp-content\/uploads\/2024\/08\/hamulecdekla.jpg&#039;);background-position:42% 49%;background-size:cover;\" class=\"wp-block-group box_relative is-layout-constrained wp-block-group-is-layout-constrained has-background\">\n<div style=\"background: #fff;width: 200px;position: absolute;right: -2px;top: -1px;clip-path: polygon(95% 0, 100% 0%, 100% 100%, 0% 100%);bottom: -1px;\"><\/div>\n<\/div>\n<\/div>\n\n\n\n<div class=\"wp-block-column is-vertically-aligned-center is-style-default is-layout-flow wp-block-column-is-layout-flow\">\n<h3 class=\"wp-block-heading\" style=\"text-transform: uppercase;\">Le frein du couvercles \u2013 type allemande<\/h3>\n\n\n\n<p >Nous vous proposons une solution  pour le probl\u00e8me du poids du couvercle: le frein du couvercles- types allemand, que vous pouvez pratiquement utiliser dans tous les pianos.\n\nLe grand avantage du frein de couvercles est le fait que son installation ne n\u00e9cessite pas de percer des trous dans l\u2019instrument qui permet que le montage ou le d\u00e9montage prend quelques minutes sans l\u2019aide d\u2019un experte et l\u2019utilisation de rouleaux sp\u00e9ciaux sur le bras du frein \u00e9vite d\u2019endommager la surface du couvercle\nEn outre, la force de r\u00e9sistance de freinage peut \u00eatre ajust\u00e9e librement pour faciliter la mont\u00e9e et la descente du couvercle jusqu\u2019\u00e0 l\u2019endroit o\u00f9 le frein servira de support de couvercle.<\/p>\n<\/div>\n<\/div>\n<\/div>\n\n\n\n<div class=\"wp-block-group rab_text_left is-layout-constrained wp-block-group-is-layout-constrained\">\n<div class=\"wp-block-columns is-layout-flex wp-container-core-columns-is-layout-28f84493 wp-block-columns-is-layout-flex\">\n<div class=\"wp-block-column is-vertically-aligned-center rab_text_left is-layout-flow wp-block-column-is-layout-flow\" style=\"padding-left:var(--wp--preset--spacing--80)\">\n<h3 class=\"wp-block-heading\" style=\"text-transform: uppercase;\nmargin-left:10px;\n\">Housses de piano<\/h3>\n\n\n\n<p>Les housses de SAP Renovation sont un produit unique, qui sont faites individuellement pour chaque piano. Les housses sont fabriqu\u00e9s \u00e0 la main avec les dimensions exactes de l\u2019instrument, parfaitement est mis sur le piano, non seulement elle se pr\u00e9sentant bien et esth\u00e9tique, mais le plus important est leur fonction de prot\u00e9ger la surface de l\u2019instrument de la poussi\u00e8re, des rayures et des influences ext\u00e9rieures comme les rayons du soleil.\n\nL\u2019housse est en cuir synth\u00e9tique. Du c\u00f4t\u00e9 int\u00e9rieur, l\u2019housse est un tissu brod\u00e9 d\u00e9licate qui prot\u00e8ge la surface du piano contre les rayures.<\/p>\n<\/div>\n\n\n\n<div class=\"wp-block-column is-layout-flow wp-block-column-is-layout-flow\" style=\"flex-basis:65%\">\n<div style=\"background-image:url(&#039;https:\/\/saprenovation.com\/wp-content\/uploads\/2024\/08\/p.jpg&#039;);background-position:50% 0;background-size:cover;\" class=\"wp-block-group box_relative is-layout-constrained wp-block-group-is-layout-constrained has-background\">\n<div style=\"background: #fff;width: 200px;position: absolute;left: -2px;top: -1px;clip-path: polygon(0 0, 95% 0, 0% 100%, 0 100%);bottom: -1px;\"><\/div>\n<\/div>\n<\/div>\n<\/div>\n<\/div>\n\n\n\n<div class=\"wp-block-group is-layout-constrained wp-block-group-is-layout-constrained\">\n<div class=\"wp-block-columns is-layout-flex wp-container-core-columns-is-layout-28f84493 wp-block-columns-is-layout-flex\">\n<div class=\"wp-block-column is-layout-flow wp-block-column-is-layout-flow\" style=\"flex-basis:65%\">\n<div style=\"background-image:url(&#039;https:\/\/saprenovation.com\/wp-content\/uploads\/2024\/08\/l5.jpg&#039;);background-position:50% 50%;background-repeat:no-repeat;background-size:contain;\" class=\"wp-block-group box_relative is-layout-constrained wp-block-group-is-layout-constrained has-background\">\n<div style=\"background: #fff;width: 200px;position: absolute;right: -2px;top: -1px;clip-path: polygon(95% 0, 100% 0%, 100% 100%, 0% 100%);bottom: -1px;\"><\/div>\n<\/div>\n<\/div>\n\n\n\n<div class=\"wp-block-column is-vertically-aligned-center is-style-default is-layout-flow wp-block-column-is-layout-flow\">\n<h3 class=\"wp-block-heading\" style=\"text-transform: uppercase;\">Banquettes<\/h3>\n\n\n\n<p >La r\u00e9novation du meuble est le meilleur moment de d\u00e9cider d\u2019acheter une banquette qui conviendra parfaitement pour un piano r\u00e9nov\u00e9.\nParmi nos banquettes sont les mod\u00e8les avec si\u00e8ge fixe et r\u00e9glable, ce second type est adapt\u00e9 \u00e0 des situations o\u00f9 le piano est utilis\u00e9 par de nombreuses personnes de hauteur diff\u00e9rente. Toutes les banquettes sont fabriqu\u00e9s en utilisant les mat\u00e9riaux de haute qualit\u00e9 et au moment de l\u2019achat du notre produit vous avez la possibilit\u00e9 de choisir le mat\u00e9riau du si\u00e8ge et la finition du vernis pour les \u00e9l\u00e9ments en bois.\nType de si\u00e8ge: fixe ou r\u00e9glable\nLe mat\u00e9riau pour le si\u00e8ge: velours ou cuir.\nType de finition du vernis pour les \u00e9l\u00e9ments en bois: adapt\u00e9 pour la finition du meuble<\/p>\n<\/div>\n<\/div>\n<\/div>\n\n\n\n<div class=\"wp-block-group rab_text_left is-layout-constrained wp-block-group-is-layout-constrained\">\n<div class=\"wp-block-columns is-layout-flex wp-container-core-columns-is-layout-28f84493 wp-block-columns-is-layout-flex\">\n<div class=\"wp-block-column is-vertically-aligned-center rab_text_left is-layout-flow wp-block-column-is-layout-flow\" style=\"padding-left:var(--wp--preset--spacing--80)\">\n<h3 class=\"wp-block-heading\" style=\"text-transform: uppercase;\nmargin-left:10px;\n\">Caisses de transport<\/h3>\n\n\n\n<p>Prenez soin de votre piano pendant le transport!\nCaisse de transport pour les pieds, la lyre et la banquette\nType de caisse: NL1259552\nDimensions:\nLargeur:1250 mm\nHauteur: 950 mm sans les roulettes\nProfondeur: 525mm\nRaccords: heavy hardware\nMateriaux: contreplaqu\u00e9 9mm fenol\nDes informations suppl\u00e9mentaires:\nRoulettes 100mm\nInt\u00e9rieur fini en mousse<\/p>\n<\/div>\n\n\n\n<div class=\"wp-block-column is-layout-flow wp-block-column-is-layout-flow\" style=\"flex-basis:65%\">\n<div style=\"background-image:url(&#039;https:\/\/saprenovation.com\/wp-content\/uploads\/2024\/08\/sk.jpg&#039;);background-position:50% 0;background-size:cover;\" class=\"wp-block-group box_relative is-layout-constrained wp-block-group-is-layout-constrained has-background\">\n<div style=\"background: #fff;width: 200px;position: absolute;left: -2px;top: -1px;clip-path: polygon(0 0, 95% 0, 0% 100%, 0 100%);bottom: -1px;\"><\/div>\n<\/div>\n<\/div>\n<\/div>\n<\/div>\n","protected":false},"excerpt":{"rendered":"<p>Album Photo Pr\u00e9sentez l\u2019histoire de la r\u00e9novation de votre instrument sous une forme moderne, durable et unique. Les photos de l\u2019instrument sont unique et avec une conception graphique personnalis\u00e9&#8230;<\/p>\n","protected":false},"author":1,"featured_media":0,"parent":0,"menu_order":0,"comment_status":"closed","ping_status":"closed","template":"page-full-width","meta":{"footnotes":""},"class_list":["post-58818","page","type-page","status-publish","hentry"],"yoast_head":"<!-- This site is optimized with the Yoast SEO plugin v26.1.1 - https:\/\/yoast.com\/wordpress\/plugins\/seo\/ -->\n<title>Accessoires - SAP Renovation<\/title>\n<meta name=\"robots\" content=\"index, follow, max-snippet:-1, max-image-preview:large, max-video-preview:-1\" \/>\n<link rel=\"canonical\" href=\"https:\/\/saprenovation.com\/fr\/akcesoria\/\" \/>\n<meta property=\"og:locale\" content=\"fr_FR\" \/>\n<meta property=\"og:type\" content=\"article\" \/>\n<meta property=\"og:title\" content=\"Accessoires - SAP Renovation\" \/>\n<meta property=\"og:description\" content=\"Album Photo Pr\u00e9sentez l\u2019histoire de la r\u00e9novation de votre instrument sous une forme moderne, durable et unique. Les photos de l\u2019instrument sont unique et avec une conception graphique personnalis\u00e9...\" \/>\n<meta property=\"og:url\" content=\"https:\/\/saprenovation.com\/fr\/akcesoria\/\" \/>\n<meta property=\"og:site_name\" content=\"SAP Renovation\" \/>\n<meta property=\"article:publisher\" content=\"https:\/\/www.facebook.com\/saprenovation\/\" \/>\n<meta property=\"article:modified_time\" content=\"2025-10-08T15:52:57+00:00\" \/>\n<meta property=\"og:image\" content=\"https:\/\/saprenovation.com\/wp-content\/uploads\/2024\/10\/xlogo.png.pagespeed.ic_.pCcv2wiNk5.webp\" \/>\n\t<meta property=\"og:image:width\" content=\"112\" \/>\n\t<meta property=\"og:image:height\" content=\"96\" \/>\n\t<meta property=\"og:image:type\" content=\"image\/webp\" \/>\n<meta name=\"twitter:card\" content=\"summary_large_image\" \/>\n<meta name=\"twitter:label1\" content=\"Dur\u00e9e de lecture estim\u00e9e\" \/>\n\t<meta name=\"twitter:data1\" content=\"5 minutes\" \/>\n<script type=\"application\/ld+json\" class=\"yoast-schema-graph\">{\"@context\":\"https:\/\/schema.org\",\"@graph\":[{\"@type\":\"WebPage\",\"@id\":\"https:\/\/saprenovation.com\/fr\/akcesoria\/\",\"url\":\"https:\/\/saprenovation.com\/fr\/akcesoria\/\",\"name\":\"Accessoires - SAP Renovation\",\"isPartOf\":{\"@id\":\"https:\/\/saprenovation.com\/fr\/#website\"},\"datePublished\":\"2024-04-08T11:50:50+00:00\",\"dateModified\":\"2025-10-08T15:52:57+00:00\",\"breadcrumb\":{\"@id\":\"https:\/\/saprenovation.com\/fr\/akcesoria\/#breadcrumb\"},\"inLanguage\":\"fr-FR\",\"potentialAction\":[{\"@type\":\"ReadAction\",\"target\":[\"https:\/\/saprenovation.com\/fr\/akcesoria\/\"]}]},{\"@type\":\"BreadcrumbList\",\"@id\":\"https:\/\/saprenovation.com\/fr\/akcesoria\/#breadcrumb\",\"itemListElement\":[{\"@type\":\"ListItem\",\"position\":1,\"name\":\"SAP Renovation\",\"item\":\"https:\/\/saprenovation.com\/fr\/\"},{\"@type\":\"ListItem\",\"position\":2,\"name\":\"Accessoires\"}]},{\"@type\":\"WebSite\",\"@id\":\"https:\/\/saprenovation.com\/fr\/#website\",\"url\":\"https:\/\/saprenovation.com\/fr\/\",\"name\":\"SAP Renovation\",\"description\":\"The finest European piano restoration\",\"publisher\":{\"@id\":\"https:\/\/saprenovation.com\/fr\/#organization\"},\"potentialAction\":[{\"@type\":\"SearchAction\",\"target\":{\"@type\":\"EntryPoint\",\"urlTemplate\":\"https:\/\/saprenovation.com\/fr\/?s={search_term_string}\"},\"query-input\":{\"@type\":\"PropertyValueSpecification\",\"valueRequired\":true,\"valueName\":\"search_term_string\"}}],\"inLanguage\":\"fr-FR\"},{\"@type\":\"Organization\",\"@id\":\"https:\/\/saprenovation.com\/fr\/#organization\",\"name\":\"SAP Renovation\",\"url\":\"https:\/\/saprenovation.com\/fr\/\",\"logo\":{\"@type\":\"ImageObject\",\"inLanguage\":\"fr-FR\",\"@id\":\"https:\/\/saprenovation.com\/fr\/#\/schema\/logo\/image\/\",\"url\":\"https:\/\/saprenovation.com\/wp-content\/uploads\/2024\/04\/xlogo.png.pagespeed.ic_.pCcv2wiNk5.webp\",\"contentUrl\":\"https:\/\/saprenovation.com\/wp-content\/uploads\/2024\/04\/xlogo.png.pagespeed.ic_.pCcv2wiNk5.webp\",\"width\":112,\"height\":96,\"caption\":\"SAP Renovation\"},\"image\":{\"@id\":\"https:\/\/saprenovation.com\/fr\/#\/schema\/logo\/image\/\"},\"sameAs\":[\"https:\/\/www.facebook.com\/saprenovation\/\"]}]}<\/script>\n<!-- \/ Yoast SEO plugin. -->","yoast_head_json":{"title":"Accessoires - SAP Renovation","robots":{"index":"index","follow":"follow","max-snippet":"max-snippet:-1","max-image-preview":"max-image-preview:large","max-video-preview":"max-video-preview:-1"},"canonical":"https:\/\/saprenovation.com\/fr\/akcesoria\/","og_locale":"fr_FR","og_type":"article","og_title":"Accessoires - SAP Renovation","og_description":"Album Photo Pr\u00e9sentez l\u2019histoire de la r\u00e9novation de votre instrument sous une forme moderne, durable et unique. Les photos de l\u2019instrument sont unique et avec une conception graphique personnalis\u00e9...","og_url":"https:\/\/saprenovation.com\/fr\/akcesoria\/","og_site_name":"SAP Renovation","article_publisher":"https:\/\/www.facebook.com\/saprenovation\/","article_modified_time":"2025-10-08T15:52:57+00:00","og_image":[{"width":112,"height":96,"url":"https:\/\/saprenovation.com\/wp-content\/uploads\/2024\/10\/xlogo.png.pagespeed.ic_.pCcv2wiNk5.webp","type":"image\/webp"}],"twitter_card":"summary_large_image","twitter_misc":{"Dur\u00e9e de lecture estim\u00e9e":"5 minutes"},"schema":{"@context":"https:\/\/schema.org","@graph":[{"@type":"WebPage","@id":"https:\/\/saprenovation.com\/fr\/akcesoria\/","url":"https:\/\/saprenovation.com\/fr\/akcesoria\/","name":"Accessoires - SAP Renovation","isPartOf":{"@id":"https:\/\/saprenovation.com\/fr\/#website"},"datePublished":"2024-04-08T11:50:50+00:00","dateModified":"2025-10-08T15:52:57+00:00","breadcrumb":{"@id":"https:\/\/saprenovation.com\/fr\/akcesoria\/#breadcrumb"},"inLanguage":"fr-FR","potentialAction":[{"@type":"ReadAction","target":["https:\/\/saprenovation.com\/fr\/akcesoria\/"]}]},{"@type":"BreadcrumbList","@id":"https:\/\/saprenovation.com\/fr\/akcesoria\/#breadcrumb","itemListElement":[{"@type":"ListItem","position":1,"name":"SAP Renovation","item":"https:\/\/saprenovation.com\/fr\/"},{"@type":"ListItem","position":2,"name":"Accessoires"}]},{"@type":"WebSite","@id":"https:\/\/saprenovation.com\/fr\/#website","url":"https:\/\/saprenovation.com\/fr\/","name":"SAP Renovation","description":"The finest European piano restoration","publisher":{"@id":"https:\/\/saprenovation.com\/fr\/#organization"},"potentialAction":[{"@type":"SearchAction","target":{"@type":"EntryPoint","urlTemplate":"https:\/\/saprenovation.com\/fr\/?s={search_term_string}"},"query-input":{"@type":"PropertyValueSpecification","valueRequired":true,"valueName":"search_term_string"}}],"inLanguage":"fr-FR"},{"@type":"Organization","@id":"https:\/\/saprenovation.com\/fr\/#organization","name":"SAP Renovation","url":"https:\/\/saprenovation.com\/fr\/","logo":{"@type":"ImageObject","inLanguage":"fr-FR","@id":"https:\/\/saprenovation.com\/fr\/#\/schema\/logo\/image\/","url":"https:\/\/saprenovation.com\/wp-content\/uploads\/2024\/04\/xlogo.png.pagespeed.ic_.pCcv2wiNk5.webp","contentUrl":"https:\/\/saprenovation.com\/wp-content\/uploads\/2024\/04\/xlogo.png.pagespeed.ic_.pCcv2wiNk5.webp","width":112,"height":96,"caption":"SAP Renovation"},"image":{"@id":"https:\/\/saprenovation.com\/fr\/#\/schema\/logo\/image\/"},"sameAs":["https:\/\/www.facebook.com\/saprenovation\/"]}]}},"_links":{"self":[{"href":"https:\/\/saprenovation.com\/fr\/wp-json\/wp\/v2\/pages\/58818","targetHints":{"allow":["GET"]}}],"collection":[{"href":"https:\/\/saprenovation.com\/fr\/wp-json\/wp\/v2\/pages"}],"about":[{"href":"https:\/\/saprenovation.com\/fr\/wp-json\/wp\/v2\/types\/page"}],"author":[{"embeddable":true,"href":"https:\/\/saprenovation.com\/fr\/wp-json\/wp\/v2\/users\/1"}],"replies":[{"embeddable":true,"href":"https:\/\/saprenovation.com\/fr\/wp-json\/wp\/v2\/comments?post=58818"}],"version-history":[{"count":11,"href":"https:\/\/saprenovation.com\/fr\/wp-json\/wp\/v2\/pages\/58818\/revisions"}],"predecessor-version":[{"id":70318,"href":"https:\/\/saprenovation.com\/fr\/wp-json\/wp\/v2\/pages\/58818\/revisions\/70318"}],"wp:attachment":[{"href":"https:\/\/saprenovation.com\/fr\/wp-json\/wp\/v2\/media?parent=58818"}],"curies":[{"name":"wp","href":"https:\/\/api.w.org\/{rel}","templated":true}]}}