{"id":58676,"date":"2024-04-08T13:51:09","date_gmt":"2024-04-08T11:51:09","guid":{"rendered":"https:\/\/saprenovation.com\/elementy-obudowy\/"},"modified":"2025-09-23T13:34:36","modified_gmt":"2025-09-23T11:34:36","slug":"elementy-obudowy","status":"publish","type":"page","link":"https:\/\/saprenovation.com\/fr\/elementy-obudowy\/","title":{"rendered":"Pieces du meuble"},"content":{"rendered":"\n<div class=\"wp-block-group is-layout-constrained wp-block-group-is-layout-constrained\">\n<div class=\"wp-block-columns is-layout-flex wp-container-core-columns-is-layout-28f84493 wp-block-columns-is-layout-flex\">\n<div class=\"wp-block-column is-layout-flow wp-block-column-is-layout-flow\" style=\"flex-basis:65%\">\n<div class=\"wp-block-group box_relative is-layout-constrained wp-block-group-is-layout-constrained has-background\" style=\"min-height:500px;background-image:url(&#039;https:\/\/saprenovation.com\/wp-content\/uploads\/2024\/05\/nut.jpg&#039;);background-size:cover;\">\n<div style=\"background: #fff;width: 200px;position: absolute;right: -2px;top: -1px;clip-path: polygon(95% 0, 100% 0%, 100% 100%, 0% 100%);bottom: -1px;\"><\/div>\n<\/div>\n<\/div>\n\n\n\n<div class=\"wp-block-column is-vertically-aligned-center is-style-default is-layout-flow wp-block-column-is-layout-flow\">\n<h3 class=\"wp-block-heading\" style=\"text-transform: uppercase;\">Pi\u00e8ces pour piano \u2013 pupitres<\/h3>\n\n\n\n<p>\n  Nous proposons des pupitres en diff\u00e9rentes tailles et finitions, ajour\u00e9s ou pleins.\n<\/p>\n\n<p>\n  <a style=\"color: #7f54b3; font-weight: bold;\" href=\"\nhttps:\/\/saprenovation.com\/fr\/akcesoria-pieces-pour-piano-pupitres\/\">Voir tout<\/a>\n<\/p>\n<\/div>\n<\/div>\n<\/div>\n\n\n\n<div class=\"wp-block-group is-layout-constrained wp-block-group-is-layout-constrained\">\n<div class=\"wp-block-columns rab_text_left is-layout-flex wp-container-core-columns-is-layout-28f84493 wp-block-columns-is-layout-flex\">\n<div class=\"wp-block-column is-vertically-aligned-center rab_text_left is-layout-flow wp-block-column-is-layout-flow\" style=\"padding-left:var(--wp--preset--spacing--80)\">\n<h3 class=\"wp-block-heading\" style=\"text-transform: uppercase; margin-left:10px;\">\n  Pi\u00e8ces pour piano \u2013 Pied\n<\/h3>\n\n\n\n<p>\n  Nous proposons diff\u00e9rentes pi\u00e8ces pour le meuble, par exemple les pieds. \n  Nous fabriquons des pieds bruts, plaqu\u00e9s ou laqu\u00e9s. \n  Le type de finition est adapt\u00e9 aux attentes de nos clients.\n<\/p>\n\n<p>\n  <a style=\"color: #7f54b3; font-weight: bold;\" href=\"\nhttps:\/\/saprenovation.com\/fr\/akcesoria\/akcesoria-pieces-pour-piano-pied\/\">Voir tout<\/a>\n<\/p>\n<\/div>\n\n\n\n<div class=\"wp-block-column is-layout-flow wp-block-column-is-layout-flow\" style=\"flex-basis:65%\">\n<div class=\"wp-block-group box_relative is-layout-constrained wp-block-group-is-layout-constrained has-background\" style=\"min-height:500px;background-image:url(&#039;https:\/\/saprenovation.com\/wp-content\/uploads\/2024\/08\/c-IMG_8929-copy.jpg&#039;);background-position:50% 0;background-size:cover;\">\n<div style=\"background: #fff;width: 200px;position: absolute;left: -2px;top: -1px;clip-path: polygon(0 0, 95% 0, 0% 100%, 0 100%);bottom: -1px;\"><\/div>\n<\/div>\n<\/div>\n<\/div>\n<\/div>\n\n\n\n<div class=\"wp-block-group is-layout-constrained wp-block-group-is-layout-constrained\">\n<div class=\"wp-block-columns is-layout-flex wp-container-core-columns-is-layout-28f84493 wp-block-columns-is-layout-flex\">\n<div class=\"wp-block-column is-layout-flow wp-block-column-is-layout-flow\" style=\"flex-basis:65%\">\n<div class=\"wp-block-group box_relative is-layout-constrained wp-block-group-is-layout-constrained has-background\" style=\"min-height:500px;background-image:url(&#039;https:\/\/saprenovation.com\/wp-content\/uploads\/2024\/08\/fff-SAP-10480-1-copy.jpg&#039;);background-position:47% 100%;background-size:cover;\">\n<div style=\"background: #fff;width: 200px;position: absolute;right: -2px;top: -1px;clip-path: polygon(95% 0, 100% 0%, 100% 100%, 0% 100%);bottom: -1px;\"><\/div>\n<\/div>\n<\/div>\n\n\n\n<div class=\"wp-block-column is-vertically-aligned-center is-style-default is-layout-flow wp-block-column-is-layout-flow\">\n<h3 class=\"wp-block-heading\" style=\"text-transform: uppercase;\">Pi\u00e8ces pour piano \u2013 La lyre<\/h3>\n\n\n\n<p>\n  Nous fabriquons des lyres dans la forme et la finition adapt\u00e9es aux besoins de nos clients.\n<\/p>\n\n<p>\n  <a style=\"color: #7f54b3; font-weight: bold;\" href=\"\nhttps:\/\/saprenovation.com\/pl\/akcesoria-liry\/\">Voir tout<\/a>\n<\/p>\n<\/div>\n<\/div>\n<\/div>\n\n\n\n<div class=\"wp-block-group is-layout-constrained wp-block-group-is-layout-constrained\">\n<div class=\"wp-block-columns rab_text_left is-layout-flex wp-container-core-columns-is-layout-28f84493 wp-block-columns-is-layout-flex\">\n<div class=\"wp-block-column is-vertically-aligned-center rab_text_left is-layout-constrained wp-container-core-column-is-layout-9a89fd2f wp-block-column-is-layout-constrained\" style=\"padding-left:var(--wp--preset--spacing--80)\">\n<h3 class=\"wp-block-heading\" style=\"text-transform: uppercase; margin-left:10px;\">\n  L\u00e9ger couvercles okoum\u00e9\n<\/h3>\n\n\n\n<p>\nLes panneaux utilis\u00e9s pour fabriquer des couvercles l\u00e9gers sont r\u00e9alis\u00e9s \nen collant un nombre impair de placages de bois exotique OKOUM\u00c9 \n(nom botanique \u2013 Aucoumea klaineana Pierre).\nL\u2019OKOUM\u00c9 est une essence de bois qui pousse dans les for\u00eats tropicales \nd\u2019Afrique centrale.\nLes couvercles en bois d\u2019OKOUM\u00c9 offrent une l\u00e9g\u00e8ret\u00e9 exceptionnelle \net une grande facilit\u00e9 d\u2019utilisation. Cela est particuli\u00e8rement important \npour les pianos \u00e0 queue de concert, dont les couvercles d\u00e9passent souvent \n40 kg, tandis qu\u2019un couvercle en OKOUM\u00c9 de taille similaire ne p\u00e8se que 24 kg.\n<\/p>\n<\/div>\n\n\n\n<div class=\"wp-block-column is-layout-flow wp-block-column-is-layout-flow\" style=\"flex-basis:65%\">\n<div class=\"wp-block-group box_relative is-layout-constrained wp-block-group-is-layout-constrained has-background\" style=\"min-height:600px;background-image:url(&#039;https:\/\/saprenovation.com\/wp-content\/uploads\/2024\/05\/dekle.png&#039;);background-size:cover;\">\n<div style=\"background: #fff;width: 200px;position: absolute;left: -2px;top: -1px;clip-path: polygon(0 0, 95% 0, 0% 100%, 0 100%);bottom: -1px;\"><\/div>\n<\/div>\n<\/div>\n<\/div>\n<\/div>\n","protected":false},"excerpt":{"rendered":"<p>Pi\u00e8ces pour piano \u2013 pupitres Nous proposons des pupitres en diff\u00e9rentes tailles et finitions, ajour\u00e9s ou pleins. Voir tout Pi\u00e8ces pour piano \u2013 Pied Nous proposons diff\u00e9rentes pi\u00e8ces pour&#8230;<\/p>\n","protected":false},"author":1,"featured_media":0,"parent":0,"menu_order":0,"comment_status":"closed","ping_status":"closed","template":"page-full-width","meta":{"footnotes":""},"class_list":["post-58676","page","type-page","status-publish","hentry"],"yoast_head":"<!-- This site is optimized with the Yoast SEO plugin v26.1.1 - https:\/\/yoast.com\/wordpress\/plugins\/seo\/ -->\n<title>Pieces du meuble - SAP Renovation<\/title>\n<meta name=\"description\" content=\"D\u00e9couvrez les \u00e9l\u00e9ments de meuble pour piano : pieds, pupitres et lyres. Des finitions sur mesure par SAP Renovation, alliant esth\u00e9tique et qualit\u00e9.\" \/>\n<meta name=\"robots\" content=\"index, follow, max-snippet:-1, max-image-preview:large, max-video-preview:-1\" \/>\n<link rel=\"canonical\" href=\"https:\/\/saprenovation.com\/fr\/elementy-obudowy\/\" \/>\n<meta property=\"og:locale\" content=\"fr_FR\" \/>\n<meta property=\"og:type\" content=\"article\" \/>\n<meta property=\"og:title\" content=\"Pieces du meuble - SAP Renovation\" \/>\n<meta property=\"og:description\" content=\"D\u00e9couvrez les \u00e9l\u00e9ments de meuble pour piano : pieds, pupitres et lyres. Des finitions sur mesure par SAP Renovation, alliant esth\u00e9tique et qualit\u00e9.\" \/>\n<meta property=\"og:url\" content=\"https:\/\/saprenovation.com\/fr\/elementy-obudowy\/\" \/>\n<meta property=\"og:site_name\" content=\"SAP Renovation\" \/>\n<meta property=\"article:publisher\" content=\"https:\/\/www.facebook.com\/saprenovation\/\" \/>\n<meta property=\"article:modified_time\" content=\"2025-09-23T11:34:36+00:00\" \/>\n<meta property=\"og:image\" content=\"https:\/\/saprenovation.com\/wp-content\/uploads\/2024\/10\/xlogo.png.pagespeed.ic_.pCcv2wiNk5.webp\" \/>\n\t<meta property=\"og:image:width\" content=\"112\" \/>\n\t<meta property=\"og:image:height\" content=\"96\" \/>\n\t<meta property=\"og:image:type\" content=\"image\/webp\" \/>\n<meta name=\"twitter:card\" content=\"summary_large_image\" \/>\n<meta name=\"twitter:label1\" content=\"Dur\u00e9e de lecture estim\u00e9e\" \/>\n\t<meta name=\"twitter:data1\" content=\"1 minute\" \/>\n<script type=\"application\/ld+json\" class=\"yoast-schema-graph\">{\"@context\":\"https:\/\/schema.org\",\"@graph\":[{\"@type\":\"WebPage\",\"@id\":\"https:\/\/saprenovation.com\/fr\/elementy-obudowy\/\",\"url\":\"https:\/\/saprenovation.com\/fr\/elementy-obudowy\/\",\"name\":\"Pieces du meuble - SAP Renovation\",\"isPartOf\":{\"@id\":\"https:\/\/saprenovation.com\/fr\/#website\"},\"datePublished\":\"2024-04-08T11:51:09+00:00\",\"dateModified\":\"2025-09-23T11:34:36+00:00\",\"description\":\"D\u00e9couvrez les \u00e9l\u00e9ments de meuble pour piano : pieds, pupitres et lyres. Des finitions sur mesure par SAP Renovation, alliant esth\u00e9tique et qualit\u00e9.\",\"breadcrumb\":{\"@id\":\"https:\/\/saprenovation.com\/fr\/elementy-obudowy\/#breadcrumb\"},\"inLanguage\":\"fr-FR\",\"potentialAction\":[{\"@type\":\"ReadAction\",\"target\":[\"https:\/\/saprenovation.com\/fr\/elementy-obudowy\/\"]}]},{\"@type\":\"BreadcrumbList\",\"@id\":\"https:\/\/saprenovation.com\/fr\/elementy-obudowy\/#breadcrumb\",\"itemListElement\":[{\"@type\":\"ListItem\",\"position\":1,\"name\":\"SAP Renovation\",\"item\":\"https:\/\/saprenovation.com\/fr\/\"},{\"@type\":\"ListItem\",\"position\":2,\"name\":\"Pieces du meuble\"}]},{\"@type\":\"WebSite\",\"@id\":\"https:\/\/saprenovation.com\/fr\/#website\",\"url\":\"https:\/\/saprenovation.com\/fr\/\",\"name\":\"SAP Renovation\",\"description\":\"The finest European piano restoration\",\"publisher\":{\"@id\":\"https:\/\/saprenovation.com\/fr\/#organization\"},\"potentialAction\":[{\"@type\":\"SearchAction\",\"target\":{\"@type\":\"EntryPoint\",\"urlTemplate\":\"https:\/\/saprenovation.com\/fr\/?s={search_term_string}\"},\"query-input\":{\"@type\":\"PropertyValueSpecification\",\"valueRequired\":true,\"valueName\":\"search_term_string\"}}],\"inLanguage\":\"fr-FR\"},{\"@type\":\"Organization\",\"@id\":\"https:\/\/saprenovation.com\/fr\/#organization\",\"name\":\"SAP Renovation\",\"url\":\"https:\/\/saprenovation.com\/fr\/\",\"logo\":{\"@type\":\"ImageObject\",\"inLanguage\":\"fr-FR\",\"@id\":\"https:\/\/saprenovation.com\/fr\/#\/schema\/logo\/image\/\",\"url\":\"https:\/\/saprenovation.com\/wp-content\/uploads\/2024\/04\/xlogo.png.pagespeed.ic_.pCcv2wiNk5.webp\",\"contentUrl\":\"https:\/\/saprenovation.com\/wp-content\/uploads\/2024\/04\/xlogo.png.pagespeed.ic_.pCcv2wiNk5.webp\",\"width\":112,\"height\":96,\"caption\":\"SAP Renovation\"},\"image\":{\"@id\":\"https:\/\/saprenovation.com\/fr\/#\/schema\/logo\/image\/\"},\"sameAs\":[\"https:\/\/www.facebook.com\/saprenovation\/\"]}]}<\/script>\n<!-- \/ Yoast SEO plugin. -->","yoast_head_json":{"title":"Pieces du meuble - SAP Renovation","description":"D\u00e9couvrez les \u00e9l\u00e9ments de meuble pour piano : pieds, pupitres et lyres. Des finitions sur mesure par SAP Renovation, alliant esth\u00e9tique et qualit\u00e9.","robots":{"index":"index","follow":"follow","max-snippet":"max-snippet:-1","max-image-preview":"max-image-preview:large","max-video-preview":"max-video-preview:-1"},"canonical":"https:\/\/saprenovation.com\/fr\/elementy-obudowy\/","og_locale":"fr_FR","og_type":"article","og_title":"Pieces du meuble - SAP Renovation","og_description":"D\u00e9couvrez les \u00e9l\u00e9ments de meuble pour piano : pieds, pupitres et lyres. Des finitions sur mesure par SAP Renovation, alliant esth\u00e9tique et qualit\u00e9.","og_url":"https:\/\/saprenovation.com\/fr\/elementy-obudowy\/","og_site_name":"SAP Renovation","article_publisher":"https:\/\/www.facebook.com\/saprenovation\/","article_modified_time":"2025-09-23T11:34:36+00:00","og_image":[{"width":112,"height":96,"url":"https:\/\/saprenovation.com\/wp-content\/uploads\/2024\/10\/xlogo.png.pagespeed.ic_.pCcv2wiNk5.webp","type":"image\/webp"}],"twitter_card":"summary_large_image","twitter_misc":{"Dur\u00e9e de lecture estim\u00e9e":"1 minute"},"schema":{"@context":"https:\/\/schema.org","@graph":[{"@type":"WebPage","@id":"https:\/\/saprenovation.com\/fr\/elementy-obudowy\/","url":"https:\/\/saprenovation.com\/fr\/elementy-obudowy\/","name":"Pieces du meuble - SAP Renovation","isPartOf":{"@id":"https:\/\/saprenovation.com\/fr\/#website"},"datePublished":"2024-04-08T11:51:09+00:00","dateModified":"2025-09-23T11:34:36+00:00","description":"D\u00e9couvrez les \u00e9l\u00e9ments de meuble pour piano : pieds, pupitres et lyres. Des finitions sur mesure par SAP Renovation, alliant esth\u00e9tique et qualit\u00e9.","breadcrumb":{"@id":"https:\/\/saprenovation.com\/fr\/elementy-obudowy\/#breadcrumb"},"inLanguage":"fr-FR","potentialAction":[{"@type":"ReadAction","target":["https:\/\/saprenovation.com\/fr\/elementy-obudowy\/"]}]},{"@type":"BreadcrumbList","@id":"https:\/\/saprenovation.com\/fr\/elementy-obudowy\/#breadcrumb","itemListElement":[{"@type":"ListItem","position":1,"name":"SAP Renovation","item":"https:\/\/saprenovation.com\/fr\/"},{"@type":"ListItem","position":2,"name":"Pieces du meuble"}]},{"@type":"WebSite","@id":"https:\/\/saprenovation.com\/fr\/#website","url":"https:\/\/saprenovation.com\/fr\/","name":"SAP Renovation","description":"The finest European piano restoration","publisher":{"@id":"https:\/\/saprenovation.com\/fr\/#organization"},"potentialAction":[{"@type":"SearchAction","target":{"@type":"EntryPoint","urlTemplate":"https:\/\/saprenovation.com\/fr\/?s={search_term_string}"},"query-input":{"@type":"PropertyValueSpecification","valueRequired":true,"valueName":"search_term_string"}}],"inLanguage":"fr-FR"},{"@type":"Organization","@id":"https:\/\/saprenovation.com\/fr\/#organization","name":"SAP Renovation","url":"https:\/\/saprenovation.com\/fr\/","logo":{"@type":"ImageObject","inLanguage":"fr-FR","@id":"https:\/\/saprenovation.com\/fr\/#\/schema\/logo\/image\/","url":"https:\/\/saprenovation.com\/wp-content\/uploads\/2024\/04\/xlogo.png.pagespeed.ic_.pCcv2wiNk5.webp","contentUrl":"https:\/\/saprenovation.com\/wp-content\/uploads\/2024\/04\/xlogo.png.pagespeed.ic_.pCcv2wiNk5.webp","width":112,"height":96,"caption":"SAP Renovation"},"image":{"@id":"https:\/\/saprenovation.com\/fr\/#\/schema\/logo\/image\/"},"sameAs":["https:\/\/www.facebook.com\/saprenovation\/"]}]}},"_links":{"self":[{"href":"https:\/\/saprenovation.com\/fr\/wp-json\/wp\/v2\/pages\/58676","targetHints":{"allow":["GET"]}}],"collection":[{"href":"https:\/\/saprenovation.com\/fr\/wp-json\/wp\/v2\/pages"}],"about":[{"href":"https:\/\/saprenovation.com\/fr\/wp-json\/wp\/v2\/types\/page"}],"author":[{"embeddable":true,"href":"https:\/\/saprenovation.com\/fr\/wp-json\/wp\/v2\/users\/1"}],"replies":[{"embeddable":true,"href":"https:\/\/saprenovation.com\/fr\/wp-json\/wp\/v2\/comments?post=58676"}],"version-history":[{"count":23,"href":"https:\/\/saprenovation.com\/fr\/wp-json\/wp\/v2\/pages\/58676\/revisions"}],"predecessor-version":[{"id":69662,"href":"https:\/\/saprenovation.com\/fr\/wp-json\/wp\/v2\/pages\/58676\/revisions\/69662"}],"wp:attachment":[{"href":"https:\/\/saprenovation.com\/fr\/wp-json\/wp\/v2\/media?parent=58676"}],"curies":[{"name":"wp","href":"https:\/\/api.w.org\/{rel}","templated":true}]}}