{"id":61970,"date":"2025-03-12T13:41:50","date_gmt":"2025-03-12T12:41:50","guid":{"rendered":"https:\/\/saprenovation.com\/nasze-prace\/nasprzedaz\/steinway-sons-sap-10744\/"},"modified":"2025-09-05T19:03:34","modified_gmt":"2025-09-05T17:03:34","slug":"steinway-sons-sap-10744","status":"publish","type":"product","link":"https:\/\/saprenovation.com\/es\/nasze-prace\/nasprzedaz\/steinway-sons-sap-10744\/","title":{"rendered":"Steinway &amp; Sons \u2013 SAP 10744"},"content":{"rendered":"\n<p>Mueble<\/p>\n\n\n\n<p>El mueble del piano de cola ha sido acabado con una laca de poli\u00e9ster italiana de la mejor calidad, en un negro profundo.<br><br><strong>Ac\u00fastica<\/strong><\/p>\n\n\n\n<ul class=\"wp-block-list\">\n<li>Hemos instalado una nueva tabla arm\u00f3nica STRUNZ y la hemos acabado con una laca italiana de la m\u00e1s alta calidad.<\/li>\n\n\n\n<li>Se han fabricado y montado nuevas tapas para los puentes de bajos y agudos en madera de haya cuidadosamente seleccionada, trabajadas mediante una t\u00e9cnica de perfilado en cuatro etapas.<\/li>\n\n\n\n<li>El piano ha sido encordado con cuerdas de fabricantes reconocidos: cuerdas de bajos Heller y cuerdas de agudos R\u00f6slau, todas escaladas individualmente y producidas a partir de mediciones precisas.<\/li>\n\n\n\n<li>Se ha instalado un nuevo clavijero de cinco capas, fabricado en arce duro rigurosamente seleccionado.<\/li>\n\n\n\n<li>La densa veta del arce garantiza una mayor estabilidad de la afinaci\u00f3n.<\/li>\n\n\n\n<li>El marco de hierro fundido ha sido meticulosamente restaurado y recubierto con una laca italiana de la m\u00e1s alta calidad, elegida espec\u00edficamente para la marca y el modelo del instrumento.<\/li>\n<\/ul>\n\n\n\n<p>Mecanismo<\/p>\n\n\n\n<ul class=\"wp-block-list\">\n<li>Hemos renovado la mec\u00e1nica instalando martillos y astas nuevos Steinway &amp; Sons y palancas fabricadas por Abel.<\/li>\n\n\n\n<li>Hemos restaurado el teclado utilizando aut\u00e9nticos componentes de fieltro Steinway &amp; Sons.<\/li>\n\n\n\n<li>Las cubiertas blancas de las teclas se han retirado y se han sustituido por nuevas cubiertas de alta calidad fabricadas por Jahn.<\/li>\n\n\n\n<li>Se ha realizado una regulaci\u00f3n precisa del teclado y de la mec\u00e1nica.<\/li>\n\n\n\n<li>La mec\u00e1nica y el teclado han sido regulados con precisi\u00f3n.<\/li>\n\n\n\n<li>El instrumento ha sido afinado ocho veces y un t\u00e9cnico certificado ha realizado la entonaci\u00f3n para obtener un timbre fiel.<\/li>\n<\/ul>\n\n\n<style>#jtg-61951 .modula-item .jtg-social a, .lightbox-socials.jtg-social a{ fill: #ffffff; color: #ffffff }#jtg-61951 .modula-item .jtg-social-expandable a, #jtg-61951 .modula-item .jtg-social-expandable-icons a{ fill: #ffffff; color: #ffffff }#jtg-61951 .modula-item .jtg-social svg, .lightbox-socials.jtg-social svg { height: 16px; width: 16px }#jtg-61951 .modula-item .jtg-social-expandable svg { height: 16px; width: 16px }#jtg-61951 .modula-item .jtg-social-expandable-icons svg { height: 16px; width: 16px }#jtg-61951 .modula-item .jtg-social a:not(:last-child), .lightbox-socials.jtg-social a:not(:last-child) { margin-right: 10px }#jtg-61951 .modula-item .jtg-social-expandable-icons { gap: 10px }#jtg-61951 .modula-item .no-socials{ display:none; }#jtg-61951 .modula-item .figc {color:#ffffff;}#jtg-61951 .modula-item .modula-item-content { transform: scale(1); }#jtg-61951 { width:100%;}#jtg-61951 .modula-items{height:800px;}@media screen and (max-width: 992px) {#jtg-61951 .modula-items{height:800px;}}@media screen and (max-width: 768px) {#jtg-61951 .modula-items{height:800px;}}#jtg-61951 .modula-items .figc p.description { font-size:14px; }#jtg-61951 .modula-items .figc p.description { color:#ffffff;}#jtg-61951.modula-gallery .modula-item > a, #jtg-61951.modula-gallery .modula-item, #jtg-61951.modula-gallery .modula-item-content > a:not(.modula-no-follow) { cursor:zoom-in; } #jtg-61951.modula-gallery .modula-item-content .modula-no-follow { cursor: default; } #jtg-61951 .modula-item .modula-item-overlay, #jtg-61951 .modula-item.effect-layla, #jtg-61951  .modula-item.effect-ruby,#jtg-61951 .modula-item.effect-bubba,#jtg-61951 .modula-item.effect-sarah,#jtg-61951 .modula-item.effect-milo,#jtg-61951 .modula-item.effect-julia,#jtg-61951 .modula-item.effect-hera,#jtg-61951 .modula-item.effect-winston,#jtg-61951 .modula-item.effect-selena,#jtg-61951 .modula-item.effect-terry,#jtg-61951 .modula-item.effect-phoebe,#jtg-61951 .modula-item.effect-apollo{ background-color:#ffffff; }#jtg-61951  .modula-item.effect-oscar { background: -webkit-linear-gradient(45deg,#ffffff 0,#9b4a1b 40%,#ffffff 100%);background: linear-gradient(45deg,#ffffff 0,#9b4a1b 40%,#ffffff 100%);}#jtg-61951  .modula-item.effect-roxy {background: -webkit-linear-gradient(45deg,#ffffff 0,#05abe0 100%);background: linear-gradient(45deg,#ffffff 0,#05abe0 100%);}#jtg-61951 .modula-item.effect-dexter {background: -webkit-linear-gradient(top,#ffffff 0,rgba(104,60,19,1) 100%); background: linear-gradient(to bottom,#ffffff 0,rgba(104,60,19,1) 100%);}#jtg-61951  .modula-item.effect-jazz {background: -webkit-linear-gradient(-45deg,#ffffff 0,#f33f58 100%);background: linear-gradient(-45deg,#ffffff 0,#f33f58 100%);}#jtg-61951 .modula-item.effect-lexi {background: -webkit-linear-gradient(-45deg,#ffffff 0,#fff 100%);background: linear-gradient(-45deg,#ffffff 0,#fff 100%);}#jtg-61951 .modula-item.effect-duke {background: -webkit-linear-gradient(-45deg,#ffffff 0,#cc6055 100%);background: linear-gradient(-45deg,#ffffff 0,#cc6055 100%);}#jtg-61951 .modula-item.effect-ming .figc::before {border: 2px solid #ffffff; box-shadow: 0 0 0 100vmax rgba(255,255,255,0.5);}#jtg-61951 .modula-item:hover img { opacity: 0.5; }#jtg-61951 .jtg-title {font-weight:400; }#jtg-61951 p.description {font-weight:normal; }#jtg-61951:not(.modula-loaded-scale)  .modula-item .modula-item-content { transform: scale(1) translate(0px,0px) rotate(0deg); }#jtg-61951:not(.modula-loaded-scale)  .modula-item.effect-under .modula-item-image-continer { transform: scale(1) translate(0px,0px) rotate(0deg); }@keyframes modulaScaling { 0% {transform: scale(1) translate(0px,p0x) rotate(0deg);} 50%{transform: scale(1) translate(0px,0px) rotate(0deg);}100%{transform: scale(1) translate(0px,p0x) rotate(0deg);}}#jtg-61951.modula-gallery .modula-item.effect-terry .jtg-social a:not(:last-child){margin-bottom:10px;}.modula-fancybox-container.modula-lightbox-jtg-61951 .modula-fancybox-caption .modula-fancybox-caption__body, .modula-fancybox-container.modula-lightbox-jtg-61951 .modula-fancybox-caption .modula-fancybox-caption__body p {text-align:left}html body .modula.modula-columns .modula-items.grid-gallery .modula-item.effect-under .modula-item-content { height:auto;}@media all and (max-width: 768px) { .modula-gallery .modula-item.effect-under.modula-caption-effect-item.jg-entry { margin-top: 10px; } }#jtg-61951 .modula-item.effect-under .modula-item-image-continer { transform: scale(1) }.modula-fancybox-container.modula-lightbox-jtg-61951 .fancybox__caption {align-self:flex-start}.modula-best-grid-gallery .modula-fancybox-container.modula-lightbox-jtg-61951 {--fancybox-bg:#ffffff;--fancybox-opacity:1 !important;}.modula-fancybox-container.modula-lightbox-jtg-61951 .fancybox__caption {align-self:flex-start}@media screen and (max-width:480px){#jtg-61951 .modula-item .figc .jtg-title {  font-size: 12px; }#jtg-61951 .modula-items .figc p.description { color:#ffffff;font-size:10px; }}<\/style>\n<div  id=\"jtg-61951\" class=\"modula modula-gallery modula-creative-gallery\" data-config=\"{&quot;height&quot;:800,&quot;tabletHeight&quot;:800,&quot;mobileHeight&quot;:800,&quot;desktopHeight&quot;:800,&quot;enableTwitter&quot;:false,&quot;enableWhatsapp&quot;:false,&quot;enableFacebook&quot;:false,&quot;enablePinterest&quot;:false,&quot;enableLinkedin&quot;:false,&quot;enableEmail&quot;:false,&quot;randomFactor&quot;:0.5,&quot;type&quot;:&quot;creative-gallery&quot;,&quot;columns&quot;:12,&quot;gutter&quot;:10,&quot;mobileGutter&quot;:10,&quot;tabletGutter&quot;:10,&quot;desktopGutter&quot;:10,&quot;enableResponsive&quot;:&quot;0&quot;,&quot;tabletColumns&quot;:2,&quot;mobileColumns&quot;:1,&quot;lazyLoad&quot;:0,&quot;lightboxOpts&quot;:{&quot;animated&quot;:true,&quot;Thumbs&quot;:{&quot;type&quot;:&quot;modern&quot;,&quot;showOnStart&quot;:false,&quot;position&quot;:&quot;bottom&quot;},&quot;Toolbar&quot;:{&quot;display&quot;:{&quot;right&quot;:[&quot;fullscreen&quot;,&quot;zoomIn&quot;,&quot;zoomOut&quot;,&quot;close&quot;],&quot;left&quot;:[&quot;infobar&quot;]},&quot;enabled&quot;:true},&quot;Carousel&quot;:{&quot;Panzoom&quot;:{&quot;touch&quot;:true},&quot;infinite&quot;:false,&quot;transition&quot;:&quot;fade&quot;},&quot;keyboard&quot;:{&quot;Escape&quot;:&quot;close&quot;,&quot;Delete&quot;:&quot;close&quot;,&quot;Backspace&quot;:&quot;close&quot;,&quot;PageUp&quot;:&quot;next&quot;,&quot;PageDown&quot;:&quot;prev&quot;,&quot;ArrowUp&quot;:&quot;prev&quot;,&quot;ArrowDown&quot;:&quot;next&quot;,&quot;ArrowRight&quot;:&quot;next&quot;,&quot;ArrowLeft&quot;:&quot;prev&quot;},&quot;touch&quot;:{&quot;vertical&quot;:true,&quot;momentum&quot;:true},&quot;backdropClick&quot;:false,&quot;l10n&quot;:{&quot;CLOSE&quot;:&quot;Cerrar&quot;,&quot;NEXT&quot;:&quot;Siguiente&quot;,&quot;PREV&quot;:&quot;Anterior&quot;,&quot;Error&quot;:&quot;No se ha podido cargar el contenido solicitado. Por favor, int\\u00e9ntalo de nuevo m\\u00e1s tarde.&quot;,&quot;PLAY_START&quot;:&quot;Empezar la presentaci\\u00f3n&quot;,&quot;PLAY_STOP&quot;:&quot;Pausar la presentaci\\u00f3n&quot;,&quot;FULL_SCREEN&quot;:&quot;Pantalla completa&quot;,&quot;THUMBS&quot;:&quot;Miniaturas&quot;,&quot;DOWNLOAD&quot;:&quot;Descargar&quot;,&quot;SHARE&quot;:&quot;Compartir&quot;,&quot;ZOOM&quot;:&quot;Zoom&quot;,&quot;EMAIL&quot;:&quot;Here is the link to the image : %%image_link%% and this is the link to the gallery : %%gallery_link%%&quot;,&quot;MODAL&quot;:&quot;Puedes cerrar este contenido emergente con la tecla ESC&quot;,&quot;ERROR&quot;:&quot;Algo ha ido mal, pro favor, prueba de nuevo m\\u00e1s tarde&quot;,&quot;IMAGE_ERROR&quot;:&quot;Imagen no encontrada&quot;,&quot;ELEMENT_NOT_FOUND&quot;:&quot;No se ha encontrado el elemento HTML&quot;,&quot;AJAX_NOT_FOUND&quot;:&quot;Error al cargar AJAX: No encontrado&quot;,&quot;AJAX_FORBIDDEN&quot;:&quot;Error al cargar AJAX: Prohibido&quot;,&quot;IFRAME_ERROR&quot;:&quot;Error al cargar la p\\u00e1gina&quot;,&quot;TOGGLE_ZOOM&quot;:&quot;Alternar nivel de ampliar\\\/acercar&quot;,&quot;TOGGLE_THUMBS&quot;:&quot;Alternar miniaturas&quot;,&quot;TOGGLE_SLIDESHOW&quot;:&quot;Alternar diapositiva&quot;,&quot;TOGGLE_FULLSCREEN&quot;:&quot;Cambiar al modo de pantalla completa&quot;},&quot;Images&quot;:{&quot;Panzoom&quot;:{&quot;maxScale&quot;:2}},&quot;toolbar&quot;:true,&quot;wheel&quot;:false,&quot;animationEffect&quot;:&quot;false&quot;,&quot;transitionEffect&quot;:&quot;fade&quot;,&quot;Fullscreen&quot;:{&quot;autoStart&quot;:true},&quot;mainClass&quot;:&quot;modula-fancybox-container modula-lightbox-jtg-61951&quot;,&quot;Html&quot;:{&quot;videoAutoplay&quot;:0,&quot;videoTpl&quot;:&quot;&lt;video class=\\&quot;fancybox__html5video\\&quot; controls muted playsinline controlsList controlsList=\\&quot;nodownload\\&quot; poster=\\&quot;{{poster}}\\&quot; src=\\&quot;{{src}}\\&quot; type=\\&quot;{{format}}\\&quot; &gt;  Sorry, your browser doesn&#039;t support embedded videos, &lt;a href=\\&quot;{{src}}\\&quot;&gt; download &lt;\\\/a&gt; and watch with your favorite video player! &lt;\\\/video&gt;&quot;}},&quot;inView&quot;:false,&quot;email_subject&quot;:&quot;Check out this awesome image !!&quot;,&quot;email_message&quot;:&quot;Here is the link to the image : %%image_link%% and this is the link to the gallery : %%gallery_link%%&quot;,&quot;lightbox&quot;:&quot;fancybox&quot;,&quot;filterClick&quot;:&quot;0&quot;,&quot;dropdownFilters&quot;:&quot;0&quot;,&quot;defaultActiveFilter&quot;:&quot;all&quot;,&quot;initLightbox&quot;:&quot;modula_pro_init_lightbox&quot;,&quot;haveFilters&quot;:0,&quot;lightbox_devices&quot;:&quot;both&quot;}\">\n\n\t\n\t<div  class=\"modula-items\">\n\t\t<div class=\"modula-item effect-pufrobo jtg-filter-all jtg-filter-\" >\n\t<div class=\"modula-item-overlay\"><\/div>\n\n\t<div class=\"modula-item-content\">\n\n\t\t\t\t\n\t\t\t\t\t<a role=\"button\" tabindex=\"0\" rel=\"jtg-61951\" data-caption=\"\" aria-label=\"Abrir la imagen en una caja de luz\" data-thumb=\"https:\/\/wp-modula.b-cdn.net\/spai\/q_lossless,ret_img,w_150,h_150\/https:\/\/saprenovation.com\/wp-content\/uploads\/2025\/03\/1BROSZURA-SAP-10744-1-copy-150x150.jpg\" class=\"tile-inner modula-item-link\"><\/a>\n\t\t\n\t\t<img loading=\"lazy\" decoding=\"async\" class=\"pic wp-image-61952\"  data-valign=\"middle\" data-halign=\"center\" alt=\"Czarny fortepian koncertowy Steinway &amp; Sons z podniesion\u0105 pokryw\u0105 i ozdobnym pulpitem na nuty.\" data-full=\"https:\/\/wp-modula.b-cdn.net\/spai\/q_lossless,ret_img\/https:\/\/saprenovation.com\/wp-content\/uploads\/2025\/03\/1BROSZURA-SAP-10744-1-copy.jpg\" title=\"Czarny fortepian koncertowy Steinway &#038; Sons z a\u017curowym pulpitem na nuty\" width=\"239\" height=\"300\" src=\"https:\/\/wp-modula.b-cdn.net\/spai\/q_lossless,ret_img,w_239,h_300\/https:\/\/saprenovation.com\/wp-content\/uploads\/2025\/03\/1BROSZURA-SAP-10744-1-copy-239x300.jpg\" data-src=\"https:\/\/wp-modula.b-cdn.net\/spai\/q_lossless,ret_img,w_239,h_300\/https:\/\/saprenovation.com\/wp-content\/uploads\/2025\/03\/1BROSZURA-SAP-10744-1-copy-239x300.jpg\" data-caption=\"Czarny fortepian koncertowy Steinway &amp; Sons z podniesion\u0105 pokryw\u0105, ozdobnym a\u017curowym pulpitem na nuty oraz trzema peda\u0142ami, stoj\u0105cy na czterech rze\u017abionych nogach na k\u00f3\u0142kach.\" srcset=\"https:\/\/saprenovation.com\/wp-content\/uploads\/2025\/03\/1BROSZURA-SAP-10744-1-copy-239x300.jpg 239w, https:\/\/saprenovation.com\/wp-content\/uploads\/2025\/03\/1BROSZURA-SAP-10744-1-copy-600x752.jpg 600w, https:\/\/saprenovation.com\/wp-content\/uploads\/2025\/03\/1BROSZURA-SAP-10744-1-copy-817x1024.jpg 817w, https:\/\/saprenovation.com\/wp-content\/uploads\/2025\/03\/1BROSZURA-SAP-10744-1-copy-768x963.jpg 768w, https:\/\/saprenovation.com\/wp-content\/uploads\/2025\/03\/1BROSZURA-SAP-10744-1-copy-1225x1536.jpg 1225w, https:\/\/saprenovation.com\/wp-content\/uploads\/2025\/03\/1BROSZURA-SAP-10744-1-copy.jpg 1595w\" sizes=\"auto, (max-width: 239px) 100vw, 239px\" \/>\n\t\t<div class=\"figc\">\n\t\t\t<div class=\"figc-inner\">\n\t\t\t\t\t\t\t\t\t\t\t\t\t\t\t<\/div>\n\t\t<\/div>\n\n\t<\/div>\n\n<\/div><div class=\"modula-item effect-pufrobo jtg-filter-all jtg-filter-\" >\n\t<div class=\"modula-item-overlay\"><\/div>\n\n\t<div class=\"modula-item-content\">\n\n\t\t\t\t\n\t\t\t\t\t<a role=\"button\" tabindex=\"0\" rel=\"jtg-61951\" data-caption=\"\" aria-label=\"Abrir la imagen en una caja de luz\" data-thumb=\"https:\/\/wp-modula.b-cdn.net\/spai\/q_lossless,ret_img,w_150,h_150\/https:\/\/saprenovation.com\/wp-content\/uploads\/2025\/03\/SAP-10744-1-copy-150x150.jpg\" class=\"tile-inner modula-item-link\"><\/a>\n\t\t\n\t\t<img loading=\"lazy\" decoding=\"async\" class=\"pic wp-image-61958\"  data-valign=\"middle\" data-halign=\"center\" alt=\"Fortepian koncertowy z czarnym po\u0142yskiem, otwart\u0105 klap\u0105, dekoracyjnym pulpitem i czterema ozdobnymi nogami.\" data-full=\"https:\/\/wp-modula.b-cdn.net\/spai\/q_lossless,ret_img\/https:\/\/saprenovation.com\/wp-content\/uploads\/2025\/03\/SAP-10744-1-copy-scaled.jpg\" title=\"Fortepian koncertowy z podniesion\u0105 pokryw\u0105 i ozdobnymi nogami\" data-caption=\"Fortepian koncertowy w czarnym po\u0142ysku z podniesion\u0105 pokryw\u0105 i dekoracyjnym pulpitem na nuty, osadzony na czterech ozdobnych nogach z peda\u0142ami u do\u0142u.\" src=\"https:\/\/wp-modula.b-cdn.net\/spai\/q_lossless,ret_img,w_300,h_200\/https:\/\/saprenovation.com\/wp-content\/uploads\/2025\/03\/SAP-10744-1-copy-scaled-300x200.jpg\" data-src=\"https:\/\/wp-modula.b-cdn.net\/spai\/q_lossless,ret_img,w_300,h_200\/https:\/\/saprenovation.com\/wp-content\/uploads\/2025\/03\/SAP-10744-1-copy-scaled-300x200.jpg\" width=\"300\" height=\"200\"\/>\n\t\t<div class=\"figc\">\n\t\t\t<div class=\"figc-inner\">\n\t\t\t\t\t\t\t\t\t\t\t\t\t\t\t<\/div>\n\t\t<\/div>\n\n\t<\/div>\n\n<\/div>\t\t\n\t<\/div>\n\n\t\n\t\n\t<script type=\"application\/ld+json\">\n\t{\n\t\t\"@context\": \"http:\/\/schema.org\",\n\t\t\"@type\"   : \"ImageGallery\",\n\t\t\"id\"      : \"https:\/\/saprenovation.com\/es\/nasze-prace\/nasprzedaz\/steinway-sons-sap-10744\/\",\n\t\t\"url\"     : \"https:\/\/saprenovation.com\/es\/nasze-prace\/nasprzedaz\/steinway-sons-sap-10744\/\"\n\t}\n\n\t<\/script>\n\n\t\n<\/div>\n\n","protected":false},"excerpt":{"rendered":"<p>Mueble El mueble del piano de cola ha sido acabado con una laca de poli\u00e9ster italiana de la mejor calidad, en un negro profundo. Ac\u00fastica Mecanismo<\/p>\n","protected":false},"featured_media":61963,"template":"","meta":[],"product_cat":[721,229],"product_tag":[],"class_list":{"0":"post-61970","1":"product","2":"type-product","3":"status-publish","4":"has-post-thumbnail","6":"product_cat-pianos-a-la-venta","7":"product_cat-steinway-sons-es","9":"first","10":"instock","11":"shipping-taxable","12":"product-type-simple"},"yoast_head":"<!-- This site is optimized with the Yoast SEO plugin v26.1.1 - https:\/\/yoast.com\/wordpress\/plugins\/seo\/ -->\n<title>Steinway &amp; Sons \u2013 SAP 10744 - SAP Renovation<\/title>\n<meta name=\"robots\" content=\"index, follow, max-snippet:-1, max-image-preview:large, max-video-preview:-1\" \/>\n<link rel=\"canonical\" href=\"https:\/\/saprenovation.com\/es\/nasze-prace\/nasprzedaz\/steinway-sons-sap-10744\/\" \/>\n<meta property=\"og:locale\" content=\"es_ES\" \/>\n<meta property=\"og:type\" content=\"article\" \/>\n<meta property=\"og:title\" content=\"Steinway &amp; Sons \u2013 SAP 10744 - SAP Renovation\" \/>\n<meta property=\"og:description\" content=\"Mueble El mueble del piano de cola ha sido acabado con una laca de poli\u00e9ster italiana de la mejor calidad, en un negro profundo. Ac\u00fastica Mecanismo\" \/>\n<meta property=\"og:url\" content=\"https:\/\/saprenovation.com\/es\/nasze-prace\/nasprzedaz\/steinway-sons-sap-10744\/\" \/>\n<meta property=\"og:site_name\" content=\"SAP Renovation\" \/>\n<meta property=\"article:publisher\" content=\"https:\/\/www.facebook.com\/saprenovation\/\" \/>\n<meta property=\"article:modified_time\" content=\"2025-09-05T17:03:34+00:00\" \/>\n<meta property=\"og:image\" content=\"https:\/\/saprenovation.com\/wp-content\/uploads\/2025\/03\/SAP-10744-1-copy-scaled.jpg\" \/>\n\t<meta property=\"og:image:width\" content=\"2560\" \/>\n\t<meta property=\"og:image:height\" content=\"1707\" \/>\n\t<meta property=\"og:image:type\" content=\"image\/jpeg\" \/>\n<meta name=\"twitter:card\" content=\"summary_large_image\" \/>\n<meta name=\"twitter:label1\" content=\"Tiempo de lectura\" \/>\n\t<meta name=\"twitter:data1\" content=\"2 minutos\" \/>\n<script type=\"application\/ld+json\" class=\"yoast-schema-graph\">{\"@context\":\"https:\/\/schema.org\",\"@graph\":[{\"@type\":\"WebPage\",\"@id\":\"https:\/\/saprenovation.com\/es\/nasze-prace\/nasprzedaz\/steinway-sons-sap-10744\/\",\"url\":\"https:\/\/saprenovation.com\/es\/nasze-prace\/nasprzedaz\/steinway-sons-sap-10744\/\",\"name\":\"Steinway &amp; Sons \u2013 SAP 10744 - SAP Renovation\",\"isPartOf\":{\"@id\":\"https:\/\/saprenovation.com\/es\/#website\"},\"primaryImageOfPage\":{\"@id\":\"https:\/\/saprenovation.com\/es\/nasze-prace\/nasprzedaz\/steinway-sons-sap-10744\/#primaryimage\"},\"image\":{\"@id\":\"https:\/\/saprenovation.com\/es\/nasze-prace\/nasprzedaz\/steinway-sons-sap-10744\/#primaryimage\"},\"thumbnailUrl\":\"https:\/\/saprenovation.com\/wp-content\/uploads\/2025\/03\/SAP-10744-1-copy-scaled.jpg\",\"datePublished\":\"2025-03-12T12:41:50+00:00\",\"dateModified\":\"2025-09-05T17:03:34+00:00\",\"breadcrumb\":{\"@id\":\"https:\/\/saprenovation.com\/es\/nasze-prace\/nasprzedaz\/steinway-sons-sap-10744\/#breadcrumb\"},\"inLanguage\":\"es\",\"potentialAction\":[{\"@type\":\"ReadAction\",\"target\":[\"https:\/\/saprenovation.com\/es\/nasze-prace\/nasprzedaz\/steinway-sons-sap-10744\/\"]}]},{\"@type\":\"ImageObject\",\"inLanguage\":\"es\",\"@id\":\"https:\/\/saprenovation.com\/es\/nasze-prace\/nasprzedaz\/steinway-sons-sap-10744\/#primaryimage\",\"url\":\"https:\/\/saprenovation.com\/wp-content\/uploads\/2025\/03\/SAP-10744-1-copy-scaled.jpg\",\"contentUrl\":\"https:\/\/saprenovation.com\/wp-content\/uploads\/2025\/03\/SAP-10744-1-copy-scaled.jpg\",\"width\":2560,\"height\":1707,\"caption\":\"Fortepian marki S&S po kompletnej renowacji wykonanej przez naszych technik\u00f3w wyko\u0144czenie obudowy czarny poliester wysoki po\u0142ysk.\"},{\"@type\":\"BreadcrumbList\",\"@id\":\"https:\/\/saprenovation.com\/es\/nasze-prace\/nasprzedaz\/steinway-sons-sap-10744\/#breadcrumb\",\"itemListElement\":[{\"@type\":\"ListItem\",\"position\":1,\"name\":\"SAP Renovation\",\"item\":\"https:\/\/saprenovation.com\/es\/\"},{\"@type\":\"ListItem\",\"position\":2,\"name\":\"Tienda\",\"item\":\"https:\/\/saprenovation.com\/es\/tienda\/\"},{\"@type\":\"ListItem\",\"position\":3,\"name\":\"Steinway &amp; Sons \u2013 SAP 10744\"}]},{\"@type\":\"WebSite\",\"@id\":\"https:\/\/saprenovation.com\/es\/#website\",\"url\":\"https:\/\/saprenovation.com\/es\/\",\"name\":\"SAP Renovation\",\"description\":\"The finest European piano restoration\",\"publisher\":{\"@id\":\"https:\/\/saprenovation.com\/es\/#organization\"},\"potentialAction\":[{\"@type\":\"SearchAction\",\"target\":{\"@type\":\"EntryPoint\",\"urlTemplate\":\"https:\/\/saprenovation.com\/es\/?s={search_term_string}\"},\"query-input\":{\"@type\":\"PropertyValueSpecification\",\"valueRequired\":true,\"valueName\":\"search_term_string\"}}],\"inLanguage\":\"es\"},{\"@type\":\"Organization\",\"@id\":\"https:\/\/saprenovation.com\/es\/#organization\",\"name\":\"SAP Renovation\",\"url\":\"https:\/\/saprenovation.com\/es\/\",\"logo\":{\"@type\":\"ImageObject\",\"inLanguage\":\"es\",\"@id\":\"https:\/\/saprenovation.com\/es\/#\/schema\/logo\/image\/\",\"url\":\"https:\/\/saprenovation.com\/wp-content\/uploads\/2024\/04\/xlogo.png.pagespeed.ic_.pCcv2wiNk5.webp\",\"contentUrl\":\"https:\/\/saprenovation.com\/wp-content\/uploads\/2024\/04\/xlogo.png.pagespeed.ic_.pCcv2wiNk5.webp\",\"width\":112,\"height\":96,\"caption\":\"SAP Renovation\"},\"image\":{\"@id\":\"https:\/\/saprenovation.com\/es\/#\/schema\/logo\/image\/\"},\"sameAs\":[\"https:\/\/www.facebook.com\/saprenovation\/\"]}]}<\/script>\n<!-- \/ Yoast SEO plugin. -->","yoast_head_json":{"title":"Steinway &amp; Sons \u2013 SAP 10744 - SAP Renovation","robots":{"index":"index","follow":"follow","max-snippet":"max-snippet:-1","max-image-preview":"max-image-preview:large","max-video-preview":"max-video-preview:-1"},"canonical":"https:\/\/saprenovation.com\/es\/nasze-prace\/nasprzedaz\/steinway-sons-sap-10744\/","og_locale":"es_ES","og_type":"article","og_title":"Steinway &amp; Sons \u2013 SAP 10744 - SAP Renovation","og_description":"Mueble El mueble del piano de cola ha sido acabado con una laca de poli\u00e9ster italiana de la mejor calidad, en un negro profundo. Ac\u00fastica Mecanismo","og_url":"https:\/\/saprenovation.com\/es\/nasze-prace\/nasprzedaz\/steinway-sons-sap-10744\/","og_site_name":"SAP Renovation","article_publisher":"https:\/\/www.facebook.com\/saprenovation\/","article_modified_time":"2025-09-05T17:03:34+00:00","og_image":[{"width":2560,"height":1707,"url":"https:\/\/saprenovation.com\/wp-content\/uploads\/2025\/03\/SAP-10744-1-copy-scaled.jpg","type":"image\/jpeg"}],"twitter_card":"summary_large_image","twitter_misc":{"Tiempo de lectura":"2 minutos"},"schema":{"@context":"https:\/\/schema.org","@graph":[{"@type":"WebPage","@id":"https:\/\/saprenovation.com\/es\/nasze-prace\/nasprzedaz\/steinway-sons-sap-10744\/","url":"https:\/\/saprenovation.com\/es\/nasze-prace\/nasprzedaz\/steinway-sons-sap-10744\/","name":"Steinway &amp; Sons \u2013 SAP 10744 - SAP Renovation","isPartOf":{"@id":"https:\/\/saprenovation.com\/es\/#website"},"primaryImageOfPage":{"@id":"https:\/\/saprenovation.com\/es\/nasze-prace\/nasprzedaz\/steinway-sons-sap-10744\/#primaryimage"},"image":{"@id":"https:\/\/saprenovation.com\/es\/nasze-prace\/nasprzedaz\/steinway-sons-sap-10744\/#primaryimage"},"thumbnailUrl":"https:\/\/saprenovation.com\/wp-content\/uploads\/2025\/03\/SAP-10744-1-copy-scaled.jpg","datePublished":"2025-03-12T12:41:50+00:00","dateModified":"2025-09-05T17:03:34+00:00","breadcrumb":{"@id":"https:\/\/saprenovation.com\/es\/nasze-prace\/nasprzedaz\/steinway-sons-sap-10744\/#breadcrumb"},"inLanguage":"es","potentialAction":[{"@type":"ReadAction","target":["https:\/\/saprenovation.com\/es\/nasze-prace\/nasprzedaz\/steinway-sons-sap-10744\/"]}]},{"@type":"ImageObject","inLanguage":"es","@id":"https:\/\/saprenovation.com\/es\/nasze-prace\/nasprzedaz\/steinway-sons-sap-10744\/#primaryimage","url":"https:\/\/saprenovation.com\/wp-content\/uploads\/2025\/03\/SAP-10744-1-copy-scaled.jpg","contentUrl":"https:\/\/saprenovation.com\/wp-content\/uploads\/2025\/03\/SAP-10744-1-copy-scaled.jpg","width":2560,"height":1707,"caption":"Fortepian marki S&S po kompletnej renowacji wykonanej przez naszych technik\u00f3w wyko\u0144czenie obudowy czarny poliester wysoki po\u0142ysk."},{"@type":"BreadcrumbList","@id":"https:\/\/saprenovation.com\/es\/nasze-prace\/nasprzedaz\/steinway-sons-sap-10744\/#breadcrumb","itemListElement":[{"@type":"ListItem","position":1,"name":"SAP Renovation","item":"https:\/\/saprenovation.com\/es\/"},{"@type":"ListItem","position":2,"name":"Tienda","item":"https:\/\/saprenovation.com\/es\/tienda\/"},{"@type":"ListItem","position":3,"name":"Steinway &amp; Sons \u2013 SAP 10744"}]},{"@type":"WebSite","@id":"https:\/\/saprenovation.com\/es\/#website","url":"https:\/\/saprenovation.com\/es\/","name":"SAP Renovation","description":"The finest European piano restoration","publisher":{"@id":"https:\/\/saprenovation.com\/es\/#organization"},"potentialAction":[{"@type":"SearchAction","target":{"@type":"EntryPoint","urlTemplate":"https:\/\/saprenovation.com\/es\/?s={search_term_string}"},"query-input":{"@type":"PropertyValueSpecification","valueRequired":true,"valueName":"search_term_string"}}],"inLanguage":"es"},{"@type":"Organization","@id":"https:\/\/saprenovation.com\/es\/#organization","name":"SAP Renovation","url":"https:\/\/saprenovation.com\/es\/","logo":{"@type":"ImageObject","inLanguage":"es","@id":"https:\/\/saprenovation.com\/es\/#\/schema\/logo\/image\/","url":"https:\/\/saprenovation.com\/wp-content\/uploads\/2024\/04\/xlogo.png.pagespeed.ic_.pCcv2wiNk5.webp","contentUrl":"https:\/\/saprenovation.com\/wp-content\/uploads\/2024\/04\/xlogo.png.pagespeed.ic_.pCcv2wiNk5.webp","width":112,"height":96,"caption":"SAP Renovation"},"image":{"@id":"https:\/\/saprenovation.com\/es\/#\/schema\/logo\/image\/"},"sameAs":["https:\/\/www.facebook.com\/saprenovation\/"]}]}},"_links":{"self":[{"href":"https:\/\/saprenovation.com\/es\/wp-json\/wp\/v2\/product\/61970","targetHints":{"allow":["GET"]}}],"collection":[{"href":"https:\/\/saprenovation.com\/es\/wp-json\/wp\/v2\/product"}],"about":[{"href":"https:\/\/saprenovation.com\/es\/wp-json\/wp\/v2\/types\/product"}],"wp:featuredmedia":[{"embeddable":true,"href":"https:\/\/saprenovation.com\/es\/wp-json\/wp\/v2\/media\/61963"}],"wp:attachment":[{"href":"https:\/\/saprenovation.com\/es\/wp-json\/wp\/v2\/media?parent=61970"}],"wp:term":[{"taxonomy":"product_cat","embeddable":true,"href":"https:\/\/saprenovation.com\/es\/wp-json\/wp\/v2\/product_cat?post=61970"},{"taxonomy":"product_tag","embeddable":true,"href":"https:\/\/saprenovation.com\/es\/wp-json\/wp\/v2\/product_tag?post=61970"}],"curies":[{"name":"wp","href":"https:\/\/api.w.org\/{rel}","templated":true}]}}