{"id":1780,"date":"2024-06-29T11:18:06","date_gmt":"2024-06-29T09:18:06","guid":{"rendered":"https:\/\/saprenovation.com\/produkt\/bluthner-sap-7438-4\/"},"modified":"2024-10-31T12:59:47","modified_gmt":"2024-10-31T11:59:47","slug":"bluthner-sap-7438-4","status":"publish","type":"product","link":"https:\/\/saprenovation.com\/es\/nasze-prace\/nasprzedaz\/bluthner-sap-7438-4\/","title":{"rendered":"Bl\u00fcthner &#8211; SAP 7438"},"content":{"rendered":"\n<p>Este instrumento no est\u00e1 a la venta. Este es un ejemplo de nuestro trabajo realizado para uno de nuestros clientes. El instrumento ha sido completamente renovado, cubriendo el mueble, la ac\u00fastica y mec\u00e1nica, incluyo el teclado. A continuaci\u00f3n se presenta informaci\u00f3n detallada sobre el instrumento y el \u00e1mbito de la renovaci\u00f3n.<\/p>\n\n\n\n<p>MUEBLE EL MUEBLE SE HA RENOVADO EN el SIGUIENTE \u00e1mbito:<\/p>\n\n\n\n<ul class=\"wp-block-list\">\n<li>Desmontaje del instrumento<\/li>\n\n\n\n<li>Trabajos b\u00e1sicos de carpinter\u00eda antes del acabado final del mueble<\/li>\n\n\n\n<li>Lacado del instrumento en poli\u00e9ster negro &#8211; alto brillo<\/li>\n\n\n\n<li>Nuevos soportes de la lira<\/li>\n\n\n\n<li>Nuevo atril perforado con soporte<\/li>\n\n\n\n<li>Nuevo list\u00f3n del mueble y de la mesa del teclado<\/li>\n\n\n\n<li>Nuevo logo de lat\u00f3n en la tapa de estilo g\u00f3tico (tama\u00f1o est\u00e1ndar)<\/li>\n\n\n\n<li>Pulido de las piezas de metal<\/li>\n\n\n\n<li>Nuevo soporte de la lira de lat\u00f3n<\/li>\n\n\n\n<li>Chapa de madera de la envoltura<\/li>\n\n\n\n<li>Chapa de madera del mueble para el acabado final<\/li>\n\n\n\n<li>Chapa de madera de la tapa del teclado<\/li>\n\n\n\n<li>Chapa de madera de las alas<\/li>\n\n\n\n<li>Chapa de madera de los paneles<\/li>\n\n\n\n<li>Lacado de la envoltura en mate negro<\/li>\n\n\n\n<li>Nuevas tapas ligeras hechas de la madera ex\u00f3tica OKOUME<\/li>\n\n\n\n<li>Nuevo fieltro azul en la tapa del teclado<\/li>\n\n\n\n<li>Nuevo fieltro azul en la base del atril<\/li>\n<\/ul>\n\n\n\n<p>AC\u00daSTICA La AC\u00daSTICA SE HA RENOVADO EN el SIGUIENTE \u00e1mbito:<\/p>\n\n\n\n<ul class=\"wp-block-list\">\n<li>Blanqueamiento de la tabla arm\u00f3nica<\/li>\n\n\n\n<li>Renovaci\u00f3n y lacado de la tabla arm\u00f3nica en brillo<\/li>\n\n\n\n<li>Nuevo logo en la tabla arm\u00f3nica<\/li>\n\n\n\n<li>Nuevas superficies de los puentes &#8211; completo de 4 campos<\/li>\n\n\n\n<li>Cuerdas graves Heller<\/li>\n\n\n\n<li>Cuerdas de acero &#8211; R\u00f6slau<\/li>\n\n\n\n<li>Nuevo clavijero &#8211; madera contrachapada<\/li>\n\n\n\n<li>Nuevas clavijas n\u00edquel<\/li>\n\n\n\n<li>Renovaci\u00f3n del bastidor<\/li>\n\n\n\n<li>Renovaci\u00f3n y lacado del bastidor en color Bl\u00fcthner<\/li>\n\n\n\n<li>Acabado del bastidor en brillo<\/li>\n\n\n\n<li>Descripci\u00f3n del bastidor en color negro<\/li>\n\n\n\n<li>Restauraci\u00f3n de los \u00e1grafes<\/li>\n\n\n\n<li>Sustituci\u00f3n de los pernos de enganche en el bastidor<\/li>\n\n\n\n<li>Nuevo fieltro azul en el bastidor<\/li>\n<\/ul>\n\n\n\n<p>&nbsp; MEC\u00c1NICA La mec\u00e1nica SE HA RENOVADO EN el SIGUIENTE \u00e1mbito:<\/p>\n\n\n\n<ul class=\"wp-block-list\">\n<li>Completa renovaci\u00f3n de la mec\u00e1nica (renovaci\u00f3n del mecanismo con regulaci\u00f3n) sustituci\u00f3n de los fieltros, cueros y casimiros + renovaci\u00f3n de las piezas de metal y madera<\/li>\n\n\n\n<li>Nuevos martillos de Abel<\/li>\n\n\n\n<li>Restauraci\u00f3n de los mangos antiguos<\/li>\n\n\n\n<li>Restauraci\u00f3n de las b\u00e1sculas<\/li>\n\n\n\n<li>Restauraci\u00f3n de los atrapadores<\/li>\n\n\n\n<li>Restauraci\u00f3n de los apagadores con fieltro de Jahn &#8211; tipo Bluthner<\/li>\n\n\n\n<li>Regulaci\u00f3n de los apagadores<\/li>\n\n\n\n<li>Restauraci\u00f3n del dispositivo de los apagadores actual<\/li>\n\n\n\n<li>Restauraci\u00f3n del dispositivo de los pedales actual<\/li>\n\n\n\n<li>Restauraci\u00f3n del teclado<\/li>\n\n\n\n<li>Restauraci\u00f3n de las teclas blancas<\/li>\n\n\n\n<li>Restauraci\u00f3n de las teclas negras (semitonos)<\/li>\n\n\n\n<li>Entonaci\u00f3n de orquesta<\/li>\n<\/ul>\n\n\n\n","protected":false},"excerpt":{"rendered":"<p>Este instrumento no est\u00e1 a la venta. Este es un ejemplo de nuestro trabajo realizado para uno de nuestros clientes. El instrumento ha sido completamente renovado, cubriendo el mueble,&#8230;<\/p>\n","protected":false},"featured_media":56726,"template":"","meta":[],"product_cat":[84,18],"product_tag":[],"class_list":{"0":"post-1780","1":"product","2":"type-product","3":"status-publish","4":"has-post-thumbnail","6":"product_cat-bluthner-es","7":"product_cat-nasprzedaz","9":"first","10":"instock","11":"shipping-taxable","12":"product-type-simple"},"yoast_head":"<!-- This site is optimized with the Yoast SEO plugin v26.1.1 - https:\/\/yoast.com\/wordpress\/plugins\/seo\/ -->\n<title>Bl\u00fcthner - SAP 7438<\/title>\n<meta name=\"robots\" content=\"index, follow, max-snippet:-1, max-image-preview:large, max-video-preview:-1\" \/>\n<link rel=\"canonical\" href=\"https:\/\/saprenovation.com\/es\/nasze-prace\/nasprzedaz\/bluthner-sap-7438-4\/\" \/>\n<meta property=\"og:locale\" content=\"es_ES\" \/>\n<meta property=\"og:type\" content=\"article\" \/>\n<meta property=\"og:title\" content=\"Bl\u00fcthner - SAP 7438\" \/>\n<meta property=\"og:description\" content=\"Este instrumento no est\u00e1 a la venta. Este es un ejemplo de nuestro trabajo realizado para uno de nuestros clientes. El instrumento ha sido completamente renovado, cubriendo el mueble,...\" \/>\n<meta property=\"og:url\" content=\"https:\/\/saprenovation.com\/es\/nasze-prace\/nasprzedaz\/bluthner-sap-7438-4\/\" \/>\n<meta property=\"og:site_name\" content=\"SAP Renovation\" \/>\n<meta property=\"article:publisher\" content=\"https:\/\/www.facebook.com\/saprenovation\/\" \/>\n<meta property=\"article:modified_time\" content=\"2024-10-31T11:59:47+00:00\" \/>\n<meta property=\"og:image\" content=\"https:\/\/saprenovation.com\/wp-content\/uploads\/2024\/07\/OBUDOWA-1-1-1.jpg\" \/>\n\t<meta property=\"og:image:width\" content=\"1920\" \/>\n\t<meta property=\"og:image:height\" content=\"1280\" \/>\n\t<meta property=\"og:image:type\" content=\"image\/jpeg\" \/>\n<meta name=\"twitter:card\" content=\"summary_large_image\" \/>\n<meta name=\"twitter:label1\" content=\"Tiempo de lectura\" \/>\n\t<meta name=\"twitter:data1\" content=\"3 minutos\" \/>\n<script type=\"application\/ld+json\" class=\"yoast-schema-graph\">{\"@context\":\"https:\/\/schema.org\",\"@graph\":[{\"@type\":\"WebPage\",\"@id\":\"https:\/\/saprenovation.com\/es\/nasze-prace\/nasprzedaz\/bluthner-sap-7438-4\/\",\"url\":\"https:\/\/saprenovation.com\/es\/nasze-prace\/nasprzedaz\/bluthner-sap-7438-4\/\",\"name\":\"Bl\u00fcthner - SAP 7438\",\"isPartOf\":{\"@id\":\"https:\/\/saprenovation.com\/es\/#website\"},\"primaryImageOfPage\":{\"@id\":\"https:\/\/saprenovation.com\/es\/nasze-prace\/nasprzedaz\/bluthner-sap-7438-4\/#primaryimage\"},\"image\":{\"@id\":\"https:\/\/saprenovation.com\/es\/nasze-prace\/nasprzedaz\/bluthner-sap-7438-4\/#primaryimage\"},\"thumbnailUrl\":\"https:\/\/saprenovation.com\/wp-content\/uploads\/2024\/07\/OBUDOWA-1-1-1.jpg\",\"datePublished\":\"2024-06-29T09:18:06+00:00\",\"dateModified\":\"2024-10-31T11:59:47+00:00\",\"breadcrumb\":{\"@id\":\"https:\/\/saprenovation.com\/es\/nasze-prace\/nasprzedaz\/bluthner-sap-7438-4\/#breadcrumb\"},\"inLanguage\":\"es\",\"potentialAction\":[{\"@type\":\"ReadAction\",\"target\":[\"https:\/\/saprenovation.com\/es\/nasze-prace\/nasprzedaz\/bluthner-sap-7438-4\/\"]}]},{\"@type\":\"ImageObject\",\"inLanguage\":\"es\",\"@id\":\"https:\/\/saprenovation.com\/es\/nasze-prace\/nasprzedaz\/bluthner-sap-7438-4\/#primaryimage\",\"url\":\"https:\/\/saprenovation.com\/wp-content\/uploads\/2024\/07\/OBUDOWA-1-1-1.jpg\",\"contentUrl\":\"https:\/\/saprenovation.com\/wp-content\/uploads\/2024\/07\/OBUDOWA-1-1-1.jpg\",\"width\":1920,\"height\":1280,\"caption\":\"Fortepian marki Bl\u00fcthner po kompletnej renowacji wyko\u0144\u0107zony w czarnym poliestrze.\"},{\"@type\":\"BreadcrumbList\",\"@id\":\"https:\/\/saprenovation.com\/es\/nasze-prace\/nasprzedaz\/bluthner-sap-7438-4\/#breadcrumb\",\"itemListElement\":[{\"@type\":\"ListItem\",\"position\":1,\"name\":\"SAP Renovation\",\"item\":\"https:\/\/saprenovation.com\/es\/\"},{\"@type\":\"ListItem\",\"position\":2,\"name\":\"Tienda\",\"item\":\"https:\/\/saprenovation.com\/es\/tienda\/\"},{\"@type\":\"ListItem\",\"position\":3,\"name\":\"Bl\u00fcthner &#8211; SAP 7438\"}]},{\"@type\":\"WebSite\",\"@id\":\"https:\/\/saprenovation.com\/es\/#website\",\"url\":\"https:\/\/saprenovation.com\/es\/\",\"name\":\"SAP Renovation\",\"description\":\"The finest European piano restoration\",\"publisher\":{\"@id\":\"https:\/\/saprenovation.com\/es\/#organization\"},\"potentialAction\":[{\"@type\":\"SearchAction\",\"target\":{\"@type\":\"EntryPoint\",\"urlTemplate\":\"https:\/\/saprenovation.com\/es\/?s={search_term_string}\"},\"query-input\":{\"@type\":\"PropertyValueSpecification\",\"valueRequired\":true,\"valueName\":\"search_term_string\"}}],\"inLanguage\":\"es\"},{\"@type\":\"Organization\",\"@id\":\"https:\/\/saprenovation.com\/es\/#organization\",\"name\":\"SAP Renovation\",\"alternateName\":\"Profesjonalna Renowacja Fortepian\u00f3w\",\"url\":\"https:\/\/saprenovation.com\/es\/\",\"logo\":{\"@type\":\"ImageObject\",\"inLanguage\":\"es\",\"@id\":\"https:\/\/saprenovation.com\/es\/#\/schema\/logo\/image\/\",\"url\":\"https:\/\/saprenovation.com\/wp-content\/uploads\/2024\/04\/xlogo.png.pagespeed.ic_.pCcv2wiNk5.webp\",\"contentUrl\":\"https:\/\/saprenovation.com\/wp-content\/uploads\/2024\/04\/xlogo.png.pagespeed.ic_.pCcv2wiNk5.webp\",\"width\":112,\"height\":96,\"caption\":\"SAP Renovation\"},\"image\":{\"@id\":\"https:\/\/saprenovation.com\/es\/#\/schema\/logo\/image\/\"},\"sameAs\":[\"https:\/\/www.facebook.com\/saprenovation\/\"]}]}<\/script>\n<!-- \/ Yoast SEO plugin. -->","yoast_head_json":{"title":"Bl\u00fcthner - SAP 7438","robots":{"index":"index","follow":"follow","max-snippet":"max-snippet:-1","max-image-preview":"max-image-preview:large","max-video-preview":"max-video-preview:-1"},"canonical":"https:\/\/saprenovation.com\/es\/nasze-prace\/nasprzedaz\/bluthner-sap-7438-4\/","og_locale":"es_ES","og_type":"article","og_title":"Bl\u00fcthner - SAP 7438","og_description":"Este instrumento no est\u00e1 a la venta. Este es un ejemplo de nuestro trabajo realizado para uno de nuestros clientes. El instrumento ha sido completamente renovado, cubriendo el mueble,...","og_url":"https:\/\/saprenovation.com\/es\/nasze-prace\/nasprzedaz\/bluthner-sap-7438-4\/","og_site_name":"SAP Renovation","article_publisher":"https:\/\/www.facebook.com\/saprenovation\/","article_modified_time":"2024-10-31T11:59:47+00:00","og_image":[{"width":1920,"height":1280,"url":"https:\/\/saprenovation.com\/wp-content\/uploads\/2024\/07\/OBUDOWA-1-1-1.jpg","type":"image\/jpeg"}],"twitter_card":"summary_large_image","twitter_misc":{"Tiempo de lectura":"3 minutos"},"schema":{"@context":"https:\/\/schema.org","@graph":[{"@type":"WebPage","@id":"https:\/\/saprenovation.com\/es\/nasze-prace\/nasprzedaz\/bluthner-sap-7438-4\/","url":"https:\/\/saprenovation.com\/es\/nasze-prace\/nasprzedaz\/bluthner-sap-7438-4\/","name":"Bl\u00fcthner - SAP 7438","isPartOf":{"@id":"https:\/\/saprenovation.com\/es\/#website"},"primaryImageOfPage":{"@id":"https:\/\/saprenovation.com\/es\/nasze-prace\/nasprzedaz\/bluthner-sap-7438-4\/#primaryimage"},"image":{"@id":"https:\/\/saprenovation.com\/es\/nasze-prace\/nasprzedaz\/bluthner-sap-7438-4\/#primaryimage"},"thumbnailUrl":"https:\/\/saprenovation.com\/wp-content\/uploads\/2024\/07\/OBUDOWA-1-1-1.jpg","datePublished":"2024-06-29T09:18:06+00:00","dateModified":"2024-10-31T11:59:47+00:00","breadcrumb":{"@id":"https:\/\/saprenovation.com\/es\/nasze-prace\/nasprzedaz\/bluthner-sap-7438-4\/#breadcrumb"},"inLanguage":"es","potentialAction":[{"@type":"ReadAction","target":["https:\/\/saprenovation.com\/es\/nasze-prace\/nasprzedaz\/bluthner-sap-7438-4\/"]}]},{"@type":"ImageObject","inLanguage":"es","@id":"https:\/\/saprenovation.com\/es\/nasze-prace\/nasprzedaz\/bluthner-sap-7438-4\/#primaryimage","url":"https:\/\/saprenovation.com\/wp-content\/uploads\/2024\/07\/OBUDOWA-1-1-1.jpg","contentUrl":"https:\/\/saprenovation.com\/wp-content\/uploads\/2024\/07\/OBUDOWA-1-1-1.jpg","width":1920,"height":1280,"caption":"Fortepian marki Bl\u00fcthner po kompletnej renowacji wyko\u0144\u0107zony w czarnym poliestrze."},{"@type":"BreadcrumbList","@id":"https:\/\/saprenovation.com\/es\/nasze-prace\/nasprzedaz\/bluthner-sap-7438-4\/#breadcrumb","itemListElement":[{"@type":"ListItem","position":1,"name":"SAP Renovation","item":"https:\/\/saprenovation.com\/es\/"},{"@type":"ListItem","position":2,"name":"Tienda","item":"https:\/\/saprenovation.com\/es\/tienda\/"},{"@type":"ListItem","position":3,"name":"Bl\u00fcthner &#8211; SAP 7438"}]},{"@type":"WebSite","@id":"https:\/\/saprenovation.com\/es\/#website","url":"https:\/\/saprenovation.com\/es\/","name":"SAP Renovation","description":"The finest European piano restoration","publisher":{"@id":"https:\/\/saprenovation.com\/es\/#organization"},"potentialAction":[{"@type":"SearchAction","target":{"@type":"EntryPoint","urlTemplate":"https:\/\/saprenovation.com\/es\/?s={search_term_string}"},"query-input":{"@type":"PropertyValueSpecification","valueRequired":true,"valueName":"search_term_string"}}],"inLanguage":"es"},{"@type":"Organization","@id":"https:\/\/saprenovation.com\/es\/#organization","name":"SAP Renovation","alternateName":"Profesjonalna Renowacja Fortepian\u00f3w","url":"https:\/\/saprenovation.com\/es\/","logo":{"@type":"ImageObject","inLanguage":"es","@id":"https:\/\/saprenovation.com\/es\/#\/schema\/logo\/image\/","url":"https:\/\/saprenovation.com\/wp-content\/uploads\/2024\/04\/xlogo.png.pagespeed.ic_.pCcv2wiNk5.webp","contentUrl":"https:\/\/saprenovation.com\/wp-content\/uploads\/2024\/04\/xlogo.png.pagespeed.ic_.pCcv2wiNk5.webp","width":112,"height":96,"caption":"SAP Renovation"},"image":{"@id":"https:\/\/saprenovation.com\/es\/#\/schema\/logo\/image\/"},"sameAs":["https:\/\/www.facebook.com\/saprenovation\/"]}]}},"_links":{"self":[{"href":"https:\/\/saprenovation.com\/es\/wp-json\/wp\/v2\/product\/1780","targetHints":{"allow":["GET"]}}],"collection":[{"href":"https:\/\/saprenovation.com\/es\/wp-json\/wp\/v2\/product"}],"about":[{"href":"https:\/\/saprenovation.com\/es\/wp-json\/wp\/v2\/types\/product"}],"wp:featuredmedia":[{"embeddable":true,"href":"https:\/\/saprenovation.com\/es\/wp-json\/wp\/v2\/media\/56726"}],"wp:attachment":[{"href":"https:\/\/saprenovation.com\/es\/wp-json\/wp\/v2\/media?parent=1780"}],"wp:term":[{"taxonomy":"product_cat","embeddable":true,"href":"https:\/\/saprenovation.com\/es\/wp-json\/wp\/v2\/product_cat?post=1780"},{"taxonomy":"product_tag","embeddable":true,"href":"https:\/\/saprenovation.com\/es\/wp-json\/wp\/v2\/product_tag?post=1780"}],"curies":[{"name":"wp","href":"https:\/\/api.w.org\/{rel}","templated":true}]}}