{"id":65149,"date":"2025-08-27T08:04:53","date_gmt":"2025-08-27T06:04:53","guid":{"rendered":"https:\/\/saprenovation.com\/?page_id=65149"},"modified":"2025-08-27T08:04:54","modified_gmt":"2025-08-27T06:04:54","slug":"departamento-de-control-de-calidad","status":"publish","type":"page","link":"https:\/\/saprenovation.com\/es\/departamento-de-control-de-calidad\/","title":{"rendered":"Departamento de control de calidad"},"content":{"rendered":"\n<div class=\"wp-block-group is-layout-constrained wp-block-group-is-layout-constrained\">\n<div class=\"wp-block-columns is-layout-flex wp-container-core-columns-is-layout-28f84493 wp-block-columns-is-layout-flex\">\n<div class=\"wp-block-column is-vertically-aligned-center rab_text_left is-layout-flow wp-block-column-is-layout-flow\">\n<h3 class=\"wp-block-heading\" style=\"text-transform: uppercase;\">Departamento de control de calidad<\/h3>\n\n\n\n<p>En SAP Renovation cada uno de piano pasa por tres etapas muy estrictas de control de calidad . Gracias a eso, todos los pianos restaurados en nuestra empresa cumplen los m&aacute;s altos requistos<\/p>\n<p>CONTROL DE CALIDAD Y PERITAJE<\/p>\n<p>Antes de la restauraci&oacute;n del piano en nuestro taller hacemos el petritaje del piano por nuestros t&eacute;cnicos . Gracias a eso el cliente puede estar seguro que todas sus requisitos se cumplen.<\/p>\n<p>Control de calidad nr. 1 &ndash; departamento control<\/p>\n<p>Cuando se restaura cada elemento del instrumento, el piano est&aacute; probado por un t&eacute;cnico de servicio responsable. Gracias a eso obtenemos los mejores efectos y la calidad de nuestro trabajo.<\/p>\n<p>Control de calidad nr. 2- Control colectivo<\/p>\n<p>Cada piano restaurado es analizado por el t&eacute;cnico de piano. Componentes del piano tambi&eacute;n se comprueban por separado una vez m&aacute;s.<\/p>\n<p>Control de calidad nr. 3. &ndash; Control final<\/p>\n<p>Antes de la salida del piano ,el instrumento es inspeccionado por un vendedor responsable, que asegura que los aspectos visuales y est&eacute;ticos del piano son insuperables.<\/p>\n\n<p><a href=\"https:\/\/saprenovation.com\/es\/taller-de-carpinteria\/\" target=\"blank\">Ir al siguiente taller &#8211; Taller de carpinter\u00eda\n<\/a><\/p>\n<\/div>\n\n\n\n<div class=\"wp-block-column is-layout-flow wp-block-column-is-layout-flow\" style=\"flex-basis:65%\">\n<div style=\"background-image:url(&#039;https:\/\/saprenovation.com\/wp-content\/uploads\/2025\/07\/kont-3-2.jpg&#039;);background-position:42% 43%;background-size:cover;\" class=\"wp-block-group box_relative is-layout-constrained wp-block-group-is-layout-constrained has-background\">\n<div style=\"background: #fff;width: 200px;position: absolute;left: -2px;top: -1px;clip-path: polygon(0 0, 95% 0, 0% 100%, 0 100%);bottom: -1px;\"><\/div>\n<\/div>\n<\/div>\n<\/div>\n<\/div>\n\n\n\n<div class=\"wp-block-group is-layout-constrained wp-block-group-is-layout-constrained\">\n<div class=\"wp-block-group is-layout-constrained wp-block-group-is-layout-constrained\"><\/div>\n<\/div>\n\n\n\n<div class=\"wp-block-group is-layout-constrained wp-block-group-is-layout-constrained\">\n<div class=\"wp-block-themepunch-revslider revslider\" data-modal=\"false\" data-slidertitle=\"Akustyka_ES\" style=\"\">\n\t\t\t\t<p class=\"rs-p-wp-fix\"><\/p>\n\t\t\t\t<sr7-module data-alias=\"akustyka_en-13\" data-id=\"83\" id=\"SR7_83_1\" class=\"rs-respect-topbar rs-ov-hidden\" data-version=\"6.7.4\">\n\t\t\t\t\t<sr7-adjuster><\/sr7-adjuster>\n\t\t\t\t\t<sr7-content>\n\t\t\t\t\t\t<sr7-slide id=\"SR7_83_1-231\" data-key=\"231\">\n\t\t\t\t\t\t\t<sr7-bg id=\"SR7_83_1-231-24\" class=\"sr7-layer\"><noscript><img decoding=\"async\" src=\"https:\/\/saprenovation.com\/wp-content\/uploads\/2024\/07\/bg-lakiernia.jpg\" alt=\"\" title=\"bg-lakiernia\"><\/noscript><\/sr7-bg>\n\t\t\t\t\t\t\t<sr7-txt id=\"SR7_83_1-231-3\" class=\"sr7-layer\">El taller de marcos de hierro fundido est\u00e1 dirigido por<\/sr7-txt>\n\t\t\t\t\t\t\t<sr7-txt id=\"SR7_83_1-231-6\" class=\"sr7-layer\"><b>Krzysztof<\/b><\/br><br \/>\n31 a\u00f1os de experiencia<\/sr7-txt>\n\t\t\t\t\t\t\t<sr7-txt id=\"SR7_83_1-231-16\" class=\"sr7-layer\">0{{current_slide_index}}  - 0{{total_slide_count}}<\/sr7-txt>\n\t\t\t\t\t\t<\/sr7-slide>\n\t\t\t\t\t\t<sr7-slide id=\"SR7_83_1-232\" data-key=\"232\">\n\t\t\t\t\t\t\t<sr7-bg id=\"SR7_83_1-232-24\" class=\"sr7-layer\"><noscript><img decoding=\"async\" src=\"https:\/\/saprenovation.com\/wp-content\/uploads\/2024\/06\/bg_marcel-scaled.jpg\" alt=\"\" title=\"bg_marcel\"><\/noscript><\/sr7-bg>\n\t\t\t\t\t\t\t<sr7-txt id=\"SR7_83_1-232-3\" class=\"sr7-layer\">El taller de ac\u00fastica est\u00e1 dirigido por<\/sr7-txt>\n\t\t\t\t\t\t\t<sr7-txt id=\"SR7_83_1-232-6\" class=\"sr7-layer\">S\u0142awek<br \/>\n19 a\u00f1os de experiencia<\/sr7-txt>\n\t\t\t\t\t\t\t<sr7-txt id=\"SR7_83_1-232-21\" class=\"sr7-layer\">0{{current_slide_index}}  - 0{{total_slide_count}}<\/sr7-txt>\n\t\t\t\t\t\t<\/sr7-slide>\n\t\t\t\t\t\t<sr7-slide id=\"SR7_83_1-233\" data-key=\"233\">\n\t\t\t\t\t\t\t<sr7-bg id=\"SR7_83_1-233-24\" class=\"sr7-layer\"><noscript><img decoding=\"async\" src=\"https:\/\/saprenovation.com\/wp-content\/uploads\/2024\/06\/bg-1-scaled.jpg\" alt=\"\" title=\"bg\"><\/noscript><\/sr7-bg>\n\t\t\t\t\t\t\t<sr7-txt id=\"SR7_83_1-233-3\" class=\"sr7-layer\">El taller puente est\u00e1 dirigido por<\/sr7-txt>\n\t\t\t\t\t\t\t<sr7-txt id=\"SR7_83_1-233-6\" class=\"sr7-layer\"><b>Mateusz<\/b><\/br><br \/>\n31 a\u00f1os de experiencia<\/sr7-txt>\n\t\t\t\t\t\t\t<sr7-txt id=\"SR7_83_1-233-16\" class=\"sr7-layer\">0{{current_slide_index}}  - 0{{total_slide_count}}<\/sr7-txt>\n\t\t\t\t\t\t<\/sr7-slide>\n\t\t\t\t\t\t<sr7-slide id=\"SR7_83_1-234\" data-key=\"234\">\n\t\t\t\t\t\t\t<sr7-bg id=\"SR7_83_1-234-24\" class=\"sr7-layer\"><noscript><img decoding=\"async\" src=\"https:\/\/saprenovation.com\/wp-content\/uploads\/2024\/04\/2dWz1oLS2W0KbeSvBN2cA1.png\" alt=\"Warsztat z narz\u0119dziami i drewnianym sto\u0142em\" title=\"Warsztat do renowacji fortepianu z narz\u0119dziami\"><\/noscript><\/sr7-bg>\n\t\t\t\t\t\t\t<sr7-txt id=\"SR7_83_1-234-3\" class=\"sr7-layer\">El taller de ac\u00fastica est\u00e1 dirigido por<\/sr7-txt>\n\t\t\t\t\t\t\t<sr7-txt id=\"SR7_83_1-234-6\" class=\"sr7-layer\">Jarek<br \/>\n19 a\u00f1os de experiencia<\/sr7-txt>\n\t\t\t\t\t\t\t<sr7-txt id=\"SR7_83_1-234-21\" class=\"sr7-layer\">0{{current_slide_index}}  - 0{{total_slide_count}}<\/sr7-txt>\n\t\t\t\t\t\t<\/sr7-slide>\n\t\t\t\t\t\t<sr7-slide id=\"SR7_83_1-251\" data-key=\"251\">\n\t\t\t\t\t\t\t<sr7-txt id=\"SR7_83_1-251-0\" class=\"sr7-layer\"><i class=\"material-icons\">chevron_left<\/i><\/sr7-txt>\n\t\t\t\t\t\t\t<sr7-txt id=\"SR7_83_1-251-11\" class=\"sr7-layer\"><i class=\"material-icons\">chevron_right<\/i><\/sr7-txt>\n\t\t\t\t\t\t\t<sr7-txt id=\"SR7_83_1-251-27\" class=\"sr7-layer\">maestros<\/sr7-txt>\n\t\t\t\t\t\t<\/sr7-slide>\n\t\t\t\t\t<\/sr7-content>\n\t\t\t\t\t<image_lists style=\"display:none\">\n\t\t\t\t\t\t<img data-src=\"\/\/saprenovation.com\/wp-content\/uploads\/2024\/07\/krzysiek-trans.png\" alt=\"cdn_helper\" data-libid=\"56066\" width=\"0\" height=\"0\" data-dbsrc=\"Ly9zYXByZW5vdmF0aW9uLmNvbS93cC1jb250ZW50L3VwbG9hZHMvMjAyNC8wNy9rcnp5c2llay10cmFucy5wbmc=\"\/>\n\t\t\t\t\t\t<img data-src=\"\/\/saprenovation.com\/wp-content\/uploads\/2024\/07\/bg-lakiernia.jpg\" alt=\"cdn_helper\" data-libid=\"56100\" data-lib=\"medialibrary\" width=\"0\" height=\"0\" data-dbsrc=\"Ly9zYXByZW5vdmF0aW9uLmNvbS93cC1jb250ZW50L3VwbG9hZHMvMjAyNC8wNy9iZy1sYWtpZXJuaWEuanBn\"\/>\n\t\t\t\t\t\t<img data-src=\"\/\/saprenovation.com\/wp-content\/uploads\/2024\/08\/a-slawek-1.png\" alt=\"cdn_helper\" data-libid=\"58247\" width=\"0\" height=\"0\" data-dbsrc=\"Ly9zYXByZW5vdmF0aW9uLmNvbS93cC1jb250ZW50L3VwbG9hZHMvMjAyNC8wOC9hLXNsYXdlay0xLnBuZw==\"\/>\n\t\t\t\t\t\t<img data-src=\"\/\/saprenovation.com\/wp-content\/uploads\/2024\/06\/bg_marcel-scaled.jpg\" alt=\"cdn_helper\" data-libid=\"1023\" data-lib=\"medialibrary\" width=\"0\" height=\"0\" data-dbsrc=\"Ly9zYXByZW5vdmF0aW9uLmNvbS93cC1jb250ZW50L3VwbG9hZHMvMjAyNC8wNi9iZ19tYXJjZWwtc2NhbGVkLmpwZw==\"\/>\n\t\t\t\t\t\t<img data-src=\"\/\/saprenovation.com\/wp-content\/uploads\/2024\/08\/a-mateusz-1.png\" alt=\"cdn_helper\" data-libid=\"58253\" width=\"0\" height=\"0\" data-dbsrc=\"Ly9zYXByZW5vdmF0aW9uLmNvbS93cC1jb250ZW50L3VwbG9hZHMvMjAyNC8wOC9hLW1hdGV1c3otMS5wbmc=\"\/>\n\t\t\t\t\t\t<img data-src=\"\/\/saprenovation.com\/wp-content\/uploads\/2024\/06\/bg-1-scaled.jpg\" alt=\"cdn_helper\" data-libid=\"1021\" data-lib=\"medialibrary\" width=\"0\" height=\"0\" data-dbsrc=\"Ly9zYXByZW5vdmF0aW9uLmNvbS93cC1jb250ZW50L3VwbG9hZHMvMjAyNC8wNi9iZy0xLXNjYWxlZC5qcGc=\"\/>\n\t\t\t\t\t\t<img data-src=\"\/\/saprenovation.com\/wp-content\/uploads\/2024\/08\/a-jarek-1.png\" alt=\"cdn_helper\" data-libid=\"58229\" width=\"0\" height=\"0\" data-dbsrc=\"Ly9zYXByZW5vdmF0aW9uLmNvbS93cC1jb250ZW50L3VwbG9hZHMvMjAyNC8wOC9hLWphcmVrLTEucG5n\"\/>\n\t\t\t\t\t\t<img data-src=\"\/\/saprenovation.com\/wp-content\/uploads\/2024\/04\/2dWz1oLS2W0KbeSvBN2cA1.png\" alt=\"cdn_helper\" data-libid=\"453\" data-lib=\"medialibrary\" width=\"0\" height=\"0\" data-dbsrc=\"Ly9zYXByZW5vdmF0aW9uLmNvbS93cC1jb250ZW50L3VwbG9hZHMvMjAyNC8wNC8yZFd6MW9MUzJXMEtiZVN2Qk4yY0ExLnBuZw==\"\/>\n\t\t\t\t\t<\/image_lists>\n\t\t\t\t<\/sr7-module>\n\t\t\t\t<script>\n\t\t\t\t\tSR7.PMH ??={}; SR7.PMH[\"SR7_83_1\"] = {cn:0,state:false,fn: function() { if (_tpt!==undefined && _tpt.prepareModuleHeight !== undefined) {  _tpt.prepareModuleHeight({id:\"SR7_83_1\",el:[900,900,768,1008,368],type:'standard',shdw:'0',gh:[900,900,768,300,300],gw:[1240,1240,1024,360,360],vpt:['-200px&#039;,&#039;-200px&#039;,&#039;-200px&#039;,&#039;-200px&#039;,&#039;-200px'],size:{fullWidth:true, fullHeight:true},fho:'#masthead,',mh:'0',onh:0,onw:0,bg:{color:'{\"type\":\"solid\",\"orig\":\"#0c0c0c\",\"string\":\"rgba(12, 12, 12, 1)\"}'}});   SR7.PMH[\"SR7_83_1\"].state=true;} else if((SR7.PMH[\"SR7_83_1\"].cn++)<100)\tsetTimeout( SR7.PMH[\"SR7_83_1\"].fn,19);}};SR7.PMH[\"SR7_83_1\" ].fn();\n\t\t\t\t<\/script>\n<\/div>\n<\/div>\n\n\n\n<div class=\"wp-block-group is-layout-constrained wp-block-group-is-layout-constrained\">\n<h4 class=\"wp-block-heading has-text-align-center\">Vea nuestra f\u00e1brica en acci\u00f3n SAP Renovation<\/h4>\n<\/div>\n\n\n\n<figure class=\"wp-block-embed is-type-video is-provider-youtube wp-block-embed-youtube wp-embed-aspect-16-9 wp-has-aspect-ratio\"><div class=\"wp-block-embed__wrapper\">\n<iframe loading=\"lazy\" title=\"Grand piano restoration at SAP Renovation\" width=\"500\" height=\"281\" src=\"https:\/\/www.youtube.com\/embed\/tAZFecIjsdE?feature=oembed\" frameborder=\"0\" allow=\"accelerometer; autoplay; clipboard-write; encrypted-media; gyroscope; picture-in-picture; web-share\" referrerpolicy=\"strict-origin-when-cross-origin\" allowfullscreen><\/iframe>\n<\/div><\/figure>\n","protected":false},"excerpt":{"rendered":"<p>Departamento de control de calidad En SAP Renovation cada uno de piano pasa por tres etapas muy estrictas de control de calidad . Gracias a eso, todos los pianos&#8230;<\/p>\n","protected":false},"author":6,"featured_media":0,"parent":0,"menu_order":0,"comment_status":"closed","ping_status":"closed","template":"page-full-width","meta":{"footnotes":""},"class_list":["post-65149","page","type-page","status-publish","hentry"],"yoast_head":"<!-- This site is optimized with the Yoast SEO plugin v26.1.1 - https:\/\/yoast.com\/wordpress\/plugins\/seo\/ -->\n<title>Departamento de control de calidad - SAP Renovation<\/title>\n<meta name=\"description\" content=\"Rel\u00e1jese, los detalles son cosa nuestra. Contamos con un control de calidad dedicado para asegurar que cada restauraci\u00f3n cumpla con los m\u00e1s altos est\u00e1ndares.\" \/>\n<meta name=\"robots\" content=\"index, follow, max-snippet:-1, max-image-preview:large, max-video-preview:-1\" \/>\n<link rel=\"canonical\" href=\"https:\/\/saprenovation.com\/es\/departamento-de-control-de-calidad\/\" \/>\n<meta property=\"og:locale\" content=\"es_ES\" \/>\n<meta property=\"og:type\" content=\"article\" \/>\n<meta property=\"og:title\" content=\"Departamento de control de calidad - SAP Renovation\" \/>\n<meta property=\"og:description\" content=\"Rel\u00e1jese, los detalles son cosa nuestra. Contamos con un control de calidad dedicado para asegurar que cada restauraci\u00f3n cumpla con los m\u00e1s altos est\u00e1ndares.\" \/>\n<meta property=\"og:url\" content=\"https:\/\/saprenovation.com\/es\/departamento-de-control-de-calidad\/\" \/>\n<meta property=\"og:site_name\" content=\"SAP Renovation\" \/>\n<meta property=\"article:publisher\" content=\"https:\/\/www.facebook.com\/saprenovation\/\" \/>\n<meta property=\"article:modified_time\" content=\"2025-08-27T06:04:54+00:00\" \/>\n<meta property=\"og:image\" content=\"https:\/\/saprenovation.com\/wp-content\/uploads\/2024\/10\/xlogo.png.pagespeed.ic_.pCcv2wiNk5.webp\" \/>\n\t<meta property=\"og:image:width\" content=\"112\" \/>\n\t<meta property=\"og:image:height\" content=\"96\" \/>\n\t<meta property=\"og:image:type\" content=\"image\/webp\" \/>\n<meta name=\"twitter:card\" content=\"summary_large_image\" \/>\n<meta name=\"twitter:label1\" content=\"Tiempo de lectura\" \/>\n\t<meta name=\"twitter:data1\" content=\"2 minutos\" \/>\n<script type=\"application\/ld+json\" class=\"yoast-schema-graph\">{\"@context\":\"https:\/\/schema.org\",\"@graph\":[{\"@type\":\"WebPage\",\"@id\":\"https:\/\/saprenovation.com\/es\/departamento-de-control-de-calidad\/\",\"url\":\"https:\/\/saprenovation.com\/es\/departamento-de-control-de-calidad\/\",\"name\":\"Departamento de control de calidad - SAP Renovation\",\"isPartOf\":{\"@id\":\"https:\/\/saprenovation.com\/es\/#website\"},\"datePublished\":\"2025-08-27T06:04:53+00:00\",\"dateModified\":\"2025-08-27T06:04:54+00:00\",\"description\":\"Rel\u00e1jese, los detalles son cosa nuestra. Contamos con un control de calidad dedicado para asegurar que cada restauraci\u00f3n cumpla con los m\u00e1s altos est\u00e1ndares.\",\"breadcrumb\":{\"@id\":\"https:\/\/saprenovation.com\/es\/departamento-de-control-de-calidad\/#breadcrumb\"},\"inLanguage\":\"es\",\"potentialAction\":[{\"@type\":\"ReadAction\",\"target\":[\"https:\/\/saprenovation.com\/es\/departamento-de-control-de-calidad\/\"]}]},{\"@type\":\"BreadcrumbList\",\"@id\":\"https:\/\/saprenovation.com\/es\/departamento-de-control-de-calidad\/#breadcrumb\",\"itemListElement\":[{\"@type\":\"ListItem\",\"position\":1,\"name\":\"SAP Renovation\",\"item\":\"https:\/\/saprenovation.com\/es\/\"},{\"@type\":\"ListItem\",\"position\":2,\"name\":\"Departamento de control de calidad\"}]},{\"@type\":\"WebSite\",\"@id\":\"https:\/\/saprenovation.com\/es\/#website\",\"url\":\"https:\/\/saprenovation.com\/es\/\",\"name\":\"SAP Renovation\",\"description\":\"The finest European piano restoration\",\"publisher\":{\"@id\":\"https:\/\/saprenovation.com\/es\/#organization\"},\"potentialAction\":[{\"@type\":\"SearchAction\",\"target\":{\"@type\":\"EntryPoint\",\"urlTemplate\":\"https:\/\/saprenovation.com\/es\/?s={search_term_string}\"},\"query-input\":{\"@type\":\"PropertyValueSpecification\",\"valueRequired\":true,\"valueName\":\"search_term_string\"}}],\"inLanguage\":\"es\"},{\"@type\":\"Organization\",\"@id\":\"https:\/\/saprenovation.com\/es\/#organization\",\"name\":\"SAP Renovation\",\"url\":\"https:\/\/saprenovation.com\/es\/\",\"logo\":{\"@type\":\"ImageObject\",\"inLanguage\":\"es\",\"@id\":\"https:\/\/saprenovation.com\/es\/#\/schema\/logo\/image\/\",\"url\":\"https:\/\/saprenovation.com\/wp-content\/uploads\/2024\/04\/xlogo.png.pagespeed.ic_.pCcv2wiNk5.webp\",\"contentUrl\":\"https:\/\/saprenovation.com\/wp-content\/uploads\/2024\/04\/xlogo.png.pagespeed.ic_.pCcv2wiNk5.webp\",\"width\":112,\"height\":96,\"caption\":\"SAP Renovation\"},\"image\":{\"@id\":\"https:\/\/saprenovation.com\/es\/#\/schema\/logo\/image\/\"},\"sameAs\":[\"https:\/\/www.facebook.com\/saprenovation\/\"]}]}<\/script>\n<!-- \/ Yoast SEO plugin. -->","yoast_head_json":{"title":"Departamento de control de calidad - SAP Renovation","description":"Rel\u00e1jese, los detalles son cosa nuestra. Contamos con un control de calidad dedicado para asegurar que cada restauraci\u00f3n cumpla con los m\u00e1s altos est\u00e1ndares.","robots":{"index":"index","follow":"follow","max-snippet":"max-snippet:-1","max-image-preview":"max-image-preview:large","max-video-preview":"max-video-preview:-1"},"canonical":"https:\/\/saprenovation.com\/es\/departamento-de-control-de-calidad\/","og_locale":"es_ES","og_type":"article","og_title":"Departamento de control de calidad - SAP Renovation","og_description":"Rel\u00e1jese, los detalles son cosa nuestra. Contamos con un control de calidad dedicado para asegurar que cada restauraci\u00f3n cumpla con los m\u00e1s altos est\u00e1ndares.","og_url":"https:\/\/saprenovation.com\/es\/departamento-de-control-de-calidad\/","og_site_name":"SAP Renovation","article_publisher":"https:\/\/www.facebook.com\/saprenovation\/","article_modified_time":"2025-08-27T06:04:54+00:00","og_image":[{"width":112,"height":96,"url":"https:\/\/saprenovation.com\/wp-content\/uploads\/2024\/10\/xlogo.png.pagespeed.ic_.pCcv2wiNk5.webp","type":"image\/webp"}],"twitter_card":"summary_large_image","twitter_misc":{"Tiempo de lectura":"2 minutos"},"schema":{"@context":"https:\/\/schema.org","@graph":[{"@type":"WebPage","@id":"https:\/\/saprenovation.com\/es\/departamento-de-control-de-calidad\/","url":"https:\/\/saprenovation.com\/es\/departamento-de-control-de-calidad\/","name":"Departamento de control de calidad - SAP Renovation","isPartOf":{"@id":"https:\/\/saprenovation.com\/es\/#website"},"datePublished":"2025-08-27T06:04:53+00:00","dateModified":"2025-08-27T06:04:54+00:00","description":"Rel\u00e1jese, los detalles son cosa nuestra. Contamos con un control de calidad dedicado para asegurar que cada restauraci\u00f3n cumpla con los m\u00e1s altos est\u00e1ndares.","breadcrumb":{"@id":"https:\/\/saprenovation.com\/es\/departamento-de-control-de-calidad\/#breadcrumb"},"inLanguage":"es","potentialAction":[{"@type":"ReadAction","target":["https:\/\/saprenovation.com\/es\/departamento-de-control-de-calidad\/"]}]},{"@type":"BreadcrumbList","@id":"https:\/\/saprenovation.com\/es\/departamento-de-control-de-calidad\/#breadcrumb","itemListElement":[{"@type":"ListItem","position":1,"name":"SAP Renovation","item":"https:\/\/saprenovation.com\/es\/"},{"@type":"ListItem","position":2,"name":"Departamento de control de calidad"}]},{"@type":"WebSite","@id":"https:\/\/saprenovation.com\/es\/#website","url":"https:\/\/saprenovation.com\/es\/","name":"SAP Renovation","description":"The finest European piano restoration","publisher":{"@id":"https:\/\/saprenovation.com\/es\/#organization"},"potentialAction":[{"@type":"SearchAction","target":{"@type":"EntryPoint","urlTemplate":"https:\/\/saprenovation.com\/es\/?s={search_term_string}"},"query-input":{"@type":"PropertyValueSpecification","valueRequired":true,"valueName":"search_term_string"}}],"inLanguage":"es"},{"@type":"Organization","@id":"https:\/\/saprenovation.com\/es\/#organization","name":"SAP Renovation","url":"https:\/\/saprenovation.com\/es\/","logo":{"@type":"ImageObject","inLanguage":"es","@id":"https:\/\/saprenovation.com\/es\/#\/schema\/logo\/image\/","url":"https:\/\/saprenovation.com\/wp-content\/uploads\/2024\/04\/xlogo.png.pagespeed.ic_.pCcv2wiNk5.webp","contentUrl":"https:\/\/saprenovation.com\/wp-content\/uploads\/2024\/04\/xlogo.png.pagespeed.ic_.pCcv2wiNk5.webp","width":112,"height":96,"caption":"SAP Renovation"},"image":{"@id":"https:\/\/saprenovation.com\/es\/#\/schema\/logo\/image\/"},"sameAs":["https:\/\/www.facebook.com\/saprenovation\/"]}]}},"_links":{"self":[{"href":"https:\/\/saprenovation.com\/es\/wp-json\/wp\/v2\/pages\/65149","targetHints":{"allow":["GET"]}}],"collection":[{"href":"https:\/\/saprenovation.com\/es\/wp-json\/wp\/v2\/pages"}],"about":[{"href":"https:\/\/saprenovation.com\/es\/wp-json\/wp\/v2\/types\/page"}],"author":[{"embeddable":true,"href":"https:\/\/saprenovation.com\/es\/wp-json\/wp\/v2\/users\/6"}],"replies":[{"embeddable":true,"href":"https:\/\/saprenovation.com\/es\/wp-json\/wp\/v2\/comments?post=65149"}],"version-history":[{"count":1,"href":"https:\/\/saprenovation.com\/es\/wp-json\/wp\/v2\/pages\/65149\/revisions"}],"predecessor-version":[{"id":65152,"href":"https:\/\/saprenovation.com\/es\/wp-json\/wp\/v2\/pages\/65149\/revisions\/65152"}],"wp:attachment":[{"href":"https:\/\/saprenovation.com\/es\/wp-json\/wp\/v2\/media?parent=65149"}],"curies":[{"name":"wp","href":"https:\/\/api.w.org\/{rel}","templated":true}]}}