{"id":58905,"date":"2024-04-08T13:55:34","date_gmt":"2024-04-08T11:55:34","guid":{"rendered":"https:\/\/saprenovation.com\/historia\/"},"modified":"2024-09-04T19:08:32","modified_gmt":"2024-09-04T17:08:32","slug":"historia","status":"publish","type":"page","link":"https:\/\/saprenovation.com\/es\/historia\/","title":{"rendered":"Historia y misi\u00f3n"},"content":{"rendered":"\n<div class=\"wp-block-group is-layout-constrained wp-block-group-is-layout-constrained\">\n<div class=\"wp-block-columns is-layout-flex wp-container-core-columns-is-layout-28f84493 wp-block-columns-is-layout-flex\">\n<div class=\"wp-block-column is-layout-flow wp-block-column-is-layout-flow\" style=\"flex-basis:65%\">\n<div class=\"wp-block-group box_relative is-layout-constrained wp-block-group-is-layout-constrained has-background\" style=\"min-height:500px;background-image:url(&#039;https:\/\/saprenovation.com\/wp-content\/uploads\/2024\/06\/hist3.jpg&#039;);background-size:cover;\">\n<div style=\"background: #fff;width: 200px;position: absolute;right: -2px;top: -1px;clip-path: polygon(95% 0, 100% 0%, 100% 100%, 0% 100%);bottom: -1px;\"><\/div>\n<\/div>\n<\/div>\n\n\n\n<div class=\"wp-block-column is-vertically-aligned-center is-style-default is-layout-flow wp-block-column-is-layout-flow\">\n<h3 class=\"wp-block-heading\" style=\"text-transform: uppercase;\">1878\n<\/h3>\n\n\n\n<p >Kalisz es una ciudad en Polonia . La tradici\u00f3n de restauraci\u00f3nes llega hasta el siglo XIX. En a\u00f1o 1878 Arnold Fibiger estableci\u00f3 el primer factor de la fabricaci\u00f3n de pianos .Hoy en dia Kalisz es el coraz\u00f3n de pianos y restauraci\u00f3n de pianos en Polonia. En Kalisz funciona 20 empresas que se dedican a la resaturaci\u00f3n de pianos de cola y verticales. En la ciudad funciona una de las 3 escuelas t\u00e9cnico de piano de cola profesionales en el mundo.<\/p>\n<\/div>\n<\/div>\n<\/div>\n\n\n\n<div class=\"wp-block-group is-layout-constrained wp-block-group-is-layout-constrained\">\n<div class=\"wp-block-columns is-layout-flex wp-container-core-columns-is-layout-28f84493 wp-block-columns-is-layout-flex\">\n<div class=\"wp-block-column is-vertically-aligned-center is-layout-flow wp-block-column-is-layout-flow\" style=\"padding-left:var(--wp--preset--spacing--80)\">\n<h3 class=\"wp-block-heading\" style=\"text-transform: uppercase;\">1989<\/h3>\n\n\n\n<p>Recogemos pianos viejos y los reparamos haciendo verdaderas obras de arte! Nos dedicamos a la restauraci\u00f3n completa de pianos de cola y verticales. Empresa activa en el mercado internacional desde 1990.\n\n13 160 instrumentos en todo el mundo han sido restaurados en nuestra f\u00e1brica. Por ello somos l\u00edderes en nuestro sector. Cooperamos con clientes de todo el mundo : Austria, Australia, B\u00e9lgica, Dinamarca, Finlandia, Francia, Espa\u00f1a, Pa\u00edses Bajos, Irlanda, Canad\u00e1, Lituania, Luxemburgo, Alemania, Noruega, Nueva Zelanda, Polonia, Qatar, Rusia, Eslovenia, Suiza, Sud\u00e1frica, Suecia, Taiw\u00e1n, USA, Gran Breta\u00f1a e Italia.<\/p>\n<\/div>\n\n\n\n<div class=\"wp-block-column is-layout-flow wp-block-column-is-layout-flow\" style=\"flex-basis:65%\">\n<div class=\"wp-block-group box_relative is-layout-constrained wp-block-group-is-layout-constrained has-background\" style=\"min-height:500px;background-image:url(&#039;https:\/\/saprenovation.com\/wp-content\/uploads\/2024\/06\/hist1.jpg&#039;);background-size:cover;\">\n<div style=\"background: #fff;width: 200px;position: absolute;left: -2px;top: -1px;clip-path: polygon(0 0, 95% 0, 0% 100%, 0 100%);bottom: -1px;\"><\/div>\n<\/div>\n<\/div>\n<\/div>\n<\/div>\n\n\n\n<div class=\"wp-block-group is-layout-constrained wp-block-group-is-layout-constrained\">\n<div class=\"wp-block-columns is-layout-flex wp-container-core-columns-is-layout-28f84493 wp-block-columns-is-layout-flex\">\n<div class=\"wp-block-column is-layout-flow wp-block-column-is-layout-flow\" style=\"flex-basis:65%\">\n<div class=\"wp-block-group box_relative is-layout-constrained wp-block-group-is-layout-constrained has-background\" style=\"min-height:500px;background-image:url(&#039;https:\/\/saprenovation.com\/wp-content\/uploads\/2024\/04\/banner_w1-1.jpg&#039;);background-size:cover;\">\n<div style=\"background: #fff;width: 200px;position: absolute;right: -2px;top: -1px;clip-path: polygon(95% 0, 100% 0%, 100% 100%, 0% 100%);bottom: -1px;\"><\/div>\n<\/div>\n<\/div>\n\n\n\n<div class=\"wp-block-column is-vertically-aligned-center is-style-default is-layout-flow wp-block-column-is-layout-flow\">\n<h3 class=\"wp-block-heading\" style=\"text-transform: uppercase;\">2024<\/h3>\n\n\n\n<p >Estamos situados en Polonia, en Kalisz, el centro m\u00e1s importante de la industria musical en Polonia desde hace casi 150 a\u00f1os &#8211; La tradici\u00f3n es un compromiso &#8211; por lo tanto aumentamos constantemente nuestras habilidades.\nSomos un equipo de 84 personas que trabajan para usted \u201eEstamos aqu\u00ed para usted y gracias a usted\u201d Hablamos en: polaco, ingl\u00e9s, alem\u00e1n, espa\u00f1ol, franc\u00e9s, italiano, ruso y noruego. \u00a1No tenga miedo preguntar! Le estamos esperando!<\/p>\n<\/div>\n<\/div>\n<\/div>\n\n\n\n<h2 class=\"wp-block-heading has-text-align-center\">Misi\u00f3n<\/h2>\n\n\n\n<p class=\"has-text-align-center\">35 a\u00f1os de experiencia<br>Hasta ahora 13 160 instrumentos<br>77 expertos calificados<\/p>\n\n\n\n<div class=\"wp-block-group is-layout-constrained wp-block-group-is-layout-constrained\">\n<div class=\"wp-block-columns is-layout-flex wp-container-core-columns-is-layout-28f84493 wp-block-columns-is-layout-flex\">\n<div class=\"wp-block-column is-vertically-aligned-center is-layout-flow wp-block-column-is-layout-flow\" style=\"padding-left:var(--wp--preset--spacing--80)\">\n<h3 class=\"wp-block-heading\" style=\"text-transform: uppercase;\">Misi\u00f3n<\/h3>\n\n\n\n<p>Convertimos los pianos viejos, destruidos y accidentados del tipo vertical y de cola en obras de arte verdaderas.\n\nActuamos en el mercado internacional desde 1990.\n\n\u00a1Hasta ahora hemos restaurado m\u00e1s que 13.000 pianos provenientes del mundo entero lo que nos hace el l\u00edder incuestionable en este sector!\n\nNuestro objetivo principal consiste en restaurar los pianos verticales y de cola de tal manera, para que queden perfectos en cada aspecto como un piano nuevo, pero manteniendo su c\u00e1racter hist\u00f3rico.\n\nAs\u00ed el piano queda \u00fanico en su g\u00e9nero y es un exemplar irrepetible.\n\nColaboramos con los clientes provenientes de los pa\u00edses como: Austria, Australia, B\u00e9lgica, China, Rep\u00fablica Checa, Dinamarca, Filipinas, Finlandia, Francia, Grecia, Espa\u00f1a, Pa\u00edses Bajos, Irlanda, Jap\u00f3n, Canad\u00e1, Qatar, Lituania, Luxemburgo, Letonia, Alemania, Noruega, Nueva Zelanda, Polonia, Rusia, Rep\u00fablica Sudafricana, Eslovenia, Suiza, Suecia, Taiw\u00e1n, Estados Unidos, Gran Breta\u00f1a e Italia.<\/p>\n<\/div>\n\n\n\n<div class=\"wp-block-column is-layout-flow wp-block-column-is-layout-flow\" style=\"flex-basis:65%\">\n<div class=\"wp-block-group box_relative is-layout-constrained wp-block-group-is-layout-constrained has-background\" style=\"min-height:500px;background-image:url(&#039;https:\/\/saprenovation.com\/wp-content\/uploads\/2024\/04\/o2.jpg&#039;);background-size:cover;\">\n<div style=\"background: #fff;width: 200px;position: absolute;left: -2px;top: -1px;clip-path: polygon(0 0, 95% 0, 0% 100%, 0 100%);bottom: -1px;\"><\/div>\n<\/div>\n<\/div>\n<\/div>\n<\/div>\n","protected":false},"excerpt":{"rendered":"<p>1878 Kalisz es una ciudad en Polonia . La tradici\u00f3n de restauraci\u00f3nes llega hasta el siglo XIX. En a\u00f1o 1878 Arnold Fibiger estableci\u00f3 el primer factor de la fabricaci\u00f3n&#8230;<\/p>\n","protected":false},"author":1,"featured_media":0,"parent":0,"menu_order":0,"comment_status":"closed","ping_status":"closed","template":"page-full-width","meta":{"footnotes":""},"class_list":["post-58905","page","type-page","status-publish","hentry"],"yoast_head":"<!-- This site is optimized with the Yoast SEO plugin v26.1.1 - https:\/\/yoast.com\/wordpress\/plugins\/seo\/ -->\n<title>Historia y misi\u00f3n - SAP Renovation<\/title>\n<meta name=\"robots\" content=\"index, follow, max-snippet:-1, max-image-preview:large, max-video-preview:-1\" \/>\n<link rel=\"canonical\" href=\"https:\/\/saprenovation.com\/es\/historia\/\" \/>\n<meta property=\"og:locale\" content=\"es_ES\" \/>\n<meta property=\"og:type\" content=\"article\" \/>\n<meta property=\"og:title\" content=\"Historia y misi\u00f3n - SAP Renovation\" \/>\n<meta property=\"og:description\" content=\"1878 Kalisz es una ciudad en Polonia . La tradici\u00f3n de restauraci\u00f3nes llega hasta el siglo XIX. En a\u00f1o 1878 Arnold Fibiger estableci\u00f3 el primer factor de la fabricaci\u00f3n...\" \/>\n<meta property=\"og:url\" content=\"https:\/\/saprenovation.com\/es\/historia\/\" \/>\n<meta property=\"og:site_name\" content=\"SAP Renovation\" \/>\n<meta property=\"article:publisher\" content=\"https:\/\/www.facebook.com\/saprenovation\/\" \/>\n<meta property=\"article:modified_time\" content=\"2024-09-04T17:08:32+00:00\" \/>\n<meta property=\"og:image\" content=\"https:\/\/saprenovation.com\/wp-content\/uploads\/2024\/10\/xlogo.png.pagespeed.ic_.pCcv2wiNk5.webp\" \/>\n\t<meta property=\"og:image:width\" content=\"112\" \/>\n\t<meta property=\"og:image:height\" content=\"96\" \/>\n\t<meta property=\"og:image:type\" content=\"image\/webp\" \/>\n<meta name=\"twitter:card\" content=\"summary_large_image\" \/>\n<meta name=\"twitter:label1\" content=\"Tiempo de lectura\" \/>\n\t<meta name=\"twitter:data1\" content=\"2 minutos\" \/>\n<script type=\"application\/ld+json\" class=\"yoast-schema-graph\">{\"@context\":\"https:\/\/schema.org\",\"@graph\":[{\"@type\":\"WebPage\",\"@id\":\"https:\/\/saprenovation.com\/es\/historia\/\",\"url\":\"https:\/\/saprenovation.com\/es\/historia\/\",\"name\":\"Historia y misi\u00f3n - SAP Renovation\",\"isPartOf\":{\"@id\":\"https:\/\/saprenovation.com\/es\/#website\"},\"datePublished\":\"2024-04-08T11:55:34+00:00\",\"dateModified\":\"2024-09-04T17:08:32+00:00\",\"breadcrumb\":{\"@id\":\"https:\/\/saprenovation.com\/es\/historia\/#breadcrumb\"},\"inLanguage\":\"es\",\"potentialAction\":[{\"@type\":\"ReadAction\",\"target\":[\"https:\/\/saprenovation.com\/es\/historia\/\"]}]},{\"@type\":\"BreadcrumbList\",\"@id\":\"https:\/\/saprenovation.com\/es\/historia\/#breadcrumb\",\"itemListElement\":[{\"@type\":\"ListItem\",\"position\":1,\"name\":\"SAP Renovation\",\"item\":\"https:\/\/saprenovation.com\/es\/\"},{\"@type\":\"ListItem\",\"position\":2,\"name\":\"Historia y misi\u00f3n\"}]},{\"@type\":\"WebSite\",\"@id\":\"https:\/\/saprenovation.com\/es\/#website\",\"url\":\"https:\/\/saprenovation.com\/es\/\",\"name\":\"SAP Renovation\",\"description\":\"The finest European piano restoration\",\"publisher\":{\"@id\":\"https:\/\/saprenovation.com\/es\/#organization\"},\"potentialAction\":[{\"@type\":\"SearchAction\",\"target\":{\"@type\":\"EntryPoint\",\"urlTemplate\":\"https:\/\/saprenovation.com\/es\/?s={search_term_string}\"},\"query-input\":{\"@type\":\"PropertyValueSpecification\",\"valueRequired\":true,\"valueName\":\"search_term_string\"}}],\"inLanguage\":\"es\"},{\"@type\":\"Organization\",\"@id\":\"https:\/\/saprenovation.com\/es\/#organization\",\"name\":\"SAP Renovation\",\"url\":\"https:\/\/saprenovation.com\/es\/\",\"logo\":{\"@type\":\"ImageObject\",\"inLanguage\":\"es\",\"@id\":\"https:\/\/saprenovation.com\/es\/#\/schema\/logo\/image\/\",\"url\":\"https:\/\/saprenovation.com\/wp-content\/uploads\/2024\/04\/xlogo.png.pagespeed.ic_.pCcv2wiNk5.webp\",\"contentUrl\":\"https:\/\/saprenovation.com\/wp-content\/uploads\/2024\/04\/xlogo.png.pagespeed.ic_.pCcv2wiNk5.webp\",\"width\":112,\"height\":96,\"caption\":\"SAP Renovation\"},\"image\":{\"@id\":\"https:\/\/saprenovation.com\/es\/#\/schema\/logo\/image\/\"},\"sameAs\":[\"https:\/\/www.facebook.com\/saprenovation\/\"]}]}<\/script>\n<!-- \/ Yoast SEO plugin. -->","yoast_head_json":{"title":"Historia y misi\u00f3n - SAP Renovation","robots":{"index":"index","follow":"follow","max-snippet":"max-snippet:-1","max-image-preview":"max-image-preview:large","max-video-preview":"max-video-preview:-1"},"canonical":"https:\/\/saprenovation.com\/es\/historia\/","og_locale":"es_ES","og_type":"article","og_title":"Historia y misi\u00f3n - SAP Renovation","og_description":"1878 Kalisz es una ciudad en Polonia . La tradici\u00f3n de restauraci\u00f3nes llega hasta el siglo XIX. En a\u00f1o 1878 Arnold Fibiger estableci\u00f3 el primer factor de la fabricaci\u00f3n...","og_url":"https:\/\/saprenovation.com\/es\/historia\/","og_site_name":"SAP Renovation","article_publisher":"https:\/\/www.facebook.com\/saprenovation\/","article_modified_time":"2024-09-04T17:08:32+00:00","og_image":[{"width":112,"height":96,"url":"https:\/\/saprenovation.com\/wp-content\/uploads\/2024\/10\/xlogo.png.pagespeed.ic_.pCcv2wiNk5.webp","type":"image\/webp"}],"twitter_card":"summary_large_image","twitter_misc":{"Tiempo de lectura":"2 minutos"},"schema":{"@context":"https:\/\/schema.org","@graph":[{"@type":"WebPage","@id":"https:\/\/saprenovation.com\/es\/historia\/","url":"https:\/\/saprenovation.com\/es\/historia\/","name":"Historia y misi\u00f3n - SAP Renovation","isPartOf":{"@id":"https:\/\/saprenovation.com\/es\/#website"},"datePublished":"2024-04-08T11:55:34+00:00","dateModified":"2024-09-04T17:08:32+00:00","breadcrumb":{"@id":"https:\/\/saprenovation.com\/es\/historia\/#breadcrumb"},"inLanguage":"es","potentialAction":[{"@type":"ReadAction","target":["https:\/\/saprenovation.com\/es\/historia\/"]}]},{"@type":"BreadcrumbList","@id":"https:\/\/saprenovation.com\/es\/historia\/#breadcrumb","itemListElement":[{"@type":"ListItem","position":1,"name":"SAP Renovation","item":"https:\/\/saprenovation.com\/es\/"},{"@type":"ListItem","position":2,"name":"Historia y misi\u00f3n"}]},{"@type":"WebSite","@id":"https:\/\/saprenovation.com\/es\/#website","url":"https:\/\/saprenovation.com\/es\/","name":"SAP Renovation","description":"The finest European piano restoration","publisher":{"@id":"https:\/\/saprenovation.com\/es\/#organization"},"potentialAction":[{"@type":"SearchAction","target":{"@type":"EntryPoint","urlTemplate":"https:\/\/saprenovation.com\/es\/?s={search_term_string}"},"query-input":{"@type":"PropertyValueSpecification","valueRequired":true,"valueName":"search_term_string"}}],"inLanguage":"es"},{"@type":"Organization","@id":"https:\/\/saprenovation.com\/es\/#organization","name":"SAP Renovation","url":"https:\/\/saprenovation.com\/es\/","logo":{"@type":"ImageObject","inLanguage":"es","@id":"https:\/\/saprenovation.com\/es\/#\/schema\/logo\/image\/","url":"https:\/\/saprenovation.com\/wp-content\/uploads\/2024\/04\/xlogo.png.pagespeed.ic_.pCcv2wiNk5.webp","contentUrl":"https:\/\/saprenovation.com\/wp-content\/uploads\/2024\/04\/xlogo.png.pagespeed.ic_.pCcv2wiNk5.webp","width":112,"height":96,"caption":"SAP Renovation"},"image":{"@id":"https:\/\/saprenovation.com\/es\/#\/schema\/logo\/image\/"},"sameAs":["https:\/\/www.facebook.com\/saprenovation\/"]}]}},"_links":{"self":[{"href":"https:\/\/saprenovation.com\/es\/wp-json\/wp\/v2\/pages\/58905","targetHints":{"allow":["GET"]}}],"collection":[{"href":"https:\/\/saprenovation.com\/es\/wp-json\/wp\/v2\/pages"}],"about":[{"href":"https:\/\/saprenovation.com\/es\/wp-json\/wp\/v2\/types\/page"}],"author":[{"embeddable":true,"href":"https:\/\/saprenovation.com\/es\/wp-json\/wp\/v2\/users\/1"}],"replies":[{"embeddable":true,"href":"https:\/\/saprenovation.com\/es\/wp-json\/wp\/v2\/comments?post=58905"}],"version-history":[{"count":2,"href":"https:\/\/saprenovation.com\/es\/wp-json\/wp\/v2\/pages\/58905\/revisions"}],"predecessor-version":[{"id":58921,"href":"https:\/\/saprenovation.com\/es\/wp-json\/wp\/v2\/pages\/58905\/revisions\/58921"}],"wp:attachment":[{"href":"https:\/\/saprenovation.com\/es\/wp-json\/wp\/v2\/media?parent=58905"}],"curies":[{"name":"wp","href":"https:\/\/api.w.org\/{rel}","templated":true}]}}