{"id":58882,"date":"2024-04-08T13:57:37","date_gmt":"2024-04-08T11:57:37","guid":{"rendered":"https:\/\/saprenovation.com\/gwarancja\/"},"modified":"2024-09-04T18:41:32","modified_gmt":"2024-09-04T16:41:32","slug":"gwarancja","status":"publish","type":"page","link":"https:\/\/saprenovation.com\/es\/gwarancja\/","title":{"rendered":"Certificado de garant\u00eda"},"content":{"rendered":"\n<div class=\"wp-block-group is-layout-constrained wp-container-core-group-is-layout-4383d167 wp-block-group-is-layout-constrained\">\n<h4 class=\"wp-block-heading\">1. Pr\u00f3logo<\/h4>\n\n\n\n<p>Eligiendo la colaboraci\u00f3n con SAP Renovation, trias el servicio y materiales de calidad superior que te garantizan el mejor funcionamiento posible del instrumento.<\/p>\n\n\n\n<h4 class=\"wp-block-heading\">2. Condiciones de la garant\u00eda<\/h4>\n\n\n\n<p>SAP Renovation ofrece una garant\u00eda de cinco a\u00f1os para los servicios y materiales utilizados durante la renovaci\u00f3n o reconstrucci\u00f3n de su instrumento. Es posible extender la garant\u00eda por un cargo adicional por otros dos a\u00f1os poni\u00e9ndose en contacto con nuestro departamento de ventas. Durante este per\u00edodo, SAP Renovation asume la responsabilidad de la eliminaci\u00f3n de los defectos que pueden aparecer durante el uso adecuado del instrumento sin sobrecargar el propietario de los costes de trabajos realizados en el instrumento o el costo de los materiales utilizados. Cualquier trabajo de garant\u00eda se lleva a cabo en la sede de SAP Renovation, la excepci\u00f3n a esta regla se establece individualmente con el cliente. Si hay una situaci\u00f3n justa, SAP Renovation puede delegar un t\u00e9cnico capacitado para reparar el defecto en la ubicaci\u00f3n indicada por el cliente. Los trabajos de reparaci\u00f3n tambi\u00e9n se puede realizar por la persona o entidad indicada por SAP Renovation que colabora con el cliente.<\/p>\n\n\n\n<h4 class=\"wp-block-heading\">3. Limitaciones de la garant\u00eda<\/h4>\n\n\n\n<p>La garant\u00eda de renovaci\u00f3n ofrecida por SAP Renovation no cubre los costes de los da\u00f1os, mal funcionamiento o la p\u00e9rdida accidental del instrumento como resultado de:<br>A) uso inadecuado, negligencia del instrumento o localizaci\u00f3n inadecuada del instrumento;<br>B) transporte inadecuado del instrumento;<br>C) cualquier intento de reparaci\u00f3n de los defectos que se producen a causa de la intervenci\u00f3n t\u00e9cnica fallida por parte de terceros sin conocimiento de SAP Renovation;<br>D) exposici\u00f3n del instrumento a temperaturas extremas, las condiciones atmosf\u00e9ricas, as\u00ed como los da\u00f1os causados por la influencia de la luz solar y del agua;<br>E) explotaci\u00f3n al aire libre;<br>F) intento de afinaci\u00f3n y regulaci\u00f3n del mecanismo por parte de personas no cualificadas.<\/p>\n\n\n\n<p>SAP Renovation no es responsable de ninguna irregularidad del funcionamiento del instrumento, cuya eliminacion es posible por: regulacion, afinacion, entonacion.<\/p>\n\n\n\n<p>La afinaci\u00f3n, regulaci\u00f3n del mecanismo y teclado como del dispositivo de pedales son las operaciones que deben ser efectuadas regularmente a causa de las influencias negativas naturales de la explotaci\u00f3n del instrumento y por lo tanto no est\u00e1n en la garant\u00eda.<\/p>\n\n\n\n<p>Todos los trabajos de renovaci\u00f3n y afinaci\u00f3n deber\u00edan ser realizados por especialistas<\/p>\n\n\n\n<p>El estado del piano debe ser examinado directamente despu\u00e9s de la recogida del instrumento. Para obtener el derecho a realizar los trabajos reparativos en el marco de la garant\u00eda, hay que presentar la solicitud de reclamaci\u00f3n por correo electr\u00f3nico durante el periodo de 7 d\u00edas despu\u00e9s de haber recogido el instrumento.<\/p>\n\n\n\n<h4 class=\"wp-block-heading\">4. Consejos del uso adecuado y conservaci\u00f3n<\/h4>\n\n\n\n<p>Tenemos algunas sugerencias concernientes la explotaci\u00f3n correcta del instrumento para que pueda disfrutar del piano de forma segura durante mucho tiempo.<\/p>\n\n\n\n<p>Lo m\u00e1s importante es que el instrumento no sea sometido a las temperaturas o humedad extremas. No se permite la ubicaci\u00f3n del instrumento cerca de fuentes de calor. Por este motivo se recomienda la ubicaci\u00f3n del instrumento en un lugar alejado de la calefacci\u00f3n y las ventanas.<\/p>\n\n\n\n<p>El lugar adecuado para el instrumento es un entorno alejado de las paredes exteriores y localizado m\u00e1s cerca de las paredes interiores que son menos susceptibles a las variaciones de temperatura durante el invierno fr\u00edo y el verano caliente.<\/p>\n\n\n\n<p>El n\u00edvel de humedad constante entre 40 y 65% y una temperatura en torno a 20\u2070C constituyen un entorno optimal para la explotaci\u00f3n del piano. Si no es posible garantizar un n\u00edvel constante de humedad, le<\/p>\n\n\n\n<p>aconsejamos que equipe el instrumento con un dispositivo de control de humedad.<\/p>\n\n\n\n<p>En el mercado existen muchos dispositivos de este tipo. Otra regla importante es de evitar la influencia directa de la luz solar.<\/p>\n\n\n\n<p>Una exposici\u00f3n prolongada a la luz solar conduce a la perdida de intensidad de color de la chapa aplicada sobre el mueble. Es importante que no se utilice productos est\u00e1ndares para quitar el polvo de la superficie exterior del piano. Algunos detergentes pueden contener substancias qu\u00edmicas que pueden da\u00f1ar irreparablemente el acabado del mueble.<\/p>\n\n\n\n<h4 class=\"wp-block-heading\">5. Servicio<\/h4>\n\n\n\n<p>El instrumento debe ser sometido al menos dos veces durante el a\u00f1o al proceso de afinaci\u00f3n y regulaci\u00f3n del mecanismo, teclado y dispositivo de pedales sin tener en cuenta la intensidad de la explotaci\u00f3n del instrumento.<\/p>\n\n\n\n<h4 class=\"wp-block-heading\">6. Notas finales<\/h4>\n\n\n\n<p>Durante la restauraci\u00f3n del instrumento, en la que reparamos la tabla arm\u00f3nica, pero no restauramos los elementos del mueble ni las nuevas superficies de los puentes. SAP Renovaci\u00f3n Sp. zoo. no se hace responsable de las grietas en la chapa y\/o en el barniz del mueble o en las superficies de los puentes. Este tipo de da\u00f1o puede ocurrir espont\u00e1neamente durante el lento proceso de secado de la tabla arm\u00f3nica, como resultado de los cambios de temperatura y humedad.<\/p>\n\n\n\n<p>Sugerimos que al pedir la restauraci\u00f3n de un instrumento, cuyo \u00e1mbito:<br>A) no incluye la restauraci\u00f3n de los elementos del mueble: los elementos como tapas del piano, base de atril, panel superior y inferior del piano vertical \u2013 que se dejen en el lugar del cliente,<br>B) no incluye la restauraci\u00f3n de los elementos del mueble y la restauraci\u00f3n y\/o ajuste de la parte mec\u00e1nica y el silenciador: los elementos como tapas del piano, base de atril, lira del piano, patas, panel superior y inferior del piano vertical \u2013 que se dejen en el lugar del cliente.<\/p>\n\n\n\n<p>Soundboard restoration process eliminates splits in the wood by inserting wooden wedges which penetrate entire board through. Over time, said wedges may become more pronounced and visible; however, it does not have any impact on the sound or functionality of the piano. In order to eliminate this possible &#8216;visual outcome&#8217;, replacement of the soundboard over its restoration should be considered.<\/p>\n\n\n\n<p>Restoration of agraffes consists of removal, polishing, and reinstallation back into the iron frame. SAP Renovation does not take any responsibility for any future mechanical defects. While it does not happen often, we are oblided to inform our clients about such possibility. The only way to provide warranty for agraffes is to replace them with new ones.<br>WARNING: Some vintage pianos have agraffes which are impossible to replace due to production termination. In such scenario, restoring original agraffes is the only solution.<\/p>\n\n\n\n<p>La renovaci\u00f3n de los elementos ac\u00fasticos sin aplicaci\u00f3n del fieltro sobre los puentes de agudos y graves puede conducir a la perdida de calidad del sonido durante la explotaci\u00f3n del instrumento.<\/p>\n\n\n\n<p>En el caso de identificar la apariencia de la carcoma de madera en el instrumeno, aplicamos un procedimiento de su eliminaci\u00f3n, que ha sido probado durante muchos a\u00f1os.<br>Sin embargo, existe el riesgo de que reaparezcan plagas, por lo que SAP Renovation no es responsable.<br>La garant\u00eda no cubre de tales eventos.<\/p>\n\n\n\n<p>La renovaci\u00f3n de los elementos ac\u00fasticos sin instalaci\u00f3n del clavijero nuevo puede conducir a varios problemas de afinaci\u00f3n.<\/p>\n\n\n\n<p>Los elementos structurales del piano como:<\/p>\n\n\n\n<p>&#8211; las bisagras<\/p>\n\n\n\n<p>&#8211; las ruedas<\/p>\n\n\n\n<p>&#8211; los pedales<\/p>\n\n\n\n<p>El transporte del instrumento de SAP Renovation como parte de trabajo de garantia y el transporte de regreso al cliente, se organiza a costa de SAP Renovation.<\/p>\n\n\n\n<p>Importante: La recogida y entrega del instrumento se organiza solo en la planta baja con un camino endurecido.<\/p>\n\n\n\n<p>En caso de: levantar, llevar el instrumento por las escaleras y el transporte con un camino de acceso obstruido y fangoso. El cliente esta obligado a organizar estas actividades por su propia cuenta y a sus expensas.<\/p>\n\n\n\n<p>est\u00e1n en garant\u00eda del fabricador. Todas quejas concernientes a los defectos y calidad de las piezas mencionadas son presentadas al fabricador. Las solicitudes de reclamaci\u00f3n concernientes a la instalaci\u00f3n de estas piezas son atentidas por SAP Renovation.<\/p>\n\n\n\n<p>Al solicitarnos que renovemos el instrumento, aceptas nuestras normas de trabajo y los materiales utilizados. Recuerda, que siempre nos acercamos a cada pedido de forma individual. Si tienes un deseso especial y quieres que se lleve a cabo una tarea especial de acuerdo con Tus pautas, inf\u00f3rmenos de ello antes de comenzar a renovar Tu instrumento.<\/p>\n<\/div>\n","protected":false},"excerpt":{"rendered":"<p>1. Pr\u00f3logo Eligiendo la colaboraci\u00f3n con SAP Renovation, trias el servicio y materiales de calidad superior que te garantizan el mejor funcionamiento posible del instrumento. 2. Condiciones de la&#8230;<\/p>\n","protected":false},"author":1,"featured_media":0,"parent":0,"menu_order":0,"comment_status":"closed","ping_status":"closed","template":"","meta":{"footnotes":""},"class_list":["post-58882","page","type-page","status-publish","hentry"],"yoast_head":"<!-- This site is optimized with the Yoast SEO plugin v26.1.1 - https:\/\/yoast.com\/wordpress\/plugins\/seo\/ -->\n<title>Certificado de garant\u00eda - SAP Renovation<\/title>\n<meta name=\"robots\" content=\"index, follow, max-snippet:-1, max-image-preview:large, max-video-preview:-1\" \/>\n<link rel=\"canonical\" href=\"https:\/\/saprenovation.com\/es\/gwarancja\/\" \/>\n<meta property=\"og:locale\" content=\"es_ES\" \/>\n<meta property=\"og:type\" content=\"article\" \/>\n<meta property=\"og:title\" content=\"Certificado de garant\u00eda - SAP Renovation\" \/>\n<meta property=\"og:description\" content=\"1. Pr\u00f3logo Eligiendo la colaboraci\u00f3n con SAP Renovation, trias el servicio y materiales de calidad superior que te garantizan el mejor funcionamiento posible del instrumento. 2. Condiciones de la...\" \/>\n<meta property=\"og:url\" content=\"https:\/\/saprenovation.com\/es\/gwarancja\/\" \/>\n<meta property=\"og:site_name\" content=\"SAP Renovation\" \/>\n<meta property=\"article:publisher\" content=\"https:\/\/www.facebook.com\/saprenovation\/\" \/>\n<meta property=\"article:modified_time\" content=\"2024-09-04T16:41:32+00:00\" \/>\n<meta property=\"og:image\" content=\"https:\/\/saprenovation.com\/wp-content\/uploads\/2024\/10\/xlogo.png.pagespeed.ic_.pCcv2wiNk5.webp\" \/>\n\t<meta property=\"og:image:width\" content=\"112\" \/>\n\t<meta property=\"og:image:height\" content=\"96\" \/>\n\t<meta property=\"og:image:type\" content=\"image\/webp\" \/>\n<meta name=\"twitter:card\" content=\"summary_large_image\" \/>\n<meta name=\"twitter:label1\" content=\"Tiempo de lectura\" \/>\n\t<meta name=\"twitter:data1\" content=\"7 minutos\" \/>\n<script type=\"application\/ld+json\" class=\"yoast-schema-graph\">{\"@context\":\"https:\/\/schema.org\",\"@graph\":[{\"@type\":\"WebPage\",\"@id\":\"https:\/\/saprenovation.com\/es\/gwarancja\/\",\"url\":\"https:\/\/saprenovation.com\/es\/gwarancja\/\",\"name\":\"Certificado de garant\u00eda - SAP Renovation\",\"isPartOf\":{\"@id\":\"https:\/\/saprenovation.com\/es\/#website\"},\"datePublished\":\"2024-04-08T11:57:37+00:00\",\"dateModified\":\"2024-09-04T16:41:32+00:00\",\"breadcrumb\":{\"@id\":\"https:\/\/saprenovation.com\/es\/gwarancja\/#breadcrumb\"},\"inLanguage\":\"es\",\"potentialAction\":[{\"@type\":\"ReadAction\",\"target\":[\"https:\/\/saprenovation.com\/es\/gwarancja\/\"]}]},{\"@type\":\"BreadcrumbList\",\"@id\":\"https:\/\/saprenovation.com\/es\/gwarancja\/#breadcrumb\",\"itemListElement\":[{\"@type\":\"ListItem\",\"position\":1,\"name\":\"SAP Renovation\",\"item\":\"https:\/\/saprenovation.com\/es\/\"},{\"@type\":\"ListItem\",\"position\":2,\"name\":\"Certificado de garant\u00eda\"}]},{\"@type\":\"WebSite\",\"@id\":\"https:\/\/saprenovation.com\/es\/#website\",\"url\":\"https:\/\/saprenovation.com\/es\/\",\"name\":\"SAP Renovation\",\"description\":\"The finest European piano restoration\",\"publisher\":{\"@id\":\"https:\/\/saprenovation.com\/es\/#organization\"},\"potentialAction\":[{\"@type\":\"SearchAction\",\"target\":{\"@type\":\"EntryPoint\",\"urlTemplate\":\"https:\/\/saprenovation.com\/es\/?s={search_term_string}\"},\"query-input\":{\"@type\":\"PropertyValueSpecification\",\"valueRequired\":true,\"valueName\":\"search_term_string\"}}],\"inLanguage\":\"es\"},{\"@type\":\"Organization\",\"@id\":\"https:\/\/saprenovation.com\/es\/#organization\",\"name\":\"SAP Renovation\",\"url\":\"https:\/\/saprenovation.com\/es\/\",\"logo\":{\"@type\":\"ImageObject\",\"inLanguage\":\"es\",\"@id\":\"https:\/\/saprenovation.com\/es\/#\/schema\/logo\/image\/\",\"url\":\"https:\/\/saprenovation.com\/wp-content\/uploads\/2024\/04\/xlogo.png.pagespeed.ic_.pCcv2wiNk5.webp\",\"contentUrl\":\"https:\/\/saprenovation.com\/wp-content\/uploads\/2024\/04\/xlogo.png.pagespeed.ic_.pCcv2wiNk5.webp\",\"width\":112,\"height\":96,\"caption\":\"SAP Renovation\"},\"image\":{\"@id\":\"https:\/\/saprenovation.com\/es\/#\/schema\/logo\/image\/\"},\"sameAs\":[\"https:\/\/www.facebook.com\/saprenovation\/\"]}]}<\/script>\n<!-- \/ Yoast SEO plugin. -->","yoast_head_json":{"title":"Certificado de garant\u00eda - SAP Renovation","robots":{"index":"index","follow":"follow","max-snippet":"max-snippet:-1","max-image-preview":"max-image-preview:large","max-video-preview":"max-video-preview:-1"},"canonical":"https:\/\/saprenovation.com\/es\/gwarancja\/","og_locale":"es_ES","og_type":"article","og_title":"Certificado de garant\u00eda - SAP Renovation","og_description":"1. Pr\u00f3logo Eligiendo la colaboraci\u00f3n con SAP Renovation, trias el servicio y materiales de calidad superior que te garantizan el mejor funcionamiento posible del instrumento. 2. Condiciones de la...","og_url":"https:\/\/saprenovation.com\/es\/gwarancja\/","og_site_name":"SAP Renovation","article_publisher":"https:\/\/www.facebook.com\/saprenovation\/","article_modified_time":"2024-09-04T16:41:32+00:00","og_image":[{"width":112,"height":96,"url":"https:\/\/saprenovation.com\/wp-content\/uploads\/2024\/10\/xlogo.png.pagespeed.ic_.pCcv2wiNk5.webp","type":"image\/webp"}],"twitter_card":"summary_large_image","twitter_misc":{"Tiempo de lectura":"7 minutos"},"schema":{"@context":"https:\/\/schema.org","@graph":[{"@type":"WebPage","@id":"https:\/\/saprenovation.com\/es\/gwarancja\/","url":"https:\/\/saprenovation.com\/es\/gwarancja\/","name":"Certificado de garant\u00eda - SAP Renovation","isPartOf":{"@id":"https:\/\/saprenovation.com\/es\/#website"},"datePublished":"2024-04-08T11:57:37+00:00","dateModified":"2024-09-04T16:41:32+00:00","breadcrumb":{"@id":"https:\/\/saprenovation.com\/es\/gwarancja\/#breadcrumb"},"inLanguage":"es","potentialAction":[{"@type":"ReadAction","target":["https:\/\/saprenovation.com\/es\/gwarancja\/"]}]},{"@type":"BreadcrumbList","@id":"https:\/\/saprenovation.com\/es\/gwarancja\/#breadcrumb","itemListElement":[{"@type":"ListItem","position":1,"name":"SAP Renovation","item":"https:\/\/saprenovation.com\/es\/"},{"@type":"ListItem","position":2,"name":"Certificado de garant\u00eda"}]},{"@type":"WebSite","@id":"https:\/\/saprenovation.com\/es\/#website","url":"https:\/\/saprenovation.com\/es\/","name":"SAP Renovation","description":"The finest European piano restoration","publisher":{"@id":"https:\/\/saprenovation.com\/es\/#organization"},"potentialAction":[{"@type":"SearchAction","target":{"@type":"EntryPoint","urlTemplate":"https:\/\/saprenovation.com\/es\/?s={search_term_string}"},"query-input":{"@type":"PropertyValueSpecification","valueRequired":true,"valueName":"search_term_string"}}],"inLanguage":"es"},{"@type":"Organization","@id":"https:\/\/saprenovation.com\/es\/#organization","name":"SAP Renovation","url":"https:\/\/saprenovation.com\/es\/","logo":{"@type":"ImageObject","inLanguage":"es","@id":"https:\/\/saprenovation.com\/es\/#\/schema\/logo\/image\/","url":"https:\/\/saprenovation.com\/wp-content\/uploads\/2024\/04\/xlogo.png.pagespeed.ic_.pCcv2wiNk5.webp","contentUrl":"https:\/\/saprenovation.com\/wp-content\/uploads\/2024\/04\/xlogo.png.pagespeed.ic_.pCcv2wiNk5.webp","width":112,"height":96,"caption":"SAP Renovation"},"image":{"@id":"https:\/\/saprenovation.com\/es\/#\/schema\/logo\/image\/"},"sameAs":["https:\/\/www.facebook.com\/saprenovation\/"]}]}},"_links":{"self":[{"href":"https:\/\/saprenovation.com\/es\/wp-json\/wp\/v2\/pages\/58882","targetHints":{"allow":["GET"]}}],"collection":[{"href":"https:\/\/saprenovation.com\/es\/wp-json\/wp\/v2\/pages"}],"about":[{"href":"https:\/\/saprenovation.com\/es\/wp-json\/wp\/v2\/types\/page"}],"author":[{"embeddable":true,"href":"https:\/\/saprenovation.com\/es\/wp-json\/wp\/v2\/users\/1"}],"replies":[{"embeddable":true,"href":"https:\/\/saprenovation.com\/es\/wp-json\/wp\/v2\/comments?post=58882"}],"version-history":[{"count":2,"href":"https:\/\/saprenovation.com\/es\/wp-json\/wp\/v2\/pages\/58882\/revisions"}],"predecessor-version":[{"id":58898,"href":"https:\/\/saprenovation.com\/es\/wp-json\/wp\/v2\/pages\/58882\/revisions\/58898"}],"wp:attachment":[{"href":"https:\/\/saprenovation.com\/es\/wp-json\/wp\/v2\/media?parent=58882"}],"curies":[{"name":"wp","href":"https:\/\/api.w.org\/{rel}","templated":true}]}}