{"id":58821,"date":"2024-04-08T13:50:50","date_gmt":"2024-04-08T11:50:50","guid":{"rendered":"https:\/\/saprenovation.com\/akcesoria\/"},"modified":"2025-10-08T18:02:04","modified_gmt":"2025-10-08T16:02:04","slug":"akcesoria","status":"publish","type":"page","link":"https:\/\/saprenovation.com\/es\/akcesoria\/","title":{"rendered":"Accesorios"},"content":{"rendered":"\n<div class=\"wp-block-group is-layout-constrained wp-block-group-is-layout-constrained\">\n<div class=\"wp-block-columns is-layout-flex wp-container-core-columns-is-layout-28f84493 wp-block-columns-is-layout-flex\">\n<div class=\"wp-block-column is-layout-flow wp-block-column-is-layout-flow\" style=\"flex-basis:65%\">\n<div style=\"background-image:url(&#039;https:\/\/saprenovation.com\/wp-content\/uploads\/2024\/08\/a6.jpg&#039;);background-position:50% 0;background-size:cover;\" class=\"wp-block-group box_relative is-layout-constrained wp-block-group-is-layout-constrained has-background\">\n<div style=\"background: #fff;width: 200px;position: absolute;right: -2px;top: -1px;clip-path: polygon(95% 0, 100% 0%, 100% 100%, 0% 100%);bottom: -1px;\"><\/div>\n<\/div>\n<\/div>\n\n\n\n<div class=\"wp-block-column is-vertically-aligned-center is-style-default is-layout-flow wp-block-column-is-layout-flow\">\n<h3 class=\"wp-block-heading\" style=\"text-transform: uppercase;\">\u00c1lbum de fotos<\/h3>\n\n\n\n<p >Presenta la historia de la renovaci\u00f3n de su instrumento en una forma moderna y \u00fanica.\nLas fotos del instrumento tienen un dise\u00f1o magn\u00edfico y personalizado.\n\nEl \u00e1lbum se imprime en la tecnolog\u00eda digital con muy alta calidad de imagen. P\u00e1ginas est\u00e1n hechas de un material especial (no fluctuante) y con la combinaci\u00f3n de las tecnolog\u00edas muy avanzadas.\n\nEl tama\u00f1o del \u00e1lbum y el material que enmarca \u00e1lbum ser\u00e1 determinado por el cliente. Montamos en tama\u00f1os: 20\u00d720 cm o 30\u00d730 cm. El material utilizado para la cubierta del \u00e1lbum puede ser de cuero artificial o natural.<\/p>\n<\/div>\n<\/div>\n<\/div>\n\n\n\n<div class=\"wp-block-group rab_text_left is-layout-constrained wp-block-group-is-layout-constrained\">\n<div class=\"wp-block-columns is-layout-flex wp-container-core-columns-is-layout-28f84493 wp-block-columns-is-layout-flex\">\n<div class=\"wp-block-column is-vertically-aligned-center rab_text_left is-layout-flow wp-block-column-is-layout-flow\" style=\"padding-left:var(--wp--preset--spacing--80)\">\n<h3 class=\"wp-block-heading\" style=\"text-transform: uppercase;\nmargin-left:10px;\n\">Piano Disc<\/h3>\n\n\n\n<p>En breve les presentaremos un producto nuevo de nuestra oferta.<\/p>\n<\/div>\n\n\n\n<div class=\"wp-block-column is-layout-flow wp-block-column-is-layout-flow\" style=\"flex-basis:65%\">\n<div style=\"background-image:url(&#039;https:\/\/saprenovation.com\/wp-content\/uploads\/2024\/08\/pd1.jpg&#039;);background-position:50% 0;background-size:cover;\" class=\"wp-block-group box_relative is-layout-constrained wp-block-group-is-layout-constrained has-background\">\n<div style=\"background: #fff;width: 200px;position: absolute;left: -2px;top: -1px;clip-path: polygon(0 0, 95% 0, 0% 100%, 0 100%);bottom: -1px;\"><\/div>\n<\/div>\n<\/div>\n<\/div>\n<\/div>\n\n\n\n<div class=\"wp-block-group is-layout-constrained wp-block-group-is-layout-constrained\">\n<div class=\"wp-block-columns is-layout-flex wp-container-core-columns-is-layout-28f84493 wp-block-columns-is-layout-flex\">\n<div class=\"wp-block-column is-layout-flow wp-block-column-is-layout-flow\" style=\"flex-basis:65%\">\n<div style=\"background-image:url(&#039;https:\/\/saprenovation.com\/wp-content\/uploads\/2024\/08\/5ff-_MG_7002-copy-scaled.jpg&#039;);background-position:50% 0;background-size:cover;\" class=\"wp-block-group box_relative is-layout-constrained wp-block-group-is-layout-constrained has-background\">\n<div style=\"background: #fff;width: 200px;position: absolute;right: -2px;top: -1px;clip-path: polygon(95% 0, 100% 0%, 100% 100%, 0% 100%);bottom: -1px;\"><\/div>\n<\/div>\n<\/div>\n\n\n\n<div class=\"wp-block-column is-vertically-aligned-center is-style-default is-layout-flow wp-block-column-is-layout-flow\">\n<h3 class=\"wp-block-heading\" style=\"text-transform: uppercase;\">Silent System<\/h3>\n\n\n\n<p >Tenemos el placer a presentarles el piano ac\u00fastico de la marca Arion que ha sido restaurado en el taller de nuestra empresa.\n\nEn el piano hemos instalado el llamado silent system fabricado por la marca Bolan.\n\nEs un dispositivo que convierte un piano cl\u00e1sico, o sea, ac\u00fastico en un sistema electr\u00f3nico moderno que le deja controlar la tonalidad del sonido.<\/p>\n<\/div>\n<\/div>\n<\/div>\n\n\n\n<div class=\"wp-block-group rab_text_left is-layout-constrained wp-block-group-is-layout-constrained\">\n<div class=\"wp-block-columns is-layout-flex wp-container-core-columns-is-layout-28f84493 wp-block-columns-is-layout-flex\">\n<div class=\"wp-block-column is-vertically-aligned-center rab_text_left is-layout-flow wp-block-column-is-layout-flow\" style=\"padding-left:var(--wp--preset--spacing--80)\">\n<h3 class=\"wp-block-heading\" style=\"text-transform: uppercase;\nmargin-left:10px;\n\">Las ruedas de transporte- el modelo \u201cARA\u00d1A\u201d<\/h3>\n\n\n\n<p>Le aconsejamos equipar su piano con las ruedas de transporte durante la mudanza.\n\nTenemos el placer a ofrecerle las ruedas de transporte adaptadas para los pianos de cola- el modelo \u201cARA\u00d1A\u201d con el freno propio.\n\nA parte de proteger las piezas de lat\u00f3n o acero durante una mudanza, las ruedas nos dejar preservar el suelo de los da\u00f1os no deseados.\n\nSPECIFICACIONES DEL PRODUCTO:\n\nAplicaci\u00f3n de una capa del fieltro blando\nRuedas fabricada de poliuretan\nEl piano puesto sobre las ruedas aumenta su altura (la diferencia asuma a 1,5-2 cm)\nColor: negro\n3 ruedas en un completo\nPeso m\u00e1ximal: 300kg por cada rueda particular<\/p>\n<\/div>\n\n\n\n<div class=\"wp-block-column is-layout-flow wp-block-column-is-layout-flow\" style=\"flex-basis:65%\">\n<div style=\"background-image:url(&#039;https:\/\/saprenovation.com\/wp-content\/uploads\/2024\/08\/r2.jpg&#039;);background-position:50% 0;background-size:cover;\" class=\"wp-block-group box_relative is-layout-constrained wp-block-group-is-layout-constrained has-background\">\n<div style=\"background: #fff;width: 200px;position: absolute;left: -2px;top: -1px;clip-path: polygon(0 0, 95% 0, 0% 100%, 0 100%);bottom: -1px;\"><\/div>\n<\/div>\n<\/div>\n<\/div>\n<\/div>\n\n\n\n<div class=\"wp-block-group is-layout-constrained wp-block-group-is-layout-constrained\">\n<div class=\"wp-block-columns is-layout-flex wp-container-core-columns-is-layout-28f84493 wp-block-columns-is-layout-flex\">\n<div class=\"wp-block-column is-layout-flow wp-block-column-is-layout-flow\" style=\"flex-basis:65%\">\n<div style=\"background-image:url(&#039;https:\/\/saprenovation.com\/wp-content\/uploads\/2024\/08\/4f-_MG_4993-copy-scaled.jpg&#039;);background-position:42% 49%;background-size:cover;\" class=\"wp-block-group box_relative is-layout-constrained wp-block-group-is-layout-constrained has-background\">\n<div style=\"background: #fff;width: 200px;position: absolute;right: -2px;top: -1px;clip-path: polygon(95% 0, 100% 0%, 100% 100%, 0% 100%);bottom: -1px;\"><\/div>\n<\/div>\n<\/div>\n\n\n\n<div class=\"wp-block-column is-vertically-aligned-center is-style-default is-layout-flow wp-block-column-is-layout-flow\">\n<h3 class=\"wp-block-heading\" style=\"text-transform: uppercase;\">Los sistemas de control de humedad<\/h3>\n\n\n\n<p >Enc\u00e1rgate de la stabilidad de afinaci\u00f3n y resistencia de los componentes de madera en tu instrumento. \u00a1No los expongas a la humedad no deseada!\n\nEl sistema de control de la humedad es un elemento imprescindible para la protecci\u00f3n del instrumento que se mostrar\u00e1 exitoso como un medio de protecci\u00f3n contra las consecuencias de la exposici\u00f3n al nivel aumentado de la humedad en la habitaci\u00f3n, en la cual se encuentra el piano.<\/p>\n<\/div>\n<\/div>\n<\/div>\n\n\n\n<div class=\"wp-block-group rab_text_left is-layout-constrained wp-block-group-is-layout-constrained\">\n<div class=\"wp-block-columns is-layout-flex wp-container-core-columns-is-layout-28f84493 wp-block-columns-is-layout-flex\">\n<div class=\"wp-block-column is-vertically-aligned-center rab_text_left is-layout-flow wp-block-column-is-layout-flow\" style=\"padding-left:var(--wp--preset--spacing--80)\">\n<h3 class=\"wp-block-heading\" style=\"text-transform: uppercase;\nmargin-left:10px;\n\">Almohadillas para las ruedas<\/h3>\n\n\n\n<p>Almohadillas para las ruedas est\u00e1n hechas a mano de madera de fresno, pegado con corcho de madera. Las tazas de las ruedas de las patas est\u00e1ndar son negras, pero es posible hacer las tazas que coincidan con el color del instrumento o del suelo. La parte superior y el borde son coloreados con un tinte de madera. La capa de 2 mm de corcho en la parte inferior elimina el deslizamiento en la superficie del suelo.\n\nNuestras almohadillas  protegen efectivamente el suelo y las ruedas del instrumento de los da\u00f1os y ara\u00f1azos .\n\nDi\u00e1metro exterior : 143 mm\nDi\u00e1metro: 75 mm (m\u00e1x. ancho de la rueda de piano de 65 mm)<\/p>\n<\/div>\n\n\n\n<div class=\"wp-block-column is-layout-flow wp-block-column-is-layout-flow\" style=\"flex-basis:65%\">\n<div style=\"background-image:url(&#039;https:\/\/saprenovation.com\/wp-content\/uploads\/2024\/08\/3-1.jpg&#039;);background-position:50% 0;background-size:cover;\" class=\"wp-block-group box_relative is-layout-constrained wp-block-group-is-layout-constrained has-background\">\n<div style=\"background: #fff;width: 200px;position: absolute;left: -2px;top: -1px;clip-path: polygon(0 0, 95% 0, 0% 100%, 0 100%);bottom: -1px;\"><\/div>\n<\/div>\n<\/div>\n<\/div>\n<\/div>\n\n\n\n<div class=\"wp-block-group is-layout-constrained wp-block-group-is-layout-constrained\">\n<div class=\"wp-block-columns is-layout-flex wp-container-core-columns-is-layout-28f84493 wp-block-columns-is-layout-flex\">\n<div class=\"wp-block-column is-layout-flow wp-block-column-is-layout-flow\" style=\"flex-basis:65%\">\n<div style=\"background-image:url(&#039;https:\/\/saprenovation.com\/wp-content\/uploads\/2024\/08\/hamulecdekla.jpg&#039;);background-position:42% 49%;background-size:cover;\" class=\"wp-block-group box_relative is-layout-constrained wp-block-group-is-layout-constrained has-background\">\n<div style=\"background: #fff;width: 200px;position: absolute;right: -2px;top: -1px;clip-path: polygon(95% 0, 100% 0%, 100% 100%, 0% 100%);bottom: -1px;\"><\/div>\n<\/div>\n<\/div>\n\n\n\n<div class=\"wp-block-column is-vertically-aligned-center is-style-default is-layout-flow wp-block-column-is-layout-flow\">\n<h3 class=\"wp-block-heading\" style=\"text-transform: uppercase;\">El freno de la tapa<\/h3>\n\n\n\n<p >Estamos presentando una soluci\u00f3n maravillosa para el problema de las tapas pesadas del piano: el tapa-freno del piano \u2013 tipo alem\u00e1n que se puede utilizar en pr\u00e1cticamente todos los pianos.\n\nLa gran ventaja del presente freno de la tapa no requiere la perforaci\u00f3n de los agujeros o la interferencia con el instrumento que permite el montaje o desmontaje en cuesti\u00f3n de minutos sin  ayuda de expertos y a parte el uso de rodillos especiales en el brazo de freno evita da\u00f1os a la superficie de la tapa. Adem\u00e1s, la fuerza de arrastre del freno se puede ajustar libremente por lo que es m\u00e1s f\u00e1cil de levantar las tapas inferiores hasta el punto en que el freno actuar\u00e1 como un soporte de la tapa.<\/p>\n<\/div>\n<\/div>\n<\/div>\n\n\n\n<div class=\"wp-block-group rab_text_left is-layout-constrained wp-block-group-is-layout-constrained\">\n<div class=\"wp-block-columns is-layout-flex wp-container-core-columns-is-layout-28f84493 wp-block-columns-is-layout-flex\">\n<div class=\"wp-block-column is-vertically-aligned-center rab_text_left is-layout-flow wp-block-column-is-layout-flow\" style=\"padding-left:var(--wp--preset--spacing--80)\">\n<h3 class=\"wp-block-heading\" style=\"text-transform: uppercase;\nmargin-left:10px;\n\">Las fundas<\/h3>\n\n\n\n<p>Las fundas fabricadas por SAP Renovation son un producto especial visto que son hechos a medida para cada instrumento particular. La funa cosida a mano teniendo en consideraci\u00f3n las dimenciones del instrumento quede bien a la caja del piano muestrandose muy esteticamente y lo que es mas importante- garantiza la protecci\u00f3n del polvo, roces y otros factores exteriores como los rayos del sol.\n\nLa funda esta hecha de cuero atificial. La superficie interior esta cubierta con la flanela delicada que garantiza la protecci\u00f3n de roces sobre la caja del piano.<\/p>\n<\/div>\n\n\n\n<div class=\"wp-block-column is-layout-flow wp-block-column-is-layout-flow\" style=\"flex-basis:65%\">\n<div style=\"background-image:url(&#039;https:\/\/saprenovation.com\/wp-content\/uploads\/2024\/08\/p.jpg&#039;);background-position:50% 0;background-size:cover;\" class=\"wp-block-group box_relative is-layout-constrained wp-block-group-is-layout-constrained has-background\">\n<div style=\"background: #fff;width: 200px;position: absolute;left: -2px;top: -1px;clip-path: polygon(0 0, 95% 0, 0% 100%, 0 100%);bottom: -1px;\"><\/div>\n<\/div>\n<\/div>\n<\/div>\n<\/div>\n\n\n\n<div class=\"wp-block-group is-layout-constrained wp-block-group-is-layout-constrained\">\n<div class=\"wp-block-columns is-layout-flex wp-container-core-columns-is-layout-28f84493 wp-block-columns-is-layout-flex\">\n<div class=\"wp-block-column is-layout-flow wp-block-column-is-layout-flow\" style=\"flex-basis:65%\">\n<div style=\"background-image:url(&#039;https:\/\/saprenovation.com\/wp-content\/uploads\/2024\/08\/l5.jpg&#039;);background-position:50% 50%;background-repeat:no-repeat;background-size:contain;\" class=\"wp-block-group box_relative is-layout-constrained wp-block-group-is-layout-constrained has-background\">\n<div style=\"background: #fff;width: 200px;position: absolute;right: -2px;top: -1px;clip-path: polygon(95% 0, 100% 0%, 100% 100%, 0% 100%);bottom: -1px;\"><\/div>\n<\/div>\n<\/div>\n\n\n\n<div class=\"wp-block-column is-vertically-aligned-center is-style-default is-layout-flow wp-block-column-is-layout-flow\">\n<h3 class=\"wp-block-heading\" style=\"text-transform: uppercase;\">Las banquetas<\/h3>\n\n\n\n<p >Les presentamos con placer uno de los accesorios m\u00e1s importantes de los pianos de cola, o sea, las banquetas.\n\nLa restauraci\u00f3n de la caja es un buen momento para tomar la decisi\u00f3n sobre la compra de la banqueta que seguramente quedar\u00e1 bien con el mueble del piano.\n\nEntre las banquetas particulares encontramos varios modelos con los asientos inmoviles y regulados. El segundo tipo es una opci\u00f3n ideal para los pianos que est\u00e1n utilizados por varias personas de alturas difeferentes. Todas las banquetas est\u00e1n fabricadas de los materiales de calidad superior. Comprando uno de los modelos ofrecidos, tienen ustedes la posibilidad a escoger tanto el tipo del material que ser\u00e1 utilizado para fabricar la tapicer\u00eda como el tipo de madera para el acabado final de la banqueta.\n\nTipos de asientos disponibles: inm\u00f3vil y regulado.\n\nMateriales disponibles: velur o cuero.\n\nTipo del acabado: adaptado al acabado del instrumento o muebles.<\/p>\n<\/div>\n<\/div>\n<\/div>\n\n\n\n<div class=\"wp-block-group rab_text_left is-layout-constrained wp-block-group-is-layout-constrained\">\n<div class=\"wp-block-columns is-layout-flex wp-container-core-columns-is-layout-28f84493 wp-block-columns-is-layout-flex\">\n<div class=\"wp-block-column is-vertically-aligned-center rab_text_left is-layout-flow wp-block-column-is-layout-flow\" style=\"padding-left:var(--wp--preset--spacing--80)\">\n<h3 class=\"wp-block-heading\" style=\"text-transform: uppercase;\nmargin-left:10px;\n\">Las cajas de transporte<\/h3>\n\n\n\n<p>Cu\u00edde su piano durante el transporte!\nNo ignore la seguridad de su piano durante el transporte.\n\nLes presentamos con placer una nueva serie de las cajas de transporte que ya est\u00e1n disponibles a venta.\n\nA parte de la fabricaci\u00f3n profesional y el acabado est\u00e9tico, las cajas sobre todo protegen los instrumentos de los da\u00f1os mec\u00e1nicos no deseados.\n\nAqu\u00ed encontrar\u00e1n tanto las cajas destinadas para las herramientas como incl\u00faso las cajas de transporte para los instrumentos completos.\n\nConsulten por favor la tabla a continuaci\u00f3n para familiarizarse con los modelos de las cajas de transporte seg\u00fan el criterio de uso.<\/p>\n<\/div>\n\n\n\n<div class=\"wp-block-column is-layout-flow wp-block-column-is-layout-flow\" style=\"flex-basis:65%\">\n<div style=\"background-image:url(&#039;https:\/\/saprenovation.com\/wp-content\/uploads\/2024\/08\/sk.jpg&#039;);background-position:50% 0;background-size:cover;\" class=\"wp-block-group box_relative is-layout-constrained wp-block-group-is-layout-constrained has-background\">\n<div style=\"background: #fff;width: 200px;position: absolute;left: -2px;top: -1px;clip-path: polygon(0 0, 95% 0, 0% 100%, 0 100%);bottom: -1px;\"><\/div>\n<\/div>\n<\/div>\n<\/div>\n<\/div>\n","protected":false},"excerpt":{"rendered":"<p>\u00c1lbum de fotos Presenta la historia de la renovaci\u00f3n de su instrumento en una forma moderna y \u00fanica. Las fotos del instrumento tienen un dise\u00f1o magn\u00edfico y personalizado. El&#8230;<\/p>\n","protected":false},"author":1,"featured_media":0,"parent":0,"menu_order":0,"comment_status":"closed","ping_status":"closed","template":"page-full-width","meta":{"footnotes":""},"class_list":["post-58821","page","type-page","status-publish","hentry"],"yoast_head":"<!-- This site is optimized with the Yoast SEO plugin v26.1.1 - https:\/\/yoast.com\/wordpress\/plugins\/seo\/ -->\n<title>Accesorios - SAP Renovation<\/title>\n<meta name=\"robots\" content=\"index, follow, max-snippet:-1, max-image-preview:large, max-video-preview:-1\" \/>\n<link rel=\"canonical\" href=\"https:\/\/saprenovation.com\/es\/akcesoria\/\" \/>\n<meta property=\"og:locale\" content=\"es_ES\" \/>\n<meta property=\"og:type\" content=\"article\" \/>\n<meta property=\"og:title\" content=\"Accesorios - SAP Renovation\" \/>\n<meta property=\"og:description\" content=\"\u00c1lbum de fotos Presenta la historia de la renovaci\u00f3n de su instrumento en una forma moderna y \u00fanica. Las fotos del instrumento tienen un dise\u00f1o magn\u00edfico y personalizado. El...\" \/>\n<meta property=\"og:url\" content=\"https:\/\/saprenovation.com\/es\/akcesoria\/\" \/>\n<meta property=\"og:site_name\" content=\"SAP Renovation\" \/>\n<meta property=\"article:publisher\" content=\"https:\/\/www.facebook.com\/saprenovation\/\" \/>\n<meta property=\"article:modified_time\" content=\"2025-10-08T16:02:04+00:00\" \/>\n<meta property=\"og:image\" content=\"https:\/\/saprenovation.com\/wp-content\/uploads\/2024\/10\/xlogo.png.pagespeed.ic_.pCcv2wiNk5.webp\" \/>\n\t<meta property=\"og:image:width\" content=\"112\" \/>\n\t<meta property=\"og:image:height\" content=\"96\" \/>\n\t<meta property=\"og:image:type\" content=\"image\/webp\" \/>\n<meta name=\"twitter:card\" content=\"summary_large_image\" \/>\n<meta name=\"twitter:label1\" content=\"Tiempo de lectura\" \/>\n\t<meta name=\"twitter:data1\" content=\"6 minutos\" \/>\n<script type=\"application\/ld+json\" class=\"yoast-schema-graph\">{\"@context\":\"https:\/\/schema.org\",\"@graph\":[{\"@type\":\"WebPage\",\"@id\":\"https:\/\/saprenovation.com\/es\/akcesoria\/\",\"url\":\"https:\/\/saprenovation.com\/es\/akcesoria\/\",\"name\":\"Accesorios - SAP Renovation\",\"isPartOf\":{\"@id\":\"https:\/\/saprenovation.com\/es\/#website\"},\"datePublished\":\"2024-04-08T11:50:50+00:00\",\"dateModified\":\"2025-10-08T16:02:04+00:00\",\"breadcrumb\":{\"@id\":\"https:\/\/saprenovation.com\/es\/akcesoria\/#breadcrumb\"},\"inLanguage\":\"es\",\"potentialAction\":[{\"@type\":\"ReadAction\",\"target\":[\"https:\/\/saprenovation.com\/es\/akcesoria\/\"]}]},{\"@type\":\"BreadcrumbList\",\"@id\":\"https:\/\/saprenovation.com\/es\/akcesoria\/#breadcrumb\",\"itemListElement\":[{\"@type\":\"ListItem\",\"position\":1,\"name\":\"SAP Renovation\",\"item\":\"https:\/\/saprenovation.com\/es\/\"},{\"@type\":\"ListItem\",\"position\":2,\"name\":\"Accesorios\"}]},{\"@type\":\"WebSite\",\"@id\":\"https:\/\/saprenovation.com\/es\/#website\",\"url\":\"https:\/\/saprenovation.com\/es\/\",\"name\":\"SAP Renovation\",\"description\":\"The finest European piano restoration\",\"publisher\":{\"@id\":\"https:\/\/saprenovation.com\/es\/#organization\"},\"potentialAction\":[{\"@type\":\"SearchAction\",\"target\":{\"@type\":\"EntryPoint\",\"urlTemplate\":\"https:\/\/saprenovation.com\/es\/?s={search_term_string}\"},\"query-input\":{\"@type\":\"PropertyValueSpecification\",\"valueRequired\":true,\"valueName\":\"search_term_string\"}}],\"inLanguage\":\"es\"},{\"@type\":\"Organization\",\"@id\":\"https:\/\/saprenovation.com\/es\/#organization\",\"name\":\"SAP Renovation\",\"url\":\"https:\/\/saprenovation.com\/es\/\",\"logo\":{\"@type\":\"ImageObject\",\"inLanguage\":\"es\",\"@id\":\"https:\/\/saprenovation.com\/es\/#\/schema\/logo\/image\/\",\"url\":\"https:\/\/saprenovation.com\/wp-content\/uploads\/2024\/04\/xlogo.png.pagespeed.ic_.pCcv2wiNk5.webp\",\"contentUrl\":\"https:\/\/saprenovation.com\/wp-content\/uploads\/2024\/04\/xlogo.png.pagespeed.ic_.pCcv2wiNk5.webp\",\"width\":112,\"height\":96,\"caption\":\"SAP Renovation\"},\"image\":{\"@id\":\"https:\/\/saprenovation.com\/es\/#\/schema\/logo\/image\/\"},\"sameAs\":[\"https:\/\/www.facebook.com\/saprenovation\/\"]}]}<\/script>\n<!-- \/ Yoast SEO plugin. -->","yoast_head_json":{"title":"Accesorios - SAP Renovation","robots":{"index":"index","follow":"follow","max-snippet":"max-snippet:-1","max-image-preview":"max-image-preview:large","max-video-preview":"max-video-preview:-1"},"canonical":"https:\/\/saprenovation.com\/es\/akcesoria\/","og_locale":"es_ES","og_type":"article","og_title":"Accesorios - SAP Renovation","og_description":"\u00c1lbum de fotos Presenta la historia de la renovaci\u00f3n de su instrumento en una forma moderna y \u00fanica. Las fotos del instrumento tienen un dise\u00f1o magn\u00edfico y personalizado. El...","og_url":"https:\/\/saprenovation.com\/es\/akcesoria\/","og_site_name":"SAP Renovation","article_publisher":"https:\/\/www.facebook.com\/saprenovation\/","article_modified_time":"2025-10-08T16:02:04+00:00","og_image":[{"width":112,"height":96,"url":"https:\/\/saprenovation.com\/wp-content\/uploads\/2024\/10\/xlogo.png.pagespeed.ic_.pCcv2wiNk5.webp","type":"image\/webp"}],"twitter_card":"summary_large_image","twitter_misc":{"Tiempo de lectura":"6 minutos"},"schema":{"@context":"https:\/\/schema.org","@graph":[{"@type":"WebPage","@id":"https:\/\/saprenovation.com\/es\/akcesoria\/","url":"https:\/\/saprenovation.com\/es\/akcesoria\/","name":"Accesorios - SAP Renovation","isPartOf":{"@id":"https:\/\/saprenovation.com\/es\/#website"},"datePublished":"2024-04-08T11:50:50+00:00","dateModified":"2025-10-08T16:02:04+00:00","breadcrumb":{"@id":"https:\/\/saprenovation.com\/es\/akcesoria\/#breadcrumb"},"inLanguage":"es","potentialAction":[{"@type":"ReadAction","target":["https:\/\/saprenovation.com\/es\/akcesoria\/"]}]},{"@type":"BreadcrumbList","@id":"https:\/\/saprenovation.com\/es\/akcesoria\/#breadcrumb","itemListElement":[{"@type":"ListItem","position":1,"name":"SAP Renovation","item":"https:\/\/saprenovation.com\/es\/"},{"@type":"ListItem","position":2,"name":"Accesorios"}]},{"@type":"WebSite","@id":"https:\/\/saprenovation.com\/es\/#website","url":"https:\/\/saprenovation.com\/es\/","name":"SAP Renovation","description":"The finest European piano restoration","publisher":{"@id":"https:\/\/saprenovation.com\/es\/#organization"},"potentialAction":[{"@type":"SearchAction","target":{"@type":"EntryPoint","urlTemplate":"https:\/\/saprenovation.com\/es\/?s={search_term_string}"},"query-input":{"@type":"PropertyValueSpecification","valueRequired":true,"valueName":"search_term_string"}}],"inLanguage":"es"},{"@type":"Organization","@id":"https:\/\/saprenovation.com\/es\/#organization","name":"SAP Renovation","url":"https:\/\/saprenovation.com\/es\/","logo":{"@type":"ImageObject","inLanguage":"es","@id":"https:\/\/saprenovation.com\/es\/#\/schema\/logo\/image\/","url":"https:\/\/saprenovation.com\/wp-content\/uploads\/2024\/04\/xlogo.png.pagespeed.ic_.pCcv2wiNk5.webp","contentUrl":"https:\/\/saprenovation.com\/wp-content\/uploads\/2024\/04\/xlogo.png.pagespeed.ic_.pCcv2wiNk5.webp","width":112,"height":96,"caption":"SAP Renovation"},"image":{"@id":"https:\/\/saprenovation.com\/es\/#\/schema\/logo\/image\/"},"sameAs":["https:\/\/www.facebook.com\/saprenovation\/"]}]}},"_links":{"self":[{"href":"https:\/\/saprenovation.com\/es\/wp-json\/wp\/v2\/pages\/58821","targetHints":{"allow":["GET"]}}],"collection":[{"href":"https:\/\/saprenovation.com\/es\/wp-json\/wp\/v2\/pages"}],"about":[{"href":"https:\/\/saprenovation.com\/es\/wp-json\/wp\/v2\/types\/page"}],"author":[{"embeddable":true,"href":"https:\/\/saprenovation.com\/es\/wp-json\/wp\/v2\/users\/1"}],"replies":[{"embeddable":true,"href":"https:\/\/saprenovation.com\/es\/wp-json\/wp\/v2\/comments?post=58821"}],"version-history":[{"count":10,"href":"https:\/\/saprenovation.com\/es\/wp-json\/wp\/v2\/pages\/58821\/revisions"}],"predecessor-version":[{"id":70325,"href":"https:\/\/saprenovation.com\/es\/wp-json\/wp\/v2\/pages\/58821\/revisions\/70325"}],"wp:attachment":[{"href":"https:\/\/saprenovation.com\/es\/wp-json\/wp\/v2\/media?parent=58821"}],"curies":[{"name":"wp","href":"https:\/\/api.w.org\/{rel}","templated":true}]}}