{"id":69926,"date":"2025-10-05T14:19:27","date_gmt":"2025-10-05T12:19:27","guid":{"rendered":"https:\/\/saprenovation.com\/69894-2\/"},"modified":"2025-10-05T16:07:21","modified_gmt":"2025-10-05T14:07:21","slug":"stimmstock-erneuerung-sap-renovation","status":"publish","type":"page","link":"https:\/\/saprenovation.com\/de\/stimmstock-erneuerung-sap-renovation\/","title":{"rendered":"Wann den Stimmstock ersetzen | SAP Renovation"},"content":{"rendered":"\n<div class=\"wp-block-columns is-layout-flex wp-container-core-columns-is-layout-9b413c96 wp-block-columns-is-layout-flex\" style=\"margin-top:0px;margin-bottom:0px;padding-top:0px;padding-right:0;padding-bottom:0px;padding-left:0\">\n<div class=\"wp-block-column is-layout-constrained wp-container-core-column-is-layout-124f757b wp-block-column-is-layout-constrained\" style=\"padding-top:0;padding-right:0;padding-bottom:0;padding-left:0\">\n<figure class=\"wp-block-image size-full\" style=\"margin-top:0;margin-right:0;margin-bottom:0;margin-left:0\"><img loading=\"lazy\" decoding=\"async\" width=\"2560\" height=\"1707\" src=\"https:\/\/saprenovation.com\/wp-content\/uploads\/2024\/08\/4q-scaled.jpg\" alt=\"\" class=\"wp-image-58404\" srcset=\"https:\/\/saprenovation.com\/wp-content\/uploads\/2024\/08\/4q-scaled.jpg 2560w, https:\/\/saprenovation.com\/wp-content\/uploads\/2024\/08\/4q-scaled-600x400.jpg 600w, https:\/\/saprenovation.com\/wp-content\/uploads\/2024\/08\/4q-300x200.jpg 300w, https:\/\/saprenovation.com\/wp-content\/uploads\/2024\/08\/4q-1024x683.jpg 1024w, https:\/\/saprenovation.com\/wp-content\/uploads\/2024\/08\/4q-768x512.jpg 768w, https:\/\/saprenovation.com\/wp-content\/uploads\/2024\/08\/4q-1536x1024.jpg 1536w, https:\/\/saprenovation.com\/wp-content\/uploads\/2024\/08\/4q-2048x1365.jpg 2048w\" sizes=\"auto, (max-width: 2560px) 100vw, 2560px\" \/><\/figure>\n<\/div>\n\n\n\n<div class=\"wp-block-column is-style-default is-layout-constrained wp-container-core-column-is-layout-3be804cf wp-block-column-is-layout-constrained\" style=\"padding-top:0;padding-bottom:0\">\n<figure class=\"wp-block-image size-full\" style=\"margin-top:0;margin-bottom:0;margin-left:0\"><img loading=\"lazy\" decoding=\"async\" width=\"2560\" height=\"1707\" src=\"https:\/\/saprenovation.com\/wp-content\/uploads\/2025\/10\/c-_MG_5949-copy-scaled.jpg\" alt=\"\" class=\"wp-image-69897\" srcset=\"https:\/\/saprenovation.com\/wp-content\/uploads\/2025\/10\/c-_MG_5949-copy-scaled.jpg 2560w, https:\/\/saprenovation.com\/wp-content\/uploads\/2025\/10\/c-_MG_5949-copy-300x200.jpg 300w, https:\/\/saprenovation.com\/wp-content\/uploads\/2025\/10\/c-_MG_5949-copy-1024x683.jpg 1024w, https:\/\/saprenovation.com\/wp-content\/uploads\/2025\/10\/c-_MG_5949-copy-768x512.jpg 768w, https:\/\/saprenovation.com\/wp-content\/uploads\/2025\/10\/c-_MG_5949-copy-1536x1024.jpg 1536w, https:\/\/saprenovation.com\/wp-content\/uploads\/2025\/10\/c-_MG_5949-copy-2048x1365.jpg 2048w, https:\/\/saprenovation.com\/wp-content\/uploads\/2025\/10\/c-_MG_5949-copy-600x400.jpg 600w\" sizes=\"auto, (max-width: 2560px) 100vw, 2560px\" \/><\/figure>\n<\/div>\n<\/div>\n\n\n\n<div class=\"wp-block-group is-layout-constrained wp-block-group-is-layout-constrained\">\n<div class=\"wp-block-columns rab_text_left is-layout-flex wp-container-core-columns-is-layout-28f84493 wp-block-columns-is-layout-flex\">\n<div class=\"wp-block-column rab_text_left is-layout-flow wp-block-column-is-layout-flow\" style=\"flex-basis:1120px\">\n<h2 class=\"wp-block-heading has-small-font-size\"><strong>Wann sollte der Stimmstock ausgetauscht werden?<\/strong><\/h2>\n\n\n\n<p style=\"text-transform:none\">Der Stimmstock ist eines der Schl\u00fcsselelemente, das die Stabilit\u00e4t der Stimmung eines Fl\u00fcgels oder Klaviers beeinflusst. Ein Austausch ist empfehlenswert, wenn:<\/p>\n\n\n\n<ul style=\"text-transform:none\" class=\"wp-block-list\">\n<li>das Instrument die Stimmung nicht lange h\u00e4lt,<\/li>\n\n\n\n<li style=\"text-transform:none\">die L\u00f6cher f\u00fcr die Wirbel vergr\u00f6\u00dfert oder besch\u00e4digt sind,<\/li>\n\n\n\n<li>Risse im Holz des Stimmstocks vorhanden sind.<\/li>\n<\/ul>\n\n\n\n<p style=\"text-transform:none\">In unserem Angebot f\u00fchren wir drei hochwertige Stimmst\u00f6cke, die die Lebensdauer Ihres Instruments verl\u00e4ngern und den Klang verbessern:<\/p>\n\n\n\n<p style=\"text-transform:none\"><strong>1. Stimmstock Pisz \u2013 polnisch, mehrschichtig aus Buchenholz<\/strong><br>Der polnische Stimmstock Pisz wird aus hochwertigem Buchenholz gefertigt und besteht aus mehreren Schichten. Er zeichnet sich durch hervorragende Stimmstabilit\u00e4t und Widerstandsf\u00e4higkeit gegen\u00fcber Feuchtigkeitsschwankungen aus, wodurch eine langanhaltende, pr\u00e4zise Stimmung gew\u00e4hrleistet wird. Ideal f\u00fcr Instrumente, die einen soliden und zuverl\u00e4ssigen Stimmstock ben\u00f6tigen.<\/p>\n\n\n\n<p style=\"text-transform:none\"><strong>2. Stimmstock Delignit \u2013 deutsch, mehrschichtig aus Buchenholz<\/strong><br>Der deutsche Stimmstock Delignit ist ein Produkt eines renommierten Herstellers und besteht aus mehreren Schichten Buchenholz. Dank moderner Fertigungstechnologien bietet dieser Stimmstock au\u00dfergew\u00f6hnliche Stabilit\u00e4t und Widerstandsf\u00e4higkeit gegen\u00fcber wechselnden klimatischen Bedingungen. Eine ausgezeichnete Wahl f\u00fcr anspruchsvolle Instrumente, die pr\u00e4zises und dauerhaftes Stimmen erfordern.<\/p>\n\n\n\n<p style=\"text-transform:none\"><strong>3. Stimmstock Bolduc \u2013 Kanada, f\u00fcnfschichtig aus Ahornholz<\/strong><br>Der kanadische Stimmstock Bolduc besteht aus f\u00fcnf Schichten Ahornholz. Durch das dichte und harte Holz gew\u00e4hrleistet dieser Stimmstock au\u00dfergew\u00f6hnliche Stimmstabilit\u00e4t sowie Widerstandsf\u00e4higkeit gegen\u00fcber Temperatur- und Feuchtigkeitsschwankungen. Er ist die bevorzugte Wahl professioneller Klaviertechniker und Klavierhersteller weltweit.<\/p>\n<\/div>\n<\/div>\n<\/div>\n\n\n\n<p><\/p>\n\n\n\n\n\n<p><\/p>\n\n\n\n<figure class=\"wp-block-embed is-type-video is-provider-youtube wp-block-embed-youtube wp-embed-aspect-16-9 wp-has-aspect-ratio\"><div class=\"wp-block-embed__wrapper\">\n<iframe loading=\"lazy\" title=\"SAP Renovation-Pin block replacement\" width=\"500\" height=\"281\" src=\"https:\/\/www.youtube.com\/embed\/XXOpx3zaPfQ?feature=oembed\" frameborder=\"0\" allow=\"accelerometer; autoplay; clipboard-write; encrypted-media; gyroscope; picture-in-picture; web-share\" referrerpolicy=\"strict-origin-when-cross-origin\" allowfullscreen><\/iframe>\n<\/div><\/figure>\n","protected":false},"excerpt":{"rendered":"<p>Wann sollte der Stimmstock ausgetauscht werden? Der Stimmstock ist eines der Schl\u00fcsselelemente, das die Stabilit\u00e4t der Stimmung eines Fl\u00fcgels oder Klaviers beeinflusst. Ein Austausch ist empfehlenswert, wenn: In unserem&#8230;<\/p>\n","protected":false},"author":6,"featured_media":0,"parent":0,"menu_order":0,"comment_status":"closed","ping_status":"closed","template":"","meta":{"footnotes":""},"class_list":["post-69926","page","type-page","status-publish","hentry"],"yoast_head":"<!-- This site is optimized with the Yoast SEO plugin v26.1.1 - https:\/\/yoast.com\/wordpress\/plugins\/seo\/ -->\n<title>Wann den Stimmstock ersetzen | SAP Renovation - SAP Renovation<\/title>\n<meta name=\"description\" content=\"Der Stimmstock ist entscheidend f\u00fcr die Stimmstabilit\u00e4t eines Fl\u00fcgels. Erfahren Sie, wann ein Austausch n\u00f6tig ist, und entdecken Sie Pisz-, Delignit- und Bolduc-Stimmst\u00f6cke \u2013 pr\u00e4zise, stabil und langlebig.\" \/>\n<meta name=\"robots\" content=\"index, follow, max-snippet:-1, max-image-preview:large, max-video-preview:-1\" \/>\n<link rel=\"canonical\" href=\"https:\/\/saprenovation.com\/de\/stimmstock-erneuerung-sap-renovation\/\" \/>\n<meta property=\"og:locale\" content=\"de_DE\" \/>\n<meta property=\"og:type\" content=\"article\" \/>\n<meta property=\"og:title\" content=\"Wann den Stimmstock ersetzen | SAP Renovation - SAP Renovation\" \/>\n<meta property=\"og:description\" content=\"Der Stimmstock ist entscheidend f\u00fcr die Stimmstabilit\u00e4t eines Fl\u00fcgels. Erfahren Sie, wann ein Austausch n\u00f6tig ist, und entdecken Sie Pisz-, Delignit- und Bolduc-Stimmst\u00f6cke \u2013 pr\u00e4zise, stabil und langlebig.\" \/>\n<meta property=\"og:url\" content=\"https:\/\/saprenovation.com\/de\/stimmstock-erneuerung-sap-renovation\/\" \/>\n<meta property=\"og:site_name\" content=\"SAP Renovation\" \/>\n<meta property=\"article:publisher\" content=\"https:\/\/www.facebook.com\/saprenovation\/\" \/>\n<meta property=\"article:modified_time\" content=\"2025-10-05T14:07:21+00:00\" \/>\n<meta property=\"og:image\" content=\"https:\/\/saprenovation.com\/wp-content\/uploads\/2024\/08\/4q-scaled.jpg\" \/>\n<meta name=\"twitter:card\" content=\"summary_large_image\" \/>\n<meta name=\"twitter:label1\" content=\"Gesch\u00e4tzte Lesezeit\" \/>\n\t<meta name=\"twitter:data1\" content=\"2\u00a0Minuten\" \/>\n<script type=\"application\/ld+json\" class=\"yoast-schema-graph\">{\"@context\":\"https:\/\/schema.org\",\"@graph\":[{\"@type\":\"WebPage\",\"@id\":\"https:\/\/saprenovation.com\/de\/stimmstock-erneuerung-sap-renovation\/\",\"url\":\"https:\/\/saprenovation.com\/de\/stimmstock-erneuerung-sap-renovation\/\",\"name\":\"Wann den Stimmstock ersetzen | SAP Renovation - SAP Renovation\",\"isPartOf\":{\"@id\":\"https:\/\/saprenovation.com\/de\/#website\"},\"primaryImageOfPage\":{\"@id\":\"https:\/\/saprenovation.com\/de\/stimmstock-erneuerung-sap-renovation\/#primaryimage\"},\"image\":{\"@id\":\"https:\/\/saprenovation.com\/de\/stimmstock-erneuerung-sap-renovation\/#primaryimage\"},\"thumbnailUrl\":\"https:\/\/saprenovation.com\/wp-content\/uploads\/2024\/08\/4q-scaled.jpg\",\"datePublished\":\"2025-10-05T12:19:27+00:00\",\"dateModified\":\"2025-10-05T14:07:21+00:00\",\"description\":\"Der Stimmstock ist entscheidend f\u00fcr die Stimmstabilit\u00e4t eines Fl\u00fcgels. Erfahren Sie, wann ein Austausch n\u00f6tig ist, und entdecken Sie Pisz-, Delignit- und Bolduc-Stimmst\u00f6cke \u2013 pr\u00e4zise, stabil und langlebig.\",\"breadcrumb\":{\"@id\":\"https:\/\/saprenovation.com\/de\/stimmstock-erneuerung-sap-renovation\/#breadcrumb\"},\"inLanguage\":\"de\",\"potentialAction\":[{\"@type\":\"ReadAction\",\"target\":[\"https:\/\/saprenovation.com\/de\/stimmstock-erneuerung-sap-renovation\/\"]}]},{\"@type\":\"ImageObject\",\"inLanguage\":\"de\",\"@id\":\"https:\/\/saprenovation.com\/de\/stimmstock-erneuerung-sap-renovation\/#primaryimage\",\"url\":\"https:\/\/saprenovation.com\/wp-content\/uploads\/2024\/08\/4q-scaled.jpg\",\"contentUrl\":\"https:\/\/saprenovation.com\/wp-content\/uploads\/2024\/08\/4q-scaled.jpg\"},{\"@type\":\"BreadcrumbList\",\"@id\":\"https:\/\/saprenovation.com\/de\/stimmstock-erneuerung-sap-renovation\/#breadcrumb\",\"itemListElement\":[{\"@type\":\"ListItem\",\"position\":1,\"name\":\"SAP Renovation\",\"item\":\"https:\/\/saprenovation.com\/de\/\"},{\"@type\":\"ListItem\",\"position\":2,\"name\":\"Wann den Stimmstock ersetzen | SAP Renovation\"}]},{\"@type\":\"WebSite\",\"@id\":\"https:\/\/saprenovation.com\/de\/#website\",\"url\":\"https:\/\/saprenovation.com\/de\/\",\"name\":\"SAP Renovation\",\"description\":\"The finest European piano restoration\",\"publisher\":{\"@id\":\"https:\/\/saprenovation.com\/de\/#organization\"},\"potentialAction\":[{\"@type\":\"SearchAction\",\"target\":{\"@type\":\"EntryPoint\",\"urlTemplate\":\"https:\/\/saprenovation.com\/de\/?s={search_term_string}\"},\"query-input\":{\"@type\":\"PropertyValueSpecification\",\"valueRequired\":true,\"valueName\":\"search_term_string\"}}],\"inLanguage\":\"de\"},{\"@type\":\"Organization\",\"@id\":\"https:\/\/saprenovation.com\/de\/#organization\",\"name\":\"SAP Renovation\",\"url\":\"https:\/\/saprenovation.com\/de\/\",\"logo\":{\"@type\":\"ImageObject\",\"inLanguage\":\"de\",\"@id\":\"https:\/\/saprenovation.com\/de\/#\/schema\/logo\/image\/\",\"url\":\"https:\/\/saprenovation.com\/wp-content\/uploads\/2024\/04\/xlogo.png.pagespeed.ic_.pCcv2wiNk5.webp\",\"contentUrl\":\"https:\/\/saprenovation.com\/wp-content\/uploads\/2024\/04\/xlogo.png.pagespeed.ic_.pCcv2wiNk5.webp\",\"width\":112,\"height\":96,\"caption\":\"SAP Renovation\"},\"image\":{\"@id\":\"https:\/\/saprenovation.com\/de\/#\/schema\/logo\/image\/\"},\"sameAs\":[\"https:\/\/www.facebook.com\/saprenovation\/\"]}]}<\/script>\n<!-- \/ Yoast SEO plugin. -->","yoast_head_json":{"title":"Wann den Stimmstock ersetzen | SAP Renovation - SAP Renovation","description":"Der Stimmstock ist entscheidend f\u00fcr die Stimmstabilit\u00e4t eines Fl\u00fcgels. Erfahren Sie, wann ein Austausch n\u00f6tig ist, und entdecken Sie Pisz-, Delignit- und Bolduc-Stimmst\u00f6cke \u2013 pr\u00e4zise, stabil und langlebig.","robots":{"index":"index","follow":"follow","max-snippet":"max-snippet:-1","max-image-preview":"max-image-preview:large","max-video-preview":"max-video-preview:-1"},"canonical":"https:\/\/saprenovation.com\/de\/stimmstock-erneuerung-sap-renovation\/","og_locale":"de_DE","og_type":"article","og_title":"Wann den Stimmstock ersetzen | SAP Renovation - SAP Renovation","og_description":"Der Stimmstock ist entscheidend f\u00fcr die Stimmstabilit\u00e4t eines Fl\u00fcgels. Erfahren Sie, wann ein Austausch n\u00f6tig ist, und entdecken Sie Pisz-, Delignit- und Bolduc-Stimmst\u00f6cke \u2013 pr\u00e4zise, stabil und langlebig.","og_url":"https:\/\/saprenovation.com\/de\/stimmstock-erneuerung-sap-renovation\/","og_site_name":"SAP Renovation","article_publisher":"https:\/\/www.facebook.com\/saprenovation\/","article_modified_time":"2025-10-05T14:07:21+00:00","og_image":[{"url":"https:\/\/saprenovation.com\/wp-content\/uploads\/2024\/08\/4q-scaled.jpg","type":"","width":"","height":""}],"twitter_card":"summary_large_image","twitter_misc":{"Gesch\u00e4tzte Lesezeit":"2\u00a0Minuten"},"schema":{"@context":"https:\/\/schema.org","@graph":[{"@type":"WebPage","@id":"https:\/\/saprenovation.com\/de\/stimmstock-erneuerung-sap-renovation\/","url":"https:\/\/saprenovation.com\/de\/stimmstock-erneuerung-sap-renovation\/","name":"Wann den Stimmstock ersetzen | SAP Renovation - SAP Renovation","isPartOf":{"@id":"https:\/\/saprenovation.com\/de\/#website"},"primaryImageOfPage":{"@id":"https:\/\/saprenovation.com\/de\/stimmstock-erneuerung-sap-renovation\/#primaryimage"},"image":{"@id":"https:\/\/saprenovation.com\/de\/stimmstock-erneuerung-sap-renovation\/#primaryimage"},"thumbnailUrl":"https:\/\/saprenovation.com\/wp-content\/uploads\/2024\/08\/4q-scaled.jpg","datePublished":"2025-10-05T12:19:27+00:00","dateModified":"2025-10-05T14:07:21+00:00","description":"Der Stimmstock ist entscheidend f\u00fcr die Stimmstabilit\u00e4t eines Fl\u00fcgels. Erfahren Sie, wann ein Austausch n\u00f6tig ist, und entdecken Sie Pisz-, Delignit- und Bolduc-Stimmst\u00f6cke \u2013 pr\u00e4zise, stabil und langlebig.","breadcrumb":{"@id":"https:\/\/saprenovation.com\/de\/stimmstock-erneuerung-sap-renovation\/#breadcrumb"},"inLanguage":"de","potentialAction":[{"@type":"ReadAction","target":["https:\/\/saprenovation.com\/de\/stimmstock-erneuerung-sap-renovation\/"]}]},{"@type":"ImageObject","inLanguage":"de","@id":"https:\/\/saprenovation.com\/de\/stimmstock-erneuerung-sap-renovation\/#primaryimage","url":"https:\/\/saprenovation.com\/wp-content\/uploads\/2024\/08\/4q-scaled.jpg","contentUrl":"https:\/\/saprenovation.com\/wp-content\/uploads\/2024\/08\/4q-scaled.jpg"},{"@type":"BreadcrumbList","@id":"https:\/\/saprenovation.com\/de\/stimmstock-erneuerung-sap-renovation\/#breadcrumb","itemListElement":[{"@type":"ListItem","position":1,"name":"SAP Renovation","item":"https:\/\/saprenovation.com\/de\/"},{"@type":"ListItem","position":2,"name":"Wann den Stimmstock ersetzen | SAP Renovation"}]},{"@type":"WebSite","@id":"https:\/\/saprenovation.com\/de\/#website","url":"https:\/\/saprenovation.com\/de\/","name":"SAP Renovation","description":"The finest European piano restoration","publisher":{"@id":"https:\/\/saprenovation.com\/de\/#organization"},"potentialAction":[{"@type":"SearchAction","target":{"@type":"EntryPoint","urlTemplate":"https:\/\/saprenovation.com\/de\/?s={search_term_string}"},"query-input":{"@type":"PropertyValueSpecification","valueRequired":true,"valueName":"search_term_string"}}],"inLanguage":"de"},{"@type":"Organization","@id":"https:\/\/saprenovation.com\/de\/#organization","name":"SAP Renovation","url":"https:\/\/saprenovation.com\/de\/","logo":{"@type":"ImageObject","inLanguage":"de","@id":"https:\/\/saprenovation.com\/de\/#\/schema\/logo\/image\/","url":"https:\/\/saprenovation.com\/wp-content\/uploads\/2024\/04\/xlogo.png.pagespeed.ic_.pCcv2wiNk5.webp","contentUrl":"https:\/\/saprenovation.com\/wp-content\/uploads\/2024\/04\/xlogo.png.pagespeed.ic_.pCcv2wiNk5.webp","width":112,"height":96,"caption":"SAP Renovation"},"image":{"@id":"https:\/\/saprenovation.com\/de\/#\/schema\/logo\/image\/"},"sameAs":["https:\/\/www.facebook.com\/saprenovation\/"]}]}},"_links":{"self":[{"href":"https:\/\/saprenovation.com\/de\/wp-json\/wp\/v2\/pages\/69926","targetHints":{"allow":["GET"]}}],"collection":[{"href":"https:\/\/saprenovation.com\/de\/wp-json\/wp\/v2\/pages"}],"about":[{"href":"https:\/\/saprenovation.com\/de\/wp-json\/wp\/v2\/types\/page"}],"author":[{"embeddable":true,"href":"https:\/\/saprenovation.com\/de\/wp-json\/wp\/v2\/users\/6"}],"replies":[{"embeddable":true,"href":"https:\/\/saprenovation.com\/de\/wp-json\/wp\/v2\/comments?post=69926"}],"version-history":[{"count":2,"href":"https:\/\/saprenovation.com\/de\/wp-json\/wp\/v2\/pages\/69926\/revisions"}],"predecessor-version":[{"id":69978,"href":"https:\/\/saprenovation.com\/de\/wp-json\/wp\/v2\/pages\/69926\/revisions\/69978"}],"wp:attachment":[{"href":"https:\/\/saprenovation.com\/de\/wp-json\/wp\/v2\/media?parent=69926"}],"curies":[{"name":"wp","href":"https:\/\/api.w.org\/{rel}","templated":true}]}}