{"id":59381,"date":"2024-04-08T13:57:09","date_gmt":"2024-04-08T11:57:09","guid":{"rendered":"https:\/\/saprenovation.com\/transport\/"},"modified":"2024-10-26T13:06:18","modified_gmt":"2024-10-26T11:06:18","slug":"transport","status":"publish","type":"page","link":"https:\/\/saprenovation.com\/de\/transport\/","title":{"rendered":"Transport"},"content":{"rendered":"\n<p>Wir liefern Instrumente zu jedem beliebigen Ort in der Welt. Wir besitzen 5 fachgerecht ausgestattete Wagen, die zum Instrumententransport geeignet sind. Unsere Wagen sind mit Rampen, Haken und Befestigungsgurten ausgestattet. W\u00e4hrend des Transportes wird die Temperatur gehalten, die f\u00fcr das gelieferte Instrument richtig ist, unabh\u00e4ngig von den Witterungsverh\u00e4ltnissen.<\/p>\n\n\n\n<p>Den Kunden au\u00dferhalb von Europa bieten wir einen See- oder Lufttransport an.<\/p>\n\n\n\n<p>Wir arbeiten zusammen mit dem Unternehmen Keyboard Carriage sowie Walter Piano Transport, die sich mit dem Landtransport auf dem Gebiet der USA besch\u00e4ftigen.<br>Die beiden Unternehmen regelt den Lieferservice f\u00fcr Fl\u00fcgel und Klaviere im sogenannten \u201edoor to door\u201d System.<br>Bei Privatadressen in den USA helfen wir bei der Einbeziehung weiterer spezialisierter Transportunternehmen.<\/p>\n\n\n\n<p>Die Instrumente, die \u00fcberholt werden, sind sowohl w\u00e4hrend des Transportes als auch w\u00e4hrend der \u00dcberholung in unserer Fabrik, versichert. Unsere Autofahrer f\u00fchren Versicherungsformulare mit, die Sie bitte vor der \u00dcbergabe eines Instrumentes zur \u00dcberholung ausf\u00fcllen sollen. Bei Kunden au\u00dferhalb der EU regeln wir alle Zollangelegenheiten.<\/p>\n\n\n\n<p>Wichtig: Die Abnahme und Auslieferung der Instrumente erfolgt im Erdgeschoss, wo der Zugang geh\u00e4rtet ist.<br>Wenn der Abhol- oder Lieferort die oben genannten Bedingungen nicht erf\u00fcllt, senden Sie uns bitte Fotos und f\u00fcgen Sie eine entsprechende Beschreibung bei.<br>Schwierigkeiten beim Empfang oder bei der Lieferung k\u00f6nnen darin bestehen, ein \u00f6rtliches Transportunternehmen auf Kosten des Inhabers des Instruments zu beauftragen.<\/p>\n","protected":false},"excerpt":{"rendered":"<p>Wir liefern Instrumente zu jedem beliebigen Ort in der Welt. Wir besitzen 5 fachgerecht ausgestattete Wagen, die zum Instrumententransport geeignet sind. Unsere Wagen sind mit Rampen, Haken und Befestigungsgurten&#8230;<\/p>\n","protected":false},"author":1,"featured_media":0,"parent":0,"menu_order":0,"comment_status":"closed","ping_status":"closed","template":"","meta":{"footnotes":""},"class_list":["post-59381","page","type-page","status-publish","hentry"],"yoast_head":"<!-- This site is optimized with the Yoast SEO plugin v26.1.1 - https:\/\/yoast.com\/wordpress\/plugins\/seo\/ -->\n<title>Transport - SAP Renovation<\/title>\n<meta name=\"robots\" content=\"index, follow, max-snippet:-1, max-image-preview:large, max-video-preview:-1\" \/>\n<link rel=\"canonical\" href=\"https:\/\/saprenovation.com\/de\/transport\/\" \/>\n<meta property=\"og:locale\" content=\"de_DE\" \/>\n<meta property=\"og:type\" content=\"article\" \/>\n<meta property=\"og:title\" content=\"Transport - SAP Renovation\" \/>\n<meta property=\"og:description\" content=\"Wir liefern Instrumente zu jedem beliebigen Ort in der Welt. Wir besitzen 5 fachgerecht ausgestattete Wagen, die zum Instrumententransport geeignet sind. Unsere Wagen sind mit Rampen, Haken und Befestigungsgurten...\" \/>\n<meta property=\"og:url\" content=\"https:\/\/saprenovation.com\/de\/transport\/\" \/>\n<meta property=\"og:site_name\" content=\"SAP Renovation\" \/>\n<meta property=\"article:publisher\" content=\"https:\/\/www.facebook.com\/saprenovation\/\" \/>\n<meta property=\"article:modified_time\" content=\"2024-10-26T11:06:18+00:00\" \/>\n<meta property=\"og:image\" content=\"https:\/\/saprenovation.com\/wp-content\/uploads\/2024\/10\/xlogo.png.pagespeed.ic_.pCcv2wiNk5.webp\" \/>\n\t<meta property=\"og:image:width\" content=\"112\" \/>\n\t<meta property=\"og:image:height\" content=\"96\" \/>\n\t<meta property=\"og:image:type\" content=\"image\/webp\" \/>\n<meta name=\"twitter:card\" content=\"summary_large_image\" \/>\n<meta name=\"twitter:label1\" content=\"Gesch\u00e4tzte Lesezeit\" \/>\n\t<meta name=\"twitter:data1\" content=\"2\u00a0Minuten\" \/>\n<script type=\"application\/ld+json\" class=\"yoast-schema-graph\">{\"@context\":\"https:\/\/schema.org\",\"@graph\":[{\"@type\":\"WebPage\",\"@id\":\"https:\/\/saprenovation.com\/de\/transport\/\",\"url\":\"https:\/\/saprenovation.com\/de\/transport\/\",\"name\":\"Transport - SAP Renovation\",\"isPartOf\":{\"@id\":\"https:\/\/saprenovation.com\/de\/#website\"},\"datePublished\":\"2024-04-08T11:57:09+00:00\",\"dateModified\":\"2024-10-26T11:06:18+00:00\",\"breadcrumb\":{\"@id\":\"https:\/\/saprenovation.com\/de\/transport\/#breadcrumb\"},\"inLanguage\":\"de\",\"potentialAction\":[{\"@type\":\"ReadAction\",\"target\":[\"https:\/\/saprenovation.com\/de\/transport\/\"]}]},{\"@type\":\"BreadcrumbList\",\"@id\":\"https:\/\/saprenovation.com\/de\/transport\/#breadcrumb\",\"itemListElement\":[{\"@type\":\"ListItem\",\"position\":1,\"name\":\"SAP Renovation\",\"item\":\"https:\/\/saprenovation.com\/de\/\"},{\"@type\":\"ListItem\",\"position\":2,\"name\":\"Transport\"}]},{\"@type\":\"WebSite\",\"@id\":\"https:\/\/saprenovation.com\/de\/#website\",\"url\":\"https:\/\/saprenovation.com\/de\/\",\"name\":\"SAP Renovation\",\"description\":\"The finest European piano restoration\",\"publisher\":{\"@id\":\"https:\/\/saprenovation.com\/de\/#organization\"},\"potentialAction\":[{\"@type\":\"SearchAction\",\"target\":{\"@type\":\"EntryPoint\",\"urlTemplate\":\"https:\/\/saprenovation.com\/de\/?s={search_term_string}\"},\"query-input\":{\"@type\":\"PropertyValueSpecification\",\"valueRequired\":true,\"valueName\":\"search_term_string\"}}],\"inLanguage\":\"de\"},{\"@type\":\"Organization\",\"@id\":\"https:\/\/saprenovation.com\/de\/#organization\",\"name\":\"SAP Renovation\",\"url\":\"https:\/\/saprenovation.com\/de\/\",\"logo\":{\"@type\":\"ImageObject\",\"inLanguage\":\"de\",\"@id\":\"https:\/\/saprenovation.com\/de\/#\/schema\/logo\/image\/\",\"url\":\"https:\/\/saprenovation.com\/wp-content\/uploads\/2024\/04\/xlogo.png.pagespeed.ic_.pCcv2wiNk5.webp\",\"contentUrl\":\"https:\/\/saprenovation.com\/wp-content\/uploads\/2024\/04\/xlogo.png.pagespeed.ic_.pCcv2wiNk5.webp\",\"width\":112,\"height\":96,\"caption\":\"SAP Renovation\"},\"image\":{\"@id\":\"https:\/\/saprenovation.com\/de\/#\/schema\/logo\/image\/\"},\"sameAs\":[\"https:\/\/www.facebook.com\/saprenovation\/\"]}]}<\/script>\n<!-- \/ Yoast SEO plugin. -->","yoast_head_json":{"title":"Transport - SAP Renovation","robots":{"index":"index","follow":"follow","max-snippet":"max-snippet:-1","max-image-preview":"max-image-preview:large","max-video-preview":"max-video-preview:-1"},"canonical":"https:\/\/saprenovation.com\/de\/transport\/","og_locale":"de_DE","og_type":"article","og_title":"Transport - SAP Renovation","og_description":"Wir liefern Instrumente zu jedem beliebigen Ort in der Welt. Wir besitzen 5 fachgerecht ausgestattete Wagen, die zum Instrumententransport geeignet sind. Unsere Wagen sind mit Rampen, Haken und Befestigungsgurten...","og_url":"https:\/\/saprenovation.com\/de\/transport\/","og_site_name":"SAP Renovation","article_publisher":"https:\/\/www.facebook.com\/saprenovation\/","article_modified_time":"2024-10-26T11:06:18+00:00","og_image":[{"width":112,"height":96,"url":"https:\/\/saprenovation.com\/wp-content\/uploads\/2024\/10\/xlogo.png.pagespeed.ic_.pCcv2wiNk5.webp","type":"image\/webp"}],"twitter_card":"summary_large_image","twitter_misc":{"Gesch\u00e4tzte Lesezeit":"2\u00a0Minuten"},"schema":{"@context":"https:\/\/schema.org","@graph":[{"@type":"WebPage","@id":"https:\/\/saprenovation.com\/de\/transport\/","url":"https:\/\/saprenovation.com\/de\/transport\/","name":"Transport - SAP Renovation","isPartOf":{"@id":"https:\/\/saprenovation.com\/de\/#website"},"datePublished":"2024-04-08T11:57:09+00:00","dateModified":"2024-10-26T11:06:18+00:00","breadcrumb":{"@id":"https:\/\/saprenovation.com\/de\/transport\/#breadcrumb"},"inLanguage":"de","potentialAction":[{"@type":"ReadAction","target":["https:\/\/saprenovation.com\/de\/transport\/"]}]},{"@type":"BreadcrumbList","@id":"https:\/\/saprenovation.com\/de\/transport\/#breadcrumb","itemListElement":[{"@type":"ListItem","position":1,"name":"SAP Renovation","item":"https:\/\/saprenovation.com\/de\/"},{"@type":"ListItem","position":2,"name":"Transport"}]},{"@type":"WebSite","@id":"https:\/\/saprenovation.com\/de\/#website","url":"https:\/\/saprenovation.com\/de\/","name":"SAP Renovation","description":"The finest European piano restoration","publisher":{"@id":"https:\/\/saprenovation.com\/de\/#organization"},"potentialAction":[{"@type":"SearchAction","target":{"@type":"EntryPoint","urlTemplate":"https:\/\/saprenovation.com\/de\/?s={search_term_string}"},"query-input":{"@type":"PropertyValueSpecification","valueRequired":true,"valueName":"search_term_string"}}],"inLanguage":"de"},{"@type":"Organization","@id":"https:\/\/saprenovation.com\/de\/#organization","name":"SAP Renovation","url":"https:\/\/saprenovation.com\/de\/","logo":{"@type":"ImageObject","inLanguage":"de","@id":"https:\/\/saprenovation.com\/de\/#\/schema\/logo\/image\/","url":"https:\/\/saprenovation.com\/wp-content\/uploads\/2024\/04\/xlogo.png.pagespeed.ic_.pCcv2wiNk5.webp","contentUrl":"https:\/\/saprenovation.com\/wp-content\/uploads\/2024\/04\/xlogo.png.pagespeed.ic_.pCcv2wiNk5.webp","width":112,"height":96,"caption":"SAP Renovation"},"image":{"@id":"https:\/\/saprenovation.com\/de\/#\/schema\/logo\/image\/"},"sameAs":["https:\/\/www.facebook.com\/saprenovation\/"]}]}},"_links":{"self":[{"href":"https:\/\/saprenovation.com\/de\/wp-json\/wp\/v2\/pages\/59381","targetHints":{"allow":["GET"]}}],"collection":[{"href":"https:\/\/saprenovation.com\/de\/wp-json\/wp\/v2\/pages"}],"about":[{"href":"https:\/\/saprenovation.com\/de\/wp-json\/wp\/v2\/types\/page"}],"author":[{"embeddable":true,"href":"https:\/\/saprenovation.com\/de\/wp-json\/wp\/v2\/users\/1"}],"replies":[{"embeddable":true,"href":"https:\/\/saprenovation.com\/de\/wp-json\/wp\/v2\/comments?post=59381"}],"version-history":[{"count":2,"href":"https:\/\/saprenovation.com\/de\/wp-json\/wp\/v2\/pages\/59381\/revisions"}],"predecessor-version":[{"id":59464,"href":"https:\/\/saprenovation.com\/de\/wp-json\/wp\/v2\/pages\/59381\/revisions\/59464"}],"wp:attachment":[{"href":"https:\/\/saprenovation.com\/de\/wp-json\/wp\/v2\/media?parent=59381"}],"curies":[{"name":"wp","href":"https:\/\/api.w.org\/{rel}","templated":true}]}}