{"id":58903,"date":"2024-04-08T13:55:34","date_gmt":"2024-04-08T11:55:34","guid":{"rendered":"https:\/\/saprenovation.com\/historia\/"},"modified":"2024-09-04T18:58:38","modified_gmt":"2024-09-04T16:58:38","slug":"historia","status":"publish","type":"page","link":"https:\/\/saprenovation.com\/de\/historia\/","title":{"rendered":"Geschichte und Auftrag"},"content":{"rendered":"\n<div class=\"wp-block-group is-layout-constrained wp-block-group-is-layout-constrained\">\n<div class=\"wp-block-columns is-layout-flex wp-container-core-columns-is-layout-28f84493 wp-block-columns-is-layout-flex\">\n<div class=\"wp-block-column is-layout-flow wp-block-column-is-layout-flow\" style=\"flex-basis:65%\">\n<div class=\"wp-block-group box_relative is-layout-constrained wp-block-group-is-layout-constrained has-background\" style=\"min-height:500px;background-image:url(&#039;https:\/\/saprenovation.com\/wp-content\/uploads\/2024\/06\/hist3.jpg&#039;);background-size:cover;\">\n<div style=\"background: #fff;width: 200px;position: absolute;right: -2px;top: -1px;clip-path: polygon(95% 0, 100% 0%, 100% 100%, 0% 100%);bottom: -1px;\"><\/div>\n<\/div>\n<\/div>\n\n\n\n<div class=\"wp-block-column is-vertically-aligned-center is-style-default is-layout-flow wp-block-column-is-layout-flow\">\n<h3 class=\"wp-block-heading\" style=\"text-transform: uppercase;\">1878\n<\/h3>\n\n\n\n<p >Kalisz ist eine polnische Stadt, in der die Klaviertradition bis ins 19. Jahrhundert reicht. 1878 gr\u00fcndete Arnold Fibiger die erste polnische Fl\u00fcgelmanufaktur. Heute ist Kalisz das Herz der polnischen Dienstleistung der Fl\u00fcgel- und Klavier Renovierung.<\/p>\n<\/div>\n<\/div>\n<\/div>\n\n\n\n<div class=\"wp-block-group is-layout-constrained wp-block-group-is-layout-constrained\">\n<div class=\"wp-block-columns is-layout-flex wp-container-core-columns-is-layout-28f84493 wp-block-columns-is-layout-flex\">\n<div class=\"wp-block-column is-vertically-aligned-center is-layout-flow wp-block-column-is-layout-flow\" style=\"padding-left:var(--wp--preset--spacing--80)\">\n<h3 class=\"wp-block-heading\" style=\"text-transform: uppercase;\">1989<\/h3>\n\n\n\n<p>Unsere Mission ist es, alte und besch\u00e4digte Fl\u00fcgel und Klaviere in echte Kunstwerke umzuwandeln. Seit \u00fcber 30 Jahren sind wir in der \u00dcberholungsbranche t\u00e4tig, um es genau zu sagen, seit 1990.\n\nIn unserer Firma wurden 13 160 Instrumente aus der ganzen Welt renoviert, dadurch wurden wir zu einem unumstrittenen Branchenf\u00fchrer. Wir arbeiten mit den Kunden aus folgenden L\u00e4ndern zusammen: \u00d6sterreich, Australien, Belgien, D\u00e4nemark, Finnland, Frankreich, Spanien, Holland, Irland, Kanada, Katar, Litauen, Luxemburg, Deutschland, Norwegen, Neuseeland, Polen, Russland, Slowenien, Schweiz, Schweden, S\u00fcdafrika, Taiwan, USA, Gro\u00dfbritannien und Italien.<\/p>\n<\/div>\n\n\n\n<div class=\"wp-block-column is-layout-flow wp-block-column-is-layout-flow\" style=\"flex-basis:65%\">\n<div class=\"wp-block-group box_relative is-layout-constrained wp-block-group-is-layout-constrained has-background\" style=\"min-height:500px;background-image:url(&#039;https:\/\/saprenovation.com\/wp-content\/uploads\/2024\/06\/hist1.jpg&#039;);background-size:cover;\">\n<div style=\"background: #fff;width: 200px;position: absolute;left: -2px;top: -1px;clip-path: polygon(0 0, 95% 0, 0% 100%, 0 100%);bottom: -1px;\"><\/div>\n<\/div>\n<\/div>\n<\/div>\n<\/div>\n\n\n\n<div class=\"wp-block-group is-layout-constrained wp-block-group-is-layout-constrained\">\n<div class=\"wp-block-columns is-layout-flex wp-container-core-columns-is-layout-28f84493 wp-block-columns-is-layout-flex\">\n<div class=\"wp-block-column is-layout-flow wp-block-column-is-layout-flow\" style=\"flex-basis:65%\">\n<div class=\"wp-block-group box_relative is-layout-constrained wp-block-group-is-layout-constrained has-background\" style=\"min-height:500px;background-image:url(&#039;https:\/\/saprenovation.com\/wp-content\/uploads\/2024\/04\/banner_w1-1.jpg&#039;);background-size:cover;\">\n<div style=\"background: #fff;width: 200px;position: absolute;right: -2px;top: -1px;clip-path: polygon(95% 0, 100% 0%, 100% 100%, 0% 100%);bottom: -1px;\"><\/div>\n<\/div>\n<\/div>\n\n\n\n<div class=\"wp-block-column is-vertically-aligned-center is-style-default is-layout-flow wp-block-column-is-layout-flow\">\n<h3 class=\"wp-block-heading\" style=\"text-transform: uppercase;\">2024<\/h3>\n\n\n\n<p >Wir sind aus Polen &#8211; unsere Firma hat ihren Sitz in Kalisz, diese Stadt ist seit beinahe 150 Jahren das gr\u00f6\u00dfte Zentrum der Musikindustrie in Polen. Die Tradition verpflichtet, aus diesem Grund erh\u00f6hen wir st\u00e4ndig unsere Qualifikationen.\n\nWir sind ein Team von 84 Personen, das f\u00fcr Ihren Erfolg zusammenarbeitet. \u201e Wir sind f\u00fcr Sie, und Dank Ihnen, da\u201c. Wir sprechen in folgenden Sprachen: Polnisch, Englisch, Deutsch, Franz\u00f6sisch, Italienisch und Russisch. F\u00fcrchten Sie sich nicht und fragen Sie uns &#8211; wir warten auf Sie!<\/p>\n<\/div>\n<\/div>\n<\/div>\n\n\n\n<h2 class=\"wp-block-heading has-text-align-center\">Unsere Aufgabe<\/h2>\n\n\n\n<p class=\"has-text-align-center\">35 Jahre Erfahrung<br>13 160 renovierte Instrumente<br>77 erfahrene Techniker<\/p>\n\n\n\n<div class=\"wp-block-group is-layout-constrained wp-block-group-is-layout-constrained\">\n<div class=\"wp-block-columns is-layout-flex wp-container-core-columns-is-layout-28f84493 wp-block-columns-is-layout-flex\">\n<div class=\"wp-block-column is-vertically-aligned-center is-layout-flow wp-block-column-is-layout-flow\" style=\"padding-left:var(--wp--preset--spacing--80)\">\n<h3 class=\"wp-block-heading\" style=\"text-transform: uppercase;\">Unsere Aufgabe<\/h3>\n\n\n\n<p>Unsere Mission ist es, alte und besch\u00e4digte Fl\u00fcgel und Klaviere in echte Kunstwerke umzuwandeln.\nWir sind seit 1990 auf dem internationalen Markt t\u00e4tig.\n\nIn unserer Firma wurden 13.000 Instrumente aus der ganzen Welt renoviert, dadurch wurden wir zu einem unumstrittenen Branchenf\u00fchrer\n\nUnser Ziel ist es, Fl\u00fcgel und Klaviere in jeder Hinsicht perfekt wiederherzustellen, so dass er wie neu ist, aber mit der Erhaltung der historischen Seele.\nDadurch wird es zum einzigartigen seiner Art.\n\nWir arbeiten mit den Kunden aus folgenden L\u00e4ndern zusammen: \u00d6sterreich, Australien, Belgien, D\u00e4nemark, Finnland, Frankreich, Spanien, Holland, Irland, Kanada, Katar, Litauen, Luxemburg, Deutschland, Norwegen, Neuseeland, Polen, Russland, Slowenien, Schweiz, Schweden, S\u00fcdafrika, Taiwan, USA, Gro\u00dfbritannien, Italien, China, Tschechien, Philippinen, Griechenland, Japan, Lettland und Portugal.<\/p>\n<\/div>\n\n\n\n<div class=\"wp-block-column is-layout-flow wp-block-column-is-layout-flow\" style=\"flex-basis:65%\">\n<div class=\"wp-block-group box_relative is-layout-constrained wp-block-group-is-layout-constrained has-background\" style=\"min-height:500px;background-image:url(&#039;https:\/\/saprenovation.com\/wp-content\/uploads\/2024\/04\/o2.jpg&#039;);background-size:cover;\">\n<div style=\"background: #fff;width: 200px;position: absolute;left: -2px;top: -1px;clip-path: polygon(0 0, 95% 0, 0% 100%, 0 100%);bottom: -1px;\"><\/div>\n<\/div>\n<\/div>\n<\/div>\n<\/div>\n","protected":false},"excerpt":{"rendered":"<p>1878 Kalisz ist eine polnische Stadt, in der die Klaviertradition bis ins 19. Jahrhundert reicht. 1878 gr\u00fcndete Arnold Fibiger die erste polnische Fl\u00fcgelmanufaktur. Heute ist Kalisz das Herz der&#8230;<\/p>\n","protected":false},"author":1,"featured_media":0,"parent":0,"menu_order":0,"comment_status":"closed","ping_status":"closed","template":"page-full-width","meta":{"footnotes":""},"class_list":["post-58903","page","type-page","status-publish","hentry"],"yoast_head":"<!-- This site is optimized with the Yoast SEO plugin v26.1.1 - https:\/\/yoast.com\/wordpress\/plugins\/seo\/ -->\n<title>Geschichte und Auftrag - SAP Renovation<\/title>\n<meta name=\"robots\" content=\"index, follow, max-snippet:-1, max-image-preview:large, max-video-preview:-1\" \/>\n<link rel=\"canonical\" href=\"https:\/\/saprenovation.com\/de\/historia\/\" \/>\n<meta property=\"og:locale\" content=\"de_DE\" \/>\n<meta property=\"og:type\" content=\"article\" \/>\n<meta property=\"og:title\" content=\"Geschichte und Auftrag - SAP Renovation\" \/>\n<meta property=\"og:description\" content=\"1878 Kalisz ist eine polnische Stadt, in der die Klaviertradition bis ins 19. Jahrhundert reicht. 1878 gr\u00fcndete Arnold Fibiger die erste polnische Fl\u00fcgelmanufaktur. Heute ist Kalisz das Herz der...\" \/>\n<meta property=\"og:url\" content=\"https:\/\/saprenovation.com\/de\/historia\/\" \/>\n<meta property=\"og:site_name\" content=\"SAP Renovation\" \/>\n<meta property=\"article:publisher\" content=\"https:\/\/www.facebook.com\/saprenovation\/\" \/>\n<meta property=\"article:modified_time\" content=\"2024-09-04T16:58:38+00:00\" \/>\n<meta property=\"og:image\" content=\"https:\/\/saprenovation.com\/wp-content\/uploads\/2024\/10\/xlogo.png.pagespeed.ic_.pCcv2wiNk5.webp\" \/>\n\t<meta property=\"og:image:width\" content=\"112\" \/>\n\t<meta property=\"og:image:height\" content=\"96\" \/>\n\t<meta property=\"og:image:type\" content=\"image\/webp\" \/>\n<meta name=\"twitter:card\" content=\"summary_large_image\" \/>\n<meta name=\"twitter:label1\" content=\"Gesch\u00e4tzte Lesezeit\" \/>\n\t<meta name=\"twitter:data1\" content=\"2\u00a0Minuten\" \/>\n<script type=\"application\/ld+json\" class=\"yoast-schema-graph\">{\"@context\":\"https:\/\/schema.org\",\"@graph\":[{\"@type\":\"WebPage\",\"@id\":\"https:\/\/saprenovation.com\/de\/historia\/\",\"url\":\"https:\/\/saprenovation.com\/de\/historia\/\",\"name\":\"Geschichte und Auftrag - SAP Renovation\",\"isPartOf\":{\"@id\":\"https:\/\/saprenovation.com\/de\/#website\"},\"datePublished\":\"2024-04-08T11:55:34+00:00\",\"dateModified\":\"2024-09-04T16:58:38+00:00\",\"breadcrumb\":{\"@id\":\"https:\/\/saprenovation.com\/de\/historia\/#breadcrumb\"},\"inLanguage\":\"de\",\"potentialAction\":[{\"@type\":\"ReadAction\",\"target\":[\"https:\/\/saprenovation.com\/de\/historia\/\"]}]},{\"@type\":\"BreadcrumbList\",\"@id\":\"https:\/\/saprenovation.com\/de\/historia\/#breadcrumb\",\"itemListElement\":[{\"@type\":\"ListItem\",\"position\":1,\"name\":\"SAP Renovation\",\"item\":\"https:\/\/saprenovation.com\/de\/\"},{\"@type\":\"ListItem\",\"position\":2,\"name\":\"Geschichte und Auftrag\"}]},{\"@type\":\"WebSite\",\"@id\":\"https:\/\/saprenovation.com\/de\/#website\",\"url\":\"https:\/\/saprenovation.com\/de\/\",\"name\":\"SAP Renovation\",\"description\":\"The finest European piano restoration\",\"publisher\":{\"@id\":\"https:\/\/saprenovation.com\/de\/#organization\"},\"potentialAction\":[{\"@type\":\"SearchAction\",\"target\":{\"@type\":\"EntryPoint\",\"urlTemplate\":\"https:\/\/saprenovation.com\/de\/?s={search_term_string}\"},\"query-input\":{\"@type\":\"PropertyValueSpecification\",\"valueRequired\":true,\"valueName\":\"search_term_string\"}}],\"inLanguage\":\"de\"},{\"@type\":\"Organization\",\"@id\":\"https:\/\/saprenovation.com\/de\/#organization\",\"name\":\"SAP Renovation\",\"url\":\"https:\/\/saprenovation.com\/de\/\",\"logo\":{\"@type\":\"ImageObject\",\"inLanguage\":\"de\",\"@id\":\"https:\/\/saprenovation.com\/de\/#\/schema\/logo\/image\/\",\"url\":\"https:\/\/saprenovation.com\/wp-content\/uploads\/2024\/04\/xlogo.png.pagespeed.ic_.pCcv2wiNk5.webp\",\"contentUrl\":\"https:\/\/saprenovation.com\/wp-content\/uploads\/2024\/04\/xlogo.png.pagespeed.ic_.pCcv2wiNk5.webp\",\"width\":112,\"height\":96,\"caption\":\"SAP Renovation\"},\"image\":{\"@id\":\"https:\/\/saprenovation.com\/de\/#\/schema\/logo\/image\/\"},\"sameAs\":[\"https:\/\/www.facebook.com\/saprenovation\/\"]}]}<\/script>\n<!-- \/ Yoast SEO plugin. -->","yoast_head_json":{"title":"Geschichte und Auftrag - SAP Renovation","robots":{"index":"index","follow":"follow","max-snippet":"max-snippet:-1","max-image-preview":"max-image-preview:large","max-video-preview":"max-video-preview:-1"},"canonical":"https:\/\/saprenovation.com\/de\/historia\/","og_locale":"de_DE","og_type":"article","og_title":"Geschichte und Auftrag - SAP Renovation","og_description":"1878 Kalisz ist eine polnische Stadt, in der die Klaviertradition bis ins 19. Jahrhundert reicht. 1878 gr\u00fcndete Arnold Fibiger die erste polnische Fl\u00fcgelmanufaktur. Heute ist Kalisz das Herz der...","og_url":"https:\/\/saprenovation.com\/de\/historia\/","og_site_name":"SAP Renovation","article_publisher":"https:\/\/www.facebook.com\/saprenovation\/","article_modified_time":"2024-09-04T16:58:38+00:00","og_image":[{"width":112,"height":96,"url":"https:\/\/saprenovation.com\/wp-content\/uploads\/2024\/10\/xlogo.png.pagespeed.ic_.pCcv2wiNk5.webp","type":"image\/webp"}],"twitter_card":"summary_large_image","twitter_misc":{"Gesch\u00e4tzte Lesezeit":"2\u00a0Minuten"},"schema":{"@context":"https:\/\/schema.org","@graph":[{"@type":"WebPage","@id":"https:\/\/saprenovation.com\/de\/historia\/","url":"https:\/\/saprenovation.com\/de\/historia\/","name":"Geschichte und Auftrag - SAP Renovation","isPartOf":{"@id":"https:\/\/saprenovation.com\/de\/#website"},"datePublished":"2024-04-08T11:55:34+00:00","dateModified":"2024-09-04T16:58:38+00:00","breadcrumb":{"@id":"https:\/\/saprenovation.com\/de\/historia\/#breadcrumb"},"inLanguage":"de","potentialAction":[{"@type":"ReadAction","target":["https:\/\/saprenovation.com\/de\/historia\/"]}]},{"@type":"BreadcrumbList","@id":"https:\/\/saprenovation.com\/de\/historia\/#breadcrumb","itemListElement":[{"@type":"ListItem","position":1,"name":"SAP Renovation","item":"https:\/\/saprenovation.com\/de\/"},{"@type":"ListItem","position":2,"name":"Geschichte und Auftrag"}]},{"@type":"WebSite","@id":"https:\/\/saprenovation.com\/de\/#website","url":"https:\/\/saprenovation.com\/de\/","name":"SAP Renovation","description":"The finest European piano restoration","publisher":{"@id":"https:\/\/saprenovation.com\/de\/#organization"},"potentialAction":[{"@type":"SearchAction","target":{"@type":"EntryPoint","urlTemplate":"https:\/\/saprenovation.com\/de\/?s={search_term_string}"},"query-input":{"@type":"PropertyValueSpecification","valueRequired":true,"valueName":"search_term_string"}}],"inLanguage":"de"},{"@type":"Organization","@id":"https:\/\/saprenovation.com\/de\/#organization","name":"SAP Renovation","url":"https:\/\/saprenovation.com\/de\/","logo":{"@type":"ImageObject","inLanguage":"de","@id":"https:\/\/saprenovation.com\/de\/#\/schema\/logo\/image\/","url":"https:\/\/saprenovation.com\/wp-content\/uploads\/2024\/04\/xlogo.png.pagespeed.ic_.pCcv2wiNk5.webp","contentUrl":"https:\/\/saprenovation.com\/wp-content\/uploads\/2024\/04\/xlogo.png.pagespeed.ic_.pCcv2wiNk5.webp","width":112,"height":96,"caption":"SAP Renovation"},"image":{"@id":"https:\/\/saprenovation.com\/de\/#\/schema\/logo\/image\/"},"sameAs":["https:\/\/www.facebook.com\/saprenovation\/"]}]}},"_links":{"self":[{"href":"https:\/\/saprenovation.com\/de\/wp-json\/wp\/v2\/pages\/58903","targetHints":{"allow":["GET"]}}],"collection":[{"href":"https:\/\/saprenovation.com\/de\/wp-json\/wp\/v2\/pages"}],"about":[{"href":"https:\/\/saprenovation.com\/de\/wp-json\/wp\/v2\/types\/page"}],"author":[{"embeddable":true,"href":"https:\/\/saprenovation.com\/de\/wp-json\/wp\/v2\/users\/1"}],"replies":[{"embeddable":true,"href":"https:\/\/saprenovation.com\/de\/wp-json\/wp\/v2\/comments?post=58903"}],"version-history":[{"count":2,"href":"https:\/\/saprenovation.com\/de\/wp-json\/wp\/v2\/pages\/58903\/revisions"}],"predecessor-version":[{"id":58917,"href":"https:\/\/saprenovation.com\/de\/wp-json\/wp\/v2\/pages\/58903\/revisions\/58917"}],"wp:attachment":[{"href":"https:\/\/saprenovation.com\/de\/wp-json\/wp\/v2\/media?parent=58903"}],"curies":[{"name":"wp","href":"https:\/\/api.w.org\/{rel}","templated":true}]}}