{"id":58880,"date":"2024-04-08T13:57:37","date_gmt":"2024-04-08T11:57:37","guid":{"rendered":"https:\/\/saprenovation.com\/gwarancja\/"},"modified":"2024-09-04T18:36:03","modified_gmt":"2024-09-04T16:36:03","slug":"gwarancja","status":"publish","type":"page","link":"https:\/\/saprenovation.com\/de\/gwarancja\/","title":{"rendered":"Gew\u00e4hrleistungszertifikat"},"content":{"rendered":"\n<div class=\"wp-block-group is-layout-constrained wp-container-core-group-is-layout-4383d167 wp-block-group-is-layout-constrained\">\n<h4 class=\"wp-block-heading\">1. Einf\u00fchrung<\/h4>\n\n\n\n<p>Mit der Wahl von SAP entscheiden Sie sich f\u00fcr eine Weltklasse-Handwerkskunst und Materialien, die zu beeindruckender Sch\u00f6nheit und bestm\u00f6glicher Leistung f\u00fchren<\/p>\n\n\n\n<h4 class=\"wp-block-heading\">2. Bedingungen unserer Garantie<\/h4>\n\n\n\n<p>SAP Renovation gew\u00e4hrt eine dreij\u00e4hrige Garantie auf die Arbeiten und Materialien, die zur Restaurierung oder zum Umbau Ihres Instruments verwendet werden. Eine kostenpflichtige Verl\u00e4ngerung der Garantie um weitere 2 Jahre ist m\u00f6glich, wenden Sie sich hierzu bitte an den Vertrieb. Diese geben wir auf unsere Arbeit und die Materialien, die w\u00e4hrend des Renovierungsprozesses oder des Umbaus Ihres Instrumentes eingesetzt worden sind. W\u00e4hrend dieser Zeit beseitigt SAP Renovation alle St\u00f6rungen, die sich aus dem normalen Gebrauch des Instrumentes ergeben, indem die erforderlichen Teile repariert oder ausgetauscht werden. Alle Gew\u00e4hrleistungsarbeiten werden, sofern nicht anders vereinbart, in den R\u00e4umlichkeiten von SAP Renovation durchgef\u00fchrt. In begr\u00fcndeten F\u00e4llen kann SAP Renovation f\u00fcr die Behebung der Fehler direkt beim Kunden einen Techniker aus der N\u00e4he des Kundes organisieren.<\/p>\n\n\n\n<h4 class=\"wp-block-heading\">3. Einschr\u00e4nkungen unserer Garantie<\/h4>\n\n\n\n<p>Die von SAP Renovation gew\u00e4hrte Garantie deckt keine Sch\u00e4den oder Fehlfunktionen ab:<br>A) die aus einer unsachgem\u00e4\u00dfen Verwendung, Fahrl\u00e4ssigkeit, unsachgem\u00e4\u00dfen Behandlung des Instrumentes oder unsachgem\u00e4\u00dfer Platzierung des Instruments resultieren<br>B) unprofessionellen Transport<br>C) jegliche Versuche zur Beseitigung bestehender Sch\u00e4den durch den Eigent\u00fcmer oder Serviceversuche von Dritten Personen ohne Kenntnis von SAP Renovation<br>D) das Aufstellen des Instrumentes an extremen Temperatur- und Luftbedingungen, sowie Sonne und Wassersch\u00e4den<br>E) Alle Versuche, die Handlung w\u00e4hrend der Nutzung des Klaviers durch seine Benutzer einzustellen, zu regulieren oder anzupassen.<\/p>\n\n\n\n<p>SAP Renovation ist nicht verantwortlich f\u00fcr Unregelm\u00e4\u00dfigkeiten in der Funktionsweise des Instruments, deren Beseitigung m\u00f6glich ist durch: Regulation, Stimmung, Intonation.<\/p>\n\n\n\n<p>Dar\u00fcber hinaus sollten alle Servicearbeiten sowie die Stimmarbeit immer von Profis durchgef\u00fchrt werden.<\/p>\n\n\n\n<p>Die sich aus der Benutzung des Instruments resultierenden Serviceleistungen der Stimmung, Regulation der Mechanik, der Klaviatur und der Pedalanlage fallen nicht unter die Garantie.<\/p>\n\n\n\n<p>Das Renovierte Instrument sollte Unmittelbar nach der Lieferung gr\u00fcndlich \u00fcberpr\u00fcft werden. Um die Gew\u00e4hrleistungsrechte zu erhalten, sollten eventuelle M\u00e4ngel oder Ihre Einw\u00e4nde zu unserer Arbeit am Instrument innerhalb von 7 Tagen nach der Lieferung schriftlich an SAP Renovation gemeldet werden.<\/p>\n\n\n\n<h4 class=\"wp-block-heading\">4. Richtige Verwendung und Wartung<\/h4>\n\n\n\n<p>Es gibt mehrere Vorschl\u00e4ge, die befolgt werden sollten, damit Sie Ihr Instrument sicher und lange genie\u00dfen k\u00f6nnen. In erster Linie sollte das Instrument keinesfalls extremen Temperatur- und Feuchtigkeitsbedingungen ausgesetzt werden. Es ist nicht akzeptabel, da\u00df Sie Ihr Instrument in der N\u00e4he einer Heizquelle aufstellen, daher ist es sehr ratsam, einen Platz zu w\u00e4hlen, an dem weder Zentralheizung noch Fenster einen direkten Kontakt mit dem Instrument haben. Die richtige und durchdachte Positionierung Ihres Instrumentes beinhaltet, dass es weit von Au\u00dfenw\u00e4nden entfernt ist und n\u00e4her an Innenw\u00e4nden liegt, die in einem sehr kalten Winter oder einem sehr hei\u00dfen Sommer weniger anf\u00e4llig f\u00fcr Temperatur\u00e4nderungen sind. Wir empfehlen daher eine konstante Luftfeuchtigkeit von 40 &#8211; 65% und 20 \u00b0 C beizubehalten. Wenn es nicht m\u00f6glich ist, eine konstante Luftfeuchtigkeit beizubehalten, raten wir Ihnen, Ihren Raum mit einem der vielen auf dem Markt erh\u00e4ltlichen Feuchtigkeitskontrollger\u00e4ten auszustatten.<\/p>\n\n\n\n<p>Eine weitere wichtige Regel, um Ihr Instrument sicher zu halten, ist die Vermeidung von Sonnenlicht. Langanhaltende Sonneneinstrahlung f\u00fchrt zu Furnierfehlern und Verf\u00e4rbungen des Holzes sowie des Lackes.<br>Reinigen Sie Ihr Instrument normal vom Staub ohne Verwendung von Chemikalien. Chemikalien k\u00f6nnen das Geh\u00e4use irreparabel sch\u00e4digen.<\/p>\n\n\n\n<h4 class=\"wp-block-heading\">5. Service<\/h4>\n\n\n\n<p>Unabh\u00e4ngig davon, wie oft das Instrument verwendet wird, empfehlen wir das Instrument zweimal im Jahr zu regulieren und zu stimmen, so werden Sie eine stabile Stimmhaltung erhalten bei 442 Hz.<\/p>\n\n\n\n<h4 class=\"wp-block-heading\">6. Bemerkungen<\/h4>\n\n\n\n<p>Elemente des Instruments wie Scharniere, Rollen oder Pedale, unterliegen einer Herstellergarantie.<br>Reklamationen \u00fcber die M\u00e4ngel und Qualit\u00e4t der oben genannten Elemente werden an ihre Lieferanten weitergeleitet.<br>Beschwerden bez\u00fcglich der Korrektheit der Montage werden von SAP Renovation ber\u00fccksichtigt<\/p>\n\n\n\n<p>Bei Vorhandensein von Borkenk\u00e4fern im Instrument wenden wir ein seit vielen Jahren bew\u00e4hrtes Verfahren zu deren Beseitigung an.<br>Es besteht jedoch die Gefahr eines erneuten Auftretens von Sch\u00e4dlingen, f\u00fcr die SAP Renovation nicht verantwortlich ist<br>Die Garantie deckt nicht das Eintreten solcher Ereignisse ab.<\/p>\n\n\n\n<p>Bei der \u00dcberholung des Resonanzbodens werden Risse beseitigt durch das Einbringen von Keilleisten tief in den Resonanzboden \u00fcber die gesamte Dicke des Resonanzbodens. Mit der Zeit k\u00f6nnen diese Keilleisten sichtbarer und deutlicher werden, dies beeintr\u00e4chtigt jedoch nicht den Klang und die Funktion des Instruments<br>Um diesen \u201ekosmetischen Effekt\u201c zu beseitigen, sollte der Resonanzboden durch einen neuen ersetzt werden, statt den alten zu renovieren.<\/p>\n\n\n\n<p>Bei der Renovierung von Agraffen m\u00fcssen diese abgeschraubt, poliert und wieder in den Gusseisenrahmen eingebaut werden. SAP Renovation \u00fcbernimmt keine Verantwortung f\u00fcr k\u00fcnftige M\u00e4ngel wie Risse oder Agraffendefekte. Dies kommt nicht oft vor, wir sind jedoch verpflichtet, unsere Kunden dar\u00fcber zu informieren. F\u00fcr diese Artikel gilt die Garantie nur, wenn sie durch neue Agraffen ersetzt werden.<br>HINWEIS: Einige alte Instrumente verf\u00fcgen \u00fcber ein Agraffenmodell, das heutzutage nicht mehr hergestellt wird und es gibt keine andere M\u00f6glichkeit, als die alten Agraffen zu erhalten und renovieren.<\/p>\n\n\n\n<p>Im Rahmen von Garantiearbeiten arrangiert SAP Renovation den Transport des Instruments sowie den R\u00fccktransport zum Kunden auf unsere Kosten.<\/p>\n\n\n\n<p>WICHTIG: Die Abholung und Lieferung des Instruments erfolgt nur im Erdgeschoss mit einer asphaltierten Zufahrt.<\/p>\n\n\n\n<p>Im Falle von: Heben oder Tragen des Instruments die Treppe hinauf und Transportieren auf einem matschigen, schwierigen Untergrund ist der Kunde verpflichtet, diese Aktivit\u00e4ten auf eigene Kosten zu organisieren.<\/p>\n\n\n\n<p>Mit dem Auftrag zur Renovierung des Instruments akzeptieren Sie unsere Arbeits- und Materialstandards.<br>Denken Sie daran, dass wir jede Bestellung immer einzeln bearbeiten. Wenn Sie spezielle W\u00fcnsche haben und m\u00f6chten, dass eine bestimmte Aufgabe gem\u00e4\u00df Ihren Richtlinien ausgef\u00fchrt wird, teilen Sie uns dies bitte mit, bevor wir mit der Renovierung Ihres Instruments beginnen.<\/p>\n<\/div>\n","protected":false},"excerpt":{"rendered":"<p>1. Einf\u00fchrung Mit der Wahl von SAP entscheiden Sie sich f\u00fcr eine Weltklasse-Handwerkskunst und Materialien, die zu beeindruckender Sch\u00f6nheit und bestm\u00f6glicher Leistung f\u00fchren 2. Bedingungen unserer Garantie SAP Renovation&#8230;<\/p>\n","protected":false},"author":1,"featured_media":0,"parent":0,"menu_order":0,"comment_status":"closed","ping_status":"closed","template":"","meta":{"footnotes":""},"class_list":["post-58880","page","type-page","status-publish","hentry"],"yoast_head":"<!-- This site is optimized with the Yoast SEO plugin v26.1.1 - https:\/\/yoast.com\/wordpress\/plugins\/seo\/ -->\n<title>Gew\u00e4hrleistungszertifikat - SAP Renovation<\/title>\n<meta name=\"robots\" content=\"index, follow, max-snippet:-1, max-image-preview:large, max-video-preview:-1\" \/>\n<link rel=\"canonical\" href=\"https:\/\/saprenovation.com\/de\/gwarancja\/\" \/>\n<meta property=\"og:locale\" content=\"de_DE\" \/>\n<meta property=\"og:type\" content=\"article\" \/>\n<meta property=\"og:title\" content=\"Gew\u00e4hrleistungszertifikat - SAP Renovation\" \/>\n<meta property=\"og:description\" content=\"1. Einf\u00fchrung Mit der Wahl von SAP entscheiden Sie sich f\u00fcr eine Weltklasse-Handwerkskunst und Materialien, die zu beeindruckender Sch\u00f6nheit und bestm\u00f6glicher Leistung f\u00fchren 2. Bedingungen unserer Garantie SAP Renovation...\" \/>\n<meta property=\"og:url\" content=\"https:\/\/saprenovation.com\/de\/gwarancja\/\" \/>\n<meta property=\"og:site_name\" content=\"SAP Renovation\" \/>\n<meta property=\"article:publisher\" content=\"https:\/\/www.facebook.com\/saprenovation\/\" \/>\n<meta property=\"article:modified_time\" content=\"2024-09-04T16:36:03+00:00\" \/>\n<meta property=\"og:image\" content=\"https:\/\/saprenovation.com\/wp-content\/uploads\/2024\/10\/xlogo.png.pagespeed.ic_.pCcv2wiNk5.webp\" \/>\n\t<meta property=\"og:image:width\" content=\"112\" \/>\n\t<meta property=\"og:image:height\" content=\"96\" \/>\n\t<meta property=\"og:image:type\" content=\"image\/webp\" \/>\n<meta name=\"twitter:card\" content=\"summary_large_image\" \/>\n<meta name=\"twitter:label1\" content=\"Gesch\u00e4tzte Lesezeit\" \/>\n\t<meta name=\"twitter:data1\" content=\"5\u00a0Minuten\" \/>\n<script type=\"application\/ld+json\" class=\"yoast-schema-graph\">{\"@context\":\"https:\/\/schema.org\",\"@graph\":[{\"@type\":\"WebPage\",\"@id\":\"https:\/\/saprenovation.com\/de\/gwarancja\/\",\"url\":\"https:\/\/saprenovation.com\/de\/gwarancja\/\",\"name\":\"Gew\u00e4hrleistungszertifikat - SAP Renovation\",\"isPartOf\":{\"@id\":\"https:\/\/saprenovation.com\/de\/#website\"},\"datePublished\":\"2024-04-08T11:57:37+00:00\",\"dateModified\":\"2024-09-04T16:36:03+00:00\",\"breadcrumb\":{\"@id\":\"https:\/\/saprenovation.com\/de\/gwarancja\/#breadcrumb\"},\"inLanguage\":\"de\",\"potentialAction\":[{\"@type\":\"ReadAction\",\"target\":[\"https:\/\/saprenovation.com\/de\/gwarancja\/\"]}]},{\"@type\":\"BreadcrumbList\",\"@id\":\"https:\/\/saprenovation.com\/de\/gwarancja\/#breadcrumb\",\"itemListElement\":[{\"@type\":\"ListItem\",\"position\":1,\"name\":\"SAP Renovation\",\"item\":\"https:\/\/saprenovation.com\/de\/\"},{\"@type\":\"ListItem\",\"position\":2,\"name\":\"Gew\u00e4hrleistungszertifikat\"}]},{\"@type\":\"WebSite\",\"@id\":\"https:\/\/saprenovation.com\/de\/#website\",\"url\":\"https:\/\/saprenovation.com\/de\/\",\"name\":\"SAP Renovation\",\"description\":\"The finest European piano restoration\",\"publisher\":{\"@id\":\"https:\/\/saprenovation.com\/de\/#organization\"},\"potentialAction\":[{\"@type\":\"SearchAction\",\"target\":{\"@type\":\"EntryPoint\",\"urlTemplate\":\"https:\/\/saprenovation.com\/de\/?s={search_term_string}\"},\"query-input\":{\"@type\":\"PropertyValueSpecification\",\"valueRequired\":true,\"valueName\":\"search_term_string\"}}],\"inLanguage\":\"de\"},{\"@type\":\"Organization\",\"@id\":\"https:\/\/saprenovation.com\/de\/#organization\",\"name\":\"SAP Renovation\",\"url\":\"https:\/\/saprenovation.com\/de\/\",\"logo\":{\"@type\":\"ImageObject\",\"inLanguage\":\"de\",\"@id\":\"https:\/\/saprenovation.com\/de\/#\/schema\/logo\/image\/\",\"url\":\"https:\/\/saprenovation.com\/wp-content\/uploads\/2024\/04\/xlogo.png.pagespeed.ic_.pCcv2wiNk5.webp\",\"contentUrl\":\"https:\/\/saprenovation.com\/wp-content\/uploads\/2024\/04\/xlogo.png.pagespeed.ic_.pCcv2wiNk5.webp\",\"width\":112,\"height\":96,\"caption\":\"SAP Renovation\"},\"image\":{\"@id\":\"https:\/\/saprenovation.com\/de\/#\/schema\/logo\/image\/\"},\"sameAs\":[\"https:\/\/www.facebook.com\/saprenovation\/\"]}]}<\/script>\n<!-- \/ Yoast SEO plugin. -->","yoast_head_json":{"title":"Gew\u00e4hrleistungszertifikat - SAP Renovation","robots":{"index":"index","follow":"follow","max-snippet":"max-snippet:-1","max-image-preview":"max-image-preview:large","max-video-preview":"max-video-preview:-1"},"canonical":"https:\/\/saprenovation.com\/de\/gwarancja\/","og_locale":"de_DE","og_type":"article","og_title":"Gew\u00e4hrleistungszertifikat - SAP Renovation","og_description":"1. Einf\u00fchrung Mit der Wahl von SAP entscheiden Sie sich f\u00fcr eine Weltklasse-Handwerkskunst und Materialien, die zu beeindruckender Sch\u00f6nheit und bestm\u00f6glicher Leistung f\u00fchren 2. Bedingungen unserer Garantie SAP Renovation...","og_url":"https:\/\/saprenovation.com\/de\/gwarancja\/","og_site_name":"SAP Renovation","article_publisher":"https:\/\/www.facebook.com\/saprenovation\/","article_modified_time":"2024-09-04T16:36:03+00:00","og_image":[{"width":112,"height":96,"url":"https:\/\/saprenovation.com\/wp-content\/uploads\/2024\/10\/xlogo.png.pagespeed.ic_.pCcv2wiNk5.webp","type":"image\/webp"}],"twitter_card":"summary_large_image","twitter_misc":{"Gesch\u00e4tzte Lesezeit":"5\u00a0Minuten"},"schema":{"@context":"https:\/\/schema.org","@graph":[{"@type":"WebPage","@id":"https:\/\/saprenovation.com\/de\/gwarancja\/","url":"https:\/\/saprenovation.com\/de\/gwarancja\/","name":"Gew\u00e4hrleistungszertifikat - SAP Renovation","isPartOf":{"@id":"https:\/\/saprenovation.com\/de\/#website"},"datePublished":"2024-04-08T11:57:37+00:00","dateModified":"2024-09-04T16:36:03+00:00","breadcrumb":{"@id":"https:\/\/saprenovation.com\/de\/gwarancja\/#breadcrumb"},"inLanguage":"de","potentialAction":[{"@type":"ReadAction","target":["https:\/\/saprenovation.com\/de\/gwarancja\/"]}]},{"@type":"BreadcrumbList","@id":"https:\/\/saprenovation.com\/de\/gwarancja\/#breadcrumb","itemListElement":[{"@type":"ListItem","position":1,"name":"SAP Renovation","item":"https:\/\/saprenovation.com\/de\/"},{"@type":"ListItem","position":2,"name":"Gew\u00e4hrleistungszertifikat"}]},{"@type":"WebSite","@id":"https:\/\/saprenovation.com\/de\/#website","url":"https:\/\/saprenovation.com\/de\/","name":"SAP Renovation","description":"The finest European piano restoration","publisher":{"@id":"https:\/\/saprenovation.com\/de\/#organization"},"potentialAction":[{"@type":"SearchAction","target":{"@type":"EntryPoint","urlTemplate":"https:\/\/saprenovation.com\/de\/?s={search_term_string}"},"query-input":{"@type":"PropertyValueSpecification","valueRequired":true,"valueName":"search_term_string"}}],"inLanguage":"de"},{"@type":"Organization","@id":"https:\/\/saprenovation.com\/de\/#organization","name":"SAP Renovation","url":"https:\/\/saprenovation.com\/de\/","logo":{"@type":"ImageObject","inLanguage":"de","@id":"https:\/\/saprenovation.com\/de\/#\/schema\/logo\/image\/","url":"https:\/\/saprenovation.com\/wp-content\/uploads\/2024\/04\/xlogo.png.pagespeed.ic_.pCcv2wiNk5.webp","contentUrl":"https:\/\/saprenovation.com\/wp-content\/uploads\/2024\/04\/xlogo.png.pagespeed.ic_.pCcv2wiNk5.webp","width":112,"height":96,"caption":"SAP Renovation"},"image":{"@id":"https:\/\/saprenovation.com\/de\/#\/schema\/logo\/image\/"},"sameAs":["https:\/\/www.facebook.com\/saprenovation\/"]}]}},"_links":{"self":[{"href":"https:\/\/saprenovation.com\/de\/wp-json\/wp\/v2\/pages\/58880","targetHints":{"allow":["GET"]}}],"collection":[{"href":"https:\/\/saprenovation.com\/de\/wp-json\/wp\/v2\/pages"}],"about":[{"href":"https:\/\/saprenovation.com\/de\/wp-json\/wp\/v2\/types\/page"}],"author":[{"embeddable":true,"href":"https:\/\/saprenovation.com\/de\/wp-json\/wp\/v2\/users\/1"}],"replies":[{"embeddable":true,"href":"https:\/\/saprenovation.com\/de\/wp-json\/wp\/v2\/comments?post=58880"}],"version-history":[{"count":2,"href":"https:\/\/saprenovation.com\/de\/wp-json\/wp\/v2\/pages\/58880\/revisions"}],"predecessor-version":[{"id":58894,"href":"https:\/\/saprenovation.com\/de\/wp-json\/wp\/v2\/pages\/58880\/revisions\/58894"}],"wp:attachment":[{"href":"https:\/\/saprenovation.com\/de\/wp-json\/wp\/v2\/media?parent=58880"}],"curies":[{"name":"wp","href":"https:\/\/api.w.org\/{rel}","templated":true}]}}