{"id":58819,"date":"2024-04-08T13:50:50","date_gmt":"2024-04-08T11:50:50","guid":{"rendered":"https:\/\/saprenovation.com\/akcesoria\/"},"modified":"2025-10-08T17:54:41","modified_gmt":"2025-10-08T15:54:41","slug":"akcesoria","status":"publish","type":"page","link":"https:\/\/saprenovation.com\/de\/akcesoria\/","title":{"rendered":"Zubeh\u00f6r"},"content":{"rendered":"\n<div class=\"wp-block-group is-layout-constrained wp-block-group-is-layout-constrained\">\n<div class=\"wp-block-columns is-layout-flex wp-container-core-columns-is-layout-28f84493 wp-block-columns-is-layout-flex\">\n<div class=\"wp-block-column is-layout-flow wp-block-column-is-layout-flow\" style=\"flex-basis:65%\">\n<div style=\"background-image:url(&#039;https:\/\/saprenovation.com\/wp-content\/uploads\/2024\/08\/a6.jpg&#039;);background-position:50% 0;background-size:cover;\" class=\"wp-block-group box_relative is-layout-constrained wp-block-group-is-layout-constrained has-background\">\n<div style=\"background: #fff;width: 200px;position: absolute;right: -2px;top: -1px;clip-path: polygon(95% 0, 100% 0%, 100% 100%, 0% 100%);bottom: -1px;\"><\/div>\n<\/div>\n<\/div>\n\n\n\n<div class=\"wp-block-column is-vertically-aligned-center is-style-default is-layout-flow wp-block-column-is-layout-flow\">\n<h3 class=\"wp-block-heading\" style=\"text-transform: uppercase;\">Fotoalbum<\/h3>\n\n\n\n<p >Schon bald werden wir Ihnen unser Angebot auf unserer Seite www. pr\u00e4sentieren.<\/p>\n<\/div>\n<\/div>\n<\/div>\n\n\n\n<div class=\"wp-block-group rab_text_left is-layout-constrained wp-block-group-is-layout-constrained\">\n<div class=\"wp-block-columns is-layout-flex wp-container-core-columns-is-layout-28f84493 wp-block-columns-is-layout-flex\">\n<div class=\"wp-block-column is-vertically-aligned-center rab_text_left is-layout-flow wp-block-column-is-layout-flow\" style=\"padding-left:var(--wp--preset--spacing--80)\">\n<h3 class=\"wp-block-heading\" style=\"text-transform: uppercase;\nmargin-left:10px;\n\">Piano Disc<\/h3>\n\n\n\n<p>Schon bald werden wir Ihnen unser Angebot auf unserer Seite www. pr\u00e4sentieren.<\/p>\n<\/div>\n\n\n\n<div class=\"wp-block-column is-layout-flow wp-block-column-is-layout-flow\" style=\"flex-basis:65%\">\n<div style=\"background-image:url(&#039;https:\/\/saprenovation.com\/wp-content\/uploads\/2024\/08\/pd1.jpg&#039;);background-position:50% 0;background-size:cover;\" class=\"wp-block-group box_relative is-layout-constrained wp-block-group-is-layout-constrained has-background\">\n<div style=\"background: #fff;width: 200px;position: absolute;left: -2px;top: -1px;clip-path: polygon(0 0, 95% 0, 0% 100%, 0 100%);bottom: -1px;\"><\/div>\n<\/div>\n<\/div>\n<\/div>\n<\/div>\n\n\n\n<div class=\"wp-block-group is-layout-constrained wp-block-group-is-layout-constrained\">\n<div class=\"wp-block-columns is-layout-flex wp-container-core-columns-is-layout-28f84493 wp-block-columns-is-layout-flex\">\n<div class=\"wp-block-column is-layout-flow wp-block-column-is-layout-flow\" style=\"flex-basis:65%\">\n<div style=\"background-image:url(&#039;https:\/\/saprenovation.com\/wp-content\/uploads\/2024\/08\/5ff-_MG_7002-copy-scaled.jpg&#039;);background-position:50% 0;background-size:cover;\" class=\"wp-block-group box_relative is-layout-constrained wp-block-group-is-layout-constrained has-background\">\n<div style=\"background: #fff;width: 200px;position: absolute;right: -2px;top: -1px;clip-path: polygon(95% 0, 100% 0%, 100% 100%, 0% 100%);bottom: -1px;\"><\/div>\n<\/div>\n<\/div>\n\n\n\n<div class=\"wp-block-column is-vertically-aligned-center is-style-default is-layout-flow wp-block-column-is-layout-flow\">\n<h3 class=\"wp-block-heading\" style=\"text-transform: uppercase;\">Silent System<\/h3>\n\n\n\n<p >Es ist uns ein Vergn\u00fcgen Ihnen das akustische Arion- Klavier nach der kompletten \u00dcberholung in unserer Firma vorzustellen, bei dem das Silent- System eingebaut worden war.\nViel Spass bei dem Film und Fotos.<\/p>\n<\/div>\n<\/div>\n<\/div>\n\n\n\n<div class=\"wp-block-group rab_text_left is-layout-constrained wp-block-group-is-layout-constrained\">\n<div class=\"wp-block-columns is-layout-flex wp-container-core-columns-is-layout-28f84493 wp-block-columns-is-layout-flex\">\n<div class=\"wp-block-column is-vertically-aligned-center rab_text_left is-layout-flow wp-block-column-is-layout-flow\" style=\"padding-left:var(--wp--preset--spacing--80)\">\n<h3 class=\"wp-block-heading\" style=\"text-transform: uppercase;\nmargin-left:10px;\n\">Transportrollen \u2013 model \u201eDIE SPINNE\u201c\n<\/h3>\n\n\n\n<p>Schon bald werden wir Ihnen unser Angebot auf unserer Seite www. pr\u00e4sentieren\n\nNimm mit uns schon jetzt Kontakt auf um die Einzelheiten dieses Angebots telefonisch oder per E-Mail zu erfahren.<\/p>\n<\/div>\n\n\n\n<div class=\"wp-block-column is-layout-flow wp-block-column-is-layout-flow\" style=\"flex-basis:65%\">\n<div style=\"background-image:url(&#039;https:\/\/saprenovation.com\/wp-content\/uploads\/2024\/08\/r2.jpg&#039;);background-position:50% 0;background-size:cover;\" class=\"wp-block-group box_relative is-layout-constrained wp-block-group-is-layout-constrained has-background\">\n<div style=\"background: #fff;width: 200px;position: absolute;left: -2px;top: -1px;clip-path: polygon(0 0, 95% 0, 0% 100%, 0 100%);bottom: -1px;\"><\/div>\n<\/div>\n<\/div>\n<\/div>\n<\/div>\n\n\n\n<div class=\"wp-block-group is-layout-constrained wp-block-group-is-layout-constrained\">\n<div class=\"wp-block-columns is-layout-flex wp-container-core-columns-is-layout-28f84493 wp-block-columns-is-layout-flex\">\n<div class=\"wp-block-column is-layout-flow wp-block-column-is-layout-flow\" style=\"flex-basis:65%\">\n<div style=\"background-image:url(&#039;https:\/\/saprenovation.com\/wp-content\/uploads\/2024\/08\/4f-_MG_4993-copy-scaled.jpg&#039;);background-position:42% 49%;background-size:cover;\" class=\"wp-block-group box_relative is-layout-constrained wp-block-group-is-layout-constrained has-background\">\n<div style=\"background: #fff;width: 200px;position: absolute;right: -2px;top: -1px;clip-path: polygon(95% 0, 100% 0%, 100% 100%, 0% 100%);bottom: -1px;\"><\/div>\n<\/div>\n<\/div>\n\n\n\n<div class=\"wp-block-column is-vertically-aligned-center is-style-default is-layout-flow wp-block-column-is-layout-flow\">\n<h3 class=\"wp-block-heading\" style=\"text-transform: uppercase;\">Damp Chaser<\/h3>\n\n\n\n<p >Achten Sie auf die Stimmhaltung und Haltbarkeit von Holzkomponenten Ihres Fl\u00fcgels. Vermeiden Sie unn\u00f6tige Feuchtigkeit.\n\nDie Feuchtigkeitskontrollsysteme sind ein wesentlicher Bestandteil des Schutzes des Instruments gegen unerw\u00fcnschte Wirkungen von erh\u00f6hten Mengen an Feuchtigkeit in dem Raum.<\/p>\n<\/div>\n<\/div>\n<\/div>\n\n\n\n<div class=\"wp-block-group rab_text_left is-layout-constrained wp-block-group-is-layout-constrained\">\n<div class=\"wp-block-columns is-layout-flex wp-container-core-columns-is-layout-28f84493 wp-block-columns-is-layout-flex\">\n<div class=\"wp-block-column is-vertically-aligned-center rab_text_left is-layout-flow wp-block-column-is-layout-flow\" style=\"padding-left:var(--wp--preset--spacing--80)\">\n<h3 class=\"wp-block-heading\" style=\"text-transform: uppercase;\nmargin-left:10px;\n\n\">Unterlagen f\u00fcr Fl\u00fcgel rollen<\/h3>\n\n\n\n<p>Wie bieten Ihnen ein weiteres Produkt der Firma SAP Renovation an \u2013 professionelle Unterlagen f\u00fcr Fl\u00fcgel rollen.\n\nDie Unterlagen der Rollen werden mit der Hand gedrechselt, bestehen aus Eschenholz und sind mit Kork umleimt. Die Hauptversion der Untersetzer ist schwarz, es ist jedoch m\u00f6glich, die der Farbe des Instruments oder des Bodens entsprechen anzupassen. Der obere Teil und der Rand sind mit Beize get\u00f6nt. Eine 2 mm Korkschicht auf der Unterseite verhindert ein Verrutschen der Bodenoberfl\u00e4che.\n\nUnsere Unterlagen beugen Rissen und Besch\u00e4digungen des Fu\u00dfbodens und der Rollen vor.\n\nDurchmesser au\u00dfen: 143mm\nDurchmesser innen: 75mm (maximale breite der Fl\u00fcgelrolle: 65mm)<\/p>\n<\/div>\n\n\n\n<div class=\"wp-block-column is-layout-flow wp-block-column-is-layout-flow\" style=\"flex-basis:65%\">\n<div style=\"background-image:url(&#039;https:\/\/saprenovation.com\/wp-content\/uploads\/2024\/08\/3-1.jpg&#039;);background-position:50% 0;background-size:cover;\" class=\"wp-block-group box_relative is-layout-constrained wp-block-group-is-layout-constrained has-background\">\n<div style=\"background: #fff;width: 200px;position: absolute;left: -2px;top: -1px;clip-path: polygon(0 0, 95% 0, 0% 100%, 0 100%);bottom: -1px;\"><\/div>\n<\/div>\n<\/div>\n<\/div>\n<\/div>\n\n\n\n<div class=\"wp-block-group is-layout-constrained wp-block-group-is-layout-constrained\">\n<div class=\"wp-block-columns is-layout-flex wp-container-core-columns-is-layout-28f84493 wp-block-columns-is-layout-flex\">\n<div class=\"wp-block-column is-layout-flow wp-block-column-is-layout-flow\" style=\"flex-basis:65%\">\n<div style=\"background-image:url(&#039;https:\/\/saprenovation.com\/wp-content\/uploads\/2024\/08\/hamulecdekla.jpg&#039;);background-position:42% 49%;background-size:cover;\" class=\"wp-block-group box_relative is-layout-constrained wp-block-group-is-layout-constrained has-background\">\n<div style=\"background: #fff;width: 200px;position: absolute;right: -2px;top: -1px;clip-path: polygon(95% 0, 100% 0%, 100% 100%, 0% 100%);bottom: -1px;\"><\/div>\n<\/div>\n<\/div>\n\n\n\n<div class=\"wp-block-column is-vertically-aligned-center is-style-default is-layout-flow wp-block-column-is-layout-flow\">\n<h3 class=\"wp-block-heading\" style=\"text-transform: uppercase;\">Flugeldeckenremsen<\/h3>\n\n\n\n<p >Der gr\u00f6\u00dfte Vorteil des deutschen Deckelbrechers ist seine Einfachheit &#8211; die Verwendung unseres Ger\u00e4ts erfordert keine Bohrungen oder andere Eingriffe in die Oberfl\u00e4che des Deckels, daher kann es in wenigen Minuten ohne die Hilfe eines professionellen Technikers installiert oder entfernt werden. Sie k\u00f6nnen den Widerstandsgrad entsprechend Ihren Bed\u00fcrfnissen einstellen, bis hin zur Unterst\u00fctzung von Deckeln ohne Deckelst\u00fctze. Um die Sicherheit Ihrer Deckel zu gew\u00e4hrleisten, ist ein Arm der Bremse mit einer Rolle ausgestattet, die jegliche physische Besch\u00e4digung w\u00e4hrend der Benutzung des Ger\u00e4ts verhindert.<\/p>\n<\/div>\n<\/div>\n<\/div>\n\n\n\n<div class=\"wp-block-group rab_text_left is-layout-constrained wp-block-group-is-layout-constrained\">\n<div class=\"wp-block-columns is-layout-flex wp-container-core-columns-is-layout-28f84493 wp-block-columns-is-layout-flex\">\n<div class=\"wp-block-column is-vertically-aligned-center rab_text_left is-layout-flow wp-block-column-is-layout-flow\" style=\"padding-left:var(--wp--preset--spacing--80)\">\n<h3 class=\"wp-block-heading\" style=\"text-transform: uppercase;\nmargin-left:10px;\n\">Fl\u00fcgeldecken<\/h3>\n\n\n\n<p>Fl\u00fcgeldecken der Firma SAP Renovation sind Unikate, da diese f\u00fcr jedes Instrument individuell angefertigt werden. Sie werden unter Ber\u00fccksichtigung der Masse des Instruments, handgefertigt und passen daher ideal zum Fl\u00fcgel. Sie sehen nicht nur \u00e4sthetisch aus sondern dienen vor allen Dingen dem Schutz des Instruments vor Staub, Rissen und \u00e4u\u00dferen Einfl\u00fcssen wie z.B. Sonnenstrahlen.\n\nDie Fl\u00fcgeldecken werden aus Kunstleder hergestellt. Die Innenseite wird mit feinem Flanell ausgef\u00fcllt, welches den Fl\u00fcgeln vor Rissen sch\u00fctzt.<\/p>\n<\/div>\n\n\n\n<div class=\"wp-block-column is-layout-flow wp-block-column-is-layout-flow\" style=\"flex-basis:65%\">\n<div style=\"background-image:url(&#039;https:\/\/saprenovation.com\/wp-content\/uploads\/2024\/08\/p.jpg&#039;);background-position:50% 0;background-size:cover;\" class=\"wp-block-group box_relative is-layout-constrained wp-block-group-is-layout-constrained has-background\">\n<div style=\"background: #fff;width: 200px;position: absolute;left: -2px;top: -1px;clip-path: polygon(0 0, 95% 0, 0% 100%, 0 100%);bottom: -1px;\"><\/div>\n<\/div>\n<\/div>\n<\/div>\n<\/div>\n\n\n\n<div class=\"wp-block-group is-layout-constrained wp-block-group-is-layout-constrained\">\n<div class=\"wp-block-columns is-layout-flex wp-container-core-columns-is-layout-28f84493 wp-block-columns-is-layout-flex\">\n<div class=\"wp-block-column is-layout-flow wp-block-column-is-layout-flow\" style=\"flex-basis:65%\">\n<div style=\"background-image:url(&#039;https:\/\/saprenovation.com\/wp-content\/uploads\/2024\/08\/l5.jpg&#039;);background-position:50% 50%;background-repeat:no-repeat;background-size:contain;\" class=\"wp-block-group box_relative is-layout-constrained wp-block-group-is-layout-constrained has-background\">\n<div style=\"background: #fff;width: 200px;position: absolute;right: -2px;top: -1px;clip-path: polygon(95% 0, 100% 0%, 100% 100%, 0% 100%);bottom: -1px;\"><\/div>\n<\/div>\n<\/div>\n\n\n\n<div class=\"wp-block-column is-vertically-aligned-center is-style-default is-layout-flow wp-block-column-is-layout-flow\">\n<h3 class=\"wp-block-heading\" style=\"text-transform: uppercase;\">Baenke<\/h3>\n\n\n\n<p >Die Restaurierung eines Schranks ist die beste Gelegenheit, eine Bank zu kaufen, die zu Ihrem frisch restaurierten Klavier passt.\n\nIn unserem Sortiment finden Sie sowohl B\u00e4nke mit festem als auch mit verstellbarem Sitz. Letztere ist die beste L\u00f6sung, wenn mehrere Benutzer mit unterschiedlicher K\u00f6rpergr\u00f6\u00dfe auf demselben Instrument spielen.\nWenn Sie sich bei der Restaurierung Ihres Klaviers f\u00fcr den Kauf einer Bank entscheiden, haben Sie die einmalige Gelegenheit, das Aussehen der Bank individuell zu gestalten und den Stoff zu w\u00e4hlen, mit dem die Sitzfl\u00e4che bezogen ist. Die B\u00e4nke von SAP werden, wie alle anderen von uns angebotenen Produkte, immer aus Materialien h\u00f6chster Qualit\u00e4t hergestellt.\n\nSitztyp: verstellbar oder stabil\nMaterial des Sitzbezugs: Samt oder Leder\nArt der Ausf\u00fchrung der Holzelemente: passend zu Ihrem Klavier oder M\u00f6bel<\/p>\n<\/div>\n<\/div>\n<\/div>\n\n\n\n<div class=\"wp-block-group rab_text_left is-layout-constrained wp-block-group-is-layout-constrained\">\n<div class=\"wp-block-columns is-layout-flex wp-container-core-columns-is-layout-28f84493 wp-block-columns-is-layout-flex\">\n<div class=\"wp-block-column is-vertically-aligned-center rab_text_left is-layout-flow wp-block-column-is-layout-flow\" style=\"padding-left:var(--wp--preset--spacing--80)\">\n<h3 class=\"wp-block-heading\" style=\"text-transform: uppercase;\nmargin-left:10px;\n\n\">Transportkasten<\/h3>\n\n\n\n<p>Sorgen Sie f\u00fcr Ihren Fl\u00fcgel oder Klavier w\u00e4hrend des Transports!\nTransportbox f\u00fcr Beine, Lyra und B\u00e4nke, 9 mm Phenol\nCasetyp: NL1259552\nMa\u00dfe:\nBreite: 1250 mm\nH\u00f6he: 950 mm Ohne R\u00e4der\nTiefe: 525mm\nBeschl\u00e4ge: heavy hardware\nMaterial: Sperrholz 9mm\nZus\u00e4tzlich:\nR\u00e4der: 100mm\nInnenraum mit Schwammkunsstoff gepolstert<\/p>\n<\/div>\n\n\n\n<div class=\"wp-block-column is-layout-flow wp-block-column-is-layout-flow\" style=\"flex-basis:65%\">\n<div style=\"background-image:url(&#039;https:\/\/saprenovation.com\/wp-content\/uploads\/2024\/08\/sk.jpg&#039;);background-position:50% 0;background-size:cover;\" class=\"wp-block-group box_relative is-layout-constrained wp-block-group-is-layout-constrained has-background\">\n<div style=\"background: #fff;width: 200px;position: absolute;left: -2px;top: -1px;clip-path: polygon(0 0, 95% 0, 0% 100%, 0 100%);bottom: -1px;\"><\/div>\n<\/div>\n<\/div>\n<\/div>\n<\/div>\n","protected":false},"excerpt":{"rendered":"<p>Fotoalbum Schon bald werden wir Ihnen unser Angebot auf unserer Seite www. pr\u00e4sentieren. Piano Disc Schon bald werden wir Ihnen unser Angebot auf unserer Seite www. pr\u00e4sentieren. Silent System&#8230;<\/p>\n","protected":false},"author":1,"featured_media":0,"parent":0,"menu_order":0,"comment_status":"closed","ping_status":"closed","template":"page-full-width","meta":{"footnotes":""},"class_list":["post-58819","page","type-page","status-publish","hentry"],"yoast_head":"<!-- This site is optimized with the Yoast SEO plugin v26.1.1 - https:\/\/yoast.com\/wordpress\/plugins\/seo\/ -->\n<title>Zubeh\u00f6r - SAP Renovation<\/title>\n<meta name=\"robots\" content=\"index, follow, max-snippet:-1, max-image-preview:large, max-video-preview:-1\" \/>\n<link rel=\"canonical\" href=\"https:\/\/saprenovation.com\/de\/akcesoria\/\" \/>\n<meta property=\"og:locale\" content=\"de_DE\" \/>\n<meta property=\"og:type\" content=\"article\" \/>\n<meta property=\"og:title\" content=\"Zubeh\u00f6r - SAP Renovation\" \/>\n<meta property=\"og:description\" content=\"Fotoalbum Schon bald werden wir Ihnen unser Angebot auf unserer Seite www. pr\u00e4sentieren. Piano Disc Schon bald werden wir Ihnen unser Angebot auf unserer Seite www. pr\u00e4sentieren. Silent System...\" \/>\n<meta property=\"og:url\" content=\"https:\/\/saprenovation.com\/de\/akcesoria\/\" \/>\n<meta property=\"og:site_name\" content=\"SAP Renovation\" \/>\n<meta property=\"article:publisher\" content=\"https:\/\/www.facebook.com\/saprenovation\/\" \/>\n<meta property=\"article:modified_time\" content=\"2025-10-08T15:54:41+00:00\" \/>\n<meta property=\"og:image\" content=\"https:\/\/saprenovation.com\/wp-content\/uploads\/2024\/10\/xlogo.png.pagespeed.ic_.pCcv2wiNk5.webp\" \/>\n\t<meta property=\"og:image:width\" content=\"112\" \/>\n\t<meta property=\"og:image:height\" content=\"96\" \/>\n\t<meta property=\"og:image:type\" content=\"image\/webp\" \/>\n<meta name=\"twitter:card\" content=\"summary_large_image\" \/>\n<meta name=\"twitter:label1\" content=\"Gesch\u00e4tzte Lesezeit\" \/>\n\t<meta name=\"twitter:data1\" content=\"4\u00a0Minuten\" \/>\n<script type=\"application\/ld+json\" class=\"yoast-schema-graph\">{\"@context\":\"https:\/\/schema.org\",\"@graph\":[{\"@type\":\"WebPage\",\"@id\":\"https:\/\/saprenovation.com\/de\/akcesoria\/\",\"url\":\"https:\/\/saprenovation.com\/de\/akcesoria\/\",\"name\":\"Zubeh\u00f6r - SAP Renovation\",\"isPartOf\":{\"@id\":\"https:\/\/saprenovation.com\/de\/#website\"},\"datePublished\":\"2024-04-08T11:50:50+00:00\",\"dateModified\":\"2025-10-08T15:54:41+00:00\",\"breadcrumb\":{\"@id\":\"https:\/\/saprenovation.com\/de\/akcesoria\/#breadcrumb\"},\"inLanguage\":\"de\",\"potentialAction\":[{\"@type\":\"ReadAction\",\"target\":[\"https:\/\/saprenovation.com\/de\/akcesoria\/\"]}]},{\"@type\":\"BreadcrumbList\",\"@id\":\"https:\/\/saprenovation.com\/de\/akcesoria\/#breadcrumb\",\"itemListElement\":[{\"@type\":\"ListItem\",\"position\":1,\"name\":\"SAP Renovation\",\"item\":\"https:\/\/saprenovation.com\/de\/\"},{\"@type\":\"ListItem\",\"position\":2,\"name\":\"Zubeh\u00f6r\"}]},{\"@type\":\"WebSite\",\"@id\":\"https:\/\/saprenovation.com\/de\/#website\",\"url\":\"https:\/\/saprenovation.com\/de\/\",\"name\":\"SAP Renovation\",\"description\":\"The finest European piano restoration\",\"publisher\":{\"@id\":\"https:\/\/saprenovation.com\/de\/#organization\"},\"potentialAction\":[{\"@type\":\"SearchAction\",\"target\":{\"@type\":\"EntryPoint\",\"urlTemplate\":\"https:\/\/saprenovation.com\/de\/?s={search_term_string}\"},\"query-input\":{\"@type\":\"PropertyValueSpecification\",\"valueRequired\":true,\"valueName\":\"search_term_string\"}}],\"inLanguage\":\"de\"},{\"@type\":\"Organization\",\"@id\":\"https:\/\/saprenovation.com\/de\/#organization\",\"name\":\"SAP Renovation\",\"url\":\"https:\/\/saprenovation.com\/de\/\",\"logo\":{\"@type\":\"ImageObject\",\"inLanguage\":\"de\",\"@id\":\"https:\/\/saprenovation.com\/de\/#\/schema\/logo\/image\/\",\"url\":\"https:\/\/saprenovation.com\/wp-content\/uploads\/2024\/04\/xlogo.png.pagespeed.ic_.pCcv2wiNk5.webp\",\"contentUrl\":\"https:\/\/saprenovation.com\/wp-content\/uploads\/2024\/04\/xlogo.png.pagespeed.ic_.pCcv2wiNk5.webp\",\"width\":112,\"height\":96,\"caption\":\"SAP Renovation\"},\"image\":{\"@id\":\"https:\/\/saprenovation.com\/de\/#\/schema\/logo\/image\/\"},\"sameAs\":[\"https:\/\/www.facebook.com\/saprenovation\/\"]}]}<\/script>\n<!-- \/ Yoast SEO plugin. -->","yoast_head_json":{"title":"Zubeh\u00f6r - SAP Renovation","robots":{"index":"index","follow":"follow","max-snippet":"max-snippet:-1","max-image-preview":"max-image-preview:large","max-video-preview":"max-video-preview:-1"},"canonical":"https:\/\/saprenovation.com\/de\/akcesoria\/","og_locale":"de_DE","og_type":"article","og_title":"Zubeh\u00f6r - SAP Renovation","og_description":"Fotoalbum Schon bald werden wir Ihnen unser Angebot auf unserer Seite www. pr\u00e4sentieren. Piano Disc Schon bald werden wir Ihnen unser Angebot auf unserer Seite www. pr\u00e4sentieren. Silent System...","og_url":"https:\/\/saprenovation.com\/de\/akcesoria\/","og_site_name":"SAP Renovation","article_publisher":"https:\/\/www.facebook.com\/saprenovation\/","article_modified_time":"2025-10-08T15:54:41+00:00","og_image":[{"width":112,"height":96,"url":"https:\/\/saprenovation.com\/wp-content\/uploads\/2024\/10\/xlogo.png.pagespeed.ic_.pCcv2wiNk5.webp","type":"image\/webp"}],"twitter_card":"summary_large_image","twitter_misc":{"Gesch\u00e4tzte Lesezeit":"4\u00a0Minuten"},"schema":{"@context":"https:\/\/schema.org","@graph":[{"@type":"WebPage","@id":"https:\/\/saprenovation.com\/de\/akcesoria\/","url":"https:\/\/saprenovation.com\/de\/akcesoria\/","name":"Zubeh\u00f6r - SAP Renovation","isPartOf":{"@id":"https:\/\/saprenovation.com\/de\/#website"},"datePublished":"2024-04-08T11:50:50+00:00","dateModified":"2025-10-08T15:54:41+00:00","breadcrumb":{"@id":"https:\/\/saprenovation.com\/de\/akcesoria\/#breadcrumb"},"inLanguage":"de","potentialAction":[{"@type":"ReadAction","target":["https:\/\/saprenovation.com\/de\/akcesoria\/"]}]},{"@type":"BreadcrumbList","@id":"https:\/\/saprenovation.com\/de\/akcesoria\/#breadcrumb","itemListElement":[{"@type":"ListItem","position":1,"name":"SAP Renovation","item":"https:\/\/saprenovation.com\/de\/"},{"@type":"ListItem","position":2,"name":"Zubeh\u00f6r"}]},{"@type":"WebSite","@id":"https:\/\/saprenovation.com\/de\/#website","url":"https:\/\/saprenovation.com\/de\/","name":"SAP Renovation","description":"The finest European piano restoration","publisher":{"@id":"https:\/\/saprenovation.com\/de\/#organization"},"potentialAction":[{"@type":"SearchAction","target":{"@type":"EntryPoint","urlTemplate":"https:\/\/saprenovation.com\/de\/?s={search_term_string}"},"query-input":{"@type":"PropertyValueSpecification","valueRequired":true,"valueName":"search_term_string"}}],"inLanguage":"de"},{"@type":"Organization","@id":"https:\/\/saprenovation.com\/de\/#organization","name":"SAP Renovation","url":"https:\/\/saprenovation.com\/de\/","logo":{"@type":"ImageObject","inLanguage":"de","@id":"https:\/\/saprenovation.com\/de\/#\/schema\/logo\/image\/","url":"https:\/\/saprenovation.com\/wp-content\/uploads\/2024\/04\/xlogo.png.pagespeed.ic_.pCcv2wiNk5.webp","contentUrl":"https:\/\/saprenovation.com\/wp-content\/uploads\/2024\/04\/xlogo.png.pagespeed.ic_.pCcv2wiNk5.webp","width":112,"height":96,"caption":"SAP Renovation"},"image":{"@id":"https:\/\/saprenovation.com\/de\/#\/schema\/logo\/image\/"},"sameAs":["https:\/\/www.facebook.com\/saprenovation\/"]}]}},"_links":{"self":[{"href":"https:\/\/saprenovation.com\/de\/wp-json\/wp\/v2\/pages\/58819","targetHints":{"allow":["GET"]}}],"collection":[{"href":"https:\/\/saprenovation.com\/de\/wp-json\/wp\/v2\/pages"}],"about":[{"href":"https:\/\/saprenovation.com\/de\/wp-json\/wp\/v2\/types\/page"}],"author":[{"embeddable":true,"href":"https:\/\/saprenovation.com\/de\/wp-json\/wp\/v2\/users\/1"}],"replies":[{"embeddable":true,"href":"https:\/\/saprenovation.com\/de\/wp-json\/wp\/v2\/comments?post=58819"}],"version-history":[{"count":8,"href":"https:\/\/saprenovation.com\/de\/wp-json\/wp\/v2\/pages\/58819\/revisions"}],"predecessor-version":[{"id":70319,"href":"https:\/\/saprenovation.com\/de\/wp-json\/wp\/v2\/pages\/58819\/revisions\/70319"}],"wp:attachment":[{"href":"https:\/\/saprenovation.com\/de\/wp-json\/wp\/v2\/media?parent=58819"}],"curies":[{"name":"wp","href":"https:\/\/api.w.org\/{rel}","templated":true}]}}