{"id":58677,"date":"2024-04-08T13:51:09","date_gmt":"2024-04-08T11:51:09","guid":{"rendered":"https:\/\/saprenovation.com\/elementy-obudowy\/"},"modified":"2025-09-23T13:35:42","modified_gmt":"2025-09-23T11:35:42","slug":"elementy-obudowy","status":"publish","type":"page","link":"https:\/\/saprenovation.com\/de\/elementy-obudowy\/","title":{"rendered":"Gehauseelemente"},"content":{"rendered":"\n<div class=\"wp-block-group is-layout-constrained wp-block-group-is-layout-constrained\">\n<div class=\"wp-block-columns is-layout-flex wp-container-core-columns-is-layout-28f84493 wp-block-columns-is-layout-flex\">\n<div class=\"wp-block-column is-layout-flow wp-block-column-is-layout-flow\" style=\"flex-basis:65%\">\n<div class=\"wp-block-group box_relative is-layout-constrained wp-block-group-is-layout-constrained has-background\" style=\"min-height:500px;background-image:url(&#039;https:\/\/saprenovation.com\/wp-content\/uploads\/2024\/05\/nut.jpg&#039;);background-size:cover;\">\n<div style=\"background: #fff;width: 200px;position: absolute;right: -2px;top: -1px;clip-path: polygon(95% 0, 100% 0%, 100% 100%, 0% 100%);bottom: -1px;\"><\/div>\n<\/div>\n<\/div>\n\n\n\n<div class=\"wp-block-column is-vertically-aligned-center is-style-default is-layout-flow wp-block-column-is-layout-flow\">\n<h3 class=\"wp-block-heading\" style=\"text-transform: uppercase;\">Klavierteile \u2013 Notenpult<\/h3>\n\n\n\n<p>\n  Wir bieten durchbrochene und schlichte Notenpulte in verschiedenen Ausf\u00fchrungen und Gr\u00f6\u00dfen an.\n<\/p>\n\n<p>\n  <a style=\"color: #7f54b3; font-weight: bold;\" href=\"\/de\/akcesoria-klavierteile-notenpult\/\">Alle anzeigen<\/a>\n<\/p>\n<\/div>\n<\/div>\n<\/div>\n\n\n\n<div class=\"wp-block-group is-layout-constrained wp-block-group-is-layout-constrained\">\n<div class=\"wp-block-columns rab_text_left is-layout-flex wp-container-core-columns-is-layout-28f84493 wp-block-columns-is-layout-flex\">\n<div class=\"wp-block-column is-vertically-aligned-center rab_text_left is-layout-flow wp-block-column-is-layout-flow\" style=\"padding-left:var(--wp--preset--spacing--80)\">\n<h3 class=\"wp-block-heading\" style=\"text-transform: uppercase; margin-left:10px;\">\n  Klavierteile \u2013 Beine\n<\/h3>\n\n\n\n<p>\n  In unserem Angebot finden Sie auch Geh\u00e4useteile wie Beine. \n  Die Holzbeine k\u00f6nnen roh, furniert oder lackiert ausgef\u00fchrt werden. \n  Die Ausf\u00fchrung richtet sich nach den Erwartungen und Anforderungen unserer Kunden.\n<\/p>\n\n<p>\n  <a style=\"color: #7f54b3; font-weight: bold;\" href=\"\/de\/akcesoria-klavierteile-beine\/\">Alle anzeigen<\/a>\n<\/p>\n<\/div>\n\n\n\n<div class=\"wp-block-column is-layout-flow wp-block-column-is-layout-flow\" style=\"flex-basis:65%\">\n<div class=\"wp-block-group box_relative is-layout-constrained wp-block-group-is-layout-constrained has-background\" style=\"min-height:500px;background-image:url(&#039;https:\/\/saprenovation.com\/wp-content\/uploads\/2024\/08\/c-IMG_8929-copy.jpg&#039;);background-position:50% 0;background-size:cover;\">\n<div style=\"background: #fff;width: 200px;position: absolute;left: -2px;top: -1px;clip-path: polygon(0 0, 95% 0, 0% 100%, 0 100%);bottom: -1px;\"><\/div>\n<\/div>\n<\/div>\n<\/div>\n<\/div>\n\n\n\n<div class=\"wp-block-group is-layout-constrained wp-block-group-is-layout-constrained\">\n<div class=\"wp-block-columns is-layout-flex wp-container-core-columns-is-layout-28f84493 wp-block-columns-is-layout-flex\">\n<div class=\"wp-block-column is-layout-flow wp-block-column-is-layout-flow\" style=\"flex-basis:65%\">\n<div class=\"wp-block-group box_relative is-layout-constrained wp-block-group-is-layout-constrained has-background\" style=\"min-height:500px;background-image:url(&#039;https:\/\/saprenovation.com\/wp-content\/uploads\/2024\/08\/fff-SAP-10480-1-copy.jpg&#039;);background-position:47% 100%;background-size:cover;\">\n<div style=\"background: #fff;width: 200px;position: absolute;right: -2px;top: -1px;clip-path: polygon(95% 0, 100% 0%, 100% 100%, 0% 100%);bottom: -1px;\"><\/div>\n<\/div>\n<\/div>\n\n\n\n<div class=\"wp-block-column is-vertically-aligned-center is-style-default is-layout-flow wp-block-column-is-layout-flow\">\n<h3 class=\"wp-block-heading\" style=\"text-transform: uppercase;\">Klavierteile \u2013 Lyren<\/h3>\n\n\n\n<p>\n  Die unten gezeigten Lyren sind nur Beispiele. \n  Wir fertigen Lyren in Form und Ausf\u00fchrung nach den Erwartungen und Anforderungen unserer Kunden.\n<\/p>\n\n<p>\n  <a style=\"color: #7f54b3; font-weight: bold;\" href=\"\/de\/akcesoria-klavierteile-lyren\/\">Alle anzeigen<\/a>\n<\/p>\n<\/div>\n<\/div>\n<\/div>\n\n\n\n<div class=\"wp-block-group is-layout-constrained wp-block-group-is-layout-constrained\">\n<div class=\"wp-block-columns rab_text_left is-layout-flex wp-container-core-columns-is-layout-28f84493 wp-block-columns-is-layout-flex\">\n<div class=\"wp-block-column is-vertically-aligned-center rab_text_left is-layout-flow wp-block-column-is-layout-flow\" style=\"padding-left:var(--wp--preset--spacing--80)\">\n<h3 class=\"wp-block-heading\" style=\"text-transform: uppercase; margin-left:10px;\">\n  Leichte SAP- Deckel\n<\/h3>\n\n\n\n<p>\nDie Platte, aus der wir leichte Fl\u00fcgeldeckel herstellen, \nwird durch das Verkleben einer ungeraden Anzahl von Furnieren \naus exotischem OKOUM\u00c9-Holz gefertigt \n(botanischer Name \u2013 Aucoumea klaineana Pierre).\nDer OKOUM\u00c9-Baum ist eine Holzart, die in den tropischen W\u00e4ldern \nZentralafrikas w\u00e4chst.\nFl\u00fcgeldeckel aus OKOUM\u00c9-Holz bieten eine au\u00dfergew\u00f6hnliche Leichtigkeit \nund Benutzerfreundlichkeit. Dies ist besonders wichtig bei Konzertfl\u00fcgeln, \nderen Deckel oft mehr als 40&nbsp;kg wiegen, w\u00e4hrend ein OKOUM\u00c9-Deckel \ngleicher Gr\u00f6\u00dfe nur 24&nbsp;kg auf die Waage bringt.\n<\/p>\n<\/div>\n\n\n\n<div class=\"wp-block-column is-layout-flow wp-block-column-is-layout-flow\" style=\"flex-basis:65%\">\n<div class=\"wp-block-group box_relative is-layout-constrained wp-block-group-is-layout-constrained has-background\" style=\"min-height:600px;background-image:url(&#039;https:\/\/saprenovation.com\/wp-content\/uploads\/2024\/05\/dekle.png&#039;);background-size:cover;\">\n<div style=\"background: #fff;width: 200px;position: absolute;left: -2px;top: -1px;clip-path: polygon(0 0, 95% 0, 0% 100%, 0 100%);bottom: -1px;\"><\/div>\n<\/div>\n<\/div>\n<\/div>\n<\/div>\n","protected":false},"excerpt":{"rendered":"<p>Klavierteile \u2013 Notenpult Wir bieten durchbrochene und schlichte Notenpulte in verschiedenen Ausf\u00fchrungen und Gr\u00f6\u00dfen an. Alle anzeigen Klavierteile \u2013 Beine In unserem Angebot finden Sie auch Geh\u00e4useteile wie Beine&#8230;.<\/p>\n","protected":false},"author":1,"featured_media":0,"parent":0,"menu_order":0,"comment_status":"closed","ping_status":"closed","template":"page-full-width","meta":{"footnotes":""},"class_list":["post-58677","page","type-page","status-publish","hentry"],"yoast_head":"<!-- This site is optimized with the Yoast SEO plugin v26.1.1 - https:\/\/yoast.com\/wordpress\/plugins\/seo\/ -->\n<title>Gehauseelemente - SAP Renovation<\/title>\n<meta name=\"description\" content=\"Geh\u00e4useteile f\u00fcr Klaviere: Beine, Lyren und Notenpulte in h\u00f6chster Qualit\u00e4t, individuell angepasst.\" \/>\n<meta name=\"robots\" content=\"index, follow, max-snippet:-1, max-image-preview:large, max-video-preview:-1\" \/>\n<link rel=\"canonical\" href=\"https:\/\/saprenovation.com\/de\/elementy-obudowy\/\" \/>\n<meta property=\"og:locale\" content=\"de_DE\" \/>\n<meta property=\"og:type\" content=\"article\" \/>\n<meta property=\"og:title\" content=\"Gehauseelemente - SAP Renovation\" \/>\n<meta property=\"og:description\" content=\"Geh\u00e4useteile f\u00fcr Klaviere: Beine, Lyren und Notenpulte in h\u00f6chster Qualit\u00e4t, individuell angepasst.\" \/>\n<meta property=\"og:url\" content=\"https:\/\/saprenovation.com\/de\/elementy-obudowy\/\" \/>\n<meta property=\"og:site_name\" content=\"SAP Renovation\" \/>\n<meta property=\"article:publisher\" content=\"https:\/\/www.facebook.com\/saprenovation\/\" \/>\n<meta property=\"article:modified_time\" content=\"2025-09-23T11:35:42+00:00\" \/>\n<meta property=\"og:image\" content=\"https:\/\/saprenovation.com\/wp-content\/uploads\/2024\/10\/xlogo.png.pagespeed.ic_.pCcv2wiNk5.webp\" \/>\n\t<meta property=\"og:image:width\" content=\"112\" \/>\n\t<meta property=\"og:image:height\" content=\"96\" \/>\n\t<meta property=\"og:image:type\" content=\"image\/webp\" \/>\n<meta name=\"twitter:card\" content=\"summary_large_image\" \/>\n<meta name=\"twitter:label1\" content=\"Gesch\u00e4tzte Lesezeit\" \/>\n\t<meta name=\"twitter:data1\" content=\"1\u00a0Minute\" \/>\n<script type=\"application\/ld+json\" class=\"yoast-schema-graph\">{\"@context\":\"https:\/\/schema.org\",\"@graph\":[{\"@type\":\"WebPage\",\"@id\":\"https:\/\/saprenovation.com\/de\/elementy-obudowy\/\",\"url\":\"https:\/\/saprenovation.com\/de\/elementy-obudowy\/\",\"name\":\"Gehauseelemente - SAP Renovation\",\"isPartOf\":{\"@id\":\"https:\/\/saprenovation.com\/de\/#website\"},\"datePublished\":\"2024-04-08T11:51:09+00:00\",\"dateModified\":\"2025-09-23T11:35:42+00:00\",\"description\":\"Geh\u00e4useteile f\u00fcr Klaviere: Beine, Lyren und Notenpulte in h\u00f6chster Qualit\u00e4t, individuell angepasst.\",\"breadcrumb\":{\"@id\":\"https:\/\/saprenovation.com\/de\/elementy-obudowy\/#breadcrumb\"},\"inLanguage\":\"de\",\"potentialAction\":[{\"@type\":\"ReadAction\",\"target\":[\"https:\/\/saprenovation.com\/de\/elementy-obudowy\/\"]}]},{\"@type\":\"BreadcrumbList\",\"@id\":\"https:\/\/saprenovation.com\/de\/elementy-obudowy\/#breadcrumb\",\"itemListElement\":[{\"@type\":\"ListItem\",\"position\":1,\"name\":\"SAP Renovation\",\"item\":\"https:\/\/saprenovation.com\/de\/\"},{\"@type\":\"ListItem\",\"position\":2,\"name\":\"Gehauseelemente\"}]},{\"@type\":\"WebSite\",\"@id\":\"https:\/\/saprenovation.com\/de\/#website\",\"url\":\"https:\/\/saprenovation.com\/de\/\",\"name\":\"SAP Renovation\",\"description\":\"The finest European piano restoration\",\"publisher\":{\"@id\":\"https:\/\/saprenovation.com\/de\/#organization\"},\"potentialAction\":[{\"@type\":\"SearchAction\",\"target\":{\"@type\":\"EntryPoint\",\"urlTemplate\":\"https:\/\/saprenovation.com\/de\/?s={search_term_string}\"},\"query-input\":{\"@type\":\"PropertyValueSpecification\",\"valueRequired\":true,\"valueName\":\"search_term_string\"}}],\"inLanguage\":\"de\"},{\"@type\":\"Organization\",\"@id\":\"https:\/\/saprenovation.com\/de\/#organization\",\"name\":\"SAP Renovation\",\"url\":\"https:\/\/saprenovation.com\/de\/\",\"logo\":{\"@type\":\"ImageObject\",\"inLanguage\":\"de\",\"@id\":\"https:\/\/saprenovation.com\/de\/#\/schema\/logo\/image\/\",\"url\":\"https:\/\/saprenovation.com\/wp-content\/uploads\/2024\/04\/xlogo.png.pagespeed.ic_.pCcv2wiNk5.webp\",\"contentUrl\":\"https:\/\/saprenovation.com\/wp-content\/uploads\/2024\/04\/xlogo.png.pagespeed.ic_.pCcv2wiNk5.webp\",\"width\":112,\"height\":96,\"caption\":\"SAP Renovation\"},\"image\":{\"@id\":\"https:\/\/saprenovation.com\/de\/#\/schema\/logo\/image\/\"},\"sameAs\":[\"https:\/\/www.facebook.com\/saprenovation\/\"]}]}<\/script>\n<!-- \/ Yoast SEO plugin. -->","yoast_head_json":{"title":"Gehauseelemente - SAP Renovation","description":"Geh\u00e4useteile f\u00fcr Klaviere: Beine, Lyren und Notenpulte in h\u00f6chster Qualit\u00e4t, individuell angepasst.","robots":{"index":"index","follow":"follow","max-snippet":"max-snippet:-1","max-image-preview":"max-image-preview:large","max-video-preview":"max-video-preview:-1"},"canonical":"https:\/\/saprenovation.com\/de\/elementy-obudowy\/","og_locale":"de_DE","og_type":"article","og_title":"Gehauseelemente - SAP Renovation","og_description":"Geh\u00e4useteile f\u00fcr Klaviere: Beine, Lyren und Notenpulte in h\u00f6chster Qualit\u00e4t, individuell angepasst.","og_url":"https:\/\/saprenovation.com\/de\/elementy-obudowy\/","og_site_name":"SAP Renovation","article_publisher":"https:\/\/www.facebook.com\/saprenovation\/","article_modified_time":"2025-09-23T11:35:42+00:00","og_image":[{"width":112,"height":96,"url":"https:\/\/saprenovation.com\/wp-content\/uploads\/2024\/10\/xlogo.png.pagespeed.ic_.pCcv2wiNk5.webp","type":"image\/webp"}],"twitter_card":"summary_large_image","twitter_misc":{"Gesch\u00e4tzte Lesezeit":"1\u00a0Minute"},"schema":{"@context":"https:\/\/schema.org","@graph":[{"@type":"WebPage","@id":"https:\/\/saprenovation.com\/de\/elementy-obudowy\/","url":"https:\/\/saprenovation.com\/de\/elementy-obudowy\/","name":"Gehauseelemente - SAP Renovation","isPartOf":{"@id":"https:\/\/saprenovation.com\/de\/#website"},"datePublished":"2024-04-08T11:51:09+00:00","dateModified":"2025-09-23T11:35:42+00:00","description":"Geh\u00e4useteile f\u00fcr Klaviere: Beine, Lyren und Notenpulte in h\u00f6chster Qualit\u00e4t, individuell angepasst.","breadcrumb":{"@id":"https:\/\/saprenovation.com\/de\/elementy-obudowy\/#breadcrumb"},"inLanguage":"de","potentialAction":[{"@type":"ReadAction","target":["https:\/\/saprenovation.com\/de\/elementy-obudowy\/"]}]},{"@type":"BreadcrumbList","@id":"https:\/\/saprenovation.com\/de\/elementy-obudowy\/#breadcrumb","itemListElement":[{"@type":"ListItem","position":1,"name":"SAP Renovation","item":"https:\/\/saprenovation.com\/de\/"},{"@type":"ListItem","position":2,"name":"Gehauseelemente"}]},{"@type":"WebSite","@id":"https:\/\/saprenovation.com\/de\/#website","url":"https:\/\/saprenovation.com\/de\/","name":"SAP Renovation","description":"The finest European piano restoration","publisher":{"@id":"https:\/\/saprenovation.com\/de\/#organization"},"potentialAction":[{"@type":"SearchAction","target":{"@type":"EntryPoint","urlTemplate":"https:\/\/saprenovation.com\/de\/?s={search_term_string}"},"query-input":{"@type":"PropertyValueSpecification","valueRequired":true,"valueName":"search_term_string"}}],"inLanguage":"de"},{"@type":"Organization","@id":"https:\/\/saprenovation.com\/de\/#organization","name":"SAP Renovation","url":"https:\/\/saprenovation.com\/de\/","logo":{"@type":"ImageObject","inLanguage":"de","@id":"https:\/\/saprenovation.com\/de\/#\/schema\/logo\/image\/","url":"https:\/\/saprenovation.com\/wp-content\/uploads\/2024\/04\/xlogo.png.pagespeed.ic_.pCcv2wiNk5.webp","contentUrl":"https:\/\/saprenovation.com\/wp-content\/uploads\/2024\/04\/xlogo.png.pagespeed.ic_.pCcv2wiNk5.webp","width":112,"height":96,"caption":"SAP Renovation"},"image":{"@id":"https:\/\/saprenovation.com\/de\/#\/schema\/logo\/image\/"},"sameAs":["https:\/\/www.facebook.com\/saprenovation\/"]}]}},"_links":{"self":[{"href":"https:\/\/saprenovation.com\/de\/wp-json\/wp\/v2\/pages\/58677","targetHints":{"allow":["GET"]}}],"collection":[{"href":"https:\/\/saprenovation.com\/de\/wp-json\/wp\/v2\/pages"}],"about":[{"href":"https:\/\/saprenovation.com\/de\/wp-json\/wp\/v2\/types\/page"}],"author":[{"embeddable":true,"href":"https:\/\/saprenovation.com\/de\/wp-json\/wp\/v2\/users\/1"}],"replies":[{"embeddable":true,"href":"https:\/\/saprenovation.com\/de\/wp-json\/wp\/v2\/comments?post=58677"}],"version-history":[{"count":16,"href":"https:\/\/saprenovation.com\/de\/wp-json\/wp\/v2\/pages\/58677\/revisions"}],"predecessor-version":[{"id":69663,"href":"https:\/\/saprenovation.com\/de\/wp-json\/wp\/v2\/pages\/58677\/revisions\/69663"}],"wp:attachment":[{"href":"https:\/\/saprenovation.com\/de\/wp-json\/wp\/v2\/media?parent=58677"}],"curies":[{"name":"wp","href":"https:\/\/api.w.org\/{rel}","templated":true}]}}